{"id":18771,"date":"2025-09-28T05:02:13","date_gmt":"2025-09-28T02:02:13","guid":{"rendered":"https:\/\/vinilozona.lt\/?post_type=product&#038;p=18771"},"modified":"2025-09-28T09:02:04","modified_gmt":"2025-09-28T06:02:04","slug":"ozzy-osbourne-diary-of-a-madman","status":"publish","type":"product","link":"https:\/\/vinilozona.lt\/en\/parduotuve\/naujos-lp\/ozzy-osbourne-diary-of-a-madman\/","title":{"rendered":"Ozzy Osbourne \u2013 Diary Of A Madman"},"content":{"rendered":"<p>A1\t\tOver The Mountain<br \/>\nA2\t\tFlying High Again<br \/>\nA3\t\tYou Can&#8217;t Kill Rock And Roll<br \/>\nA4\t\tBeliever<br \/>\nB1\t\tLittle Dolls<br \/>\nB2\t\tTonight<br \/>\nB3\t\tS.A.T.O<br \/>\nB4\t\tDiary Of A Madman<\/p>","protected":false},"excerpt":{"rendered":"<p>Epic \u2013 88697 86665 1, Legacy \u2013 88697 86665 1<br \/>\nFormat:<br \/>\nVinyl, LP, Album, Reissue, Remastered, 180g<br \/>\nCountry:\tEurope<br \/>\nReleased:\t2011<\/p>","protected":false},"featured_media":18772,"template":"","meta":[],"product_cat":[23],"product_tag":[74],"yoast_head":"<!-- This site is optimized with the Yoast SEO plugin v23.5 - https:\/\/yoast.com\/wordpress\/plugins\/seo\/ -->\n<title>Ozzy Osbourne \u2013 Diary Of A Madman Vinilin\u0117 Plok\u0161tel\u0117 | Vinilozona.lt<\/title>\n<meta name=\"robots\" content=\"index, follow, max-snippet:-1, max-image-preview:large, max-video-preview:-1\" \/>\n<link rel=\"canonical\" href=\"https:\/\/vinilozona.lt\/en\/parduotuve\/naujos-lp\/ozzy-osbourne-diary-of-a-madman\/\" \/>\n<meta property=\"og:locale\" content=\"en_GB\" \/>\n<meta property=\"og:type\" content=\"article\" \/>\n<meta property=\"og:title\" content=\"Ozzy Osbourne \u2013 Diary Of A Madman Vinilin\u0117 Plok\u0161tel\u0117 | Vinilozona.lt\" \/>\n<meta property=\"og:description\" content=\"Epic \u2013 88697 86665 1, Legacy \u2013 88697 86665 1 Format:  Vinyl, LP, Album, Reissue, Remastered, 180g Country: Europe Released: 2011\" \/>\n<meta property=\"og:url\" content=\"https:\/\/vinilozona.lt\/en\/parduotuve\/naujos-lp\/ozzy-osbourne-diary-of-a-madman\/\" \/>\n<meta property=\"og:site_name\" content=\"Vinilo Zona\" \/>\n<meta property=\"article:modified_time\" content=\"2025-09-28T06:02:04+00:00\" \/>\n<meta property=\"og:image\" content=\"https:\/\/vinilozona.lt\/wp-content\/uploads\/2022\/04\/R-3661121-1339314589-1745.jpg\" \/>\n\t<meta property=\"og:image:width\" content=\"500\" \/>\n\t<meta property=\"og:image:height\" content=\"474\" \/>\n\t<meta property=\"og:image:type\" content=\"image\/jpeg\" \/>\n<meta name=\"twitter:card\" content=\"summary_large_image\" \/>\n<meta name=\"twitter:label1\" content=\"Estimated reading time\" \/>\n\t<meta name=\"twitter:data1\" content=\"1 minute\" \/>\n<script type=\"application\/ld+json\" class=\"yoast-schema-graph\">{\"@context\":\"https:\/\/schema.org\",\"@graph\":[{\"@type\":\"WebPage\",\"@id\":\"https:\/\/vinilozona.lt\/parduotuve\/naujos-lp\/ozzy-osbourne-diary-of-a-madman\/\",\"url\":\"https:\/\/vinilozona.lt\/parduotuve\/naujos-lp\/ozzy-osbourne-diary-of-a-madman\/\",\"name\":\"Ozzy Osbourne \u2013 Diary Of A Madman Vinilin\u0117 Plok\u0161tel\u0117 | Vinilozona.lt\",\"isPartOf\":{\"@id\":\"https:\/\/vinilozona.lt\/#website\"},\"primaryImageOfPage\":{\"@id\":\"https:\/\/vinilozona.lt\/parduotuve\/naujos-lp\/ozzy-osbourne-diary-of-a-madman\/#primaryimage\"},\"image\":{\"@id\":\"https:\/\/vinilozona.lt\/parduotuve\/naujos-lp\/ozzy-osbourne-diary-of-a-madman\/#primaryimage\"},\"thumbnailUrl\":\"https:\/\/vinilozona.lt\/wp-content\/uploads\/2022\/04\/R-3661121-1339314589-1745.jpg\",\"datePublished\":\"2025-09-28T02:02:13+00:00\",\"dateModified\":\"2025-09-28T06:02:04+00:00\",\"breadcrumb\":{\"@id\":\"https:\/\/vinilozona.lt\/parduotuve\/naujos-lp\/ozzy-osbourne-diary-of-a-madman\/#breadcrumb\"},\"inLanguage\":\"en-GB\",\"potentialAction\":[{\"@type\":\"ReadAction\",\"target\":[\"https:\/\/vinilozona.lt\/parduotuve\/naujos-lp\/ozzy-osbourne-diary-of-a-madman\/\"]}]},{\"@type\":\"ImageObject\",\"inLanguage\":\"en-GB\",\"@id\":\"https:\/\/vinilozona.lt\/parduotuve\/naujos-lp\/ozzy-osbourne-diary-of-a-madman\/#primaryimage\",\"url\":\"https:\/\/vinilozona.lt\/wp-content\/uploads\/2022\/04\/R-3661121-1339314589-1745.jpg\",\"contentUrl\":\"https:\/\/vinilozona.lt\/wp-content\/uploads\/2022\/04\/R-3661121-1339314589-1745.jpg\",\"width\":500,\"height\":474},{\"@type\":\"BreadcrumbList\",\"@id\":\"https:\/\/vinilozona.lt\/parduotuve\/naujos-lp\/ozzy-osbourne-diary-of-a-madman\/#breadcrumb\",\"itemListElement\":[{\"@type\":\"ListItem\",\"position\":1,\"name\":\"Home\",\"item\":\"https:\/\/vinilozona.lt\/\"},{\"@type\":\"ListItem\",\"position\":2,\"name\":\"Parduotuv\u0117\",\"item\":\"https:\/\/vinilozona.lt\/parduotuve\/\"},{\"@type\":\"ListItem\",\"position\":3,\"name\":\"Ozzy Osbourne \u2013 Diary Of A Madman\"}]},{\"@type\":\"WebSite\",\"@id\":\"https:\/\/vinilozona.lt\/#website\",\"url\":\"https:\/\/vinilozona.lt\/\",\"name\":\"Vinilo Zona\",\"description\":\"Nup\u016bsk dulkes ir klausyk LP\",\"potentialAction\":[{\"@type\":\"SearchAction\",\"target\":{\"@type\":\"EntryPoint\",\"urlTemplate\":\"https:\/\/vinilozona.lt\/?s={search_term_string}\"},\"query-input\":{\"@type\":\"PropertyValueSpecification\",\"valueRequired\":true,\"valueName\":\"search_term_string\"}}],\"inLanguage\":\"en-GB\"}]}<\/script>\n<!-- \/ Yoast SEO plugin. -->","yoast_head_json":{"title":"Ozzy Osbourne \u2013 Diary Of A Madman Vinilin\u0117 Plok\u0161tel\u0117 | Vinilozona.lt","robots":{"index":"index","follow":"follow","max-snippet":"max-snippet:-1","max-image-preview":"max-image-preview:large","max-video-preview":"max-video-preview:-1"},"canonical":"https:\/\/vinilozona.lt\/en\/parduotuve\/naujos-lp\/ozzy-osbourne-diary-of-a-madman\/","og_locale":"en_GB","og_type":"article","og_title":"Ozzy Osbourne \u2013 Diary Of A Madman Vinilin\u0117 Plok\u0161tel\u0117 | Vinilozona.lt","og_description":"Epic \u2013 88697 86665 1, Legacy \u2013 88697 86665 1 Format:  Vinyl, LP, Album, Reissue, Remastered, 180g Country: Europe Released: 2011","og_url":"https:\/\/vinilozona.lt\/en\/parduotuve\/naujos-lp\/ozzy-osbourne-diary-of-a-madman\/","og_site_name":"Vinilo Zona","article_modified_time":"2025-09-28T06:02:04+00:00","og_image":[{"width":500,"height":474,"url":"https:\/\/vinilozona.lt\/wp-content\/uploads\/2022\/04\/R-3661121-1339314589-1745.jpg","type":"image\/jpeg"}],"twitter_card":"summary_large_image","twitter_misc":{"Estimated reading time":"1 minute"},"schema":{"@context":"https:\/\/schema.org","@graph":[{"@type":"WebPage","@id":"https:\/\/vinilozona.lt\/parduotuve\/naujos-lp\/ozzy-osbourne-diary-of-a-madman\/","url":"https:\/\/vinilozona.lt\/parduotuve\/naujos-lp\/ozzy-osbourne-diary-of-a-madman\/","name":"Ozzy Osbourne \u2013 Diary Of A Madman Vinilin\u0117 Plok\u0161tel\u0117 | Vinilozona.lt","isPartOf":{"@id":"https:\/\/vinilozona.lt\/#website"},"primaryImageOfPage":{"@id":"https:\/\/vinilozona.lt\/parduotuve\/naujos-lp\/ozzy-osbourne-diary-of-a-madman\/#primaryimage"},"image":{"@id":"https:\/\/vinilozona.lt\/parduotuve\/naujos-lp\/ozzy-osbourne-diary-of-a-madman\/#primaryimage"},"thumbnailUrl":"https:\/\/vinilozona.lt\/wp-content\/uploads\/2022\/04\/R-3661121-1339314589-1745.jpg","datePublished":"2025-09-28T02:02:13+00:00","dateModified":"2025-09-28T06:02:04+00:00","breadcrumb":{"@id":"https:\/\/vinilozona.lt\/parduotuve\/naujos-lp\/ozzy-osbourne-diary-of-a-madman\/#breadcrumb"},"inLanguage":"en-GB","potentialAction":[{"@type":"ReadAction","target":["https:\/\/vinilozona.lt\/parduotuve\/naujos-lp\/ozzy-osbourne-diary-of-a-madman\/"]}]},{"@type":"ImageObject","inLanguage":"en-GB","@id":"https:\/\/vinilozona.lt\/parduotuve\/naujos-lp\/ozzy-osbourne-diary-of-a-madman\/#primaryimage","url":"https:\/\/vinilozona.lt\/wp-content\/uploads\/2022\/04\/R-3661121-1339314589-1745.jpg","contentUrl":"https:\/\/vinilozona.lt\/wp-content\/uploads\/2022\/04\/R-3661121-1339314589-1745.jpg","width":500,"height":474},{"@type":"BreadcrumbList","@id":"https:\/\/vinilozona.lt\/parduotuve\/naujos-lp\/ozzy-osbourne-diary-of-a-madman\/#breadcrumb","itemListElement":[{"@type":"ListItem","position":1,"name":"Home","item":"https:\/\/vinilozona.lt\/"},{"@type":"ListItem","position":2,"name":"Parduotuv\u0117","item":"https:\/\/vinilozona.lt\/parduotuve\/"},{"@type":"ListItem","position":3,"name":"Ozzy Osbourne \u2013 Diary Of A Madman"}]},{"@type":"WebSite","@id":"https:\/\/vinilozona.lt\/#website","url":"https:\/\/vinilozona.lt\/","name":"Vinilo Zona","description":"Nup\u016bsk dulkes ir klausyk LP","potentialAction":[{"@type":"SearchAction","target":{"@type":"EntryPoint","urlTemplate":"https:\/\/vinilozona.lt\/?s={search_term_string}"},"query-input":{"@type":"PropertyValueSpecification","valueRequired":true,"valueName":"search_term_string"}}],"inLanguage":"en-GB"}]}},"_links":{"self":[{"href":"https:\/\/vinilozona.lt\/en\/wp-json\/wp\/v2\/product\/18771"}],"collection":[{"href":"https:\/\/vinilozona.lt\/en\/wp-json\/wp\/v2\/product"}],"about":[{"href":"https:\/\/vinilozona.lt\/en\/wp-json\/wp\/v2\/types\/product"}],"wp:featuredmedia":[{"embeddable":true,"href":"https:\/\/vinilozona.lt\/en\/wp-json\/wp\/v2\/media\/18772"}],"wp:attachment":[{"href":"https:\/\/vinilozona.lt\/en\/wp-json\/wp\/v2\/media?parent=18771"}],"wp:term":[{"taxonomy":"product_cat","embeddable":true,"href":"https:\/\/vinilozona.lt\/en\/wp-json\/wp\/v2\/product_cat?post=18771"},{"taxonomy":"product_tag","embeddable":true,"href":"https:\/\/vinilozona.lt\/en\/wp-json\/wp\/v2\/product_tag?post=18771"}],"curies":[{"name":"wp","href":"https:\/\/api.w.org\/{rel}","templated":true}]}}