{"id":18752,"date":"2022-03-28T11:27:11","date_gmt":"2022-03-28T08:27:11","guid":{"rendered":"https:\/\/vinilozona.lt\/?post_type=product&#038;p=18752"},"modified":"2024-02-24T13:10:28","modified_gmt":"2024-02-24T11:10:28","slug":"bruce-springsteen-the-essential-bruce-springsteen-2cd","status":"publish","type":"product","link":"https:\/\/vinilozona.lt\/en\/parduotuve\/cd\/naudoti-cd\/bruce-springsteen-the-essential-bruce-springsteen-2cd\/","title":{"rendered":"Bruce Springsteen \u2013 The Essential Bruce Springsteen  2CD"},"content":{"rendered":"<p>1-1\tBruce Springsteen\u2013\tBlinded By The Light\t5:04<br \/>\n1-2\tBruce Springsteen\u2013\tFor You\t4:40<br \/>\n1-3\tBruce Springsteen\u2013\tSpirit In The Night\t5:00<br \/>\n1-4\tBruce Springsteen\u2013\t4th Of July, Asbury Park (Sandy)\t5:37<br \/>\n1-5\tBruce Springsteen\u2013\tRosalita (Come Out Tonight)\t7:04<br \/>\n1-6\tBruce Springsteen\u2013\tThunder Road\t4:51<br \/>\n1-7\tBruce Springsteen\u2013\tBorn To Run\t4:32<br \/>\n1-8\tBruce Springsteen\u2013\tJungleland\t9:36<br \/>\n1-9\tBruce Springsteen\u2013\tBadlands\t4:04<br \/>\n1-10\tBruce Springsteen\u2013\tDarkness On The Edge Of Town\t4:31<br \/>\n1-11\tBruce Springsteen\u2013\tThe Promised Land\t4:31<br \/>\n1-12\tBruce Springsteen\u2013\tThe River\t5:00<br \/>\n1-13\tBruce Springsteen\u2013\tHungry Heart\t3:20<br \/>\n1-14\tBruce Springsteen\u2013\tNebraska\t4:29<br \/>\n1-15\tBruce Springsteen\u2013\tAtlantic City\t3:56<br \/>\n2-1\tBruce Springsteen\u2013\tBorn In The U.S.A.\t4:42<br \/>\n2-2\tBruce Springsteen\u2013\tGlory Days\t4:17<br \/>\n2-3\tBruce Springsteen\u2013\tDancing In The Dark\t4:03<br \/>\n2-4\tBruce Springsteen\u2013\tTunnel Of Love\t5:12<br \/>\n2-5\tBruce Springsteen\u2013\tBrilliant Disguise\t4:15<br \/>\n2-6\tBruce Springsteen\u2013\tHuman Touch\t6:31<br \/>\n2-7\tBruce Springsteen\u2013\tLiving Proof\t4:48<br \/>\n2-8\tBruce Springsteen\u2013\tLucky Town\t3:28<br \/>\n2-9\tBruce Springsteen\u2013\tStreets Of Philadelphia\t3:18<br \/>\n2-10\tBruce Springsteen\u2013\tThe Ghost Of Tom Joad\t4:23<br \/>\n2-11\tBruce Springsteen\u2013\tThe Rising\t4:49<br \/>\n2-12\tBruce Springsteen\u2013\tMary&#8217;s Place\t6:01<br \/>\n2-13\tBruce Springsteen\u2013\tLonesome Day\t4:07<br \/>\n2-14\tBruce Springsteen &#038; The E-Street Band\u2013\tAmerican Skin (41 Shots) (Live)\t7:52<br \/>\n2-15\tBruce Springsteen &#038; The E-Street Band\u2013\tLand Of Hope And Dreams (Live)\t9:22<\/p>","protected":false},"excerpt":{"rendered":"<p>Columbia \u2013 COL 513700 2, Columbia \u2013 5137002000<br \/>\nSeries:\tThe Essential (4)<br \/>\nFormat:<br \/>\n2 x CD, Compilation<br \/>\nCountry:\tEurope<\/p>","protected":false},"featured_media":18753,"template":"","meta":[],"product_cat":[24,946],"product_tag":[],"yoast_head":"<!-- This site is optimized with the Yoast SEO plugin v23.5 - https:\/\/yoast.com\/wordpress\/plugins\/seo\/ -->\n<title>Bruce Springsteen \u2013 The Essential Bruce Springsteen 2CD Vinilin\u0117 Plok\u0161tel\u0117 | Vinilozona.lt<\/title>\n<meta name=\"robots\" content=\"index, follow, max-snippet:-1, max-image-preview:large, max-video-preview:-1\" \/>\n<link rel=\"canonical\" href=\"https:\/\/vinilozona.lt\/en\/parduotuve\/cd\/naudoti-cd\/bruce-springsteen-the-essential-bruce-springsteen-2cd\/\" \/>\n<meta property=\"og:locale\" content=\"en_GB\" \/>\n<meta property=\"og:type\" content=\"article\" \/>\n<meta property=\"og:title\" content=\"Bruce Springsteen \u2013 The Essential Bruce Springsteen 2CD Vinilin\u0117 Plok\u0161tel\u0117 | Vinilozona.lt\" \/>\n<meta property=\"og:description\" content=\"Columbia \u2013 COL 513700 2, Columbia \u2013 5137002000 Series: The Essential (4) Format:  2 x CD, Compilation Country: Europe\" \/>\n<meta property=\"og:url\" content=\"https:\/\/vinilozona.lt\/en\/parduotuve\/cd\/naudoti-cd\/bruce-springsteen-the-essential-bruce-springsteen-2cd\/\" \/>\n<meta property=\"og:site_name\" content=\"Vinilo Zona\" \/>\n<meta property=\"article:modified_time\" content=\"2024-02-24T11:10:28+00:00\" \/>\n<meta property=\"og:image\" content=\"https:\/\/vinilozona.lt\/wp-content\/uploads\/2022\/03\/R-9374290-1479466299-3768.jpg\" \/>\n\t<meta property=\"og:image:width\" content=\"600\" \/>\n\t<meta property=\"og:image:height\" content=\"600\" \/>\n\t<meta property=\"og:image:type\" content=\"image\/jpeg\" \/>\n<meta name=\"twitter:card\" content=\"summary_large_image\" \/>\n<meta name=\"twitter:label1\" content=\"Estimated reading time\" \/>\n\t<meta name=\"twitter:data1\" content=\"1 minute\" \/>\n<script type=\"application\/ld+json\" class=\"yoast-schema-graph\">{\"@context\":\"https:\/\/schema.org\",\"@graph\":[{\"@type\":\"WebPage\",\"@id\":\"https:\/\/vinilozona.lt\/parduotuve\/cd\/naudoti-cd\/bruce-springsteen-the-essential-bruce-springsteen-2cd\/\",\"url\":\"https:\/\/vinilozona.lt\/parduotuve\/cd\/naudoti-cd\/bruce-springsteen-the-essential-bruce-springsteen-2cd\/\",\"name\":\"Bruce Springsteen \u2013 The Essential Bruce Springsteen 2CD Vinilin\u0117 Plok\u0161tel\u0117 | Vinilozona.lt\",\"isPartOf\":{\"@id\":\"https:\/\/vinilozona.lt\/#website\"},\"primaryImageOfPage\":{\"@id\":\"https:\/\/vinilozona.lt\/parduotuve\/cd\/naudoti-cd\/bruce-springsteen-the-essential-bruce-springsteen-2cd\/#primaryimage\"},\"image\":{\"@id\":\"https:\/\/vinilozona.lt\/parduotuve\/cd\/naudoti-cd\/bruce-springsteen-the-essential-bruce-springsteen-2cd\/#primaryimage\"},\"thumbnailUrl\":\"https:\/\/vinilozona.lt\/wp-content\/uploads\/2022\/03\/R-9374290-1479466299-3768.jpg\",\"datePublished\":\"2022-03-28T08:27:11+00:00\",\"dateModified\":\"2024-02-24T11:10:28+00:00\",\"breadcrumb\":{\"@id\":\"https:\/\/vinilozona.lt\/parduotuve\/cd\/naudoti-cd\/bruce-springsteen-the-essential-bruce-springsteen-2cd\/#breadcrumb\"},\"inLanguage\":\"en-GB\",\"potentialAction\":[{\"@type\":\"ReadAction\",\"target\":[\"https:\/\/vinilozona.lt\/parduotuve\/cd\/naudoti-cd\/bruce-springsteen-the-essential-bruce-springsteen-2cd\/\"]}]},{\"@type\":\"ImageObject\",\"inLanguage\":\"en-GB\",\"@id\":\"https:\/\/vinilozona.lt\/parduotuve\/cd\/naudoti-cd\/bruce-springsteen-the-essential-bruce-springsteen-2cd\/#primaryimage\",\"url\":\"https:\/\/vinilozona.lt\/wp-content\/uploads\/2022\/03\/R-9374290-1479466299-3768.jpg\",\"contentUrl\":\"https:\/\/vinilozona.lt\/wp-content\/uploads\/2022\/03\/R-9374290-1479466299-3768.jpg\",\"width\":600,\"height\":600},{\"@type\":\"BreadcrumbList\",\"@id\":\"https:\/\/vinilozona.lt\/parduotuve\/cd\/naudoti-cd\/bruce-springsteen-the-essential-bruce-springsteen-2cd\/#breadcrumb\",\"itemListElement\":[{\"@type\":\"ListItem\",\"position\":1,\"name\":\"Home\",\"item\":\"https:\/\/vinilozona.lt\/\"},{\"@type\":\"ListItem\",\"position\":2,\"name\":\"Parduotuv\u0117\",\"item\":\"https:\/\/vinilozona.lt\/parduotuve\/\"},{\"@type\":\"ListItem\",\"position\":3,\"name\":\"Bruce Springsteen \u2013 The Essential Bruce Springsteen 2CD\"}]},{\"@type\":\"WebSite\",\"@id\":\"https:\/\/vinilozona.lt\/#website\",\"url\":\"https:\/\/vinilozona.lt\/\",\"name\":\"Vinilo Zona\",\"description\":\"Nup\u016bsk dulkes ir klausyk LP\",\"potentialAction\":[{\"@type\":\"SearchAction\",\"target\":{\"@type\":\"EntryPoint\",\"urlTemplate\":\"https:\/\/vinilozona.lt\/?s={search_term_string}\"},\"query-input\":{\"@type\":\"PropertyValueSpecification\",\"valueRequired\":true,\"valueName\":\"search_term_string\"}}],\"inLanguage\":\"en-GB\"}]}<\/script>\n<!-- \/ Yoast SEO plugin. -->","yoast_head_json":{"title":"Bruce Springsteen \u2013 The Essential Bruce Springsteen 2CD Vinilin\u0117 Plok\u0161tel\u0117 | Vinilozona.lt","robots":{"index":"index","follow":"follow","max-snippet":"max-snippet:-1","max-image-preview":"max-image-preview:large","max-video-preview":"max-video-preview:-1"},"canonical":"https:\/\/vinilozona.lt\/en\/parduotuve\/cd\/naudoti-cd\/bruce-springsteen-the-essential-bruce-springsteen-2cd\/","og_locale":"en_GB","og_type":"article","og_title":"Bruce Springsteen \u2013 The Essential Bruce Springsteen 2CD Vinilin\u0117 Plok\u0161tel\u0117 | Vinilozona.lt","og_description":"Columbia \u2013 COL 513700 2, Columbia \u2013 5137002000 Series: The Essential (4) Format:  2 x CD, Compilation Country: Europe","og_url":"https:\/\/vinilozona.lt\/en\/parduotuve\/cd\/naudoti-cd\/bruce-springsteen-the-essential-bruce-springsteen-2cd\/","og_site_name":"Vinilo Zona","article_modified_time":"2024-02-24T11:10:28+00:00","og_image":[{"width":600,"height":600,"url":"https:\/\/vinilozona.lt\/wp-content\/uploads\/2022\/03\/R-9374290-1479466299-3768.jpg","type":"image\/jpeg"}],"twitter_card":"summary_large_image","twitter_misc":{"Estimated reading time":"1 minute"},"schema":{"@context":"https:\/\/schema.org","@graph":[{"@type":"WebPage","@id":"https:\/\/vinilozona.lt\/parduotuve\/cd\/naudoti-cd\/bruce-springsteen-the-essential-bruce-springsteen-2cd\/","url":"https:\/\/vinilozona.lt\/parduotuve\/cd\/naudoti-cd\/bruce-springsteen-the-essential-bruce-springsteen-2cd\/","name":"Bruce Springsteen \u2013 The Essential Bruce Springsteen 2CD Vinilin\u0117 Plok\u0161tel\u0117 | Vinilozona.lt","isPartOf":{"@id":"https:\/\/vinilozona.lt\/#website"},"primaryImageOfPage":{"@id":"https:\/\/vinilozona.lt\/parduotuve\/cd\/naudoti-cd\/bruce-springsteen-the-essential-bruce-springsteen-2cd\/#primaryimage"},"image":{"@id":"https:\/\/vinilozona.lt\/parduotuve\/cd\/naudoti-cd\/bruce-springsteen-the-essential-bruce-springsteen-2cd\/#primaryimage"},"thumbnailUrl":"https:\/\/vinilozona.lt\/wp-content\/uploads\/2022\/03\/R-9374290-1479466299-3768.jpg","datePublished":"2022-03-28T08:27:11+00:00","dateModified":"2024-02-24T11:10:28+00:00","breadcrumb":{"@id":"https:\/\/vinilozona.lt\/parduotuve\/cd\/naudoti-cd\/bruce-springsteen-the-essential-bruce-springsteen-2cd\/#breadcrumb"},"inLanguage":"en-GB","potentialAction":[{"@type":"ReadAction","target":["https:\/\/vinilozona.lt\/parduotuve\/cd\/naudoti-cd\/bruce-springsteen-the-essential-bruce-springsteen-2cd\/"]}]},{"@type":"ImageObject","inLanguage":"en-GB","@id":"https:\/\/vinilozona.lt\/parduotuve\/cd\/naudoti-cd\/bruce-springsteen-the-essential-bruce-springsteen-2cd\/#primaryimage","url":"https:\/\/vinilozona.lt\/wp-content\/uploads\/2022\/03\/R-9374290-1479466299-3768.jpg","contentUrl":"https:\/\/vinilozona.lt\/wp-content\/uploads\/2022\/03\/R-9374290-1479466299-3768.jpg","width":600,"height":600},{"@type":"BreadcrumbList","@id":"https:\/\/vinilozona.lt\/parduotuve\/cd\/naudoti-cd\/bruce-springsteen-the-essential-bruce-springsteen-2cd\/#breadcrumb","itemListElement":[{"@type":"ListItem","position":1,"name":"Home","item":"https:\/\/vinilozona.lt\/"},{"@type":"ListItem","position":2,"name":"Parduotuv\u0117","item":"https:\/\/vinilozona.lt\/parduotuve\/"},{"@type":"ListItem","position":3,"name":"Bruce Springsteen \u2013 The Essential Bruce Springsteen 2CD"}]},{"@type":"WebSite","@id":"https:\/\/vinilozona.lt\/#website","url":"https:\/\/vinilozona.lt\/","name":"Vinilo Zona","description":"Nup\u016bsk dulkes ir klausyk LP","potentialAction":[{"@type":"SearchAction","target":{"@type":"EntryPoint","urlTemplate":"https:\/\/vinilozona.lt\/?s={search_term_string}"},"query-input":{"@type":"PropertyValueSpecification","valueRequired":true,"valueName":"search_term_string"}}],"inLanguage":"en-GB"}]}},"_links":{"self":[{"href":"https:\/\/vinilozona.lt\/en\/wp-json\/wp\/v2\/product\/18752"}],"collection":[{"href":"https:\/\/vinilozona.lt\/en\/wp-json\/wp\/v2\/product"}],"about":[{"href":"https:\/\/vinilozona.lt\/en\/wp-json\/wp\/v2\/types\/product"}],"wp:featuredmedia":[{"embeddable":true,"href":"https:\/\/vinilozona.lt\/en\/wp-json\/wp\/v2\/media\/18753"}],"wp:attachment":[{"href":"https:\/\/vinilozona.lt\/en\/wp-json\/wp\/v2\/media?parent=18752"}],"wp:term":[{"taxonomy":"product_cat","embeddable":true,"href":"https:\/\/vinilozona.lt\/en\/wp-json\/wp\/v2\/product_cat?post=18752"},{"taxonomy":"product_tag","embeddable":true,"href":"https:\/\/vinilozona.lt\/en\/wp-json\/wp\/v2\/product_tag?post=18752"}],"curies":[{"name":"wp","href":"https:\/\/api.w.org\/{rel}","templated":true}]}}