{"id":18740,"date":"2022-03-28T10:49:06","date_gmt":"2022-03-28T07:49:06","guid":{"rendered":"https:\/\/vinilozona.lt\/?post_type=product&#038;p=18740"},"modified":"2022-03-28T17:01:42","modified_gmt":"2022-03-28T14:01:42","slug":"oregon-out-of-the-woods","status":"publish","type":"product","link":"https:\/\/vinilozona.lt\/en\/parduotuve\/rock-pop\/oregon-out-of-the-woods\/","title":{"rendered":"Oregon \u200e\u2013 Out Of The Woods"},"content":{"rendered":"<p>A1\tYellow Bell\t7:03<br \/>\nA2\tFall 77\t4:27<br \/>\nA3\tReprise\t1:02<br \/>\nA4\tCane Fields\t4:37<br \/>\nA5\tDance To The Morning Star\t5:36<br \/>\nB1\tVision Of A Dancer\t4:03<br \/>\nB2\tStory Telling\t1:03<br \/>\nB3\tWaterwheel\t6:27<br \/>\nB4\tWitchi-Tai-To\t8:21<\/p>","protected":false},"excerpt":{"rendered":"<p>Elektra \u200e\u2013 6E-154<br \/>\nFormat:<br \/>\nVinyl, LP, Gatefold<br \/>\nCountry:<br \/>\nCanada<br \/>\nReleased:<br \/>\n1978<\/p>","protected":false},"featured_media":18741,"template":"","meta":[],"product_cat":[20,15],"product_tag":[44],"yoast_head":"<!-- This site is optimized with the Yoast SEO plugin v23.5 - https:\/\/yoast.com\/wordpress\/plugins\/seo\/ -->\n<title>Oregon \u200e\u2013 Out Of The Woods Vinilin\u0117 Plok\u0161tel\u0117 | Vinilozona.lt<\/title>\n<meta name=\"robots\" content=\"index, follow, max-snippet:-1, max-image-preview:large, max-video-preview:-1\" \/>\n<link rel=\"canonical\" href=\"https:\/\/vinilozona.lt\/en\/parduotuve\/rock-pop\/oregon-out-of-the-woods\/\" \/>\n<meta property=\"og:locale\" content=\"en_GB\" \/>\n<meta property=\"og:type\" content=\"article\" \/>\n<meta property=\"og:title\" content=\"Oregon \u200e\u2013 Out Of The Woods Vinilin\u0117 Plok\u0161tel\u0117 | Vinilozona.lt\" \/>\n<meta property=\"og:description\" content=\"Elektra \u200e\u2013 6E-154 Format: Vinyl, LP, Gatefold Country: Canada Released: 1978\" \/>\n<meta property=\"og:url\" content=\"https:\/\/vinilozona.lt\/en\/parduotuve\/rock-pop\/oregon-out-of-the-woods\/\" \/>\n<meta property=\"og:site_name\" content=\"Vinilo Zona\" \/>\n<meta property=\"article:modified_time\" content=\"2022-03-28T14:01:42+00:00\" \/>\n<meta property=\"og:image\" content=\"https:\/\/vinilozona.lt\/wp-content\/uploads\/2022\/03\/R-874137-1167939184.jpg\" \/>\n\t<meta property=\"og:image:width\" content=\"300\" \/>\n\t<meta property=\"og:image:height\" content=\"300\" \/>\n\t<meta property=\"og:image:type\" content=\"image\/jpeg\" \/>\n<meta name=\"twitter:card\" content=\"summary_large_image\" \/>\n<script type=\"application\/ld+json\" class=\"yoast-schema-graph\">{\"@context\":\"https:\/\/schema.org\",\"@graph\":[{\"@type\":\"WebPage\",\"@id\":\"https:\/\/vinilozona.lt\/parduotuve\/rock-pop\/oregon-out-of-the-woods\/\",\"url\":\"https:\/\/vinilozona.lt\/parduotuve\/rock-pop\/oregon-out-of-the-woods\/\",\"name\":\"Oregon \u200e\u2013 Out Of The Woods Vinilin\u0117 Plok\u0161tel\u0117 | Vinilozona.lt\",\"isPartOf\":{\"@id\":\"https:\/\/vinilozona.lt\/#website\"},\"primaryImageOfPage\":{\"@id\":\"https:\/\/vinilozona.lt\/parduotuve\/rock-pop\/oregon-out-of-the-woods\/#primaryimage\"},\"image\":{\"@id\":\"https:\/\/vinilozona.lt\/parduotuve\/rock-pop\/oregon-out-of-the-woods\/#primaryimage\"},\"thumbnailUrl\":\"https:\/\/vinilozona.lt\/wp-content\/uploads\/2022\/03\/R-874137-1167939184.jpg\",\"datePublished\":\"2022-03-28T07:49:06+00:00\",\"dateModified\":\"2022-03-28T14:01:42+00:00\",\"breadcrumb\":{\"@id\":\"https:\/\/vinilozona.lt\/parduotuve\/rock-pop\/oregon-out-of-the-woods\/#breadcrumb\"},\"inLanguage\":\"en-GB\",\"potentialAction\":[{\"@type\":\"ReadAction\",\"target\":[\"https:\/\/vinilozona.lt\/parduotuve\/rock-pop\/oregon-out-of-the-woods\/\"]}]},{\"@type\":\"ImageObject\",\"inLanguage\":\"en-GB\",\"@id\":\"https:\/\/vinilozona.lt\/parduotuve\/rock-pop\/oregon-out-of-the-woods\/#primaryimage\",\"url\":\"https:\/\/vinilozona.lt\/wp-content\/uploads\/2022\/03\/R-874137-1167939184.jpg\",\"contentUrl\":\"https:\/\/vinilozona.lt\/wp-content\/uploads\/2022\/03\/R-874137-1167939184.jpg\",\"width\":300,\"height\":300},{\"@type\":\"BreadcrumbList\",\"@id\":\"https:\/\/vinilozona.lt\/parduotuve\/rock-pop\/oregon-out-of-the-woods\/#breadcrumb\",\"itemListElement\":[{\"@type\":\"ListItem\",\"position\":1,\"name\":\"Home\",\"item\":\"https:\/\/vinilozona.lt\/\"},{\"@type\":\"ListItem\",\"position\":2,\"name\":\"Parduotuv\u0117\",\"item\":\"https:\/\/vinilozona.lt\/parduotuve\/\"},{\"@type\":\"ListItem\",\"position\":3,\"name\":\"Oregon \u200e\u2013 Out Of The Woods\"}]},{\"@type\":\"WebSite\",\"@id\":\"https:\/\/vinilozona.lt\/#website\",\"url\":\"https:\/\/vinilozona.lt\/\",\"name\":\"Vinilo Zona\",\"description\":\"Nup\u016bsk dulkes ir klausyk LP\",\"potentialAction\":[{\"@type\":\"SearchAction\",\"target\":{\"@type\":\"EntryPoint\",\"urlTemplate\":\"https:\/\/vinilozona.lt\/?s={search_term_string}\"},\"query-input\":{\"@type\":\"PropertyValueSpecification\",\"valueRequired\":true,\"valueName\":\"search_term_string\"}}],\"inLanguage\":\"en-GB\"}]}<\/script>\n<!-- \/ Yoast SEO plugin. -->","yoast_head_json":{"title":"Oregon \u200e\u2013 Out Of The Woods Vinilin\u0117 Plok\u0161tel\u0117 | Vinilozona.lt","robots":{"index":"index","follow":"follow","max-snippet":"max-snippet:-1","max-image-preview":"max-image-preview:large","max-video-preview":"max-video-preview:-1"},"canonical":"https:\/\/vinilozona.lt\/en\/parduotuve\/rock-pop\/oregon-out-of-the-woods\/","og_locale":"en_GB","og_type":"article","og_title":"Oregon \u200e\u2013 Out Of The Woods Vinilin\u0117 Plok\u0161tel\u0117 | Vinilozona.lt","og_description":"Elektra \u200e\u2013 6E-154 Format: Vinyl, LP, Gatefold Country: Canada Released: 1978","og_url":"https:\/\/vinilozona.lt\/en\/parduotuve\/rock-pop\/oregon-out-of-the-woods\/","og_site_name":"Vinilo Zona","article_modified_time":"2022-03-28T14:01:42+00:00","og_image":[{"width":300,"height":300,"url":"https:\/\/vinilozona.lt\/wp-content\/uploads\/2022\/03\/R-874137-1167939184.jpg","type":"image\/jpeg"}],"twitter_card":"summary_large_image","schema":{"@context":"https:\/\/schema.org","@graph":[{"@type":"WebPage","@id":"https:\/\/vinilozona.lt\/parduotuve\/rock-pop\/oregon-out-of-the-woods\/","url":"https:\/\/vinilozona.lt\/parduotuve\/rock-pop\/oregon-out-of-the-woods\/","name":"Oregon \u200e\u2013 Out Of The Woods Vinilin\u0117 Plok\u0161tel\u0117 | Vinilozona.lt","isPartOf":{"@id":"https:\/\/vinilozona.lt\/#website"},"primaryImageOfPage":{"@id":"https:\/\/vinilozona.lt\/parduotuve\/rock-pop\/oregon-out-of-the-woods\/#primaryimage"},"image":{"@id":"https:\/\/vinilozona.lt\/parduotuve\/rock-pop\/oregon-out-of-the-woods\/#primaryimage"},"thumbnailUrl":"https:\/\/vinilozona.lt\/wp-content\/uploads\/2022\/03\/R-874137-1167939184.jpg","datePublished":"2022-03-28T07:49:06+00:00","dateModified":"2022-03-28T14:01:42+00:00","breadcrumb":{"@id":"https:\/\/vinilozona.lt\/parduotuve\/rock-pop\/oregon-out-of-the-woods\/#breadcrumb"},"inLanguage":"en-GB","potentialAction":[{"@type":"ReadAction","target":["https:\/\/vinilozona.lt\/parduotuve\/rock-pop\/oregon-out-of-the-woods\/"]}]},{"@type":"ImageObject","inLanguage":"en-GB","@id":"https:\/\/vinilozona.lt\/parduotuve\/rock-pop\/oregon-out-of-the-woods\/#primaryimage","url":"https:\/\/vinilozona.lt\/wp-content\/uploads\/2022\/03\/R-874137-1167939184.jpg","contentUrl":"https:\/\/vinilozona.lt\/wp-content\/uploads\/2022\/03\/R-874137-1167939184.jpg","width":300,"height":300},{"@type":"BreadcrumbList","@id":"https:\/\/vinilozona.lt\/parduotuve\/rock-pop\/oregon-out-of-the-woods\/#breadcrumb","itemListElement":[{"@type":"ListItem","position":1,"name":"Home","item":"https:\/\/vinilozona.lt\/"},{"@type":"ListItem","position":2,"name":"Parduotuv\u0117","item":"https:\/\/vinilozona.lt\/parduotuve\/"},{"@type":"ListItem","position":3,"name":"Oregon \u200e\u2013 Out Of The Woods"}]},{"@type":"WebSite","@id":"https:\/\/vinilozona.lt\/#website","url":"https:\/\/vinilozona.lt\/","name":"Vinilo Zona","description":"Nup\u016bsk dulkes ir klausyk LP","potentialAction":[{"@type":"SearchAction","target":{"@type":"EntryPoint","urlTemplate":"https:\/\/vinilozona.lt\/?s={search_term_string}"},"query-input":{"@type":"PropertyValueSpecification","valueRequired":true,"valueName":"search_term_string"}}],"inLanguage":"en-GB"}]}},"_links":{"self":[{"href":"https:\/\/vinilozona.lt\/en\/wp-json\/wp\/v2\/product\/18740"}],"collection":[{"href":"https:\/\/vinilozona.lt\/en\/wp-json\/wp\/v2\/product"}],"about":[{"href":"https:\/\/vinilozona.lt\/en\/wp-json\/wp\/v2\/types\/product"}],"wp:featuredmedia":[{"embeddable":true,"href":"https:\/\/vinilozona.lt\/en\/wp-json\/wp\/v2\/media\/18741"}],"wp:attachment":[{"href":"https:\/\/vinilozona.lt\/en\/wp-json\/wp\/v2\/media?parent=18740"}],"wp:term":[{"taxonomy":"product_cat","embeddable":true,"href":"https:\/\/vinilozona.lt\/en\/wp-json\/wp\/v2\/product_cat?post=18740"},{"taxonomy":"product_tag","embeddable":true,"href":"https:\/\/vinilozona.lt\/en\/wp-json\/wp\/v2\/product_tag?post=18740"}],"curies":[{"name":"wp","href":"https:\/\/api.w.org\/{rel}","templated":true}]}}