{"id":18688,"date":"2022-03-26T12:40:03","date_gmt":"2022-03-26T10:40:03","guid":{"rendered":"https:\/\/vinilozona.lt\/?post_type=product&#038;p=18688"},"modified":"2024-05-06T14:16:40","modified_gmt":"2024-05-06T11:16:40","slug":"green-day-international-superhits","status":"publish","type":"product","link":"https:\/\/vinilozona.lt\/en\/parduotuve\/cd\/naudoti-cd\/green-day-international-superhits\/","title":{"rendered":"Green Day \u200e\u2013 International Superhits!  CD"},"content":{"rendered":"<p>1\tMaria\t2:47<br \/>\n2\tPoprocks &#038; Coke\t2:38<br \/>\n3\tLongview\t3:54<br \/>\n4\tWelcome To Paradise\t3:44<br \/>\n5\tBasket Case\t3:01<br \/>\n6\tWhen I Come Around\t2:58<br \/>\n7\tShe\t2:14<br \/>\n8\tJ.A.R. (Jason Andrew Relva)\t2:50<br \/>\n9\tGeek Stink Breath\t2:15<br \/>\n10\tBrain Stew\t3:12<br \/>\n11\tJaded\t1:30<br \/>\n12\tWalking Contradiction\t2:31<br \/>\n13\tStuck With Me\t2:15<br \/>\n14\tHitchin&#8217; A Ride\t2:51<br \/>\n15\tGood Riddance (Time Of Your Life)\t2:33<br \/>\n16\tRedundant\t3:18<br \/>\n17\tNice Guys Finish Last\t2:50<br \/>\n18\tMinority\t2:48<br \/>\n19\tWarning\t3:41<br \/>\n20\tWaiting\t3:12<br \/>\n21\tMacy&#8217;s Day Parade\t3:33<\/p>","protected":false},"excerpt":{"rendered":"<p>Reprise Records \u200e\u2013 9362-48145-2<br \/>\nFormat:<br \/>\nCD, Compilation, Stereo<br \/>\nCountry:<br \/>\nEurope<br \/>\nReleased:<br \/>\n13 Nov 2001<\/p>","protected":false},"featured_media":18689,"template":"","meta":[],"product_cat":[24,946],"product_tag":[44],"yoast_head":"<!-- This site is optimized with the Yoast SEO plugin v23.5 - https:\/\/yoast.com\/wordpress\/plugins\/seo\/ -->\n<title>Green Day \u200e\u2013 International Superhits! CD Vinilin\u0117 Plok\u0161tel\u0117 | Vinilozona.lt<\/title>\n<meta name=\"robots\" content=\"index, follow, max-snippet:-1, max-image-preview:large, max-video-preview:-1\" \/>\n<link rel=\"canonical\" href=\"https:\/\/vinilozona.lt\/en\/parduotuve\/cd\/naudoti-cd\/green-day-international-superhits\/\" \/>\n<meta property=\"og:locale\" content=\"en_GB\" \/>\n<meta property=\"og:type\" content=\"article\" \/>\n<meta property=\"og:title\" content=\"Green Day \u200e\u2013 International Superhits! CD Vinilin\u0117 Plok\u0161tel\u0117 | Vinilozona.lt\" \/>\n<meta property=\"og:description\" content=\"Reprise Records \u200e\u2013 9362-48145-2 Format: CD, Compilation, Stereo Country: Europe Released: 13 Nov 2001\" \/>\n<meta property=\"og:url\" content=\"https:\/\/vinilozona.lt\/en\/parduotuve\/cd\/naudoti-cd\/green-day-international-superhits\/\" \/>\n<meta property=\"og:site_name\" content=\"Vinilo Zona\" \/>\n<meta property=\"article:modified_time\" content=\"2024-05-06T11:16:40+00:00\" \/>\n<meta property=\"og:image\" content=\"https:\/\/vinilozona.lt\/wp-content\/uploads\/2022\/03\/R-369548-1467367993-7643.jpg\" \/>\n\t<meta property=\"og:image:width\" content=\"600\" \/>\n\t<meta property=\"og:image:height\" content=\"593\" \/>\n\t<meta property=\"og:image:type\" content=\"image\/jpeg\" \/>\n<meta name=\"twitter:card\" content=\"summary_large_image\" \/>\n<script type=\"application\/ld+json\" class=\"yoast-schema-graph\">{\"@context\":\"https:\/\/schema.org\",\"@graph\":[{\"@type\":\"WebPage\",\"@id\":\"https:\/\/vinilozona.lt\/parduotuve\/cd\/naudoti-cd\/green-day-international-superhits\/\",\"url\":\"https:\/\/vinilozona.lt\/parduotuve\/cd\/naudoti-cd\/green-day-international-superhits\/\",\"name\":\"Green Day \u200e\u2013 International Superhits! CD Vinilin\u0117 Plok\u0161tel\u0117 | Vinilozona.lt\",\"isPartOf\":{\"@id\":\"https:\/\/vinilozona.lt\/#website\"},\"primaryImageOfPage\":{\"@id\":\"https:\/\/vinilozona.lt\/parduotuve\/cd\/naudoti-cd\/green-day-international-superhits\/#primaryimage\"},\"image\":{\"@id\":\"https:\/\/vinilozona.lt\/parduotuve\/cd\/naudoti-cd\/green-day-international-superhits\/#primaryimage\"},\"thumbnailUrl\":\"https:\/\/vinilozona.lt\/wp-content\/uploads\/2022\/03\/R-369548-1467367993-7643.jpg\",\"datePublished\":\"2022-03-26T10:40:03+00:00\",\"dateModified\":\"2024-05-06T11:16:40+00:00\",\"breadcrumb\":{\"@id\":\"https:\/\/vinilozona.lt\/parduotuve\/cd\/naudoti-cd\/green-day-international-superhits\/#breadcrumb\"},\"inLanguage\":\"en-GB\",\"potentialAction\":[{\"@type\":\"ReadAction\",\"target\":[\"https:\/\/vinilozona.lt\/parduotuve\/cd\/naudoti-cd\/green-day-international-superhits\/\"]}]},{\"@type\":\"ImageObject\",\"inLanguage\":\"en-GB\",\"@id\":\"https:\/\/vinilozona.lt\/parduotuve\/cd\/naudoti-cd\/green-day-international-superhits\/#primaryimage\",\"url\":\"https:\/\/vinilozona.lt\/wp-content\/uploads\/2022\/03\/R-369548-1467367993-7643.jpg\",\"contentUrl\":\"https:\/\/vinilozona.lt\/wp-content\/uploads\/2022\/03\/R-369548-1467367993-7643.jpg\",\"width\":600,\"height\":593},{\"@type\":\"BreadcrumbList\",\"@id\":\"https:\/\/vinilozona.lt\/parduotuve\/cd\/naudoti-cd\/green-day-international-superhits\/#breadcrumb\",\"itemListElement\":[{\"@type\":\"ListItem\",\"position\":1,\"name\":\"Home\",\"item\":\"https:\/\/vinilozona.lt\/\"},{\"@type\":\"ListItem\",\"position\":2,\"name\":\"Parduotuv\u0117\",\"item\":\"https:\/\/vinilozona.lt\/parduotuve\/\"},{\"@type\":\"ListItem\",\"position\":3,\"name\":\"Green Day \u200e\u2013 International Superhits! CD\"}]},{\"@type\":\"WebSite\",\"@id\":\"https:\/\/vinilozona.lt\/#website\",\"url\":\"https:\/\/vinilozona.lt\/\",\"name\":\"Vinilo Zona\",\"description\":\"Nup\u016bsk dulkes ir klausyk LP\",\"potentialAction\":[{\"@type\":\"SearchAction\",\"target\":{\"@type\":\"EntryPoint\",\"urlTemplate\":\"https:\/\/vinilozona.lt\/?s={search_term_string}\"},\"query-input\":{\"@type\":\"PropertyValueSpecification\",\"valueRequired\":true,\"valueName\":\"search_term_string\"}}],\"inLanguage\":\"en-GB\"}]}<\/script>\n<!-- \/ Yoast SEO plugin. -->","yoast_head_json":{"title":"Green Day \u200e\u2013 International Superhits! CD Vinilin\u0117 Plok\u0161tel\u0117 | Vinilozona.lt","robots":{"index":"index","follow":"follow","max-snippet":"max-snippet:-1","max-image-preview":"max-image-preview:large","max-video-preview":"max-video-preview:-1"},"canonical":"https:\/\/vinilozona.lt\/en\/parduotuve\/cd\/naudoti-cd\/green-day-international-superhits\/","og_locale":"en_GB","og_type":"article","og_title":"Green Day \u200e\u2013 International Superhits! CD Vinilin\u0117 Plok\u0161tel\u0117 | Vinilozona.lt","og_description":"Reprise Records \u200e\u2013 9362-48145-2 Format: CD, Compilation, Stereo Country: Europe Released: 13 Nov 2001","og_url":"https:\/\/vinilozona.lt\/en\/parduotuve\/cd\/naudoti-cd\/green-day-international-superhits\/","og_site_name":"Vinilo Zona","article_modified_time":"2024-05-06T11:16:40+00:00","og_image":[{"width":600,"height":593,"url":"https:\/\/vinilozona.lt\/wp-content\/uploads\/2022\/03\/R-369548-1467367993-7643.jpg","type":"image\/jpeg"}],"twitter_card":"summary_large_image","schema":{"@context":"https:\/\/schema.org","@graph":[{"@type":"WebPage","@id":"https:\/\/vinilozona.lt\/parduotuve\/cd\/naudoti-cd\/green-day-international-superhits\/","url":"https:\/\/vinilozona.lt\/parduotuve\/cd\/naudoti-cd\/green-day-international-superhits\/","name":"Green Day \u200e\u2013 International Superhits! CD Vinilin\u0117 Plok\u0161tel\u0117 | Vinilozona.lt","isPartOf":{"@id":"https:\/\/vinilozona.lt\/#website"},"primaryImageOfPage":{"@id":"https:\/\/vinilozona.lt\/parduotuve\/cd\/naudoti-cd\/green-day-international-superhits\/#primaryimage"},"image":{"@id":"https:\/\/vinilozona.lt\/parduotuve\/cd\/naudoti-cd\/green-day-international-superhits\/#primaryimage"},"thumbnailUrl":"https:\/\/vinilozona.lt\/wp-content\/uploads\/2022\/03\/R-369548-1467367993-7643.jpg","datePublished":"2022-03-26T10:40:03+00:00","dateModified":"2024-05-06T11:16:40+00:00","breadcrumb":{"@id":"https:\/\/vinilozona.lt\/parduotuve\/cd\/naudoti-cd\/green-day-international-superhits\/#breadcrumb"},"inLanguage":"en-GB","potentialAction":[{"@type":"ReadAction","target":["https:\/\/vinilozona.lt\/parduotuve\/cd\/naudoti-cd\/green-day-international-superhits\/"]}]},{"@type":"ImageObject","inLanguage":"en-GB","@id":"https:\/\/vinilozona.lt\/parduotuve\/cd\/naudoti-cd\/green-day-international-superhits\/#primaryimage","url":"https:\/\/vinilozona.lt\/wp-content\/uploads\/2022\/03\/R-369548-1467367993-7643.jpg","contentUrl":"https:\/\/vinilozona.lt\/wp-content\/uploads\/2022\/03\/R-369548-1467367993-7643.jpg","width":600,"height":593},{"@type":"BreadcrumbList","@id":"https:\/\/vinilozona.lt\/parduotuve\/cd\/naudoti-cd\/green-day-international-superhits\/#breadcrumb","itemListElement":[{"@type":"ListItem","position":1,"name":"Home","item":"https:\/\/vinilozona.lt\/"},{"@type":"ListItem","position":2,"name":"Parduotuv\u0117","item":"https:\/\/vinilozona.lt\/parduotuve\/"},{"@type":"ListItem","position":3,"name":"Green Day \u200e\u2013 International Superhits! CD"}]},{"@type":"WebSite","@id":"https:\/\/vinilozona.lt\/#website","url":"https:\/\/vinilozona.lt\/","name":"Vinilo Zona","description":"Nup\u016bsk dulkes ir klausyk LP","potentialAction":[{"@type":"SearchAction","target":{"@type":"EntryPoint","urlTemplate":"https:\/\/vinilozona.lt\/?s={search_term_string}"},"query-input":{"@type":"PropertyValueSpecification","valueRequired":true,"valueName":"search_term_string"}}],"inLanguage":"en-GB"}]}},"_links":{"self":[{"href":"https:\/\/vinilozona.lt\/en\/wp-json\/wp\/v2\/product\/18688"}],"collection":[{"href":"https:\/\/vinilozona.lt\/en\/wp-json\/wp\/v2\/product"}],"about":[{"href":"https:\/\/vinilozona.lt\/en\/wp-json\/wp\/v2\/types\/product"}],"wp:featuredmedia":[{"embeddable":true,"href":"https:\/\/vinilozona.lt\/en\/wp-json\/wp\/v2\/media\/18689"}],"wp:attachment":[{"href":"https:\/\/vinilozona.lt\/en\/wp-json\/wp\/v2\/media?parent=18688"}],"wp:term":[{"taxonomy":"product_cat","embeddable":true,"href":"https:\/\/vinilozona.lt\/en\/wp-json\/wp\/v2\/product_cat?post=18688"},{"taxonomy":"product_tag","embeddable":true,"href":"https:\/\/vinilozona.lt\/en\/wp-json\/wp\/v2\/product_tag?post=18688"}],"curies":[{"name":"wp","href":"https:\/\/api.w.org\/{rel}","templated":true}]}}