{"id":18672,"date":"2024-04-27T05:13:46","date_gmt":"2024-04-27T02:13:46","guid":{"rendered":"https:\/\/vinilozona.lt\/?post_type=product&#038;p=18672"},"modified":"2025-08-07T18:51:13","modified_gmt":"2025-08-07T15:51:13","slug":"various-desert-blues-ambiances-du-sahara","status":"publish","type":"product","link":"https:\/\/vinilozona.lt\/en\/parduotuve\/various-rinkiniai\/various-desert-blues-ambiances-du-sahara\/","title":{"rendered":"Various \u2013 Soft Side Of Hard Rock (Bon Jovi, DIO, Black Sabbath, Rainbow&#8230; )"},"content":{"rendered":"<p>A1\tBon Jovi\u2013\tSilent Night<br \/>\nA2\tCinderella \u2013\tNobody&#8217;s Fool<br \/>\nA3\tWarlock \u2013\tMake Time For Love<br \/>\nA4\tDio \u2013\tAll The Fools Sailed Away<br \/>\nA5\tDeep Purple\u2013\tWasted Sunsets<br \/>\nA6\tRainbow\u2013\tCatch The Rainbow<br \/>\nB1\tBlack Sabbath\u2013\tNo Stranger To Love<br \/>\nB2\tTNT \u2013\tWithout Your Love<br \/>\nB3\tTreat \u2013\tTake My Hand<br \/>\nB4\tGringos Locos\u2013\tSusie<br \/>\nB5\tNo Exqze\u2013\tIt&#8217;s Love<br \/>\nB6\tPaganini\u2013\tFor Your Love<br \/>\nB7\tMagnum \u2013\tWhen The World Comes Down (Edit)\t<\/p>","protected":false},"excerpt":{"rendered":"<p>Mercury \u2013 816 684-1<br \/>\nFormat:<br \/>\nVinyl, LP, Compilation<br \/>\nCountry:\tEurope<br \/>\nReleased:\t1988<\/p>","protected":false},"featured_media":24851,"template":"","meta":[],"product_cat":[906],"product_tag":[44],"yoast_head":"<!-- This site is optimized with the Yoast SEO plugin v23.5 - https:\/\/yoast.com\/wordpress\/plugins\/seo\/ -->\n<title>Various \u2013 Soft Side Of Hard Rock (Bon Jovi, DIO, Black Sabbath, Rainbow... ) Vinilin\u0117 Plok\u0161tel\u0117 | Vinilozona.lt<\/title>\n<meta name=\"robots\" content=\"index, follow, max-snippet:-1, max-image-preview:large, max-video-preview:-1\" \/>\n<link rel=\"canonical\" href=\"https:\/\/vinilozona.lt\/en\/parduotuve\/various-rinkiniai\/various-desert-blues-ambiances-du-sahara\/\" \/>\n<meta property=\"og:locale\" content=\"en_GB\" \/>\n<meta property=\"og:type\" content=\"article\" \/>\n<meta property=\"og:title\" content=\"Various \u2013 Soft Side Of Hard Rock (Bon Jovi, DIO, Black Sabbath, Rainbow... ) Vinilin\u0117 Plok\u0161tel\u0117 | Vinilozona.lt\" \/>\n<meta property=\"og:description\" content=\"Mercury \u2013 816 684-1 Format:  Vinyl, LP, Compilation Country: Europe Released: 1988\" \/>\n<meta property=\"og:url\" content=\"https:\/\/vinilozona.lt\/en\/parduotuve\/various-rinkiniai\/various-desert-blues-ambiances-du-sahara\/\" \/>\n<meta property=\"og:site_name\" content=\"Vinilo Zona\" \/>\n<meta property=\"article:modified_time\" content=\"2025-08-07T15:51:13+00:00\" \/>\n<meta property=\"og:image\" content=\"https:\/\/vinilozona.lt\/wp-content\/uploads\/2024\/03\/R-1750435-1295904905.jpg\" \/>\n\t<meta property=\"og:image:width\" content=\"224\" \/>\n\t<meta property=\"og:image:height\" content=\"223\" \/>\n\t<meta property=\"og:image:type\" content=\"image\/jpeg\" \/>\n<meta name=\"twitter:card\" content=\"summary_large_image\" \/>\n<script type=\"application\/ld+json\" class=\"yoast-schema-graph\">{\"@context\":\"https:\/\/schema.org\",\"@graph\":[{\"@type\":\"WebPage\",\"@id\":\"https:\/\/vinilozona.lt\/en\/parduotuve\/various-rinkiniai\/various-desert-blues-ambiances-du-sahara\/\",\"url\":\"https:\/\/vinilozona.lt\/en\/parduotuve\/various-rinkiniai\/various-desert-blues-ambiances-du-sahara\/\",\"name\":\"Various \u2013 Soft Side Of Hard Rock (Bon Jovi, DIO, Black Sabbath, Rainbow... ) Vinilin\u0117 Plok\u0161tel\u0117 | Vinilozona.lt\",\"isPartOf\":{\"@id\":\"https:\/\/vinilozona.lt\/#website\"},\"primaryImageOfPage\":{\"@id\":\"https:\/\/vinilozona.lt\/en\/parduotuve\/various-rinkiniai\/various-desert-blues-ambiances-du-sahara\/#primaryimage\"},\"image\":{\"@id\":\"https:\/\/vinilozona.lt\/en\/parduotuve\/various-rinkiniai\/various-desert-blues-ambiances-du-sahara\/#primaryimage\"},\"thumbnailUrl\":\"https:\/\/vinilozona.lt\/wp-content\/uploads\/2024\/03\/R-1750435-1295904905.jpg\",\"datePublished\":\"2024-04-27T02:13:46+00:00\",\"dateModified\":\"2025-08-07T15:51:13+00:00\",\"breadcrumb\":{\"@id\":\"https:\/\/vinilozona.lt\/en\/parduotuve\/various-rinkiniai\/various-desert-blues-ambiances-du-sahara\/#breadcrumb\"},\"inLanguage\":\"en-GB\",\"potentialAction\":[{\"@type\":\"ReadAction\",\"target\":[\"https:\/\/vinilozona.lt\/en\/parduotuve\/various-rinkiniai\/various-desert-blues-ambiances-du-sahara\/\"]}]},{\"@type\":\"ImageObject\",\"inLanguage\":\"en-GB\",\"@id\":\"https:\/\/vinilozona.lt\/en\/parduotuve\/various-rinkiniai\/various-desert-blues-ambiances-du-sahara\/#primaryimage\",\"url\":\"https:\/\/vinilozona.lt\/wp-content\/uploads\/2024\/03\/R-1750435-1295904905.jpg\",\"contentUrl\":\"https:\/\/vinilozona.lt\/wp-content\/uploads\/2024\/03\/R-1750435-1295904905.jpg\",\"width\":224,\"height\":223},{\"@type\":\"BreadcrumbList\",\"@id\":\"https:\/\/vinilozona.lt\/en\/parduotuve\/various-rinkiniai\/various-desert-blues-ambiances-du-sahara\/#breadcrumb\",\"itemListElement\":[{\"@type\":\"ListItem\",\"position\":1,\"name\":\"Home\",\"item\":\"https:\/\/vinilozona.lt\/\"},{\"@type\":\"ListItem\",\"position\":2,\"name\":\"Parduotuv\u0117\",\"item\":\"https:\/\/vinilozona.lt\/parduotuve\/\"},{\"@type\":\"ListItem\",\"position\":3,\"name\":\"Various \u2013 Soft Side Of Hard Rock (Bon Jovi, DIO, Black Sabbath, Rainbow&#8230; )\"}]},{\"@type\":\"WebSite\",\"@id\":\"https:\/\/vinilozona.lt\/#website\",\"url\":\"https:\/\/vinilozona.lt\/\",\"name\":\"Vinilo Zona\",\"description\":\"Nup\u016bsk dulkes ir klausyk LP\",\"potentialAction\":[{\"@type\":\"SearchAction\",\"target\":{\"@type\":\"EntryPoint\",\"urlTemplate\":\"https:\/\/vinilozona.lt\/?s={search_term_string}\"},\"query-input\":{\"@type\":\"PropertyValueSpecification\",\"valueRequired\":true,\"valueName\":\"search_term_string\"}}],\"inLanguage\":\"en-GB\"}]}<\/script>\n<!-- \/ Yoast SEO plugin. -->","yoast_head_json":{"title":"Various \u2013 Soft Side Of Hard Rock (Bon Jovi, DIO, Black Sabbath, Rainbow... ) Vinilin\u0117 Plok\u0161tel\u0117 | Vinilozona.lt","robots":{"index":"index","follow":"follow","max-snippet":"max-snippet:-1","max-image-preview":"max-image-preview:large","max-video-preview":"max-video-preview:-1"},"canonical":"https:\/\/vinilozona.lt\/en\/parduotuve\/various-rinkiniai\/various-desert-blues-ambiances-du-sahara\/","og_locale":"en_GB","og_type":"article","og_title":"Various \u2013 Soft Side Of Hard Rock (Bon Jovi, DIO, Black Sabbath, Rainbow... ) Vinilin\u0117 Plok\u0161tel\u0117 | Vinilozona.lt","og_description":"Mercury \u2013 816 684-1 Format:  Vinyl, LP, Compilation Country: Europe Released: 1988","og_url":"https:\/\/vinilozona.lt\/en\/parduotuve\/various-rinkiniai\/various-desert-blues-ambiances-du-sahara\/","og_site_name":"Vinilo Zona","article_modified_time":"2025-08-07T15:51:13+00:00","og_image":[{"width":224,"height":223,"url":"https:\/\/vinilozona.lt\/wp-content\/uploads\/2024\/03\/R-1750435-1295904905.jpg","type":"image\/jpeg"}],"twitter_card":"summary_large_image","schema":{"@context":"https:\/\/schema.org","@graph":[{"@type":"WebPage","@id":"https:\/\/vinilozona.lt\/en\/parduotuve\/various-rinkiniai\/various-desert-blues-ambiances-du-sahara\/","url":"https:\/\/vinilozona.lt\/en\/parduotuve\/various-rinkiniai\/various-desert-blues-ambiances-du-sahara\/","name":"Various \u2013 Soft Side Of Hard Rock (Bon Jovi, DIO, Black Sabbath, Rainbow... ) Vinilin\u0117 Plok\u0161tel\u0117 | Vinilozona.lt","isPartOf":{"@id":"https:\/\/vinilozona.lt\/#website"},"primaryImageOfPage":{"@id":"https:\/\/vinilozona.lt\/en\/parduotuve\/various-rinkiniai\/various-desert-blues-ambiances-du-sahara\/#primaryimage"},"image":{"@id":"https:\/\/vinilozona.lt\/en\/parduotuve\/various-rinkiniai\/various-desert-blues-ambiances-du-sahara\/#primaryimage"},"thumbnailUrl":"https:\/\/vinilozona.lt\/wp-content\/uploads\/2024\/03\/R-1750435-1295904905.jpg","datePublished":"2024-04-27T02:13:46+00:00","dateModified":"2025-08-07T15:51:13+00:00","breadcrumb":{"@id":"https:\/\/vinilozona.lt\/en\/parduotuve\/various-rinkiniai\/various-desert-blues-ambiances-du-sahara\/#breadcrumb"},"inLanguage":"en-GB","potentialAction":[{"@type":"ReadAction","target":["https:\/\/vinilozona.lt\/en\/parduotuve\/various-rinkiniai\/various-desert-blues-ambiances-du-sahara\/"]}]},{"@type":"ImageObject","inLanguage":"en-GB","@id":"https:\/\/vinilozona.lt\/en\/parduotuve\/various-rinkiniai\/various-desert-blues-ambiances-du-sahara\/#primaryimage","url":"https:\/\/vinilozona.lt\/wp-content\/uploads\/2024\/03\/R-1750435-1295904905.jpg","contentUrl":"https:\/\/vinilozona.lt\/wp-content\/uploads\/2024\/03\/R-1750435-1295904905.jpg","width":224,"height":223},{"@type":"BreadcrumbList","@id":"https:\/\/vinilozona.lt\/en\/parduotuve\/various-rinkiniai\/various-desert-blues-ambiances-du-sahara\/#breadcrumb","itemListElement":[{"@type":"ListItem","position":1,"name":"Home","item":"https:\/\/vinilozona.lt\/"},{"@type":"ListItem","position":2,"name":"Parduotuv\u0117","item":"https:\/\/vinilozona.lt\/parduotuve\/"},{"@type":"ListItem","position":3,"name":"Various \u2013 Soft Side Of Hard Rock (Bon Jovi, DIO, Black Sabbath, Rainbow&#8230; )"}]},{"@type":"WebSite","@id":"https:\/\/vinilozona.lt\/#website","url":"https:\/\/vinilozona.lt\/","name":"Vinilo Zona","description":"Nup\u016bsk dulkes ir klausyk LP","potentialAction":[{"@type":"SearchAction","target":{"@type":"EntryPoint","urlTemplate":"https:\/\/vinilozona.lt\/?s={search_term_string}"},"query-input":{"@type":"PropertyValueSpecification","valueRequired":true,"valueName":"search_term_string"}}],"inLanguage":"en-GB"}]}},"_links":{"self":[{"href":"https:\/\/vinilozona.lt\/en\/wp-json\/wp\/v2\/product\/18672"}],"collection":[{"href":"https:\/\/vinilozona.lt\/en\/wp-json\/wp\/v2\/product"}],"about":[{"href":"https:\/\/vinilozona.lt\/en\/wp-json\/wp\/v2\/types\/product"}],"wp:featuredmedia":[{"embeddable":true,"href":"https:\/\/vinilozona.lt\/en\/wp-json\/wp\/v2\/media\/24851"}],"wp:attachment":[{"href":"https:\/\/vinilozona.lt\/en\/wp-json\/wp\/v2\/media?parent=18672"}],"wp:term":[{"taxonomy":"product_cat","embeddable":true,"href":"https:\/\/vinilozona.lt\/en\/wp-json\/wp\/v2\/product_cat?post=18672"},{"taxonomy":"product_tag","embeddable":true,"href":"https:\/\/vinilozona.lt\/en\/wp-json\/wp\/v2\/product_tag?post=18672"}],"curies":[{"name":"wp","href":"https:\/\/api.w.org\/{rel}","templated":true}]}}