{"id":18641,"date":"2025-03-21T05:19:17","date_gmt":"2025-03-21T03:19:17","guid":{"rendered":"https:\/\/vinilozona.lt\/?post_type=product&#038;p=18641"},"modified":"2025-06-29T10:33:52","modified_gmt":"2025-06-29T07:33:52","slug":"carlos-santana-and-buddy-miles-and-mahavishnu-john-mclaughlin-live-love-devotion-surrender","status":"publish","type":"product","link":"https:\/\/vinilozona.lt\/en\/parduotuve\/rock-pop\/carlos-santana-and-buddy-miles-and-mahavishnu-john-mclaughlin-live-love-devotion-surrender\/","title":{"rendered":"Santana \u2013 Caravanserai"},"content":{"rendered":"<p>A1\t\tEternal Caravan Of Reincarnation  4:25<br \/>\nA2\t\tWaves Within  3:54<br \/>\nA3\t\tLook Up (To See What&#8217;s Coming Down)  2:55<br \/>\nA4\t\tJust In Time To See The Sun  2:13<br \/>\nA5\t\tSong Of The Wind  6:03<br \/>\nA6\t\tAll The Love Of The Universe  7:39<br \/>\nB1\t\tFuture Primitive  4:20<br \/>\nB2\t\tStone Flower  6:05<br \/>\nB3\t\tLa Fuente Del Ritmo  4:30<br \/>\nB4\t\tEvery Step Of The Way  9:06<\/p>","protected":false},"excerpt":{"rendered":"<p>CBS \u2013 CBS 32060, CBS \u2013 32060<br \/>\nFormat:<br \/>\nVinyl, Album, LP, Reissue<br \/>\nCountry:\tEurope<br \/>\nReleased:\t1982<\/p>","protected":false},"featured_media":23484,"template":"","meta":[],"product_cat":[15],"product_tag":[44],"yoast_head":"<!-- This site is optimized with the Yoast SEO plugin v23.5 - https:\/\/yoast.com\/wordpress\/plugins\/seo\/ -->\n<title>Santana \u2013 Caravanserai Vinilin\u0117 Plok\u0161tel\u0117 | Vinilozona.lt<\/title>\n<meta name=\"robots\" content=\"index, follow, max-snippet:-1, max-image-preview:large, max-video-preview:-1\" \/>\n<link rel=\"canonical\" href=\"https:\/\/vinilozona.lt\/en\/parduotuve\/rock-pop\/carlos-santana-and-buddy-miles-and-mahavishnu-john-mclaughlin-live-love-devotion-surrender\/\" \/>\n<meta property=\"og:locale\" content=\"en_GB\" \/>\n<meta property=\"og:type\" content=\"article\" \/>\n<meta property=\"og:title\" content=\"Santana \u2013 Caravanserai Vinilin\u0117 Plok\u0161tel\u0117 | Vinilozona.lt\" \/>\n<meta property=\"og:description\" content=\"CBS \u2013 CBS 32060, CBS \u2013 32060 Format:  Vinyl, Album, LP, Reissue Country: Europe Released: 1982\" \/>\n<meta property=\"og:url\" content=\"https:\/\/vinilozona.lt\/en\/parduotuve\/rock-pop\/carlos-santana-and-buddy-miles-and-mahavishnu-john-mclaughlin-live-love-devotion-surrender\/\" \/>\n<meta property=\"og:site_name\" content=\"Vinilo Zona\" \/>\n<meta property=\"article:modified_time\" content=\"2025-06-29T07:33:52+00:00\" \/>\n<meta property=\"og:image\" content=\"https:\/\/vinilozona.lt\/wp-content\/uploads\/2022\/03\/R-420299-1444668199-5149.jpg\" \/>\n\t<meta property=\"og:image:width\" content=\"600\" \/>\n\t<meta property=\"og:image:height\" content=\"584\" \/>\n\t<meta property=\"og:image:type\" content=\"image\/jpeg\" \/>\n<meta name=\"twitter:card\" content=\"summary_large_image\" \/>\n<script type=\"application\/ld+json\" class=\"yoast-schema-graph\">{\"@context\":\"https:\/\/schema.org\",\"@graph\":[{\"@type\":\"WebPage\",\"@id\":\"https:\/\/vinilozona.lt\/parduotuve\/rock-pop\/carlos-santana-and-buddy-miles-and-mahavishnu-john-mclaughlin-live-love-devotion-surrender\/\",\"url\":\"https:\/\/vinilozona.lt\/parduotuve\/rock-pop\/carlos-santana-and-buddy-miles-and-mahavishnu-john-mclaughlin-live-love-devotion-surrender\/\",\"name\":\"Santana \u2013 Caravanserai Vinilin\u0117 Plok\u0161tel\u0117 | Vinilozona.lt\",\"isPartOf\":{\"@id\":\"https:\/\/vinilozona.lt\/#website\"},\"primaryImageOfPage\":{\"@id\":\"https:\/\/vinilozona.lt\/parduotuve\/rock-pop\/carlos-santana-and-buddy-miles-and-mahavishnu-john-mclaughlin-live-love-devotion-surrender\/#primaryimage\"},\"image\":{\"@id\":\"https:\/\/vinilozona.lt\/parduotuve\/rock-pop\/carlos-santana-and-buddy-miles-and-mahavishnu-john-mclaughlin-live-love-devotion-surrender\/#primaryimage\"},\"thumbnailUrl\":\"https:\/\/vinilozona.lt\/wp-content\/uploads\/2022\/03\/R-420299-1444668199-5149.jpg\",\"datePublished\":\"2025-03-21T03:19:17+00:00\",\"dateModified\":\"2025-06-29T07:33:52+00:00\",\"breadcrumb\":{\"@id\":\"https:\/\/vinilozona.lt\/parduotuve\/rock-pop\/carlos-santana-and-buddy-miles-and-mahavishnu-john-mclaughlin-live-love-devotion-surrender\/#breadcrumb\"},\"inLanguage\":\"en-GB\",\"potentialAction\":[{\"@type\":\"ReadAction\",\"target\":[\"https:\/\/vinilozona.lt\/parduotuve\/rock-pop\/carlos-santana-and-buddy-miles-and-mahavishnu-john-mclaughlin-live-love-devotion-surrender\/\"]}]},{\"@type\":\"ImageObject\",\"inLanguage\":\"en-GB\",\"@id\":\"https:\/\/vinilozona.lt\/parduotuve\/rock-pop\/carlos-santana-and-buddy-miles-and-mahavishnu-john-mclaughlin-live-love-devotion-surrender\/#primaryimage\",\"url\":\"https:\/\/vinilozona.lt\/wp-content\/uploads\/2022\/03\/R-420299-1444668199-5149.jpg\",\"contentUrl\":\"https:\/\/vinilozona.lt\/wp-content\/uploads\/2022\/03\/R-420299-1444668199-5149.jpg\",\"width\":600,\"height\":584},{\"@type\":\"BreadcrumbList\",\"@id\":\"https:\/\/vinilozona.lt\/parduotuve\/rock-pop\/carlos-santana-and-buddy-miles-and-mahavishnu-john-mclaughlin-live-love-devotion-surrender\/#breadcrumb\",\"itemListElement\":[{\"@type\":\"ListItem\",\"position\":1,\"name\":\"Home\",\"item\":\"https:\/\/vinilozona.lt\/\"},{\"@type\":\"ListItem\",\"position\":2,\"name\":\"Parduotuv\u0117\",\"item\":\"https:\/\/vinilozona.lt\/parduotuve\/\"},{\"@type\":\"ListItem\",\"position\":3,\"name\":\"Santana \u2013 Caravanserai\"}]},{\"@type\":\"WebSite\",\"@id\":\"https:\/\/vinilozona.lt\/#website\",\"url\":\"https:\/\/vinilozona.lt\/\",\"name\":\"Vinilo Zona\",\"description\":\"Nup\u016bsk dulkes ir klausyk LP\",\"potentialAction\":[{\"@type\":\"SearchAction\",\"target\":{\"@type\":\"EntryPoint\",\"urlTemplate\":\"https:\/\/vinilozona.lt\/?s={search_term_string}\"},\"query-input\":{\"@type\":\"PropertyValueSpecification\",\"valueRequired\":true,\"valueName\":\"search_term_string\"}}],\"inLanguage\":\"en-GB\"}]}<\/script>\n<!-- \/ Yoast SEO plugin. -->","yoast_head_json":{"title":"Santana \u2013 Caravanserai Vinilin\u0117 Plok\u0161tel\u0117 | Vinilozona.lt","robots":{"index":"index","follow":"follow","max-snippet":"max-snippet:-1","max-image-preview":"max-image-preview:large","max-video-preview":"max-video-preview:-1"},"canonical":"https:\/\/vinilozona.lt\/en\/parduotuve\/rock-pop\/carlos-santana-and-buddy-miles-and-mahavishnu-john-mclaughlin-live-love-devotion-surrender\/","og_locale":"en_GB","og_type":"article","og_title":"Santana \u2013 Caravanserai Vinilin\u0117 Plok\u0161tel\u0117 | Vinilozona.lt","og_description":"CBS \u2013 CBS 32060, CBS \u2013 32060 Format:  Vinyl, Album, LP, Reissue Country: Europe Released: 1982","og_url":"https:\/\/vinilozona.lt\/en\/parduotuve\/rock-pop\/carlos-santana-and-buddy-miles-and-mahavishnu-john-mclaughlin-live-love-devotion-surrender\/","og_site_name":"Vinilo Zona","article_modified_time":"2025-06-29T07:33:52+00:00","og_image":[{"width":600,"height":584,"url":"https:\/\/vinilozona.lt\/wp-content\/uploads\/2022\/03\/R-420299-1444668199-5149.jpg","type":"image\/jpeg"}],"twitter_card":"summary_large_image","schema":{"@context":"https:\/\/schema.org","@graph":[{"@type":"WebPage","@id":"https:\/\/vinilozona.lt\/parduotuve\/rock-pop\/carlos-santana-and-buddy-miles-and-mahavishnu-john-mclaughlin-live-love-devotion-surrender\/","url":"https:\/\/vinilozona.lt\/parduotuve\/rock-pop\/carlos-santana-and-buddy-miles-and-mahavishnu-john-mclaughlin-live-love-devotion-surrender\/","name":"Santana \u2013 Caravanserai Vinilin\u0117 Plok\u0161tel\u0117 | Vinilozona.lt","isPartOf":{"@id":"https:\/\/vinilozona.lt\/#website"},"primaryImageOfPage":{"@id":"https:\/\/vinilozona.lt\/parduotuve\/rock-pop\/carlos-santana-and-buddy-miles-and-mahavishnu-john-mclaughlin-live-love-devotion-surrender\/#primaryimage"},"image":{"@id":"https:\/\/vinilozona.lt\/parduotuve\/rock-pop\/carlos-santana-and-buddy-miles-and-mahavishnu-john-mclaughlin-live-love-devotion-surrender\/#primaryimage"},"thumbnailUrl":"https:\/\/vinilozona.lt\/wp-content\/uploads\/2022\/03\/R-420299-1444668199-5149.jpg","datePublished":"2025-03-21T03:19:17+00:00","dateModified":"2025-06-29T07:33:52+00:00","breadcrumb":{"@id":"https:\/\/vinilozona.lt\/parduotuve\/rock-pop\/carlos-santana-and-buddy-miles-and-mahavishnu-john-mclaughlin-live-love-devotion-surrender\/#breadcrumb"},"inLanguage":"en-GB","potentialAction":[{"@type":"ReadAction","target":["https:\/\/vinilozona.lt\/parduotuve\/rock-pop\/carlos-santana-and-buddy-miles-and-mahavishnu-john-mclaughlin-live-love-devotion-surrender\/"]}]},{"@type":"ImageObject","inLanguage":"en-GB","@id":"https:\/\/vinilozona.lt\/parduotuve\/rock-pop\/carlos-santana-and-buddy-miles-and-mahavishnu-john-mclaughlin-live-love-devotion-surrender\/#primaryimage","url":"https:\/\/vinilozona.lt\/wp-content\/uploads\/2022\/03\/R-420299-1444668199-5149.jpg","contentUrl":"https:\/\/vinilozona.lt\/wp-content\/uploads\/2022\/03\/R-420299-1444668199-5149.jpg","width":600,"height":584},{"@type":"BreadcrumbList","@id":"https:\/\/vinilozona.lt\/parduotuve\/rock-pop\/carlos-santana-and-buddy-miles-and-mahavishnu-john-mclaughlin-live-love-devotion-surrender\/#breadcrumb","itemListElement":[{"@type":"ListItem","position":1,"name":"Home","item":"https:\/\/vinilozona.lt\/"},{"@type":"ListItem","position":2,"name":"Parduotuv\u0117","item":"https:\/\/vinilozona.lt\/parduotuve\/"},{"@type":"ListItem","position":3,"name":"Santana \u2013 Caravanserai"}]},{"@type":"WebSite","@id":"https:\/\/vinilozona.lt\/#website","url":"https:\/\/vinilozona.lt\/","name":"Vinilo Zona","description":"Nup\u016bsk dulkes ir klausyk LP","potentialAction":[{"@type":"SearchAction","target":{"@type":"EntryPoint","urlTemplate":"https:\/\/vinilozona.lt\/?s={search_term_string}"},"query-input":{"@type":"PropertyValueSpecification","valueRequired":true,"valueName":"search_term_string"}}],"inLanguage":"en-GB"}]}},"_links":{"self":[{"href":"https:\/\/vinilozona.lt\/en\/wp-json\/wp\/v2\/product\/18641"}],"collection":[{"href":"https:\/\/vinilozona.lt\/en\/wp-json\/wp\/v2\/product"}],"about":[{"href":"https:\/\/vinilozona.lt\/en\/wp-json\/wp\/v2\/types\/product"}],"wp:featuredmedia":[{"embeddable":true,"href":"https:\/\/vinilozona.lt\/en\/wp-json\/wp\/v2\/media\/23484"}],"wp:attachment":[{"href":"https:\/\/vinilozona.lt\/en\/wp-json\/wp\/v2\/media?parent=18641"}],"wp:term":[{"taxonomy":"product_cat","embeddable":true,"href":"https:\/\/vinilozona.lt\/en\/wp-json\/wp\/v2\/product_cat?post=18641"},{"taxonomy":"product_tag","embeddable":true,"href":"https:\/\/vinilozona.lt\/en\/wp-json\/wp\/v2\/product_tag?post=18641"}],"curies":[{"name":"wp","href":"https:\/\/api.w.org\/{rel}","templated":true}]}}