{"id":18624,"date":"2022-03-17T10:25:03","date_gmt":"2022-03-17T08:25:03","guid":{"rendered":"https:\/\/vinilozona.lt\/?post_type=product&#038;p=18624"},"modified":"2022-04-12T12:19:36","modified_gmt":"2022-04-12T09:19:36","slug":"yazoo-%e2%80%8e-upstairs-at-erics-you-and-me-both-2-lp","status":"publish","type":"product","link":"https:\/\/vinilozona.lt\/en\/parduotuve\/rock-pop\/yazoo-%e2%80%8e-upstairs-at-erics-you-and-me-both-2-lp\/","title":{"rendered":"Yazoo \u200e\u2013 Upstairs At Eric&#8217;s \/ You And Me Both  2 LP"},"content":{"rendered":"<p>Upstairs At Eric&#8217;s<br \/>\nDon&#8217;t Go\t3:04<br \/>\nToo Pieces\t3:10<br \/>\nBad Connection\t3:17<br \/>\nI Before E Except After C\t4:38<br \/>\nMidnight\t4:15<br \/>\nIn My Room\t3:47<br \/>\nOnly You\t3:10<br \/>\nGoodbye 70&#8217;s\t2:34<br \/>\nTuesday\t3:16<br \/>\nWinter Kills\t4:01<br \/>\nBring Your Love Down (Didn&#8217;t I)\t4:36<br \/>\nYou And Me Both<br \/>\nNobody&#8217;s Diary\t4:30<br \/>\nSoftly Over\t4:01<br \/>\nSweet Thing\t3:42<br \/>\nMr Blue\t3:25<br \/>\nGood Times\t4:19<br \/>\nWalk Away From Love\t3:18<br \/>\nOde To Boy\t3:36<br \/>\nUnmarked\t3:34<br \/>\nAnyone\t3:24<br \/>\nHappy People\t2:56<br \/>\nAnd On\t3:12<\/p>","protected":false},"excerpt":{"rendered":"<p>Mute \u2013 INT 156.800<br \/>\nFormat:<br \/>\nVinyl, LP, Album, Reissue<br \/>\nVinyl, LP, Album, Reissue<br \/>\nAll Media, Compilation, Gatefold<br \/>\nCountry:\tGermany<br \/>\nReleased:\t1986<\/p>","protected":false},"featured_media":18625,"template":"","meta":[],"product_cat":[15],"product_tag":[],"yoast_head":"<!-- This site is optimized with the Yoast SEO plugin v23.5 - https:\/\/yoast.com\/wordpress\/plugins\/seo\/ -->\n<title>Yazoo \u200e\u2013 Upstairs At Eric&#039;s \/ You And Me Both 2 LP Vinilin\u0117 Plok\u0161tel\u0117 | Vinilozona.lt<\/title>\n<meta name=\"robots\" content=\"index, follow, max-snippet:-1, max-image-preview:large, max-video-preview:-1\" \/>\n<link rel=\"canonical\" href=\"https:\/\/vinilozona.lt\/en\/parduotuve\/rock-pop\/yazoo-\u200e-upstairs-at-erics-you-and-me-both-2-lp\/\" \/>\n<meta property=\"og:locale\" content=\"en_GB\" \/>\n<meta property=\"og:type\" content=\"article\" \/>\n<meta property=\"og:title\" content=\"Yazoo \u200e\u2013 Upstairs At Eric&#039;s \/ You And Me Both 2 LP Vinilin\u0117 Plok\u0161tel\u0117 | Vinilozona.lt\" \/>\n<meta property=\"og:description\" content=\"Mute \u2013 INT 156.800 Format:  Vinyl, LP, Album, Reissue Vinyl, LP, Album, Reissue All Media, Compilation, Gatefold Country: Germany Released: 1986\" \/>\n<meta property=\"og:url\" content=\"https:\/\/vinilozona.lt\/en\/parduotuve\/rock-pop\/yazoo-\u200e-upstairs-at-erics-you-and-me-both-2-lp\/\" \/>\n<meta property=\"og:site_name\" content=\"Vinilo Zona\" \/>\n<meta property=\"article:modified_time\" content=\"2022-04-12T09:19:36+00:00\" \/>\n<meta property=\"og:image\" content=\"https:\/\/vinilozona.lt\/wp-content\/uploads\/2022\/03\/R-115818-1130661983.jpg\" \/>\n\t<meta property=\"og:image:width\" content=\"558\" \/>\n\t<meta property=\"og:image:height\" content=\"547\" \/>\n\t<meta property=\"og:image:type\" content=\"image\/jpeg\" \/>\n<meta name=\"twitter:card\" content=\"summary_large_image\" \/>\n<script type=\"application\/ld+json\" class=\"yoast-schema-graph\">{\"@context\":\"https:\/\/schema.org\",\"@graph\":[{\"@type\":\"WebPage\",\"@id\":\"https:\/\/vinilozona.lt\/parduotuve\/rock-pop\/yazoo-%e2%80%8e-upstairs-at-erics-you-and-me-both-2-lp\/\",\"url\":\"https:\/\/vinilozona.lt\/parduotuve\/rock-pop\/yazoo-%e2%80%8e-upstairs-at-erics-you-and-me-both-2-lp\/\",\"name\":\"Yazoo \u200e\u2013 Upstairs At Eric's \/ You And Me Both 2 LP Vinilin\u0117 Plok\u0161tel\u0117 | Vinilozona.lt\",\"isPartOf\":{\"@id\":\"https:\/\/vinilozona.lt\/#website\"},\"primaryImageOfPage\":{\"@id\":\"https:\/\/vinilozona.lt\/parduotuve\/rock-pop\/yazoo-%e2%80%8e-upstairs-at-erics-you-and-me-both-2-lp\/#primaryimage\"},\"image\":{\"@id\":\"https:\/\/vinilozona.lt\/parduotuve\/rock-pop\/yazoo-%e2%80%8e-upstairs-at-erics-you-and-me-both-2-lp\/#primaryimage\"},\"thumbnailUrl\":\"https:\/\/vinilozona.lt\/wp-content\/uploads\/2022\/03\/R-115818-1130661983.jpg\",\"datePublished\":\"2022-03-17T08:25:03+00:00\",\"dateModified\":\"2022-04-12T09:19:36+00:00\",\"breadcrumb\":{\"@id\":\"https:\/\/vinilozona.lt\/parduotuve\/rock-pop\/yazoo-%e2%80%8e-upstairs-at-erics-you-and-me-both-2-lp\/#breadcrumb\"},\"inLanguage\":\"en-GB\",\"potentialAction\":[{\"@type\":\"ReadAction\",\"target\":[\"https:\/\/vinilozona.lt\/parduotuve\/rock-pop\/yazoo-%e2%80%8e-upstairs-at-erics-you-and-me-both-2-lp\/\"]}]},{\"@type\":\"ImageObject\",\"inLanguage\":\"en-GB\",\"@id\":\"https:\/\/vinilozona.lt\/parduotuve\/rock-pop\/yazoo-%e2%80%8e-upstairs-at-erics-you-and-me-both-2-lp\/#primaryimage\",\"url\":\"https:\/\/vinilozona.lt\/wp-content\/uploads\/2022\/03\/R-115818-1130661983.jpg\",\"contentUrl\":\"https:\/\/vinilozona.lt\/wp-content\/uploads\/2022\/03\/R-115818-1130661983.jpg\",\"width\":558,\"height\":547},{\"@type\":\"BreadcrumbList\",\"@id\":\"https:\/\/vinilozona.lt\/parduotuve\/rock-pop\/yazoo-%e2%80%8e-upstairs-at-erics-you-and-me-both-2-lp\/#breadcrumb\",\"itemListElement\":[{\"@type\":\"ListItem\",\"position\":1,\"name\":\"Home\",\"item\":\"https:\/\/vinilozona.lt\/\"},{\"@type\":\"ListItem\",\"position\":2,\"name\":\"Parduotuv\u0117\",\"item\":\"https:\/\/vinilozona.lt\/parduotuve\/\"},{\"@type\":\"ListItem\",\"position\":3,\"name\":\"Yazoo \u200e\u2013 Upstairs At Eric&#8217;s \/ You And Me Both 2 LP\"}]},{\"@type\":\"WebSite\",\"@id\":\"https:\/\/vinilozona.lt\/#website\",\"url\":\"https:\/\/vinilozona.lt\/\",\"name\":\"Vinilo Zona\",\"description\":\"Nup\u016bsk dulkes ir klausyk LP\",\"potentialAction\":[{\"@type\":\"SearchAction\",\"target\":{\"@type\":\"EntryPoint\",\"urlTemplate\":\"https:\/\/vinilozona.lt\/?s={search_term_string}\"},\"query-input\":{\"@type\":\"PropertyValueSpecification\",\"valueRequired\":true,\"valueName\":\"search_term_string\"}}],\"inLanguage\":\"en-GB\"}]}<\/script>\n<!-- \/ Yoast SEO plugin. -->","yoast_head_json":{"title":"Yazoo \u200e\u2013 Upstairs At Eric's \/ You And Me Both 2 LP Vinilin\u0117 Plok\u0161tel\u0117 | Vinilozona.lt","robots":{"index":"index","follow":"follow","max-snippet":"max-snippet:-1","max-image-preview":"max-image-preview:large","max-video-preview":"max-video-preview:-1"},"canonical":"https:\/\/vinilozona.lt\/en\/parduotuve\/rock-pop\/yazoo-\u200e-upstairs-at-erics-you-and-me-both-2-lp\/","og_locale":"en_GB","og_type":"article","og_title":"Yazoo \u200e\u2013 Upstairs At Eric's \/ You And Me Both 2 LP Vinilin\u0117 Plok\u0161tel\u0117 | Vinilozona.lt","og_description":"Mute \u2013 INT 156.800 Format:  Vinyl, LP, Album, Reissue Vinyl, LP, Album, Reissue All Media, Compilation, Gatefold Country: Germany Released: 1986","og_url":"https:\/\/vinilozona.lt\/en\/parduotuve\/rock-pop\/yazoo-\u200e-upstairs-at-erics-you-and-me-both-2-lp\/","og_site_name":"Vinilo Zona","article_modified_time":"2022-04-12T09:19:36+00:00","og_image":[{"width":558,"height":547,"url":"https:\/\/vinilozona.lt\/wp-content\/uploads\/2022\/03\/R-115818-1130661983.jpg","type":"image\/jpeg"}],"twitter_card":"summary_large_image","schema":{"@context":"https:\/\/schema.org","@graph":[{"@type":"WebPage","@id":"https:\/\/vinilozona.lt\/parduotuve\/rock-pop\/yazoo-%e2%80%8e-upstairs-at-erics-you-and-me-both-2-lp\/","url":"https:\/\/vinilozona.lt\/parduotuve\/rock-pop\/yazoo-%e2%80%8e-upstairs-at-erics-you-and-me-both-2-lp\/","name":"Yazoo \u200e\u2013 Upstairs At Eric's \/ You And Me Both 2 LP Vinilin\u0117 Plok\u0161tel\u0117 | Vinilozona.lt","isPartOf":{"@id":"https:\/\/vinilozona.lt\/#website"},"primaryImageOfPage":{"@id":"https:\/\/vinilozona.lt\/parduotuve\/rock-pop\/yazoo-%e2%80%8e-upstairs-at-erics-you-and-me-both-2-lp\/#primaryimage"},"image":{"@id":"https:\/\/vinilozona.lt\/parduotuve\/rock-pop\/yazoo-%e2%80%8e-upstairs-at-erics-you-and-me-both-2-lp\/#primaryimage"},"thumbnailUrl":"https:\/\/vinilozona.lt\/wp-content\/uploads\/2022\/03\/R-115818-1130661983.jpg","datePublished":"2022-03-17T08:25:03+00:00","dateModified":"2022-04-12T09:19:36+00:00","breadcrumb":{"@id":"https:\/\/vinilozona.lt\/parduotuve\/rock-pop\/yazoo-%e2%80%8e-upstairs-at-erics-you-and-me-both-2-lp\/#breadcrumb"},"inLanguage":"en-GB","potentialAction":[{"@type":"ReadAction","target":["https:\/\/vinilozona.lt\/parduotuve\/rock-pop\/yazoo-%e2%80%8e-upstairs-at-erics-you-and-me-both-2-lp\/"]}]},{"@type":"ImageObject","inLanguage":"en-GB","@id":"https:\/\/vinilozona.lt\/parduotuve\/rock-pop\/yazoo-%e2%80%8e-upstairs-at-erics-you-and-me-both-2-lp\/#primaryimage","url":"https:\/\/vinilozona.lt\/wp-content\/uploads\/2022\/03\/R-115818-1130661983.jpg","contentUrl":"https:\/\/vinilozona.lt\/wp-content\/uploads\/2022\/03\/R-115818-1130661983.jpg","width":558,"height":547},{"@type":"BreadcrumbList","@id":"https:\/\/vinilozona.lt\/parduotuve\/rock-pop\/yazoo-%e2%80%8e-upstairs-at-erics-you-and-me-both-2-lp\/#breadcrumb","itemListElement":[{"@type":"ListItem","position":1,"name":"Home","item":"https:\/\/vinilozona.lt\/"},{"@type":"ListItem","position":2,"name":"Parduotuv\u0117","item":"https:\/\/vinilozona.lt\/parduotuve\/"},{"@type":"ListItem","position":3,"name":"Yazoo \u200e\u2013 Upstairs At Eric&#8217;s \/ You And Me Both 2 LP"}]},{"@type":"WebSite","@id":"https:\/\/vinilozona.lt\/#website","url":"https:\/\/vinilozona.lt\/","name":"Vinilo Zona","description":"Nup\u016bsk dulkes ir klausyk LP","potentialAction":[{"@type":"SearchAction","target":{"@type":"EntryPoint","urlTemplate":"https:\/\/vinilozona.lt\/?s={search_term_string}"},"query-input":{"@type":"PropertyValueSpecification","valueRequired":true,"valueName":"search_term_string"}}],"inLanguage":"en-GB"}]}},"_links":{"self":[{"href":"https:\/\/vinilozona.lt\/en\/wp-json\/wp\/v2\/product\/18624"}],"collection":[{"href":"https:\/\/vinilozona.lt\/en\/wp-json\/wp\/v2\/product"}],"about":[{"href":"https:\/\/vinilozona.lt\/en\/wp-json\/wp\/v2\/types\/product"}],"wp:featuredmedia":[{"embeddable":true,"href":"https:\/\/vinilozona.lt\/en\/wp-json\/wp\/v2\/media\/18625"}],"wp:attachment":[{"href":"https:\/\/vinilozona.lt\/en\/wp-json\/wp\/v2\/media?parent=18624"}],"wp:term":[{"taxonomy":"product_cat","embeddable":true,"href":"https:\/\/vinilozona.lt\/en\/wp-json\/wp\/v2\/product_cat?post=18624"},{"taxonomy":"product_tag","embeddable":true,"href":"https:\/\/vinilozona.lt\/en\/wp-json\/wp\/v2\/product_tag?post=18624"}],"curies":[{"name":"wp","href":"https:\/\/api.w.org\/{rel}","templated":true}]}}