{"id":18606,"date":"2022-03-14T18:41:23","date_gmt":"2022-03-14T16:41:23","guid":{"rendered":"https:\/\/vinilozona.lt\/?post_type=product&#038;p=18606"},"modified":"2025-09-09T13:14:44","modified_gmt":"2025-09-09T10:14:44","slug":"madonna-im-breathless-music-from-and-inspired-by-the-film-dick-tracy","status":"publish","type":"product","link":"https:\/\/vinilozona.lt\/en\/parduotuve\/rock-pop\/madonna-im-breathless-music-from-and-inspired-by-the-film-dick-tracy\/","title":{"rendered":"Madonna \u2013 I&#8217;m Breathless (Music From And Inspired By The Film Dick Tracy)"},"content":{"rendered":"<p>He&#8217;s A Man \t4:42<br \/>\nSooner Or Later \t3:18<br \/>\nHanky Panky \t3:57<br \/>\nI&#8217;m Going Bananas \t1:41<br \/>\nCry Baby \t4:04<br \/>\nSomething To Remember \t5:03<br \/>\nBack In Business \t5:10<br \/>\nMore \t4:56<br \/>\nWhat Can You Lose \t2:08<br \/>\nNow I&#8217;m Following You (Part I) \t1:35<br \/>\nNow I&#8217;m Following You (Part II) \t3:18<br \/>\nVogue \t4:50<\/p>","protected":false},"excerpt":{"rendered":"<p>Sire \u2013 7599-26209-2, Warner Bros. Records \u2013 7599-26209-2<br \/>\nFormat:<br \/>\nCD, Album<br \/>\nCountry:\tEurope<br \/>\nReleased:\t1990<\/p>","protected":false},"featured_media":18607,"template":"","meta":[],"product_cat":[15],"product_tag":[44],"yoast_head":"<!-- This site is optimized with the Yoast SEO plugin v23.5 - https:\/\/yoast.com\/wordpress\/plugins\/seo\/ -->\n<title>Madonna \u2013 I&#039;m Breathless (Music From And Inspired By The Film Dick Tracy) Vinilin\u0117 Plok\u0161tel\u0117 | Vinilozona.lt<\/title>\n<meta name=\"robots\" content=\"index, follow, max-snippet:-1, max-image-preview:large, max-video-preview:-1\" \/>\n<link rel=\"canonical\" href=\"https:\/\/vinilozona.lt\/en\/parduotuve\/rock-pop\/madonna-im-breathless-music-from-and-inspired-by-the-film-dick-tracy\/\" \/>\n<meta property=\"og:locale\" content=\"en_GB\" \/>\n<meta property=\"og:type\" content=\"article\" \/>\n<meta property=\"og:title\" content=\"Madonna \u2013 I&#039;m Breathless (Music From And Inspired By The Film Dick Tracy) Vinilin\u0117 Plok\u0161tel\u0117 | Vinilozona.lt\" \/>\n<meta property=\"og:description\" content=\"Sire \u2013 7599-26209-2, Warner Bros. Records \u2013 7599-26209-2 Format:  CD, Album Country: Europe Released: 1990\" \/>\n<meta property=\"og:url\" content=\"https:\/\/vinilozona.lt\/en\/parduotuve\/rock-pop\/madonna-im-breathless-music-from-and-inspired-by-the-film-dick-tracy\/\" \/>\n<meta property=\"og:site_name\" content=\"Vinilo Zona\" \/>\n<meta property=\"article:modified_time\" content=\"2025-09-09T10:14:44+00:00\" \/>\n<meta property=\"og:image\" content=\"https:\/\/vinilozona.lt\/wp-content\/uploads\/2022\/03\/R-292244-1607187200-5951.jpg\" \/>\n\t<meta property=\"og:image:width\" content=\"596\" \/>\n\t<meta property=\"og:image:height\" content=\"600\" \/>\n\t<meta property=\"og:image:type\" content=\"image\/jpeg\" \/>\n<meta name=\"twitter:card\" content=\"summary_large_image\" \/>\n<script type=\"application\/ld+json\" class=\"yoast-schema-graph\">{\"@context\":\"https:\/\/schema.org\",\"@graph\":[{\"@type\":\"WebPage\",\"@id\":\"https:\/\/vinilozona.lt\/parduotuve\/rock-pop\/madonna-im-breathless-music-from-and-inspired-by-the-film-dick-tracy\/\",\"url\":\"https:\/\/vinilozona.lt\/parduotuve\/rock-pop\/madonna-im-breathless-music-from-and-inspired-by-the-film-dick-tracy\/\",\"name\":\"Madonna \u2013 I'm Breathless (Music From And Inspired By The Film Dick Tracy) Vinilin\u0117 Plok\u0161tel\u0117 | Vinilozona.lt\",\"isPartOf\":{\"@id\":\"https:\/\/vinilozona.lt\/#website\"},\"primaryImageOfPage\":{\"@id\":\"https:\/\/vinilozona.lt\/parduotuve\/rock-pop\/madonna-im-breathless-music-from-and-inspired-by-the-film-dick-tracy\/#primaryimage\"},\"image\":{\"@id\":\"https:\/\/vinilozona.lt\/parduotuve\/rock-pop\/madonna-im-breathless-music-from-and-inspired-by-the-film-dick-tracy\/#primaryimage\"},\"thumbnailUrl\":\"https:\/\/vinilozona.lt\/wp-content\/uploads\/2022\/03\/R-292244-1607187200-5951.jpg\",\"datePublished\":\"2022-03-14T16:41:23+00:00\",\"dateModified\":\"2025-09-09T10:14:44+00:00\",\"breadcrumb\":{\"@id\":\"https:\/\/vinilozona.lt\/parduotuve\/rock-pop\/madonna-im-breathless-music-from-and-inspired-by-the-film-dick-tracy\/#breadcrumb\"},\"inLanguage\":\"en-GB\",\"potentialAction\":[{\"@type\":\"ReadAction\",\"target\":[\"https:\/\/vinilozona.lt\/parduotuve\/rock-pop\/madonna-im-breathless-music-from-and-inspired-by-the-film-dick-tracy\/\"]}]},{\"@type\":\"ImageObject\",\"inLanguage\":\"en-GB\",\"@id\":\"https:\/\/vinilozona.lt\/parduotuve\/rock-pop\/madonna-im-breathless-music-from-and-inspired-by-the-film-dick-tracy\/#primaryimage\",\"url\":\"https:\/\/vinilozona.lt\/wp-content\/uploads\/2022\/03\/R-292244-1607187200-5951.jpg\",\"contentUrl\":\"https:\/\/vinilozona.lt\/wp-content\/uploads\/2022\/03\/R-292244-1607187200-5951.jpg\",\"width\":596,\"height\":600},{\"@type\":\"BreadcrumbList\",\"@id\":\"https:\/\/vinilozona.lt\/parduotuve\/rock-pop\/madonna-im-breathless-music-from-and-inspired-by-the-film-dick-tracy\/#breadcrumb\",\"itemListElement\":[{\"@type\":\"ListItem\",\"position\":1,\"name\":\"Home\",\"item\":\"https:\/\/vinilozona.lt\/\"},{\"@type\":\"ListItem\",\"position\":2,\"name\":\"Parduotuv\u0117\",\"item\":\"https:\/\/vinilozona.lt\/parduotuve\/\"},{\"@type\":\"ListItem\",\"position\":3,\"name\":\"Madonna \u2013 I&#8217;m Breathless (Music From And Inspired By The Film Dick Tracy)\"}]},{\"@type\":\"WebSite\",\"@id\":\"https:\/\/vinilozona.lt\/#website\",\"url\":\"https:\/\/vinilozona.lt\/\",\"name\":\"Vinilo Zona\",\"description\":\"Nup\u016bsk dulkes ir klausyk LP\",\"potentialAction\":[{\"@type\":\"SearchAction\",\"target\":{\"@type\":\"EntryPoint\",\"urlTemplate\":\"https:\/\/vinilozona.lt\/?s={search_term_string}\"},\"query-input\":{\"@type\":\"PropertyValueSpecification\",\"valueRequired\":true,\"valueName\":\"search_term_string\"}}],\"inLanguage\":\"en-GB\"}]}<\/script>\n<!-- \/ Yoast SEO plugin. -->","yoast_head_json":{"title":"Madonna \u2013 I'm Breathless (Music From And Inspired By The Film Dick Tracy) Vinilin\u0117 Plok\u0161tel\u0117 | Vinilozona.lt","robots":{"index":"index","follow":"follow","max-snippet":"max-snippet:-1","max-image-preview":"max-image-preview:large","max-video-preview":"max-video-preview:-1"},"canonical":"https:\/\/vinilozona.lt\/en\/parduotuve\/rock-pop\/madonna-im-breathless-music-from-and-inspired-by-the-film-dick-tracy\/","og_locale":"en_GB","og_type":"article","og_title":"Madonna \u2013 I'm Breathless (Music From And Inspired By The Film Dick Tracy) Vinilin\u0117 Plok\u0161tel\u0117 | Vinilozona.lt","og_description":"Sire \u2013 7599-26209-2, Warner Bros. Records \u2013 7599-26209-2 Format:  CD, Album Country: Europe Released: 1990","og_url":"https:\/\/vinilozona.lt\/en\/parduotuve\/rock-pop\/madonna-im-breathless-music-from-and-inspired-by-the-film-dick-tracy\/","og_site_name":"Vinilo Zona","article_modified_time":"2025-09-09T10:14:44+00:00","og_image":[{"width":596,"height":600,"url":"https:\/\/vinilozona.lt\/wp-content\/uploads\/2022\/03\/R-292244-1607187200-5951.jpg","type":"image\/jpeg"}],"twitter_card":"summary_large_image","schema":{"@context":"https:\/\/schema.org","@graph":[{"@type":"WebPage","@id":"https:\/\/vinilozona.lt\/parduotuve\/rock-pop\/madonna-im-breathless-music-from-and-inspired-by-the-film-dick-tracy\/","url":"https:\/\/vinilozona.lt\/parduotuve\/rock-pop\/madonna-im-breathless-music-from-and-inspired-by-the-film-dick-tracy\/","name":"Madonna \u2013 I'm Breathless (Music From And Inspired By The Film Dick Tracy) Vinilin\u0117 Plok\u0161tel\u0117 | Vinilozona.lt","isPartOf":{"@id":"https:\/\/vinilozona.lt\/#website"},"primaryImageOfPage":{"@id":"https:\/\/vinilozona.lt\/parduotuve\/rock-pop\/madonna-im-breathless-music-from-and-inspired-by-the-film-dick-tracy\/#primaryimage"},"image":{"@id":"https:\/\/vinilozona.lt\/parduotuve\/rock-pop\/madonna-im-breathless-music-from-and-inspired-by-the-film-dick-tracy\/#primaryimage"},"thumbnailUrl":"https:\/\/vinilozona.lt\/wp-content\/uploads\/2022\/03\/R-292244-1607187200-5951.jpg","datePublished":"2022-03-14T16:41:23+00:00","dateModified":"2025-09-09T10:14:44+00:00","breadcrumb":{"@id":"https:\/\/vinilozona.lt\/parduotuve\/rock-pop\/madonna-im-breathless-music-from-and-inspired-by-the-film-dick-tracy\/#breadcrumb"},"inLanguage":"en-GB","potentialAction":[{"@type":"ReadAction","target":["https:\/\/vinilozona.lt\/parduotuve\/rock-pop\/madonna-im-breathless-music-from-and-inspired-by-the-film-dick-tracy\/"]}]},{"@type":"ImageObject","inLanguage":"en-GB","@id":"https:\/\/vinilozona.lt\/parduotuve\/rock-pop\/madonna-im-breathless-music-from-and-inspired-by-the-film-dick-tracy\/#primaryimage","url":"https:\/\/vinilozona.lt\/wp-content\/uploads\/2022\/03\/R-292244-1607187200-5951.jpg","contentUrl":"https:\/\/vinilozona.lt\/wp-content\/uploads\/2022\/03\/R-292244-1607187200-5951.jpg","width":596,"height":600},{"@type":"BreadcrumbList","@id":"https:\/\/vinilozona.lt\/parduotuve\/rock-pop\/madonna-im-breathless-music-from-and-inspired-by-the-film-dick-tracy\/#breadcrumb","itemListElement":[{"@type":"ListItem","position":1,"name":"Home","item":"https:\/\/vinilozona.lt\/"},{"@type":"ListItem","position":2,"name":"Parduotuv\u0117","item":"https:\/\/vinilozona.lt\/parduotuve\/"},{"@type":"ListItem","position":3,"name":"Madonna \u2013 I&#8217;m Breathless (Music From And Inspired By The Film Dick Tracy)"}]},{"@type":"WebSite","@id":"https:\/\/vinilozona.lt\/#website","url":"https:\/\/vinilozona.lt\/","name":"Vinilo Zona","description":"Nup\u016bsk dulkes ir klausyk LP","potentialAction":[{"@type":"SearchAction","target":{"@type":"EntryPoint","urlTemplate":"https:\/\/vinilozona.lt\/?s={search_term_string}"},"query-input":{"@type":"PropertyValueSpecification","valueRequired":true,"valueName":"search_term_string"}}],"inLanguage":"en-GB"}]}},"_links":{"self":[{"href":"https:\/\/vinilozona.lt\/en\/wp-json\/wp\/v2\/product\/18606"}],"collection":[{"href":"https:\/\/vinilozona.lt\/en\/wp-json\/wp\/v2\/product"}],"about":[{"href":"https:\/\/vinilozona.lt\/en\/wp-json\/wp\/v2\/types\/product"}],"wp:featuredmedia":[{"embeddable":true,"href":"https:\/\/vinilozona.lt\/en\/wp-json\/wp\/v2\/media\/18607"}],"wp:attachment":[{"href":"https:\/\/vinilozona.lt\/en\/wp-json\/wp\/v2\/media?parent=18606"}],"wp:term":[{"taxonomy":"product_cat","embeddable":true,"href":"https:\/\/vinilozona.lt\/en\/wp-json\/wp\/v2\/product_cat?post=18606"},{"taxonomy":"product_tag","embeddable":true,"href":"https:\/\/vinilozona.lt\/en\/wp-json\/wp\/v2\/product_tag?post=18606"}],"curies":[{"name":"wp","href":"https:\/\/api.w.org\/{rel}","templated":true}]}}