{"id":18588,"date":"2025-10-02T05:04:25","date_gmt":"2025-10-02T02:04:25","guid":{"rendered":"https:\/\/vinilozona.lt\/?post_type=product&#038;p=18588"},"modified":"2025-10-02T20:29:13","modified_gmt":"2025-10-02T17:29:13","slug":"a-ha-headlines-and-deadlines-the-hits-of-a-ha","status":"publish","type":"product","link":"https:\/\/vinilozona.lt\/en\/parduotuve\/naujos-lp\/a-ha-headlines-and-deadlines-the-hits-of-a-ha\/","title":{"rendered":"a-ha \u2013 Headlines And Deadlines &#8211; The Hits Of A-Ha"},"content":{"rendered":"<p>A1\t\tTake On Me\t3:46<br \/>\nA2\t\tCry Wolf\t4:05<br \/>\nA3\t\tTouchy\t4:31<br \/>\nA4\t\tYou Are The One (Remix) 3:45<br \/>\nA5\t\tManhattan Skyline\t4:52<br \/>\nA6\t\tThe Blood That Moves The Body\t4:05<br \/>\nA7\t\tHunting High And Low (Remix)  3:47<br \/>\nB1\t\tMove To Memphis\t4:15<br \/>\nB2\t\tI&#8217;ve Been Losing You\t4:24<br \/>\nB3\t\tThe Living Daylights 4:15<br \/>\nB4\t\tCrying In The Rain 4:25<br \/>\nB5\t\tI Call Your Name  4:51<br \/>\nB6\t\tStay On These Roads\t4:44<br \/>\nB7\t\tThe Sun Always Shines On TV\t5:06<\/p>","protected":false},"excerpt":{"rendered":"<p>Warner Bros. Records \u2013 0603497860173, Warner Bros. Records \u2013 R1-567323<br \/>\nFormat:<br \/>\nVinyl, LP, Compilation, Reissue<br \/>\nCountry:\tEurope<br \/>\nReleased:\tJun 8, 2018<\/p>","protected":false},"featured_media":18589,"template":"","meta":[],"product_cat":[23],"product_tag":[74],"yoast_head":"<!-- This site is optimized with the Yoast SEO plugin v23.5 - https:\/\/yoast.com\/wordpress\/plugins\/seo\/ -->\n<title>a-ha \u2013 Headlines And Deadlines - The Hits Of A-Ha Vinilin\u0117 Plok\u0161tel\u0117 | Vinilozona.lt<\/title>\n<meta name=\"robots\" content=\"index, follow, max-snippet:-1, max-image-preview:large, max-video-preview:-1\" \/>\n<link rel=\"canonical\" href=\"https:\/\/vinilozona.lt\/en\/parduotuve\/naujos-lp\/a-ha-headlines-and-deadlines-the-hits-of-a-ha\/\" \/>\n<meta property=\"og:locale\" content=\"en_GB\" \/>\n<meta property=\"og:type\" content=\"article\" \/>\n<meta property=\"og:title\" content=\"a-ha \u2013 Headlines And Deadlines - The Hits Of A-Ha Vinilin\u0117 Plok\u0161tel\u0117 | Vinilozona.lt\" \/>\n<meta property=\"og:description\" content=\"Warner Bros. Records \u2013 0603497860173, Warner Bros. Records \u2013 R1-567323 Format:  Vinyl, LP, Compilation, Reissue Country: Europe Released: Jun 8, 2018\" \/>\n<meta property=\"og:url\" content=\"https:\/\/vinilozona.lt\/en\/parduotuve\/naujos-lp\/a-ha-headlines-and-deadlines-the-hits-of-a-ha\/\" \/>\n<meta property=\"og:site_name\" content=\"Vinilo Zona\" \/>\n<meta property=\"article:modified_time\" content=\"2025-10-02T17:29:13+00:00\" \/>\n<meta property=\"og:image\" content=\"https:\/\/vinilozona.lt\/wp-content\/uploads\/2022\/03\/R-12120512-1613133721-1963.jpg\" \/>\n\t<meta property=\"og:image:width\" content=\"599\" \/>\n\t<meta property=\"og:image:height\" content=\"592\" \/>\n\t<meta property=\"og:image:type\" content=\"image\/jpeg\" \/>\n<meta name=\"twitter:card\" content=\"summary_large_image\" \/>\n<script type=\"application\/ld+json\" class=\"yoast-schema-graph\">{\"@context\":\"https:\/\/schema.org\",\"@graph\":[{\"@type\":\"WebPage\",\"@id\":\"https:\/\/vinilozona.lt\/parduotuve\/naujos-lp\/a-ha-headlines-and-deadlines-the-hits-of-a-ha\/\",\"url\":\"https:\/\/vinilozona.lt\/parduotuve\/naujos-lp\/a-ha-headlines-and-deadlines-the-hits-of-a-ha\/\",\"name\":\"a-ha \u2013 Headlines And Deadlines - The Hits Of A-Ha Vinilin\u0117 Plok\u0161tel\u0117 | Vinilozona.lt\",\"isPartOf\":{\"@id\":\"https:\/\/vinilozona.lt\/#website\"},\"primaryImageOfPage\":{\"@id\":\"https:\/\/vinilozona.lt\/parduotuve\/naujos-lp\/a-ha-headlines-and-deadlines-the-hits-of-a-ha\/#primaryimage\"},\"image\":{\"@id\":\"https:\/\/vinilozona.lt\/parduotuve\/naujos-lp\/a-ha-headlines-and-deadlines-the-hits-of-a-ha\/#primaryimage\"},\"thumbnailUrl\":\"https:\/\/vinilozona.lt\/wp-content\/uploads\/2022\/03\/R-12120512-1613133721-1963.jpg\",\"datePublished\":\"2025-10-02T02:04:25+00:00\",\"dateModified\":\"2025-10-02T17:29:13+00:00\",\"breadcrumb\":{\"@id\":\"https:\/\/vinilozona.lt\/parduotuve\/naujos-lp\/a-ha-headlines-and-deadlines-the-hits-of-a-ha\/#breadcrumb\"},\"inLanguage\":\"en-GB\",\"potentialAction\":[{\"@type\":\"ReadAction\",\"target\":[\"https:\/\/vinilozona.lt\/parduotuve\/naujos-lp\/a-ha-headlines-and-deadlines-the-hits-of-a-ha\/\"]}]},{\"@type\":\"ImageObject\",\"inLanguage\":\"en-GB\",\"@id\":\"https:\/\/vinilozona.lt\/parduotuve\/naujos-lp\/a-ha-headlines-and-deadlines-the-hits-of-a-ha\/#primaryimage\",\"url\":\"https:\/\/vinilozona.lt\/wp-content\/uploads\/2022\/03\/R-12120512-1613133721-1963.jpg\",\"contentUrl\":\"https:\/\/vinilozona.lt\/wp-content\/uploads\/2022\/03\/R-12120512-1613133721-1963.jpg\",\"width\":599,\"height\":592},{\"@type\":\"BreadcrumbList\",\"@id\":\"https:\/\/vinilozona.lt\/parduotuve\/naujos-lp\/a-ha-headlines-and-deadlines-the-hits-of-a-ha\/#breadcrumb\",\"itemListElement\":[{\"@type\":\"ListItem\",\"position\":1,\"name\":\"Home\",\"item\":\"https:\/\/vinilozona.lt\/\"},{\"@type\":\"ListItem\",\"position\":2,\"name\":\"Parduotuv\u0117\",\"item\":\"https:\/\/vinilozona.lt\/parduotuve\/\"},{\"@type\":\"ListItem\",\"position\":3,\"name\":\"a-ha \u2013 Headlines And Deadlines &#8211; The Hits Of A-Ha\"}]},{\"@type\":\"WebSite\",\"@id\":\"https:\/\/vinilozona.lt\/#website\",\"url\":\"https:\/\/vinilozona.lt\/\",\"name\":\"Vinilo Zona\",\"description\":\"Nup\u016bsk dulkes ir klausyk LP\",\"potentialAction\":[{\"@type\":\"SearchAction\",\"target\":{\"@type\":\"EntryPoint\",\"urlTemplate\":\"https:\/\/vinilozona.lt\/?s={search_term_string}\"},\"query-input\":{\"@type\":\"PropertyValueSpecification\",\"valueRequired\":true,\"valueName\":\"search_term_string\"}}],\"inLanguage\":\"en-GB\"}]}<\/script>\n<!-- \/ Yoast SEO plugin. -->","yoast_head_json":{"title":"a-ha \u2013 Headlines And Deadlines - The Hits Of A-Ha Vinilin\u0117 Plok\u0161tel\u0117 | Vinilozona.lt","robots":{"index":"index","follow":"follow","max-snippet":"max-snippet:-1","max-image-preview":"max-image-preview:large","max-video-preview":"max-video-preview:-1"},"canonical":"https:\/\/vinilozona.lt\/en\/parduotuve\/naujos-lp\/a-ha-headlines-and-deadlines-the-hits-of-a-ha\/","og_locale":"en_GB","og_type":"article","og_title":"a-ha \u2013 Headlines And Deadlines - The Hits Of A-Ha Vinilin\u0117 Plok\u0161tel\u0117 | Vinilozona.lt","og_description":"Warner Bros. Records \u2013 0603497860173, Warner Bros. Records \u2013 R1-567323 Format:  Vinyl, LP, Compilation, Reissue Country: Europe Released: Jun 8, 2018","og_url":"https:\/\/vinilozona.lt\/en\/parduotuve\/naujos-lp\/a-ha-headlines-and-deadlines-the-hits-of-a-ha\/","og_site_name":"Vinilo Zona","article_modified_time":"2025-10-02T17:29:13+00:00","og_image":[{"width":599,"height":592,"url":"https:\/\/vinilozona.lt\/wp-content\/uploads\/2022\/03\/R-12120512-1613133721-1963.jpg","type":"image\/jpeg"}],"twitter_card":"summary_large_image","schema":{"@context":"https:\/\/schema.org","@graph":[{"@type":"WebPage","@id":"https:\/\/vinilozona.lt\/parduotuve\/naujos-lp\/a-ha-headlines-and-deadlines-the-hits-of-a-ha\/","url":"https:\/\/vinilozona.lt\/parduotuve\/naujos-lp\/a-ha-headlines-and-deadlines-the-hits-of-a-ha\/","name":"a-ha \u2013 Headlines And Deadlines - The Hits Of A-Ha Vinilin\u0117 Plok\u0161tel\u0117 | Vinilozona.lt","isPartOf":{"@id":"https:\/\/vinilozona.lt\/#website"},"primaryImageOfPage":{"@id":"https:\/\/vinilozona.lt\/parduotuve\/naujos-lp\/a-ha-headlines-and-deadlines-the-hits-of-a-ha\/#primaryimage"},"image":{"@id":"https:\/\/vinilozona.lt\/parduotuve\/naujos-lp\/a-ha-headlines-and-deadlines-the-hits-of-a-ha\/#primaryimage"},"thumbnailUrl":"https:\/\/vinilozona.lt\/wp-content\/uploads\/2022\/03\/R-12120512-1613133721-1963.jpg","datePublished":"2025-10-02T02:04:25+00:00","dateModified":"2025-10-02T17:29:13+00:00","breadcrumb":{"@id":"https:\/\/vinilozona.lt\/parduotuve\/naujos-lp\/a-ha-headlines-and-deadlines-the-hits-of-a-ha\/#breadcrumb"},"inLanguage":"en-GB","potentialAction":[{"@type":"ReadAction","target":["https:\/\/vinilozona.lt\/parduotuve\/naujos-lp\/a-ha-headlines-and-deadlines-the-hits-of-a-ha\/"]}]},{"@type":"ImageObject","inLanguage":"en-GB","@id":"https:\/\/vinilozona.lt\/parduotuve\/naujos-lp\/a-ha-headlines-and-deadlines-the-hits-of-a-ha\/#primaryimage","url":"https:\/\/vinilozona.lt\/wp-content\/uploads\/2022\/03\/R-12120512-1613133721-1963.jpg","contentUrl":"https:\/\/vinilozona.lt\/wp-content\/uploads\/2022\/03\/R-12120512-1613133721-1963.jpg","width":599,"height":592},{"@type":"BreadcrumbList","@id":"https:\/\/vinilozona.lt\/parduotuve\/naujos-lp\/a-ha-headlines-and-deadlines-the-hits-of-a-ha\/#breadcrumb","itemListElement":[{"@type":"ListItem","position":1,"name":"Home","item":"https:\/\/vinilozona.lt\/"},{"@type":"ListItem","position":2,"name":"Parduotuv\u0117","item":"https:\/\/vinilozona.lt\/parduotuve\/"},{"@type":"ListItem","position":3,"name":"a-ha \u2013 Headlines And Deadlines &#8211; The Hits Of A-Ha"}]},{"@type":"WebSite","@id":"https:\/\/vinilozona.lt\/#website","url":"https:\/\/vinilozona.lt\/","name":"Vinilo Zona","description":"Nup\u016bsk dulkes ir klausyk LP","potentialAction":[{"@type":"SearchAction","target":{"@type":"EntryPoint","urlTemplate":"https:\/\/vinilozona.lt\/?s={search_term_string}"},"query-input":{"@type":"PropertyValueSpecification","valueRequired":true,"valueName":"search_term_string"}}],"inLanguage":"en-GB"}]}},"_links":{"self":[{"href":"https:\/\/vinilozona.lt\/en\/wp-json\/wp\/v2\/product\/18588"}],"collection":[{"href":"https:\/\/vinilozona.lt\/en\/wp-json\/wp\/v2\/product"}],"about":[{"href":"https:\/\/vinilozona.lt\/en\/wp-json\/wp\/v2\/types\/product"}],"wp:featuredmedia":[{"embeddable":true,"href":"https:\/\/vinilozona.lt\/en\/wp-json\/wp\/v2\/media\/18589"}],"wp:attachment":[{"href":"https:\/\/vinilozona.lt\/en\/wp-json\/wp\/v2\/media?parent=18588"}],"wp:term":[{"taxonomy":"product_cat","embeddable":true,"href":"https:\/\/vinilozona.lt\/en\/wp-json\/wp\/v2\/product_cat?post=18588"},{"taxonomy":"product_tag","embeddable":true,"href":"https:\/\/vinilozona.lt\/en\/wp-json\/wp\/v2\/product_tag?post=18588"}],"curies":[{"name":"wp","href":"https:\/\/api.w.org\/{rel}","templated":true}]}}