{"id":18582,"date":"2022-03-13T18:54:05","date_gmt":"2022-03-13T16:54:05","guid":{"rendered":"https:\/\/vinilozona.lt\/?post_type=product&#038;p=18582"},"modified":"2023-12-02T08:14:40","modified_gmt":"2023-12-02T06:14:40","slug":"transatlantic-smpte-2lpcd","status":"publish","type":"product","link":"https:\/\/vinilozona.lt\/en\/parduotuve\/naujos-lp\/transatlantic-smpte-2lpcd\/","title":{"rendered":"TransAtlantic \u2013 SMPTe 2LP+CD"},"content":{"rendered":"<p>All Of The Above Pt. 1<br \/>\nA1-I\t\tFull Moon Rising<br \/>\nA1-II\t\tOctober Winds<br \/>\nAll Of The Above Pt. 2<br \/>\nB1-III\t\tCamouflaged In Blue<br \/>\nB1-IV\t\tHalf Alive<br \/>\nB1-V\t\tUndying Love<br \/>\nB1-VI\t\tFull Moon Reprise<br \/>\nC1\t\tWe All Need Some Light<br \/>\nC2\t\tMy New World<br \/>\nD1\t\tMystery Train<br \/>\nD2\t\tIn Held (&#8216;Twas) In I<br \/>\nCD-1\t\tAll Of The Above\t30:59<br \/>\nCD-2\t\tWe All Need Some Light\t5:45<br \/>\nCD-3\t\tMy New World\t6:52<br \/>\nCD-4\t\tMystery Train\t16:16<br \/>\nCD-5\t\tIn Held (&#8216;Twas) In I\t17:21<\/p>","protected":false},"excerpt":{"rendered":"<p>Inside Out Music \u2013 IOMLP 581, Sony Music \u2013 19439849961<br \/>\n2 x Vinyl, LP, Album, Stereo, 180g<br \/>\nCD, Album<\/p>","protected":false},"featured_media":18583,"template":"","meta":[],"product_cat":[23],"product_tag":[55],"yoast_head":"<!-- This site is optimized with the Yoast SEO plugin v23.5 - https:\/\/yoast.com\/wordpress\/plugins\/seo\/ -->\n<title>TransAtlantic \u2013 SMPTe 2LP+CD Vinilin\u0117 Plok\u0161tel\u0117 | Vinilozona.lt<\/title>\n<meta name=\"robots\" content=\"index, follow, max-snippet:-1, max-image-preview:large, max-video-preview:-1\" \/>\n<link rel=\"canonical\" href=\"https:\/\/vinilozona.lt\/en\/parduotuve\/naujos-lp\/transatlantic-smpte-2lpcd\/\" \/>\n<meta property=\"og:locale\" content=\"en_GB\" \/>\n<meta property=\"og:type\" content=\"article\" \/>\n<meta property=\"og:title\" content=\"TransAtlantic \u2013 SMPTe 2LP+CD Vinilin\u0117 Plok\u0161tel\u0117 | Vinilozona.lt\" \/>\n<meta property=\"og:description\" content=\"Inside Out Music \u2013 IOMLP 581, Sony Music \u2013 19439849961 2 x Vinyl, LP, Album, Stereo, 180g CD, Album\" \/>\n<meta property=\"og:url\" content=\"https:\/\/vinilozona.lt\/en\/parduotuve\/naujos-lp\/transatlantic-smpte-2lpcd\/\" \/>\n<meta property=\"og:site_name\" content=\"Vinilo Zona\" \/>\n<meta property=\"article:modified_time\" content=\"2023-12-02T06:14:40+00:00\" \/>\n<meta property=\"og:image\" content=\"https:\/\/vinilozona.lt\/wp-content\/uploads\/2022\/03\/R-439703-1454328659-2094.jpg\" \/>\n\t<meta property=\"og:image:width\" content=\"500\" \/>\n\t<meta property=\"og:image:height\" content=\"500\" \/>\n\t<meta property=\"og:image:type\" content=\"image\/jpeg\" \/>\n<meta name=\"twitter:card\" content=\"summary_large_image\" \/>\n<script type=\"application\/ld+json\" class=\"yoast-schema-graph\">{\"@context\":\"https:\/\/schema.org\",\"@graph\":[{\"@type\":\"WebPage\",\"@id\":\"https:\/\/vinilozona.lt\/parduotuve\/naujos-lp\/transatlantic-smpte-2lpcd\/\",\"url\":\"https:\/\/vinilozona.lt\/parduotuve\/naujos-lp\/transatlantic-smpte-2lpcd\/\",\"name\":\"TransAtlantic \u2013 SMPTe 2LP+CD Vinilin\u0117 Plok\u0161tel\u0117 | Vinilozona.lt\",\"isPartOf\":{\"@id\":\"https:\/\/vinilozona.lt\/#website\"},\"primaryImageOfPage\":{\"@id\":\"https:\/\/vinilozona.lt\/parduotuve\/naujos-lp\/transatlantic-smpte-2lpcd\/#primaryimage\"},\"image\":{\"@id\":\"https:\/\/vinilozona.lt\/parduotuve\/naujos-lp\/transatlantic-smpte-2lpcd\/#primaryimage\"},\"thumbnailUrl\":\"https:\/\/vinilozona.lt\/wp-content\/uploads\/2022\/03\/R-439703-1454328659-2094.jpg\",\"datePublished\":\"2022-03-13T16:54:05+00:00\",\"dateModified\":\"2023-12-02T06:14:40+00:00\",\"breadcrumb\":{\"@id\":\"https:\/\/vinilozona.lt\/parduotuve\/naujos-lp\/transatlantic-smpte-2lpcd\/#breadcrumb\"},\"inLanguage\":\"en-GB\",\"potentialAction\":[{\"@type\":\"ReadAction\",\"target\":[\"https:\/\/vinilozona.lt\/parduotuve\/naujos-lp\/transatlantic-smpte-2lpcd\/\"]}]},{\"@type\":\"ImageObject\",\"inLanguage\":\"en-GB\",\"@id\":\"https:\/\/vinilozona.lt\/parduotuve\/naujos-lp\/transatlantic-smpte-2lpcd\/#primaryimage\",\"url\":\"https:\/\/vinilozona.lt\/wp-content\/uploads\/2022\/03\/R-439703-1454328659-2094.jpg\",\"contentUrl\":\"https:\/\/vinilozona.lt\/wp-content\/uploads\/2022\/03\/R-439703-1454328659-2094.jpg\",\"width\":500,\"height\":500},{\"@type\":\"BreadcrumbList\",\"@id\":\"https:\/\/vinilozona.lt\/parduotuve\/naujos-lp\/transatlantic-smpte-2lpcd\/#breadcrumb\",\"itemListElement\":[{\"@type\":\"ListItem\",\"position\":1,\"name\":\"Home\",\"item\":\"https:\/\/vinilozona.lt\/\"},{\"@type\":\"ListItem\",\"position\":2,\"name\":\"Parduotuv\u0117\",\"item\":\"https:\/\/vinilozona.lt\/parduotuve\/\"},{\"@type\":\"ListItem\",\"position\":3,\"name\":\"TransAtlantic \u2013 SMPTe 2LP+CD\"}]},{\"@type\":\"WebSite\",\"@id\":\"https:\/\/vinilozona.lt\/#website\",\"url\":\"https:\/\/vinilozona.lt\/\",\"name\":\"Vinilo Zona\",\"description\":\"Nup\u016bsk dulkes ir klausyk LP\",\"potentialAction\":[{\"@type\":\"SearchAction\",\"target\":{\"@type\":\"EntryPoint\",\"urlTemplate\":\"https:\/\/vinilozona.lt\/?s={search_term_string}\"},\"query-input\":{\"@type\":\"PropertyValueSpecification\",\"valueRequired\":true,\"valueName\":\"search_term_string\"}}],\"inLanguage\":\"en-GB\"}]}<\/script>\n<!-- \/ Yoast SEO plugin. -->","yoast_head_json":{"title":"TransAtlantic \u2013 SMPTe 2LP+CD Vinilin\u0117 Plok\u0161tel\u0117 | Vinilozona.lt","robots":{"index":"index","follow":"follow","max-snippet":"max-snippet:-1","max-image-preview":"max-image-preview:large","max-video-preview":"max-video-preview:-1"},"canonical":"https:\/\/vinilozona.lt\/en\/parduotuve\/naujos-lp\/transatlantic-smpte-2lpcd\/","og_locale":"en_GB","og_type":"article","og_title":"TransAtlantic \u2013 SMPTe 2LP+CD Vinilin\u0117 Plok\u0161tel\u0117 | Vinilozona.lt","og_description":"Inside Out Music \u2013 IOMLP 581, Sony Music \u2013 19439849961 2 x Vinyl, LP, Album, Stereo, 180g CD, Album","og_url":"https:\/\/vinilozona.lt\/en\/parduotuve\/naujos-lp\/transatlantic-smpte-2lpcd\/","og_site_name":"Vinilo Zona","article_modified_time":"2023-12-02T06:14:40+00:00","og_image":[{"width":500,"height":500,"url":"https:\/\/vinilozona.lt\/wp-content\/uploads\/2022\/03\/R-439703-1454328659-2094.jpg","type":"image\/jpeg"}],"twitter_card":"summary_large_image","schema":{"@context":"https:\/\/schema.org","@graph":[{"@type":"WebPage","@id":"https:\/\/vinilozona.lt\/parduotuve\/naujos-lp\/transatlantic-smpte-2lpcd\/","url":"https:\/\/vinilozona.lt\/parduotuve\/naujos-lp\/transatlantic-smpte-2lpcd\/","name":"TransAtlantic \u2013 SMPTe 2LP+CD Vinilin\u0117 Plok\u0161tel\u0117 | Vinilozona.lt","isPartOf":{"@id":"https:\/\/vinilozona.lt\/#website"},"primaryImageOfPage":{"@id":"https:\/\/vinilozona.lt\/parduotuve\/naujos-lp\/transatlantic-smpte-2lpcd\/#primaryimage"},"image":{"@id":"https:\/\/vinilozona.lt\/parduotuve\/naujos-lp\/transatlantic-smpte-2lpcd\/#primaryimage"},"thumbnailUrl":"https:\/\/vinilozona.lt\/wp-content\/uploads\/2022\/03\/R-439703-1454328659-2094.jpg","datePublished":"2022-03-13T16:54:05+00:00","dateModified":"2023-12-02T06:14:40+00:00","breadcrumb":{"@id":"https:\/\/vinilozona.lt\/parduotuve\/naujos-lp\/transatlantic-smpte-2lpcd\/#breadcrumb"},"inLanguage":"en-GB","potentialAction":[{"@type":"ReadAction","target":["https:\/\/vinilozona.lt\/parduotuve\/naujos-lp\/transatlantic-smpte-2lpcd\/"]}]},{"@type":"ImageObject","inLanguage":"en-GB","@id":"https:\/\/vinilozona.lt\/parduotuve\/naujos-lp\/transatlantic-smpte-2lpcd\/#primaryimage","url":"https:\/\/vinilozona.lt\/wp-content\/uploads\/2022\/03\/R-439703-1454328659-2094.jpg","contentUrl":"https:\/\/vinilozona.lt\/wp-content\/uploads\/2022\/03\/R-439703-1454328659-2094.jpg","width":500,"height":500},{"@type":"BreadcrumbList","@id":"https:\/\/vinilozona.lt\/parduotuve\/naujos-lp\/transatlantic-smpte-2lpcd\/#breadcrumb","itemListElement":[{"@type":"ListItem","position":1,"name":"Home","item":"https:\/\/vinilozona.lt\/"},{"@type":"ListItem","position":2,"name":"Parduotuv\u0117","item":"https:\/\/vinilozona.lt\/parduotuve\/"},{"@type":"ListItem","position":3,"name":"TransAtlantic \u2013 SMPTe 2LP+CD"}]},{"@type":"WebSite","@id":"https:\/\/vinilozona.lt\/#website","url":"https:\/\/vinilozona.lt\/","name":"Vinilo Zona","description":"Nup\u016bsk dulkes ir klausyk LP","potentialAction":[{"@type":"SearchAction","target":{"@type":"EntryPoint","urlTemplate":"https:\/\/vinilozona.lt\/?s={search_term_string}"},"query-input":{"@type":"PropertyValueSpecification","valueRequired":true,"valueName":"search_term_string"}}],"inLanguage":"en-GB"}]}},"_links":{"self":[{"href":"https:\/\/vinilozona.lt\/en\/wp-json\/wp\/v2\/product\/18582"}],"collection":[{"href":"https:\/\/vinilozona.lt\/en\/wp-json\/wp\/v2\/product"}],"about":[{"href":"https:\/\/vinilozona.lt\/en\/wp-json\/wp\/v2\/types\/product"}],"wp:featuredmedia":[{"embeddable":true,"href":"https:\/\/vinilozona.lt\/en\/wp-json\/wp\/v2\/media\/18583"}],"wp:attachment":[{"href":"https:\/\/vinilozona.lt\/en\/wp-json\/wp\/v2\/media?parent=18582"}],"wp:term":[{"taxonomy":"product_cat","embeddable":true,"href":"https:\/\/vinilozona.lt\/en\/wp-json\/wp\/v2\/product_cat?post=18582"},{"taxonomy":"product_tag","embeddable":true,"href":"https:\/\/vinilozona.lt\/en\/wp-json\/wp\/v2\/product_tag?post=18582"}],"curies":[{"name":"wp","href":"https:\/\/api.w.org\/{rel}","templated":true}]}}