{"id":18554,"date":"2022-10-03T06:00:30","date_gmt":"2022-10-03T03:00:30","guid":{"rendered":"https:\/\/vinilozona.lt\/?post_type=product&#038;p=18554"},"modified":"2022-12-18T14:01:01","modified_gmt":"2022-12-18T12:01:01","slug":"amy-winehouse-at-the-bbc-3lp","status":"publish","type":"product","link":"https:\/\/vinilozona.lt\/en\/parduotuve\/naujos-lp\/amy-winehouse-at-the-bbc-3lp\/","title":{"rendered":"Amy Winehouse \u2013 At The BBC 3LP"},"content":{"rendered":"<p>A1\t\tStronger Than Me<br \/>\nA2\t\tTake The Box<br \/>\nA3\t\tTeach Me Tonight<br \/>\nA4\t\tRehab<br \/>\nA5\t\tTenderly<br \/>\nB1\t\tTears Dry On Their Own<br \/>\nB2\t\tMonkey Man<br \/>\nB3\t\tI Heard It Through The Grapevine<br \/>\nB4\t\tDon&#8217;t Go To Strangers<br \/>\nB5\t\tLove Is A Losing Game<br \/>\nC1\t\tKnow You Now<br \/>\nC2\t\tFuck Me Pumps<br \/>\nC3\t\tIn My Bed<br \/>\nC4\t\tOctober Song<br \/>\nC5\t\tRehab<br \/>\nC6\t\tYou Know I&#8217;m No Good<br \/>\nD1\t\tJust Friends<br \/>\nD2\t\tLove Is A Losing Game<br \/>\nD3\t\tTears Dry On Their Own<br \/>\nD4\t\tBest Friends, Right?<br \/>\nD5\t\tI Should Care<br \/>\nD6\t\tLullaby Of Birdland<br \/>\nD7\t\tValerie<br \/>\nD8\t\tTo Know Him Is To Love Him<br \/>\nE1\t\tKnow You Now<br \/>\nE2\t\tTears Dry On Their Own<br \/>\nE3\t\tYou Know I&#8217;m No Good<br \/>\nE4\t\tJust Friends<br \/>\nE5\t\tHe Can Only Hold Her<br \/>\nE6\t\tI Heard Love Is Blind<br \/>\nE7\t\tRehab<br \/>\nF1\t\tTake The Box<br \/>\nF2\t\tSome Unholy War<br \/>\nF3\t\tBack To Black<br \/>\nF4\t\tValerie<br \/>\nF5\t\tAddicted<br \/>\nF6\t\tMe &#038; Mr Jones<br \/>\nF7\t\tMonkey Man<\/p>","protected":false},"excerpt":{"rendered":"<p>Label:\tUMC \u2013 3541560, UMC \u2013 0602435415604<br \/>\nFormat:\t3 x Vinyl, LP, Album, Stereo, 180g<br \/>\nCountry:\tUK, Europe &#038; US<br \/>\nReleased:\tMay 7, 2021<\/p>","protected":false},"featured_media":18555,"template":"","meta":[],"product_cat":[23],"product_tag":[44],"yoast_head":"<!-- This site is optimized with the Yoast SEO plugin v23.5 - https:\/\/yoast.com\/wordpress\/plugins\/seo\/ -->\n<title>Amy Winehouse \u2013 At The BBC 3LP Vinilin\u0117 Plok\u0161tel\u0117 | Vinilozona.lt<\/title>\n<meta name=\"robots\" content=\"index, follow, max-snippet:-1, max-image-preview:large, max-video-preview:-1\" \/>\n<link rel=\"canonical\" href=\"https:\/\/vinilozona.lt\/en\/parduotuve\/naujos-lp\/amy-winehouse-at-the-bbc-3lp\/\" \/>\n<meta property=\"og:locale\" content=\"en_GB\" \/>\n<meta property=\"og:type\" content=\"article\" \/>\n<meta property=\"og:title\" content=\"Amy Winehouse \u2013 At The BBC 3LP Vinilin\u0117 Plok\u0161tel\u0117 | Vinilozona.lt\" \/>\n<meta property=\"og:description\" content=\"Label: UMC \u2013 3541560, UMC \u2013 0602435415604 Format: 3 x Vinyl, LP, Album, Stereo, 180g Country: UK, Europe &amp; US Released: May 7, 2021\" \/>\n<meta property=\"og:url\" content=\"https:\/\/vinilozona.lt\/en\/parduotuve\/naujos-lp\/amy-winehouse-at-the-bbc-3lp\/\" \/>\n<meta property=\"og:site_name\" content=\"Vinilo Zona\" \/>\n<meta property=\"article:modified_time\" content=\"2022-12-18T12:01:01+00:00\" \/>\n<meta property=\"og:image\" content=\"https:\/\/vinilozona.lt\/wp-content\/uploads\/2022\/03\/R-18616384-1620605834-4865.jpg\" \/>\n\t<meta property=\"og:image:width\" content=\"600\" \/>\n\t<meta property=\"og:image:height\" content=\"560\" \/>\n\t<meta property=\"og:image:type\" content=\"image\/jpeg\" \/>\n<meta name=\"twitter:card\" content=\"summary_large_image\" \/>\n<meta name=\"twitter:label1\" content=\"Estimated reading time\" \/>\n\t<meta name=\"twitter:data1\" content=\"1 minute\" \/>\n<script type=\"application\/ld+json\" class=\"yoast-schema-graph\">{\"@context\":\"https:\/\/schema.org\",\"@graph\":[{\"@type\":\"WebPage\",\"@id\":\"https:\/\/vinilozona.lt\/parduotuve\/naujos-lp\/amy-winehouse-at-the-bbc-3lp\/\",\"url\":\"https:\/\/vinilozona.lt\/parduotuve\/naujos-lp\/amy-winehouse-at-the-bbc-3lp\/\",\"name\":\"Amy Winehouse \u2013 At The BBC 3LP Vinilin\u0117 Plok\u0161tel\u0117 | Vinilozona.lt\",\"isPartOf\":{\"@id\":\"https:\/\/vinilozona.lt\/#website\"},\"primaryImageOfPage\":{\"@id\":\"https:\/\/vinilozona.lt\/parduotuve\/naujos-lp\/amy-winehouse-at-the-bbc-3lp\/#primaryimage\"},\"image\":{\"@id\":\"https:\/\/vinilozona.lt\/parduotuve\/naujos-lp\/amy-winehouse-at-the-bbc-3lp\/#primaryimage\"},\"thumbnailUrl\":\"https:\/\/vinilozona.lt\/wp-content\/uploads\/2022\/03\/R-18616384-1620605834-4865.jpg\",\"datePublished\":\"2022-10-03T03:00:30+00:00\",\"dateModified\":\"2022-12-18T12:01:01+00:00\",\"breadcrumb\":{\"@id\":\"https:\/\/vinilozona.lt\/parduotuve\/naujos-lp\/amy-winehouse-at-the-bbc-3lp\/#breadcrumb\"},\"inLanguage\":\"en-GB\",\"potentialAction\":[{\"@type\":\"ReadAction\",\"target\":[\"https:\/\/vinilozona.lt\/parduotuve\/naujos-lp\/amy-winehouse-at-the-bbc-3lp\/\"]}]},{\"@type\":\"ImageObject\",\"inLanguage\":\"en-GB\",\"@id\":\"https:\/\/vinilozona.lt\/parduotuve\/naujos-lp\/amy-winehouse-at-the-bbc-3lp\/#primaryimage\",\"url\":\"https:\/\/vinilozona.lt\/wp-content\/uploads\/2022\/03\/R-18616384-1620605834-4865.jpg\",\"contentUrl\":\"https:\/\/vinilozona.lt\/wp-content\/uploads\/2022\/03\/R-18616384-1620605834-4865.jpg\",\"width\":600,\"height\":560},{\"@type\":\"BreadcrumbList\",\"@id\":\"https:\/\/vinilozona.lt\/parduotuve\/naujos-lp\/amy-winehouse-at-the-bbc-3lp\/#breadcrumb\",\"itemListElement\":[{\"@type\":\"ListItem\",\"position\":1,\"name\":\"Home\",\"item\":\"https:\/\/vinilozona.lt\/\"},{\"@type\":\"ListItem\",\"position\":2,\"name\":\"Parduotuv\u0117\",\"item\":\"https:\/\/vinilozona.lt\/parduotuve\/\"},{\"@type\":\"ListItem\",\"position\":3,\"name\":\"Amy Winehouse \u2013 At The BBC 3LP\"}]},{\"@type\":\"WebSite\",\"@id\":\"https:\/\/vinilozona.lt\/#website\",\"url\":\"https:\/\/vinilozona.lt\/\",\"name\":\"Vinilo Zona\",\"description\":\"Nup\u016bsk dulkes ir klausyk LP\",\"potentialAction\":[{\"@type\":\"SearchAction\",\"target\":{\"@type\":\"EntryPoint\",\"urlTemplate\":\"https:\/\/vinilozona.lt\/?s={search_term_string}\"},\"query-input\":{\"@type\":\"PropertyValueSpecification\",\"valueRequired\":true,\"valueName\":\"search_term_string\"}}],\"inLanguage\":\"en-GB\"}]}<\/script>\n<!-- \/ Yoast SEO plugin. -->","yoast_head_json":{"title":"Amy Winehouse \u2013 At The BBC 3LP Vinilin\u0117 Plok\u0161tel\u0117 | Vinilozona.lt","robots":{"index":"index","follow":"follow","max-snippet":"max-snippet:-1","max-image-preview":"max-image-preview:large","max-video-preview":"max-video-preview:-1"},"canonical":"https:\/\/vinilozona.lt\/en\/parduotuve\/naujos-lp\/amy-winehouse-at-the-bbc-3lp\/","og_locale":"en_GB","og_type":"article","og_title":"Amy Winehouse \u2013 At The BBC 3LP Vinilin\u0117 Plok\u0161tel\u0117 | Vinilozona.lt","og_description":"Label: UMC \u2013 3541560, UMC \u2013 0602435415604 Format: 3 x Vinyl, LP, Album, Stereo, 180g Country: UK, Europe & US Released: May 7, 2021","og_url":"https:\/\/vinilozona.lt\/en\/parduotuve\/naujos-lp\/amy-winehouse-at-the-bbc-3lp\/","og_site_name":"Vinilo Zona","article_modified_time":"2022-12-18T12:01:01+00:00","og_image":[{"width":600,"height":560,"url":"https:\/\/vinilozona.lt\/wp-content\/uploads\/2022\/03\/R-18616384-1620605834-4865.jpg","type":"image\/jpeg"}],"twitter_card":"summary_large_image","twitter_misc":{"Estimated reading time":"1 minute"},"schema":{"@context":"https:\/\/schema.org","@graph":[{"@type":"WebPage","@id":"https:\/\/vinilozona.lt\/parduotuve\/naujos-lp\/amy-winehouse-at-the-bbc-3lp\/","url":"https:\/\/vinilozona.lt\/parduotuve\/naujos-lp\/amy-winehouse-at-the-bbc-3lp\/","name":"Amy Winehouse \u2013 At The BBC 3LP Vinilin\u0117 Plok\u0161tel\u0117 | Vinilozona.lt","isPartOf":{"@id":"https:\/\/vinilozona.lt\/#website"},"primaryImageOfPage":{"@id":"https:\/\/vinilozona.lt\/parduotuve\/naujos-lp\/amy-winehouse-at-the-bbc-3lp\/#primaryimage"},"image":{"@id":"https:\/\/vinilozona.lt\/parduotuve\/naujos-lp\/amy-winehouse-at-the-bbc-3lp\/#primaryimage"},"thumbnailUrl":"https:\/\/vinilozona.lt\/wp-content\/uploads\/2022\/03\/R-18616384-1620605834-4865.jpg","datePublished":"2022-10-03T03:00:30+00:00","dateModified":"2022-12-18T12:01:01+00:00","breadcrumb":{"@id":"https:\/\/vinilozona.lt\/parduotuve\/naujos-lp\/amy-winehouse-at-the-bbc-3lp\/#breadcrumb"},"inLanguage":"en-GB","potentialAction":[{"@type":"ReadAction","target":["https:\/\/vinilozona.lt\/parduotuve\/naujos-lp\/amy-winehouse-at-the-bbc-3lp\/"]}]},{"@type":"ImageObject","inLanguage":"en-GB","@id":"https:\/\/vinilozona.lt\/parduotuve\/naujos-lp\/amy-winehouse-at-the-bbc-3lp\/#primaryimage","url":"https:\/\/vinilozona.lt\/wp-content\/uploads\/2022\/03\/R-18616384-1620605834-4865.jpg","contentUrl":"https:\/\/vinilozona.lt\/wp-content\/uploads\/2022\/03\/R-18616384-1620605834-4865.jpg","width":600,"height":560},{"@type":"BreadcrumbList","@id":"https:\/\/vinilozona.lt\/parduotuve\/naujos-lp\/amy-winehouse-at-the-bbc-3lp\/#breadcrumb","itemListElement":[{"@type":"ListItem","position":1,"name":"Home","item":"https:\/\/vinilozona.lt\/"},{"@type":"ListItem","position":2,"name":"Parduotuv\u0117","item":"https:\/\/vinilozona.lt\/parduotuve\/"},{"@type":"ListItem","position":3,"name":"Amy Winehouse \u2013 At The BBC 3LP"}]},{"@type":"WebSite","@id":"https:\/\/vinilozona.lt\/#website","url":"https:\/\/vinilozona.lt\/","name":"Vinilo Zona","description":"Nup\u016bsk dulkes ir klausyk LP","potentialAction":[{"@type":"SearchAction","target":{"@type":"EntryPoint","urlTemplate":"https:\/\/vinilozona.lt\/?s={search_term_string}"},"query-input":{"@type":"PropertyValueSpecification","valueRequired":true,"valueName":"search_term_string"}}],"inLanguage":"en-GB"}]}},"_links":{"self":[{"href":"https:\/\/vinilozona.lt\/en\/wp-json\/wp\/v2\/product\/18554"}],"collection":[{"href":"https:\/\/vinilozona.lt\/en\/wp-json\/wp\/v2\/product"}],"about":[{"href":"https:\/\/vinilozona.lt\/en\/wp-json\/wp\/v2\/types\/product"}],"wp:featuredmedia":[{"embeddable":true,"href":"https:\/\/vinilozona.lt\/en\/wp-json\/wp\/v2\/media\/18555"}],"wp:attachment":[{"href":"https:\/\/vinilozona.lt\/en\/wp-json\/wp\/v2\/media?parent=18554"}],"wp:term":[{"taxonomy":"product_cat","embeddable":true,"href":"https:\/\/vinilozona.lt\/en\/wp-json\/wp\/v2\/product_cat?post=18554"},{"taxonomy":"product_tag","embeddable":true,"href":"https:\/\/vinilozona.lt\/en\/wp-json\/wp\/v2\/product_tag?post=18554"}],"curies":[{"name":"wp","href":"https:\/\/api.w.org\/{rel}","templated":true}]}}