{"id":18420,"date":"2022-02-18T10:57:54","date_gmt":"2022-02-18T08:57:54","guid":{"rendered":"https:\/\/vinilozona.lt\/?post_type=product&#038;p=18420"},"modified":"2022-05-15T14:56:53","modified_gmt":"2022-05-15T11:56:53","slug":"the-jesus-and-mary-chain-%e2%80%8e-automatic","status":"publish","type":"product","link":"https:\/\/vinilozona.lt\/en\/parduotuve\/rock-pop\/the-jesus-and-mary-chain-%e2%80%8e-automatic\/","title":{"rendered":"The Jesus And Mary Chain \u200e\u2013 Automatic"},"content":{"rendered":"<p>A1\t\tHere Comes Alice\t3:52<br \/>\nA2\t\tCoast To Coast\t4:13<br \/>\nA3\t\tBlues From A Gun\t4:44<br \/>\nA4\t\tBetween Planets\t3:27<br \/>\nA5\t\tUV Ray\t4:04<br \/>\nB1\t\tHer Way Of Praying\t3:46<br \/>\nB2\t\tHead On\t4:11<br \/>\nB3\t\tTake It\t4:34<br \/>\nB4\t\tHalf Way To Crazy\t3:41<br \/>\nB5\t\tGimme Hell  3:18<\/p>","protected":false},"excerpt":{"rendered":"<p>Blanco Y Negro \u2013 246 220-1, Blanco Y Negro \u2013 2292-46220-1, BYN20<br \/>\nFormat:<br \/>\nVinyl, LP, Album<br \/>\nCountry:\tUK &#038; Europe<br \/>\nReleased:\tOct 9, 1989<br \/>\nVokas tvarkingas, tik vir\u0161utiniame de\u0161iniajame kampe yra lipduko pa\u0161alinimo \u017eym\u0117<\/p>","protected":false},"featured_media":18421,"template":"","meta":[],"product_cat":[15],"product_tag":[44],"yoast_head":"<!-- This site is optimized with the Yoast SEO plugin v23.5 - https:\/\/yoast.com\/wordpress\/plugins\/seo\/ -->\n<title>The Jesus And Mary Chain \u200e\u2013 Automatic Vinilin\u0117 Plok\u0161tel\u0117 | Vinilozona.lt<\/title>\n<meta name=\"robots\" content=\"index, follow, max-snippet:-1, max-image-preview:large, max-video-preview:-1\" \/>\n<link rel=\"canonical\" href=\"https:\/\/vinilozona.lt\/en\/parduotuve\/rock-pop\/the-jesus-and-mary-chain-\u200e-automatic\/\" \/>\n<meta property=\"og:locale\" content=\"en_GB\" \/>\n<meta property=\"og:type\" content=\"article\" \/>\n<meta property=\"og:title\" content=\"The Jesus And Mary Chain \u200e\u2013 Automatic Vinilin\u0117 Plok\u0161tel\u0117 | Vinilozona.lt\" \/>\n<meta property=\"og:description\" content=\"Blanco Y Negro \u2013 246 220-1, Blanco Y Negro \u2013 2292-46220-1, BYN20 Format:  Vinyl, LP, Album Country: UK &amp; Europe Released: Oct 9, 1989 Vokas tvarkingas, tik vir\u0161utiniame de\u0161iniajame kampe yra lipduko pa\u0161alinimo \u017eym\u0117\" \/>\n<meta property=\"og:url\" content=\"https:\/\/vinilozona.lt\/en\/parduotuve\/rock-pop\/the-jesus-and-mary-chain-\u200e-automatic\/\" \/>\n<meta property=\"og:site_name\" content=\"Vinilo Zona\" \/>\n<meta property=\"article:modified_time\" content=\"2022-05-15T11:56:53+00:00\" \/>\n<meta property=\"og:image\" content=\"https:\/\/vinilozona.lt\/wp-content\/uploads\/2022\/02\/R-1620561-1559298247-1717.jpg\" \/>\n\t<meta property=\"og:image:width\" content=\"599\" \/>\n\t<meta property=\"og:image:height\" content=\"591\" \/>\n\t<meta property=\"og:image:type\" content=\"image\/jpeg\" \/>\n<meta name=\"twitter:card\" content=\"summary_large_image\" \/>\n<script type=\"application\/ld+json\" class=\"yoast-schema-graph\">{\"@context\":\"https:\/\/schema.org\",\"@graph\":[{\"@type\":\"WebPage\",\"@id\":\"https:\/\/vinilozona.lt\/en\/parduotuve\/rock-pop\/the-jesus-and-mary-chain-%e2%80%8e-automatic\/\",\"url\":\"https:\/\/vinilozona.lt\/en\/parduotuve\/rock-pop\/the-jesus-and-mary-chain-%e2%80%8e-automatic\/\",\"name\":\"The Jesus And Mary Chain \u200e\u2013 Automatic Vinilin\u0117 Plok\u0161tel\u0117 | Vinilozona.lt\",\"isPartOf\":{\"@id\":\"https:\/\/vinilozona.lt\/#website\"},\"primaryImageOfPage\":{\"@id\":\"https:\/\/vinilozona.lt\/en\/parduotuve\/rock-pop\/the-jesus-and-mary-chain-%e2%80%8e-automatic\/#primaryimage\"},\"image\":{\"@id\":\"https:\/\/vinilozona.lt\/en\/parduotuve\/rock-pop\/the-jesus-and-mary-chain-%e2%80%8e-automatic\/#primaryimage\"},\"thumbnailUrl\":\"https:\/\/vinilozona.lt\/wp-content\/uploads\/2022\/02\/R-1620561-1559298247-1717.jpg\",\"datePublished\":\"2022-02-18T08:57:54+00:00\",\"dateModified\":\"2022-05-15T11:56:53+00:00\",\"breadcrumb\":{\"@id\":\"https:\/\/vinilozona.lt\/en\/parduotuve\/rock-pop\/the-jesus-and-mary-chain-%e2%80%8e-automatic\/#breadcrumb\"},\"inLanguage\":\"en-GB\",\"potentialAction\":[{\"@type\":\"ReadAction\",\"target\":[\"https:\/\/vinilozona.lt\/en\/parduotuve\/rock-pop\/the-jesus-and-mary-chain-%e2%80%8e-automatic\/\"]}]},{\"@type\":\"ImageObject\",\"inLanguage\":\"en-GB\",\"@id\":\"https:\/\/vinilozona.lt\/en\/parduotuve\/rock-pop\/the-jesus-and-mary-chain-%e2%80%8e-automatic\/#primaryimage\",\"url\":\"https:\/\/vinilozona.lt\/wp-content\/uploads\/2022\/02\/R-1620561-1559298247-1717.jpg\",\"contentUrl\":\"https:\/\/vinilozona.lt\/wp-content\/uploads\/2022\/02\/R-1620561-1559298247-1717.jpg\",\"width\":599,\"height\":591},{\"@type\":\"BreadcrumbList\",\"@id\":\"https:\/\/vinilozona.lt\/en\/parduotuve\/rock-pop\/the-jesus-and-mary-chain-%e2%80%8e-automatic\/#breadcrumb\",\"itemListElement\":[{\"@type\":\"ListItem\",\"position\":1,\"name\":\"Home\",\"item\":\"https:\/\/vinilozona.lt\/\"},{\"@type\":\"ListItem\",\"position\":2,\"name\":\"Parduotuv\u0117\",\"item\":\"https:\/\/vinilozona.lt\/parduotuve\/\"},{\"@type\":\"ListItem\",\"position\":3,\"name\":\"The Jesus And Mary Chain \u200e\u2013 Automatic\"}]},{\"@type\":\"WebSite\",\"@id\":\"https:\/\/vinilozona.lt\/#website\",\"url\":\"https:\/\/vinilozona.lt\/\",\"name\":\"Vinilo Zona\",\"description\":\"Nup\u016bsk dulkes ir klausyk LP\",\"potentialAction\":[{\"@type\":\"SearchAction\",\"target\":{\"@type\":\"EntryPoint\",\"urlTemplate\":\"https:\/\/vinilozona.lt\/?s={search_term_string}\"},\"query-input\":{\"@type\":\"PropertyValueSpecification\",\"valueRequired\":true,\"valueName\":\"search_term_string\"}}],\"inLanguage\":\"en-GB\"}]}<\/script>\n<!-- \/ Yoast SEO plugin. -->","yoast_head_json":{"title":"The Jesus And Mary Chain \u200e\u2013 Automatic Vinilin\u0117 Plok\u0161tel\u0117 | Vinilozona.lt","robots":{"index":"index","follow":"follow","max-snippet":"max-snippet:-1","max-image-preview":"max-image-preview:large","max-video-preview":"max-video-preview:-1"},"canonical":"https:\/\/vinilozona.lt\/en\/parduotuve\/rock-pop\/the-jesus-and-mary-chain-\u200e-automatic\/","og_locale":"en_GB","og_type":"article","og_title":"The Jesus And Mary Chain \u200e\u2013 Automatic Vinilin\u0117 Plok\u0161tel\u0117 | Vinilozona.lt","og_description":"Blanco Y Negro \u2013 246 220-1, Blanco Y Negro \u2013 2292-46220-1, BYN20 Format:  Vinyl, LP, Album Country: UK & Europe Released: Oct 9, 1989 Vokas tvarkingas, tik vir\u0161utiniame de\u0161iniajame kampe yra lipduko pa\u0161alinimo \u017eym\u0117","og_url":"https:\/\/vinilozona.lt\/en\/parduotuve\/rock-pop\/the-jesus-and-mary-chain-\u200e-automatic\/","og_site_name":"Vinilo Zona","article_modified_time":"2022-05-15T11:56:53+00:00","og_image":[{"width":599,"height":591,"url":"https:\/\/vinilozona.lt\/wp-content\/uploads\/2022\/02\/R-1620561-1559298247-1717.jpg","type":"image\/jpeg"}],"twitter_card":"summary_large_image","schema":{"@context":"https:\/\/schema.org","@graph":[{"@type":"WebPage","@id":"https:\/\/vinilozona.lt\/en\/parduotuve\/rock-pop\/the-jesus-and-mary-chain-%e2%80%8e-automatic\/","url":"https:\/\/vinilozona.lt\/en\/parduotuve\/rock-pop\/the-jesus-and-mary-chain-%e2%80%8e-automatic\/","name":"The Jesus And Mary Chain \u200e\u2013 Automatic Vinilin\u0117 Plok\u0161tel\u0117 | Vinilozona.lt","isPartOf":{"@id":"https:\/\/vinilozona.lt\/#website"},"primaryImageOfPage":{"@id":"https:\/\/vinilozona.lt\/en\/parduotuve\/rock-pop\/the-jesus-and-mary-chain-%e2%80%8e-automatic\/#primaryimage"},"image":{"@id":"https:\/\/vinilozona.lt\/en\/parduotuve\/rock-pop\/the-jesus-and-mary-chain-%e2%80%8e-automatic\/#primaryimage"},"thumbnailUrl":"https:\/\/vinilozona.lt\/wp-content\/uploads\/2022\/02\/R-1620561-1559298247-1717.jpg","datePublished":"2022-02-18T08:57:54+00:00","dateModified":"2022-05-15T11:56:53+00:00","breadcrumb":{"@id":"https:\/\/vinilozona.lt\/en\/parduotuve\/rock-pop\/the-jesus-and-mary-chain-%e2%80%8e-automatic\/#breadcrumb"},"inLanguage":"en-GB","potentialAction":[{"@type":"ReadAction","target":["https:\/\/vinilozona.lt\/en\/parduotuve\/rock-pop\/the-jesus-and-mary-chain-%e2%80%8e-automatic\/"]}]},{"@type":"ImageObject","inLanguage":"en-GB","@id":"https:\/\/vinilozona.lt\/en\/parduotuve\/rock-pop\/the-jesus-and-mary-chain-%e2%80%8e-automatic\/#primaryimage","url":"https:\/\/vinilozona.lt\/wp-content\/uploads\/2022\/02\/R-1620561-1559298247-1717.jpg","contentUrl":"https:\/\/vinilozona.lt\/wp-content\/uploads\/2022\/02\/R-1620561-1559298247-1717.jpg","width":599,"height":591},{"@type":"BreadcrumbList","@id":"https:\/\/vinilozona.lt\/en\/parduotuve\/rock-pop\/the-jesus-and-mary-chain-%e2%80%8e-automatic\/#breadcrumb","itemListElement":[{"@type":"ListItem","position":1,"name":"Home","item":"https:\/\/vinilozona.lt\/"},{"@type":"ListItem","position":2,"name":"Parduotuv\u0117","item":"https:\/\/vinilozona.lt\/parduotuve\/"},{"@type":"ListItem","position":3,"name":"The Jesus And Mary Chain \u200e\u2013 Automatic"}]},{"@type":"WebSite","@id":"https:\/\/vinilozona.lt\/#website","url":"https:\/\/vinilozona.lt\/","name":"Vinilo Zona","description":"Nup\u016bsk dulkes ir klausyk LP","potentialAction":[{"@type":"SearchAction","target":{"@type":"EntryPoint","urlTemplate":"https:\/\/vinilozona.lt\/?s={search_term_string}"},"query-input":{"@type":"PropertyValueSpecification","valueRequired":true,"valueName":"search_term_string"}}],"inLanguage":"en-GB"}]}},"_links":{"self":[{"href":"https:\/\/vinilozona.lt\/en\/wp-json\/wp\/v2\/product\/18420"}],"collection":[{"href":"https:\/\/vinilozona.lt\/en\/wp-json\/wp\/v2\/product"}],"about":[{"href":"https:\/\/vinilozona.lt\/en\/wp-json\/wp\/v2\/types\/product"}],"wp:featuredmedia":[{"embeddable":true,"href":"https:\/\/vinilozona.lt\/en\/wp-json\/wp\/v2\/media\/18421"}],"wp:attachment":[{"href":"https:\/\/vinilozona.lt\/en\/wp-json\/wp\/v2\/media?parent=18420"}],"wp:term":[{"taxonomy":"product_cat","embeddable":true,"href":"https:\/\/vinilozona.lt\/en\/wp-json\/wp\/v2\/product_cat?post=18420"},{"taxonomy":"product_tag","embeddable":true,"href":"https:\/\/vinilozona.lt\/en\/wp-json\/wp\/v2\/product_tag?post=18420"}],"curies":[{"name":"wp","href":"https:\/\/api.w.org\/{rel}","templated":true}]}}