{"id":18414,"date":"2022-02-18T10:42:28","date_gmt":"2022-02-18T08:42:28","guid":{"rendered":"https:\/\/vinilozona.lt\/?post_type=product&#038;p=18414"},"modified":"2022-04-21T15:49:28","modified_gmt":"2022-04-21T12:49:28","slug":"humble-pie-portrait-2-lp","status":"publish","type":"product","link":"https:\/\/vinilozona.lt\/en\/parduotuve\/rock-pop\/humble-pie-portrait-2-lp\/","title":{"rendered":"Humble Pie \u2013 Portrait  2 LP"},"content":{"rendered":"<p>A1\t\tNatural Born Boogie  4:15<br \/>\nA2\t\tOnly You Can See  3:36<br \/>\nA3\t\tTake Me Back  4:56<br \/>\nA4\t\tBang  3:40<br \/>\nA5\t\tEvery Mother&#8217;s Son  5:42<br \/>\nB1\t\tAlabama &#8217;69  3:40<br \/>\nB2\t\tThe Sad Bag Of Shaky Jake  2:59<br \/>\nB3\t\tThe Light Of Love  2:59<br \/>\nB4\t\tDown Home Again 2:56<br \/>\nB5\t\tAs Safe As Yesterday  6:04<br \/>\nC1\t\tDesperation  6:21<br \/>\nC2\t\tStick Shift  2:25<br \/>\nC3\t\tButter Milk Boy  4:19<br \/>\nC4\t\tGrowing Close  3:12<br \/>\nC5\t\tI&#8217;ll Go Alone\t2:22<br \/>\nD1\t\tHeartbeat  2:31<br \/>\nD2\t\tOnly You Can See  3:36<br \/>\nD3\t\tTake Me Back  4:56<br \/>\nD4\t\tSilver Tongue  3:19<br \/>\nD5\t\tCold Lady  3:20<\/p>","protected":false},"excerpt":{"rendered":"<p>Bellaphon \u2013 CR 3056, Charly Records \u2013 CR 3056<br \/>\nSeries:\tPortrait (11)<br \/>\nFormat:<br \/>\n2 x Vinyl, LP, Compilation<br \/>\nCountry:\tGermany<\/p>","protected":false},"featured_media":18415,"template":"","meta":[],"product_cat":[15],"product_tag":[44],"yoast_head":"<!-- This site is optimized with the Yoast SEO plugin v23.5 - https:\/\/yoast.com\/wordpress\/plugins\/seo\/ -->\n<title>Humble Pie \u2013 Portrait 2 LP Vinilin\u0117 Plok\u0161tel\u0117 | Vinilozona.lt<\/title>\n<meta name=\"robots\" content=\"index, follow, max-snippet:-1, max-image-preview:large, max-video-preview:-1\" \/>\n<link rel=\"canonical\" href=\"https:\/\/vinilozona.lt\/en\/parduotuve\/rock-pop\/humble-pie-portrait-2-lp\/\" \/>\n<meta property=\"og:locale\" content=\"en_GB\" \/>\n<meta property=\"og:type\" content=\"article\" \/>\n<meta property=\"og:title\" content=\"Humble Pie \u2013 Portrait 2 LP Vinilin\u0117 Plok\u0161tel\u0117 | Vinilozona.lt\" \/>\n<meta property=\"og:description\" content=\"Bellaphon \u2013 CR 3056, Charly Records \u2013 CR 3056 Series: Portrait (11) Format:  2 x Vinyl, LP, Compilation Country: Germany\" \/>\n<meta property=\"og:url\" content=\"https:\/\/vinilozona.lt\/en\/parduotuve\/rock-pop\/humble-pie-portrait-2-lp\/\" \/>\n<meta property=\"og:site_name\" content=\"Vinilo Zona\" \/>\n<meta property=\"article:modified_time\" content=\"2022-04-21T12:49:28+00:00\" \/>\n<meta property=\"og:image\" content=\"https:\/\/vinilozona.lt\/wp-content\/uploads\/2022\/02\/R-3264483-1322979101.jpg\" \/>\n\t<meta property=\"og:image:width\" content=\"500\" \/>\n\t<meta property=\"og:image:height\" content=\"496\" \/>\n\t<meta property=\"og:image:type\" content=\"image\/jpeg\" \/>\n<meta name=\"twitter:card\" content=\"summary_large_image\" \/>\n<script type=\"application\/ld+json\" class=\"yoast-schema-graph\">{\"@context\":\"https:\/\/schema.org\",\"@graph\":[{\"@type\":\"WebPage\",\"@id\":\"https:\/\/vinilozona.lt\/parduotuve\/rock-pop\/humble-pie-portrait-2-lp\/\",\"url\":\"https:\/\/vinilozona.lt\/parduotuve\/rock-pop\/humble-pie-portrait-2-lp\/\",\"name\":\"Humble Pie \u2013 Portrait 2 LP Vinilin\u0117 Plok\u0161tel\u0117 | Vinilozona.lt\",\"isPartOf\":{\"@id\":\"https:\/\/vinilozona.lt\/#website\"},\"primaryImageOfPage\":{\"@id\":\"https:\/\/vinilozona.lt\/parduotuve\/rock-pop\/humble-pie-portrait-2-lp\/#primaryimage\"},\"image\":{\"@id\":\"https:\/\/vinilozona.lt\/parduotuve\/rock-pop\/humble-pie-portrait-2-lp\/#primaryimage\"},\"thumbnailUrl\":\"https:\/\/vinilozona.lt\/wp-content\/uploads\/2022\/02\/R-3264483-1322979101.jpg\",\"datePublished\":\"2022-02-18T08:42:28+00:00\",\"dateModified\":\"2022-04-21T12:49:28+00:00\",\"breadcrumb\":{\"@id\":\"https:\/\/vinilozona.lt\/parduotuve\/rock-pop\/humble-pie-portrait-2-lp\/#breadcrumb\"},\"inLanguage\":\"en-GB\",\"potentialAction\":[{\"@type\":\"ReadAction\",\"target\":[\"https:\/\/vinilozona.lt\/parduotuve\/rock-pop\/humble-pie-portrait-2-lp\/\"]}]},{\"@type\":\"ImageObject\",\"inLanguage\":\"en-GB\",\"@id\":\"https:\/\/vinilozona.lt\/parduotuve\/rock-pop\/humble-pie-portrait-2-lp\/#primaryimage\",\"url\":\"https:\/\/vinilozona.lt\/wp-content\/uploads\/2022\/02\/R-3264483-1322979101.jpg\",\"contentUrl\":\"https:\/\/vinilozona.lt\/wp-content\/uploads\/2022\/02\/R-3264483-1322979101.jpg\",\"width\":500,\"height\":496},{\"@type\":\"BreadcrumbList\",\"@id\":\"https:\/\/vinilozona.lt\/parduotuve\/rock-pop\/humble-pie-portrait-2-lp\/#breadcrumb\",\"itemListElement\":[{\"@type\":\"ListItem\",\"position\":1,\"name\":\"Home\",\"item\":\"https:\/\/vinilozona.lt\/\"},{\"@type\":\"ListItem\",\"position\":2,\"name\":\"Parduotuv\u0117\",\"item\":\"https:\/\/vinilozona.lt\/parduotuve\/\"},{\"@type\":\"ListItem\",\"position\":3,\"name\":\"Humble Pie \u2013 Portrait 2 LP\"}]},{\"@type\":\"WebSite\",\"@id\":\"https:\/\/vinilozona.lt\/#website\",\"url\":\"https:\/\/vinilozona.lt\/\",\"name\":\"Vinilo Zona\",\"description\":\"Nup\u016bsk dulkes ir klausyk LP\",\"potentialAction\":[{\"@type\":\"SearchAction\",\"target\":{\"@type\":\"EntryPoint\",\"urlTemplate\":\"https:\/\/vinilozona.lt\/?s={search_term_string}\"},\"query-input\":{\"@type\":\"PropertyValueSpecification\",\"valueRequired\":true,\"valueName\":\"search_term_string\"}}],\"inLanguage\":\"en-GB\"}]}<\/script>\n<!-- \/ Yoast SEO plugin. -->","yoast_head_json":{"title":"Humble Pie \u2013 Portrait 2 LP Vinilin\u0117 Plok\u0161tel\u0117 | Vinilozona.lt","robots":{"index":"index","follow":"follow","max-snippet":"max-snippet:-1","max-image-preview":"max-image-preview:large","max-video-preview":"max-video-preview:-1"},"canonical":"https:\/\/vinilozona.lt\/en\/parduotuve\/rock-pop\/humble-pie-portrait-2-lp\/","og_locale":"en_GB","og_type":"article","og_title":"Humble Pie \u2013 Portrait 2 LP Vinilin\u0117 Plok\u0161tel\u0117 | Vinilozona.lt","og_description":"Bellaphon \u2013 CR 3056, Charly Records \u2013 CR 3056 Series: Portrait (11) Format:  2 x Vinyl, LP, Compilation Country: Germany","og_url":"https:\/\/vinilozona.lt\/en\/parduotuve\/rock-pop\/humble-pie-portrait-2-lp\/","og_site_name":"Vinilo Zona","article_modified_time":"2022-04-21T12:49:28+00:00","og_image":[{"width":500,"height":496,"url":"https:\/\/vinilozona.lt\/wp-content\/uploads\/2022\/02\/R-3264483-1322979101.jpg","type":"image\/jpeg"}],"twitter_card":"summary_large_image","schema":{"@context":"https:\/\/schema.org","@graph":[{"@type":"WebPage","@id":"https:\/\/vinilozona.lt\/parduotuve\/rock-pop\/humble-pie-portrait-2-lp\/","url":"https:\/\/vinilozona.lt\/parduotuve\/rock-pop\/humble-pie-portrait-2-lp\/","name":"Humble Pie \u2013 Portrait 2 LP Vinilin\u0117 Plok\u0161tel\u0117 | Vinilozona.lt","isPartOf":{"@id":"https:\/\/vinilozona.lt\/#website"},"primaryImageOfPage":{"@id":"https:\/\/vinilozona.lt\/parduotuve\/rock-pop\/humble-pie-portrait-2-lp\/#primaryimage"},"image":{"@id":"https:\/\/vinilozona.lt\/parduotuve\/rock-pop\/humble-pie-portrait-2-lp\/#primaryimage"},"thumbnailUrl":"https:\/\/vinilozona.lt\/wp-content\/uploads\/2022\/02\/R-3264483-1322979101.jpg","datePublished":"2022-02-18T08:42:28+00:00","dateModified":"2022-04-21T12:49:28+00:00","breadcrumb":{"@id":"https:\/\/vinilozona.lt\/parduotuve\/rock-pop\/humble-pie-portrait-2-lp\/#breadcrumb"},"inLanguage":"en-GB","potentialAction":[{"@type":"ReadAction","target":["https:\/\/vinilozona.lt\/parduotuve\/rock-pop\/humble-pie-portrait-2-lp\/"]}]},{"@type":"ImageObject","inLanguage":"en-GB","@id":"https:\/\/vinilozona.lt\/parduotuve\/rock-pop\/humble-pie-portrait-2-lp\/#primaryimage","url":"https:\/\/vinilozona.lt\/wp-content\/uploads\/2022\/02\/R-3264483-1322979101.jpg","contentUrl":"https:\/\/vinilozona.lt\/wp-content\/uploads\/2022\/02\/R-3264483-1322979101.jpg","width":500,"height":496},{"@type":"BreadcrumbList","@id":"https:\/\/vinilozona.lt\/parduotuve\/rock-pop\/humble-pie-portrait-2-lp\/#breadcrumb","itemListElement":[{"@type":"ListItem","position":1,"name":"Home","item":"https:\/\/vinilozona.lt\/"},{"@type":"ListItem","position":2,"name":"Parduotuv\u0117","item":"https:\/\/vinilozona.lt\/parduotuve\/"},{"@type":"ListItem","position":3,"name":"Humble Pie \u2013 Portrait 2 LP"}]},{"@type":"WebSite","@id":"https:\/\/vinilozona.lt\/#website","url":"https:\/\/vinilozona.lt\/","name":"Vinilo Zona","description":"Nup\u016bsk dulkes ir klausyk LP","potentialAction":[{"@type":"SearchAction","target":{"@type":"EntryPoint","urlTemplate":"https:\/\/vinilozona.lt\/?s={search_term_string}"},"query-input":{"@type":"PropertyValueSpecification","valueRequired":true,"valueName":"search_term_string"}}],"inLanguage":"en-GB"}]}},"_links":{"self":[{"href":"https:\/\/vinilozona.lt\/en\/wp-json\/wp\/v2\/product\/18414"}],"collection":[{"href":"https:\/\/vinilozona.lt\/en\/wp-json\/wp\/v2\/product"}],"about":[{"href":"https:\/\/vinilozona.lt\/en\/wp-json\/wp\/v2\/types\/product"}],"wp:featuredmedia":[{"embeddable":true,"href":"https:\/\/vinilozona.lt\/en\/wp-json\/wp\/v2\/media\/18415"}],"wp:attachment":[{"href":"https:\/\/vinilozona.lt\/en\/wp-json\/wp\/v2\/media?parent=18414"}],"wp:term":[{"taxonomy":"product_cat","embeddable":true,"href":"https:\/\/vinilozona.lt\/en\/wp-json\/wp\/v2\/product_cat?post=18414"},{"taxonomy":"product_tag","embeddable":true,"href":"https:\/\/vinilozona.lt\/en\/wp-json\/wp\/v2\/product_tag?post=18414"}],"curies":[{"name":"wp","href":"https:\/\/api.w.org\/{rel}","templated":true}]}}