{"id":18409,"date":"2025-03-16T05:01:03","date_gmt":"2025-03-16T03:01:03","guid":{"rendered":"https:\/\/vinilozona.lt\/?post_type=product&#038;p=18409"},"modified":"2025-03-16T06:59:38","modified_gmt":"2025-03-16T04:59:38","slug":"simon-and-garfunkel-bridge-over-troubled-water","status":"publish","type":"product","link":"https:\/\/vinilozona.lt\/en\/parduotuve\/rock-pop\/simon-and-garfunkel-bridge-over-troubled-water\/","title":{"rendered":"Simon And Garfunkel \u2013 Bridge Over Troubled Water"},"content":{"rendered":"<p>A1\t\tBridge Over Troubled Water\t4:52<br \/>\nA2\t\tEl Condor Pasa\t3:06<br \/>\nA3\t\tCecilia\t2:55<br \/>\nA4\t\tKeep The Customer Satisfied\t2:33<br \/>\nA5\t\tSo Long, Frank Lloyd Wright\t3:41<br \/>\nB1\t\tThe Boxer\t5:08<br \/>\nB2\t\tBaby Driver\t3:15<br \/>\nB3\t\tThe Only Living Boy In New York\t3:57<br \/>\nB4\t\tWhy Don&#8217;t You Write Me\t2:45<br \/>\nB5\t\tBye Bye Love\t2:55<br \/>\nB6\t\tSong For The Asking\t1:39<\/p>","protected":false},"excerpt":{"rendered":"<p>CBS \u2013  63699<br \/>\nFormat:<br \/>\nVinyl, LP, Album, Stereo<br \/>\nCountry:\tUK<br \/>\nReleased:\t1970<\/p>","protected":false},"featured_media":18410,"template":"","meta":[],"product_cat":[15],"product_tag":[44],"yoast_head":"<!-- This site is optimized with the Yoast SEO plugin v23.5 - https:\/\/yoast.com\/wordpress\/plugins\/seo\/ -->\n<title>Simon And Garfunkel \u2013 Bridge Over Troubled Water Vinilin\u0117 Plok\u0161tel\u0117 | Vinilozona.lt<\/title>\n<meta name=\"robots\" content=\"index, follow, max-snippet:-1, max-image-preview:large, max-video-preview:-1\" \/>\n<link rel=\"canonical\" href=\"https:\/\/vinilozona.lt\/en\/parduotuve\/rock-pop\/simon-and-garfunkel-bridge-over-troubled-water\/\" \/>\n<meta property=\"og:locale\" content=\"en_GB\" \/>\n<meta property=\"og:type\" content=\"article\" \/>\n<meta property=\"og:title\" content=\"Simon And Garfunkel \u2013 Bridge Over Troubled Water Vinilin\u0117 Plok\u0161tel\u0117 | Vinilozona.lt\" \/>\n<meta property=\"og:description\" content=\"CBS \u2013 63699 Format:  Vinyl, LP, Album, Stereo Country: UK Released: 1970\" \/>\n<meta property=\"og:url\" content=\"https:\/\/vinilozona.lt\/en\/parduotuve\/rock-pop\/simon-and-garfunkel-bridge-over-troubled-water\/\" \/>\n<meta property=\"og:site_name\" content=\"Vinilo Zona\" \/>\n<meta property=\"article:modified_time\" content=\"2025-03-16T04:59:38+00:00\" \/>\n<meta property=\"og:image\" content=\"https:\/\/vinilozona.lt\/wp-content\/uploads\/2022\/02\/R-1671969-1287351196.jpg\" \/>\n\t<meta property=\"og:image:width\" content=\"600\" \/>\n\t<meta property=\"og:image:height\" content=\"597\" \/>\n\t<meta property=\"og:image:type\" content=\"image\/jpeg\" \/>\n<meta name=\"twitter:card\" content=\"summary_large_image\" \/>\n<meta name=\"twitter:label1\" content=\"Estimated reading time\" \/>\n\t<meta name=\"twitter:data1\" content=\"1 minute\" \/>\n<script type=\"application\/ld+json\" class=\"yoast-schema-graph\">{\"@context\":\"https:\/\/schema.org\",\"@graph\":[{\"@type\":\"WebPage\",\"@id\":\"https:\/\/vinilozona.lt\/parduotuve\/rock-pop\/simon-and-garfunkel-bridge-over-troubled-water\/\",\"url\":\"https:\/\/vinilozona.lt\/parduotuve\/rock-pop\/simon-and-garfunkel-bridge-over-troubled-water\/\",\"name\":\"Simon And Garfunkel \u2013 Bridge Over Troubled Water Vinilin\u0117 Plok\u0161tel\u0117 | Vinilozona.lt\",\"isPartOf\":{\"@id\":\"https:\/\/vinilozona.lt\/#website\"},\"primaryImageOfPage\":{\"@id\":\"https:\/\/vinilozona.lt\/parduotuve\/rock-pop\/simon-and-garfunkel-bridge-over-troubled-water\/#primaryimage\"},\"image\":{\"@id\":\"https:\/\/vinilozona.lt\/parduotuve\/rock-pop\/simon-and-garfunkel-bridge-over-troubled-water\/#primaryimage\"},\"thumbnailUrl\":\"https:\/\/vinilozona.lt\/wp-content\/uploads\/2022\/02\/R-1671969-1287351196.jpg\",\"datePublished\":\"2025-03-16T03:01:03+00:00\",\"dateModified\":\"2025-03-16T04:59:38+00:00\",\"breadcrumb\":{\"@id\":\"https:\/\/vinilozona.lt\/parduotuve\/rock-pop\/simon-and-garfunkel-bridge-over-troubled-water\/#breadcrumb\"},\"inLanguage\":\"en-GB\",\"potentialAction\":[{\"@type\":\"ReadAction\",\"target\":[\"https:\/\/vinilozona.lt\/parduotuve\/rock-pop\/simon-and-garfunkel-bridge-over-troubled-water\/\"]}]},{\"@type\":\"ImageObject\",\"inLanguage\":\"en-GB\",\"@id\":\"https:\/\/vinilozona.lt\/parduotuve\/rock-pop\/simon-and-garfunkel-bridge-over-troubled-water\/#primaryimage\",\"url\":\"https:\/\/vinilozona.lt\/wp-content\/uploads\/2022\/02\/R-1671969-1287351196.jpg\",\"contentUrl\":\"https:\/\/vinilozona.lt\/wp-content\/uploads\/2022\/02\/R-1671969-1287351196.jpg\",\"width\":600,\"height\":597},{\"@type\":\"BreadcrumbList\",\"@id\":\"https:\/\/vinilozona.lt\/parduotuve\/rock-pop\/simon-and-garfunkel-bridge-over-troubled-water\/#breadcrumb\",\"itemListElement\":[{\"@type\":\"ListItem\",\"position\":1,\"name\":\"Home\",\"item\":\"https:\/\/vinilozona.lt\/\"},{\"@type\":\"ListItem\",\"position\":2,\"name\":\"Parduotuv\u0117\",\"item\":\"https:\/\/vinilozona.lt\/parduotuve\/\"},{\"@type\":\"ListItem\",\"position\":3,\"name\":\"Simon And Garfunkel \u2013 Bridge Over Troubled Water\"}]},{\"@type\":\"WebSite\",\"@id\":\"https:\/\/vinilozona.lt\/#website\",\"url\":\"https:\/\/vinilozona.lt\/\",\"name\":\"Vinilo Zona\",\"description\":\"Nup\u016bsk dulkes ir klausyk LP\",\"potentialAction\":[{\"@type\":\"SearchAction\",\"target\":{\"@type\":\"EntryPoint\",\"urlTemplate\":\"https:\/\/vinilozona.lt\/?s={search_term_string}\"},\"query-input\":{\"@type\":\"PropertyValueSpecification\",\"valueRequired\":true,\"valueName\":\"search_term_string\"}}],\"inLanguage\":\"en-GB\"}]}<\/script>\n<!-- \/ Yoast SEO plugin. -->","yoast_head_json":{"title":"Simon And Garfunkel \u2013 Bridge Over Troubled Water Vinilin\u0117 Plok\u0161tel\u0117 | Vinilozona.lt","robots":{"index":"index","follow":"follow","max-snippet":"max-snippet:-1","max-image-preview":"max-image-preview:large","max-video-preview":"max-video-preview:-1"},"canonical":"https:\/\/vinilozona.lt\/en\/parduotuve\/rock-pop\/simon-and-garfunkel-bridge-over-troubled-water\/","og_locale":"en_GB","og_type":"article","og_title":"Simon And Garfunkel \u2013 Bridge Over Troubled Water Vinilin\u0117 Plok\u0161tel\u0117 | Vinilozona.lt","og_description":"CBS \u2013 63699 Format:  Vinyl, LP, Album, Stereo Country: UK Released: 1970","og_url":"https:\/\/vinilozona.lt\/en\/parduotuve\/rock-pop\/simon-and-garfunkel-bridge-over-troubled-water\/","og_site_name":"Vinilo Zona","article_modified_time":"2025-03-16T04:59:38+00:00","og_image":[{"width":600,"height":597,"url":"https:\/\/vinilozona.lt\/wp-content\/uploads\/2022\/02\/R-1671969-1287351196.jpg","type":"image\/jpeg"}],"twitter_card":"summary_large_image","twitter_misc":{"Estimated reading time":"1 minute"},"schema":{"@context":"https:\/\/schema.org","@graph":[{"@type":"WebPage","@id":"https:\/\/vinilozona.lt\/parduotuve\/rock-pop\/simon-and-garfunkel-bridge-over-troubled-water\/","url":"https:\/\/vinilozona.lt\/parduotuve\/rock-pop\/simon-and-garfunkel-bridge-over-troubled-water\/","name":"Simon And Garfunkel \u2013 Bridge Over Troubled Water Vinilin\u0117 Plok\u0161tel\u0117 | Vinilozona.lt","isPartOf":{"@id":"https:\/\/vinilozona.lt\/#website"},"primaryImageOfPage":{"@id":"https:\/\/vinilozona.lt\/parduotuve\/rock-pop\/simon-and-garfunkel-bridge-over-troubled-water\/#primaryimage"},"image":{"@id":"https:\/\/vinilozona.lt\/parduotuve\/rock-pop\/simon-and-garfunkel-bridge-over-troubled-water\/#primaryimage"},"thumbnailUrl":"https:\/\/vinilozona.lt\/wp-content\/uploads\/2022\/02\/R-1671969-1287351196.jpg","datePublished":"2025-03-16T03:01:03+00:00","dateModified":"2025-03-16T04:59:38+00:00","breadcrumb":{"@id":"https:\/\/vinilozona.lt\/parduotuve\/rock-pop\/simon-and-garfunkel-bridge-over-troubled-water\/#breadcrumb"},"inLanguage":"en-GB","potentialAction":[{"@type":"ReadAction","target":["https:\/\/vinilozona.lt\/parduotuve\/rock-pop\/simon-and-garfunkel-bridge-over-troubled-water\/"]}]},{"@type":"ImageObject","inLanguage":"en-GB","@id":"https:\/\/vinilozona.lt\/parduotuve\/rock-pop\/simon-and-garfunkel-bridge-over-troubled-water\/#primaryimage","url":"https:\/\/vinilozona.lt\/wp-content\/uploads\/2022\/02\/R-1671969-1287351196.jpg","contentUrl":"https:\/\/vinilozona.lt\/wp-content\/uploads\/2022\/02\/R-1671969-1287351196.jpg","width":600,"height":597},{"@type":"BreadcrumbList","@id":"https:\/\/vinilozona.lt\/parduotuve\/rock-pop\/simon-and-garfunkel-bridge-over-troubled-water\/#breadcrumb","itemListElement":[{"@type":"ListItem","position":1,"name":"Home","item":"https:\/\/vinilozona.lt\/"},{"@type":"ListItem","position":2,"name":"Parduotuv\u0117","item":"https:\/\/vinilozona.lt\/parduotuve\/"},{"@type":"ListItem","position":3,"name":"Simon And Garfunkel \u2013 Bridge Over Troubled Water"}]},{"@type":"WebSite","@id":"https:\/\/vinilozona.lt\/#website","url":"https:\/\/vinilozona.lt\/","name":"Vinilo Zona","description":"Nup\u016bsk dulkes ir klausyk LP","potentialAction":[{"@type":"SearchAction","target":{"@type":"EntryPoint","urlTemplate":"https:\/\/vinilozona.lt\/?s={search_term_string}"},"query-input":{"@type":"PropertyValueSpecification","valueRequired":true,"valueName":"search_term_string"}}],"inLanguage":"en-GB"}]}},"_links":{"self":[{"href":"https:\/\/vinilozona.lt\/en\/wp-json\/wp\/v2\/product\/18409"}],"collection":[{"href":"https:\/\/vinilozona.lt\/en\/wp-json\/wp\/v2\/product"}],"about":[{"href":"https:\/\/vinilozona.lt\/en\/wp-json\/wp\/v2\/types\/product"}],"wp:featuredmedia":[{"embeddable":true,"href":"https:\/\/vinilozona.lt\/en\/wp-json\/wp\/v2\/media\/18410"}],"wp:attachment":[{"href":"https:\/\/vinilozona.lt\/en\/wp-json\/wp\/v2\/media?parent=18409"}],"wp:term":[{"taxonomy":"product_cat","embeddable":true,"href":"https:\/\/vinilozona.lt\/en\/wp-json\/wp\/v2\/product_cat?post=18409"},{"taxonomy":"product_tag","embeddable":true,"href":"https:\/\/vinilozona.lt\/en\/wp-json\/wp\/v2\/product_tag?post=18409"}],"curies":[{"name":"wp","href":"https:\/\/api.w.org\/{rel}","templated":true}]}}