{"id":18400,"date":"2022-02-14T12:00:49","date_gmt":"2022-02-14T10:00:49","guid":{"rendered":"https:\/\/vinilozona.lt\/?post_type=product&#038;p=18400"},"modified":"2025-11-17T09:13:25","modified_gmt":"2025-11-17T07:13:25","slug":"band-%e2%80%8e-the-last-waltz-3lp","status":"publish","type":"product","link":"https:\/\/vinilozona.lt\/en\/parduotuve\/rock-pop\/band-%e2%80%8e-the-last-waltz-3lp\/","title":{"rendered":"Band \u200e\u2013 The Last Waltz &#8211; 3LP"},"content":{"rendered":"<p>A1\t\tTheme From The Last Waltz<br \/>\nA2\t\tUp On Cripple Creek<br \/>\nA3\t\tWho Do You Love<br \/>\nA4\t\tHelpless<br \/>\nA5\t\tStagefright<br \/>\nB1\t\tCoyote<br \/>\nB2\t\tDry Your Eyes<br \/>\nB3\t\tIt Makes No Difference<br \/>\nB4\t\tSuch A Night<br \/>\nC1\t\tThe Night They Drove Old Dixie Down<br \/>\nC2\t\tMystery Train<br \/>\nC3\t\tMannish Boy<br \/>\nC4\t\tFurther On Up The Road<br \/>\nD1\t\tShape I&#8217;m In<br \/>\nD2\t\tDown South In New Orleans<br \/>\nD3\t\tOphelia<br \/>\nD4\t\tTura Lura Lural (That&#8217;s An Irish Lullaby)<br \/>\nD5\t\tCaravan<br \/>\nE1\t\tLife Is A Carnival<br \/>\nE2\t\tBaby Let Me Follow You Down<br \/>\nE3\t\tI Don&#8217;t Believe You (She Acts Like We Never Met)<br \/>\nE4\t\tForever Young<br \/>\nE5\t\tBaby Let Me Follow You Down (Reprise)<br \/>\nE6\t\tI Shall Be Released<br \/>\nF1\t\tThe Well<br \/>\nF2\t\tEvangeline<br \/>\nF3\t\tOut Of The Blue<br \/>\nF4\t\tThe Weight<br \/>\nF5\t\tThe Last Waltz Refrain<br \/>\nF6\t\tTheme From The Last Waltz<\/p>","protected":false},"excerpt":{"rendered":"<p>Warner Bros. Records \u2013 WB 66076, Warner Bros. Records \u2013 WB 66 076<\/p>","protected":false},"featured_media":18401,"template":"","meta":[],"product_cat":[15],"product_tag":[55],"yoast_head":"<!-- This site is optimized with the Yoast SEO plugin v23.5 - https:\/\/yoast.com\/wordpress\/plugins\/seo\/ -->\n<title>Band \u200e\u2013 The Last Waltz - 3LP Vinilin\u0117 Plok\u0161tel\u0117 | Vinilozona.lt<\/title>\n<meta name=\"robots\" content=\"index, follow, max-snippet:-1, max-image-preview:large, max-video-preview:-1\" \/>\n<link rel=\"canonical\" href=\"https:\/\/vinilozona.lt\/en\/parduotuve\/rock-pop\/band-\u200e-the-last-waltz-3lp\/\" \/>\n<meta property=\"og:locale\" content=\"en_GB\" \/>\n<meta property=\"og:type\" content=\"article\" \/>\n<meta property=\"og:title\" content=\"Band \u200e\u2013 The Last Waltz - 3LP Vinilin\u0117 Plok\u0161tel\u0117 | Vinilozona.lt\" \/>\n<meta property=\"og:description\" content=\"Warner Bros. Records \u2013 WB 66076, Warner Bros. Records \u2013 WB 66 076\" \/>\n<meta property=\"og:url\" content=\"https:\/\/vinilozona.lt\/en\/parduotuve\/rock-pop\/band-\u200e-the-last-waltz-3lp\/\" \/>\n<meta property=\"og:site_name\" content=\"Vinilo Zona\" \/>\n<meta property=\"article:modified_time\" content=\"2025-11-17T07:13:25+00:00\" \/>\n<meta property=\"og:image\" content=\"https:\/\/vinilozona.lt\/wp-content\/uploads\/2022\/02\/R-7832586-1449757173-1412.jpg\" \/>\n\t<meta property=\"og:image:width\" content=\"600\" \/>\n\t<meta property=\"og:image:height\" content=\"597\" \/>\n\t<meta property=\"og:image:type\" content=\"image\/jpeg\" \/>\n<meta name=\"twitter:card\" content=\"summary_large_image\" \/>\n<meta name=\"twitter:label1\" content=\"Estimated reading time\" \/>\n\t<meta name=\"twitter:data1\" content=\"1 minute\" \/>\n<script type=\"application\/ld+json\" class=\"yoast-schema-graph\">{\"@context\":\"https:\/\/schema.org\",\"@graph\":[{\"@type\":\"WebPage\",\"@id\":\"https:\/\/vinilozona.lt\/parduotuve\/rock-pop\/band-%e2%80%8e-the-last-waltz-3lp\/\",\"url\":\"https:\/\/vinilozona.lt\/parduotuve\/rock-pop\/band-%e2%80%8e-the-last-waltz-3lp\/\",\"name\":\"Band \u200e\u2013 The Last Waltz - 3LP Vinilin\u0117 Plok\u0161tel\u0117 | Vinilozona.lt\",\"isPartOf\":{\"@id\":\"https:\/\/vinilozona.lt\/#website\"},\"primaryImageOfPage\":{\"@id\":\"https:\/\/vinilozona.lt\/parduotuve\/rock-pop\/band-%e2%80%8e-the-last-waltz-3lp\/#primaryimage\"},\"image\":{\"@id\":\"https:\/\/vinilozona.lt\/parduotuve\/rock-pop\/band-%e2%80%8e-the-last-waltz-3lp\/#primaryimage\"},\"thumbnailUrl\":\"https:\/\/vinilozona.lt\/wp-content\/uploads\/2022\/02\/R-7832586-1449757173-1412.jpg\",\"datePublished\":\"2022-02-14T10:00:49+00:00\",\"dateModified\":\"2025-11-17T07:13:25+00:00\",\"breadcrumb\":{\"@id\":\"https:\/\/vinilozona.lt\/parduotuve\/rock-pop\/band-%e2%80%8e-the-last-waltz-3lp\/#breadcrumb\"},\"inLanguage\":\"en-GB\",\"potentialAction\":[{\"@type\":\"ReadAction\",\"target\":[\"https:\/\/vinilozona.lt\/parduotuve\/rock-pop\/band-%e2%80%8e-the-last-waltz-3lp\/\"]}]},{\"@type\":\"ImageObject\",\"inLanguage\":\"en-GB\",\"@id\":\"https:\/\/vinilozona.lt\/parduotuve\/rock-pop\/band-%e2%80%8e-the-last-waltz-3lp\/#primaryimage\",\"url\":\"https:\/\/vinilozona.lt\/wp-content\/uploads\/2022\/02\/R-7832586-1449757173-1412.jpg\",\"contentUrl\":\"https:\/\/vinilozona.lt\/wp-content\/uploads\/2022\/02\/R-7832586-1449757173-1412.jpg\",\"width\":600,\"height\":597},{\"@type\":\"BreadcrumbList\",\"@id\":\"https:\/\/vinilozona.lt\/parduotuve\/rock-pop\/band-%e2%80%8e-the-last-waltz-3lp\/#breadcrumb\",\"itemListElement\":[{\"@type\":\"ListItem\",\"position\":1,\"name\":\"Home\",\"item\":\"https:\/\/vinilozona.lt\/\"},{\"@type\":\"ListItem\",\"position\":2,\"name\":\"Parduotuv\u0117\",\"item\":\"https:\/\/vinilozona.lt\/parduotuve\/\"},{\"@type\":\"ListItem\",\"position\":3,\"name\":\"Band \u200e\u2013 The Last Waltz &#8211; 3LP\"}]},{\"@type\":\"WebSite\",\"@id\":\"https:\/\/vinilozona.lt\/#website\",\"url\":\"https:\/\/vinilozona.lt\/\",\"name\":\"Vinilo Zona\",\"description\":\"Nup\u016bsk dulkes ir klausyk LP\",\"potentialAction\":[{\"@type\":\"SearchAction\",\"target\":{\"@type\":\"EntryPoint\",\"urlTemplate\":\"https:\/\/vinilozona.lt\/?s={search_term_string}\"},\"query-input\":{\"@type\":\"PropertyValueSpecification\",\"valueRequired\":true,\"valueName\":\"search_term_string\"}}],\"inLanguage\":\"en-GB\"}]}<\/script>\n<!-- \/ Yoast SEO plugin. -->","yoast_head_json":{"title":"Band \u200e\u2013 The Last Waltz - 3LP Vinilin\u0117 Plok\u0161tel\u0117 | Vinilozona.lt","robots":{"index":"index","follow":"follow","max-snippet":"max-snippet:-1","max-image-preview":"max-image-preview:large","max-video-preview":"max-video-preview:-1"},"canonical":"https:\/\/vinilozona.lt\/en\/parduotuve\/rock-pop\/band-\u200e-the-last-waltz-3lp\/","og_locale":"en_GB","og_type":"article","og_title":"Band \u200e\u2013 The Last Waltz - 3LP Vinilin\u0117 Plok\u0161tel\u0117 | Vinilozona.lt","og_description":"Warner Bros. Records \u2013 WB 66076, Warner Bros. Records \u2013 WB 66 076","og_url":"https:\/\/vinilozona.lt\/en\/parduotuve\/rock-pop\/band-\u200e-the-last-waltz-3lp\/","og_site_name":"Vinilo Zona","article_modified_time":"2025-11-17T07:13:25+00:00","og_image":[{"width":600,"height":597,"url":"https:\/\/vinilozona.lt\/wp-content\/uploads\/2022\/02\/R-7832586-1449757173-1412.jpg","type":"image\/jpeg"}],"twitter_card":"summary_large_image","twitter_misc":{"Estimated reading time":"1 minute"},"schema":{"@context":"https:\/\/schema.org","@graph":[{"@type":"WebPage","@id":"https:\/\/vinilozona.lt\/parduotuve\/rock-pop\/band-%e2%80%8e-the-last-waltz-3lp\/","url":"https:\/\/vinilozona.lt\/parduotuve\/rock-pop\/band-%e2%80%8e-the-last-waltz-3lp\/","name":"Band \u200e\u2013 The Last Waltz - 3LP Vinilin\u0117 Plok\u0161tel\u0117 | Vinilozona.lt","isPartOf":{"@id":"https:\/\/vinilozona.lt\/#website"},"primaryImageOfPage":{"@id":"https:\/\/vinilozona.lt\/parduotuve\/rock-pop\/band-%e2%80%8e-the-last-waltz-3lp\/#primaryimage"},"image":{"@id":"https:\/\/vinilozona.lt\/parduotuve\/rock-pop\/band-%e2%80%8e-the-last-waltz-3lp\/#primaryimage"},"thumbnailUrl":"https:\/\/vinilozona.lt\/wp-content\/uploads\/2022\/02\/R-7832586-1449757173-1412.jpg","datePublished":"2022-02-14T10:00:49+00:00","dateModified":"2025-11-17T07:13:25+00:00","breadcrumb":{"@id":"https:\/\/vinilozona.lt\/parduotuve\/rock-pop\/band-%e2%80%8e-the-last-waltz-3lp\/#breadcrumb"},"inLanguage":"en-GB","potentialAction":[{"@type":"ReadAction","target":["https:\/\/vinilozona.lt\/parduotuve\/rock-pop\/band-%e2%80%8e-the-last-waltz-3lp\/"]}]},{"@type":"ImageObject","inLanguage":"en-GB","@id":"https:\/\/vinilozona.lt\/parduotuve\/rock-pop\/band-%e2%80%8e-the-last-waltz-3lp\/#primaryimage","url":"https:\/\/vinilozona.lt\/wp-content\/uploads\/2022\/02\/R-7832586-1449757173-1412.jpg","contentUrl":"https:\/\/vinilozona.lt\/wp-content\/uploads\/2022\/02\/R-7832586-1449757173-1412.jpg","width":600,"height":597},{"@type":"BreadcrumbList","@id":"https:\/\/vinilozona.lt\/parduotuve\/rock-pop\/band-%e2%80%8e-the-last-waltz-3lp\/#breadcrumb","itemListElement":[{"@type":"ListItem","position":1,"name":"Home","item":"https:\/\/vinilozona.lt\/"},{"@type":"ListItem","position":2,"name":"Parduotuv\u0117","item":"https:\/\/vinilozona.lt\/parduotuve\/"},{"@type":"ListItem","position":3,"name":"Band \u200e\u2013 The Last Waltz &#8211; 3LP"}]},{"@type":"WebSite","@id":"https:\/\/vinilozona.lt\/#website","url":"https:\/\/vinilozona.lt\/","name":"Vinilo Zona","description":"Nup\u016bsk dulkes ir klausyk LP","potentialAction":[{"@type":"SearchAction","target":{"@type":"EntryPoint","urlTemplate":"https:\/\/vinilozona.lt\/?s={search_term_string}"},"query-input":{"@type":"PropertyValueSpecification","valueRequired":true,"valueName":"search_term_string"}}],"inLanguage":"en-GB"}]}},"_links":{"self":[{"href":"https:\/\/vinilozona.lt\/en\/wp-json\/wp\/v2\/product\/18400"}],"collection":[{"href":"https:\/\/vinilozona.lt\/en\/wp-json\/wp\/v2\/product"}],"about":[{"href":"https:\/\/vinilozona.lt\/en\/wp-json\/wp\/v2\/types\/product"}],"wp:featuredmedia":[{"embeddable":true,"href":"https:\/\/vinilozona.lt\/en\/wp-json\/wp\/v2\/media\/18401"}],"wp:attachment":[{"href":"https:\/\/vinilozona.lt\/en\/wp-json\/wp\/v2\/media?parent=18400"}],"wp:term":[{"taxonomy":"product_cat","embeddable":true,"href":"https:\/\/vinilozona.lt\/en\/wp-json\/wp\/v2\/product_cat?post=18400"},{"taxonomy":"product_tag","embeddable":true,"href":"https:\/\/vinilozona.lt\/en\/wp-json\/wp\/v2\/product_tag?post=18400"}],"curies":[{"name":"wp","href":"https:\/\/api.w.org\/{rel}","templated":true}]}}