{"id":18355,"date":"2022-02-07T18:37:33","date_gmt":"2022-02-07T16:37:33","guid":{"rendered":"https:\/\/vinilozona.lt\/?post_type=product&#038;p=18355"},"modified":"2022-02-09T03:47:14","modified_gmt":"2022-02-09T01:47:14","slug":"kiss-peter-criss-peter-criss","status":"publish","type":"product","link":"https:\/\/vinilozona.lt\/en\/parduotuve\/rock-pop\/kiss-peter-criss-peter-criss\/","title":{"rendered":"Kiss, Peter Criss \u2013 Peter Criss"},"content":{"rendered":"<p>I&#8217;m Gonna Love You\t3:18<br \/>\nYou Matter To Me\t3:15<br \/>\nTossin&#8217; And Turnin&#8217;\t3:58<br \/>\nDon&#8217;t You Let Me Down\t3:38<br \/>\nThat&#8217;s The Kind Of Sugar Papa Likes\t2:58<br \/>\nEasy Thing\t3:53<br \/>\nRock Me Baby\t2:50<br \/>\nKiss The Girl Goodbye\t2:46<br \/>\nHooked On Rock And Roll\t3:37<br \/>\nI Can&#8217;t Stop The Rain\t4:25<\/p>","protected":false},"excerpt":{"rendered":"<p>Casablanca \u2013 NBLP 7122<br \/>\nFormat:<br \/>\nVinyl, LP, Album  YRA VIDVOKIS IR PLAKATAS<br \/>\nCountry:\tScandinavia<br \/>\nReleased:\t1978<\/p>","protected":false},"featured_media":18356,"template":"","meta":[],"product_cat":[15],"product_tag":[44],"yoast_head":"<!-- This site is optimized with the Yoast SEO plugin v23.5 - https:\/\/yoast.com\/wordpress\/plugins\/seo\/ -->\n<title>Kiss, Peter Criss \u2013 Peter Criss Vinilin\u0117 Plok\u0161tel\u0117 | Vinilozona.lt<\/title>\n<meta name=\"robots\" content=\"index, follow, max-snippet:-1, max-image-preview:large, max-video-preview:-1\" \/>\n<link rel=\"canonical\" href=\"https:\/\/vinilozona.lt\/en\/parduotuve\/rock-pop\/kiss-peter-criss-peter-criss\/\" \/>\n<meta property=\"og:locale\" content=\"en_GB\" \/>\n<meta property=\"og:type\" content=\"article\" \/>\n<meta property=\"og:title\" content=\"Kiss, Peter Criss \u2013 Peter Criss Vinilin\u0117 Plok\u0161tel\u0117 | Vinilozona.lt\" \/>\n<meta property=\"og:description\" content=\"Casablanca \u2013 NBLP 7122 Format:  Vinyl, LP, Album YRA VIDVOKIS IR PLAKATAS Country: Scandinavia Released: 1978\" \/>\n<meta property=\"og:url\" content=\"https:\/\/vinilozona.lt\/en\/parduotuve\/rock-pop\/kiss-peter-criss-peter-criss\/\" \/>\n<meta property=\"og:site_name\" content=\"Vinilo Zona\" \/>\n<meta property=\"article:modified_time\" content=\"2022-02-09T01:47:14+00:00\" \/>\n<meta property=\"og:image\" content=\"https:\/\/vinilozona.lt\/wp-content\/uploads\/2022\/02\/R-837429-1501114552-6393.jpg\" \/>\n\t<meta property=\"og:image:width\" content=\"600\" \/>\n\t<meta property=\"og:image:height\" content=\"600\" \/>\n\t<meta property=\"og:image:type\" content=\"image\/jpeg\" \/>\n<meta name=\"twitter:card\" content=\"summary_large_image\" \/>\n<script type=\"application\/ld+json\" class=\"yoast-schema-graph\">{\"@context\":\"https:\/\/schema.org\",\"@graph\":[{\"@type\":\"WebPage\",\"@id\":\"https:\/\/vinilozona.lt\/parduotuve\/rock-pop\/kiss-peter-criss-peter-criss\/\",\"url\":\"https:\/\/vinilozona.lt\/parduotuve\/rock-pop\/kiss-peter-criss-peter-criss\/\",\"name\":\"Kiss, Peter Criss \u2013 Peter Criss Vinilin\u0117 Plok\u0161tel\u0117 | Vinilozona.lt\",\"isPartOf\":{\"@id\":\"https:\/\/vinilozona.lt\/#website\"},\"primaryImageOfPage\":{\"@id\":\"https:\/\/vinilozona.lt\/parduotuve\/rock-pop\/kiss-peter-criss-peter-criss\/#primaryimage\"},\"image\":{\"@id\":\"https:\/\/vinilozona.lt\/parduotuve\/rock-pop\/kiss-peter-criss-peter-criss\/#primaryimage\"},\"thumbnailUrl\":\"https:\/\/vinilozona.lt\/wp-content\/uploads\/2022\/02\/R-837429-1501114552-6393.jpg\",\"datePublished\":\"2022-02-07T16:37:33+00:00\",\"dateModified\":\"2022-02-09T01:47:14+00:00\",\"breadcrumb\":{\"@id\":\"https:\/\/vinilozona.lt\/parduotuve\/rock-pop\/kiss-peter-criss-peter-criss\/#breadcrumb\"},\"inLanguage\":\"en-GB\",\"potentialAction\":[{\"@type\":\"ReadAction\",\"target\":[\"https:\/\/vinilozona.lt\/parduotuve\/rock-pop\/kiss-peter-criss-peter-criss\/\"]}]},{\"@type\":\"ImageObject\",\"inLanguage\":\"en-GB\",\"@id\":\"https:\/\/vinilozona.lt\/parduotuve\/rock-pop\/kiss-peter-criss-peter-criss\/#primaryimage\",\"url\":\"https:\/\/vinilozona.lt\/wp-content\/uploads\/2022\/02\/R-837429-1501114552-6393.jpg\",\"contentUrl\":\"https:\/\/vinilozona.lt\/wp-content\/uploads\/2022\/02\/R-837429-1501114552-6393.jpg\",\"width\":600,\"height\":600},{\"@type\":\"BreadcrumbList\",\"@id\":\"https:\/\/vinilozona.lt\/parduotuve\/rock-pop\/kiss-peter-criss-peter-criss\/#breadcrumb\",\"itemListElement\":[{\"@type\":\"ListItem\",\"position\":1,\"name\":\"Home\",\"item\":\"https:\/\/vinilozona.lt\/\"},{\"@type\":\"ListItem\",\"position\":2,\"name\":\"Parduotuv\u0117\",\"item\":\"https:\/\/vinilozona.lt\/parduotuve\/\"},{\"@type\":\"ListItem\",\"position\":3,\"name\":\"Kiss, Peter Criss \u2013 Peter Criss\"}]},{\"@type\":\"WebSite\",\"@id\":\"https:\/\/vinilozona.lt\/#website\",\"url\":\"https:\/\/vinilozona.lt\/\",\"name\":\"Vinilo Zona\",\"description\":\"Nup\u016bsk dulkes ir klausyk LP\",\"potentialAction\":[{\"@type\":\"SearchAction\",\"target\":{\"@type\":\"EntryPoint\",\"urlTemplate\":\"https:\/\/vinilozona.lt\/?s={search_term_string}\"},\"query-input\":{\"@type\":\"PropertyValueSpecification\",\"valueRequired\":true,\"valueName\":\"search_term_string\"}}],\"inLanguage\":\"en-GB\"}]}<\/script>\n<!-- \/ Yoast SEO plugin. -->","yoast_head_json":{"title":"Kiss, Peter Criss \u2013 Peter Criss Vinilin\u0117 Plok\u0161tel\u0117 | Vinilozona.lt","robots":{"index":"index","follow":"follow","max-snippet":"max-snippet:-1","max-image-preview":"max-image-preview:large","max-video-preview":"max-video-preview:-1"},"canonical":"https:\/\/vinilozona.lt\/en\/parduotuve\/rock-pop\/kiss-peter-criss-peter-criss\/","og_locale":"en_GB","og_type":"article","og_title":"Kiss, Peter Criss \u2013 Peter Criss Vinilin\u0117 Plok\u0161tel\u0117 | Vinilozona.lt","og_description":"Casablanca \u2013 NBLP 7122 Format:  Vinyl, LP, Album YRA VIDVOKIS IR PLAKATAS Country: Scandinavia Released: 1978","og_url":"https:\/\/vinilozona.lt\/en\/parduotuve\/rock-pop\/kiss-peter-criss-peter-criss\/","og_site_name":"Vinilo Zona","article_modified_time":"2022-02-09T01:47:14+00:00","og_image":[{"width":600,"height":600,"url":"https:\/\/vinilozona.lt\/wp-content\/uploads\/2022\/02\/R-837429-1501114552-6393.jpg","type":"image\/jpeg"}],"twitter_card":"summary_large_image","schema":{"@context":"https:\/\/schema.org","@graph":[{"@type":"WebPage","@id":"https:\/\/vinilozona.lt\/parduotuve\/rock-pop\/kiss-peter-criss-peter-criss\/","url":"https:\/\/vinilozona.lt\/parduotuve\/rock-pop\/kiss-peter-criss-peter-criss\/","name":"Kiss, Peter Criss \u2013 Peter Criss Vinilin\u0117 Plok\u0161tel\u0117 | Vinilozona.lt","isPartOf":{"@id":"https:\/\/vinilozona.lt\/#website"},"primaryImageOfPage":{"@id":"https:\/\/vinilozona.lt\/parduotuve\/rock-pop\/kiss-peter-criss-peter-criss\/#primaryimage"},"image":{"@id":"https:\/\/vinilozona.lt\/parduotuve\/rock-pop\/kiss-peter-criss-peter-criss\/#primaryimage"},"thumbnailUrl":"https:\/\/vinilozona.lt\/wp-content\/uploads\/2022\/02\/R-837429-1501114552-6393.jpg","datePublished":"2022-02-07T16:37:33+00:00","dateModified":"2022-02-09T01:47:14+00:00","breadcrumb":{"@id":"https:\/\/vinilozona.lt\/parduotuve\/rock-pop\/kiss-peter-criss-peter-criss\/#breadcrumb"},"inLanguage":"en-GB","potentialAction":[{"@type":"ReadAction","target":["https:\/\/vinilozona.lt\/parduotuve\/rock-pop\/kiss-peter-criss-peter-criss\/"]}]},{"@type":"ImageObject","inLanguage":"en-GB","@id":"https:\/\/vinilozona.lt\/parduotuve\/rock-pop\/kiss-peter-criss-peter-criss\/#primaryimage","url":"https:\/\/vinilozona.lt\/wp-content\/uploads\/2022\/02\/R-837429-1501114552-6393.jpg","contentUrl":"https:\/\/vinilozona.lt\/wp-content\/uploads\/2022\/02\/R-837429-1501114552-6393.jpg","width":600,"height":600},{"@type":"BreadcrumbList","@id":"https:\/\/vinilozona.lt\/parduotuve\/rock-pop\/kiss-peter-criss-peter-criss\/#breadcrumb","itemListElement":[{"@type":"ListItem","position":1,"name":"Home","item":"https:\/\/vinilozona.lt\/"},{"@type":"ListItem","position":2,"name":"Parduotuv\u0117","item":"https:\/\/vinilozona.lt\/parduotuve\/"},{"@type":"ListItem","position":3,"name":"Kiss, Peter Criss \u2013 Peter Criss"}]},{"@type":"WebSite","@id":"https:\/\/vinilozona.lt\/#website","url":"https:\/\/vinilozona.lt\/","name":"Vinilo Zona","description":"Nup\u016bsk dulkes ir klausyk LP","potentialAction":[{"@type":"SearchAction","target":{"@type":"EntryPoint","urlTemplate":"https:\/\/vinilozona.lt\/?s={search_term_string}"},"query-input":{"@type":"PropertyValueSpecification","valueRequired":true,"valueName":"search_term_string"}}],"inLanguage":"en-GB"}]}},"_links":{"self":[{"href":"https:\/\/vinilozona.lt\/en\/wp-json\/wp\/v2\/product\/18355"}],"collection":[{"href":"https:\/\/vinilozona.lt\/en\/wp-json\/wp\/v2\/product"}],"about":[{"href":"https:\/\/vinilozona.lt\/en\/wp-json\/wp\/v2\/types\/product"}],"wp:featuredmedia":[{"embeddable":true,"href":"https:\/\/vinilozona.lt\/en\/wp-json\/wp\/v2\/media\/18356"}],"wp:attachment":[{"href":"https:\/\/vinilozona.lt\/en\/wp-json\/wp\/v2\/media?parent=18355"}],"wp:term":[{"taxonomy":"product_cat","embeddable":true,"href":"https:\/\/vinilozona.lt\/en\/wp-json\/wp\/v2\/product_cat?post=18355"},{"taxonomy":"product_tag","embeddable":true,"href":"https:\/\/vinilozona.lt\/en\/wp-json\/wp\/v2\/product_tag?post=18355"}],"curies":[{"name":"wp","href":"https:\/\/api.w.org\/{rel}","templated":true}]}}