{"id":18341,"date":"2026-02-17T05:05:05","date_gmt":"2026-02-17T03:05:05","guid":{"rendered":"https:\/\/vinilozona.lt\/?post_type=product&#038;p=18341"},"modified":"2026-02-17T11:41:08","modified_gmt":"2026-02-17T09:41:08","slug":"stars-on-45-long-play-album","status":"publish","type":"product","link":"https:\/\/vinilozona.lt\/en\/parduotuve\/rock-pop\/stars-on-45-long-play-album\/","title":{"rendered":"Stars On 45 \u2013 Long Play Album"},"content":{"rendered":"<p>A.1\tStars On 45\u2013\tStars On 45<br \/>\nA.2\tStars On 45\u2013\tNo Reply<br \/>\nA.3\tStars On 45\u2013\tI&#8217;ll Be Back<br \/>\nA.4\tStars On 45\u2013\tDrive My Car<br \/>\nA.5\tStars On 45\u2013\tDo You Want To Know A Secret<br \/>\nA.6\tStars On 45\u2013\tWe Can Work It Out<br \/>\nA.7\tStars On 45\u2013\tI Should Have Known Better<br \/>\nA.8\tStars On 45\u2013\tNowhere Man<br \/>\nA.9\tStars On 45\u2013\tYou&#8217;re Going To Loose That Girl<br \/>\nA.10\tStars On 45\u2013\tTicket To Ride<br \/>\nA.11\tStars On 45\u2013\tThe Word<br \/>\nA.12\tStars On 45\u2013\tEleanor Rigby<br \/>\nA.13\tStars On 45\u2013\tEvery Little Thing<br \/>\nA.14\tStars On 45\u2013\tAnd Your Bird Can Sing<br \/>\nA.15\tStars On 45\u2013\tGet Back<br \/>\nA.16\tStars On 45\u2013\tEight Days A Week<br \/>\nA.17\tStars On 45\u2013\tIt Won&#8217;t Be Long<br \/>\nA.18\tStars On 45\u2013\tDaytripper<br \/>\nA.19\tStars On 45\u2013\tWait<br \/>\nA.20\tStars On 45\u2013\tGood Day Sunshine<br \/>\nA.21\tStars On 45\u2013\tMy Sweet Lord<br \/>\nA.22\tStars On 45\u2013\tHere Comes The Sun<br \/>\nA.23\tStars On 45\u2013\tWhile My Guitar Gently Weeps<br \/>\nA.24\tStars On 45\u2013\tTaxman<br \/>\nA.25\tStars On 45\u2013\tA Hard Day&#8217;s Night<br \/>\nA.26\tStars On 45\u2013\tThings We Said Today<br \/>\nA.27\tStars On 45\u2013\tIf I Fell<br \/>\nA.28\tStars On 45\u2013\tYou Can&#8217;t Do That<br \/>\nA.29\tStars On 45\u2013\tPlease Please Me<br \/>\nA.30\tStars On 45\u2013\tFrom Me To You<br \/>\nA.31\tStars On 45\u2013\tI Wanna Hold Your Hand<br \/>\nA.32\tStars On 45\u2013\tStars On 45<br \/>\nB1.1\tStars On 45\u2013\tStars On 45<br \/>\nB1.2\tStars On 45\u2013\tBoogie Nights<br \/>\nB1.3\tStars On 45\u2013\tFunky Town<br \/>\nB1.4\tStars On 45\u2013\tVideo Killed The Radio Star<br \/>\nB1.5\tStars On 45\u2013\tVenus<br \/>\nB1.6\tStars On 45\u2013\tSugar Sugar<br \/>\nB1.7\tStars On 45\u2013\tCathy&#8217;s Clown<br \/>\nB1.8\tStars On 45\u2013\tBreaking Up Is Hard To Do<br \/>\nB1.9\tStars On 45\u2013\tOnly The Lonely<br \/>\nB1.10\tStars On 45\u2013\tLady Bump<br \/>\nB1.11\tStars On 45\u2013\tJimmy Mack<br \/>\nB1-12\tStars On 45\u2013\tRainy Day<br \/>\nB1.13\tStars On 45\u2013\tItsy Bitsy Tieny Wieny Yellow Polkadot Bikini<br \/>\nB1.14\tStars On 45\u2013\tStars On 45<br \/>\nB2.1\tLong Tall Ernie And The Shakers\u2013\tDo You Remember<br \/>\nB2.2\tLong Tall Ernie And The Shakers\u2013\tLucille<br \/>\nB2.3\tLong Tall Ernie And The Shakers\u2013\tBird Dog<br \/>\nB2.4\tLong Tall Ernie And The Shakers\u2013\tRunaway<br \/>\nB2.5\tLong Tall Ernie And The Shakers\u2013\tBread And Butter<br \/>\nB2.6\tLong Tall Ernie And The Shakers\u2013\tThat&#8217;s Alright<br \/>\nB2.7\tLong Tall Ernie And The Shakers\u2013\tRip It Up<br \/>\nB2.8\tLong Tall Ernie And The Shakers\u2013\tJenny, Jenny<br \/>\nB3.1\tLong Tall Ernie And The Shakers\u2013\tGolden Years Of Rock And Roll<br \/>\nB3.2\tLong Tall Ernie And The Shakers\u2013\tNutrocker<br \/>\nB3.3\tLong Tall Ernie And The Shakers\u2013\tCherry<br \/>\nB3.4\tLong Tall Ernie And The Shakers\u2013\tWooly Bully<br \/>\nB3.5\tLong Tall Ernie And The Shakers\u2013\tBuona Sera<br \/>\nB3.6\tLong Tall Ernie And The Shakers\u2013\tSlippin&#8217; And Slidin&#8217;<br \/>\nB3.7\tLong Tall Ernie And The Shakers\u2013\tAt The Hop<\/p>","protected":false},"excerpt":{"rendered":"<p>CNR \u2013 0060.407, CNR \u2013 655.115<br \/>\nFormat:<br \/>\nVinyl, LP, Album, Stereo<br \/>\nCountry:\tEU<br \/>\nReleased:\t1981<\/p>","protected":false},"featured_media":18342,"template":"","meta":[],"product_cat":[15],"product_tag":[44],"yoast_head":"<!-- This site is optimized with the Yoast SEO plugin v23.5 - https:\/\/yoast.com\/wordpress\/plugins\/seo\/ -->\n<title>Stars On 45 \u2013 Long Play Album Vinilin\u0117 Plok\u0161tel\u0117 | Vinilozona.lt<\/title>\n<meta name=\"robots\" content=\"index, follow, max-snippet:-1, max-image-preview:large, max-video-preview:-1\" \/>\n<link rel=\"canonical\" href=\"https:\/\/vinilozona.lt\/en\/parduotuve\/rock-pop\/stars-on-45-long-play-album\/\" \/>\n<meta property=\"og:locale\" content=\"en_GB\" \/>\n<meta property=\"og:type\" content=\"article\" \/>\n<meta property=\"og:title\" content=\"Stars On 45 \u2013 Long Play Album Vinilin\u0117 Plok\u0161tel\u0117 | Vinilozona.lt\" \/>\n<meta property=\"og:description\" content=\"CNR \u2013 0060.407, CNR \u2013 655.115 Format:  Vinyl, LP, Album, Stereo Country: EU Released: 1981\" \/>\n<meta property=\"og:url\" content=\"https:\/\/vinilozona.lt\/en\/parduotuve\/rock-pop\/stars-on-45-long-play-album\/\" \/>\n<meta property=\"og:site_name\" content=\"Vinilo Zona\" \/>\n<meta property=\"article:modified_time\" content=\"2026-02-17T09:41:08+00:00\" \/>\n<meta property=\"og:image\" content=\"https:\/\/vinilozona.lt\/wp-content\/uploads\/2022\/02\/R-2713372-1540274166-8545.jpg\" \/>\n\t<meta property=\"og:image:width\" content=\"600\" \/>\n\t<meta property=\"og:image:height\" content=\"597\" \/>\n\t<meta property=\"og:image:type\" content=\"image\/jpeg\" \/>\n<meta name=\"twitter:card\" content=\"summary_large_image\" \/>\n<meta name=\"twitter:label1\" content=\"Estimated reading time\" \/>\n\t<meta name=\"twitter:data1\" content=\"3 minutes\" \/>\n<script type=\"application\/ld+json\" class=\"yoast-schema-graph\">{\"@context\":\"https:\/\/schema.org\",\"@graph\":[{\"@type\":\"WebPage\",\"@id\":\"https:\/\/vinilozona.lt\/parduotuve\/rock-pop\/stars-on-45-long-play-album\/\",\"url\":\"https:\/\/vinilozona.lt\/parduotuve\/rock-pop\/stars-on-45-long-play-album\/\",\"name\":\"Stars On 45 \u2013 Long Play Album Vinilin\u0117 Plok\u0161tel\u0117 | Vinilozona.lt\",\"isPartOf\":{\"@id\":\"https:\/\/vinilozona.lt\/#website\"},\"primaryImageOfPage\":{\"@id\":\"https:\/\/vinilozona.lt\/parduotuve\/rock-pop\/stars-on-45-long-play-album\/#primaryimage\"},\"image\":{\"@id\":\"https:\/\/vinilozona.lt\/parduotuve\/rock-pop\/stars-on-45-long-play-album\/#primaryimage\"},\"thumbnailUrl\":\"https:\/\/vinilozona.lt\/wp-content\/uploads\/2022\/02\/R-2713372-1540274166-8545.jpg\",\"datePublished\":\"2026-02-17T03:05:05+00:00\",\"dateModified\":\"2026-02-17T09:41:08+00:00\",\"breadcrumb\":{\"@id\":\"https:\/\/vinilozona.lt\/parduotuve\/rock-pop\/stars-on-45-long-play-album\/#breadcrumb\"},\"inLanguage\":\"en-GB\",\"potentialAction\":[{\"@type\":\"ReadAction\",\"target\":[\"https:\/\/vinilozona.lt\/parduotuve\/rock-pop\/stars-on-45-long-play-album\/\"]}]},{\"@type\":\"ImageObject\",\"inLanguage\":\"en-GB\",\"@id\":\"https:\/\/vinilozona.lt\/parduotuve\/rock-pop\/stars-on-45-long-play-album\/#primaryimage\",\"url\":\"https:\/\/vinilozona.lt\/wp-content\/uploads\/2022\/02\/R-2713372-1540274166-8545.jpg\",\"contentUrl\":\"https:\/\/vinilozona.lt\/wp-content\/uploads\/2022\/02\/R-2713372-1540274166-8545.jpg\",\"width\":600,\"height\":597},{\"@type\":\"BreadcrumbList\",\"@id\":\"https:\/\/vinilozona.lt\/parduotuve\/rock-pop\/stars-on-45-long-play-album\/#breadcrumb\",\"itemListElement\":[{\"@type\":\"ListItem\",\"position\":1,\"name\":\"Home\",\"item\":\"https:\/\/vinilozona.lt\/\"},{\"@type\":\"ListItem\",\"position\":2,\"name\":\"Parduotuv\u0117\",\"item\":\"https:\/\/vinilozona.lt\/parduotuve\/\"},{\"@type\":\"ListItem\",\"position\":3,\"name\":\"Stars On 45 \u2013 Long Play Album\"}]},{\"@type\":\"WebSite\",\"@id\":\"https:\/\/vinilozona.lt\/#website\",\"url\":\"https:\/\/vinilozona.lt\/\",\"name\":\"Vinilo Zona\",\"description\":\"Nup\u016bsk dulkes ir klausyk LP\",\"potentialAction\":[{\"@type\":\"SearchAction\",\"target\":{\"@type\":\"EntryPoint\",\"urlTemplate\":\"https:\/\/vinilozona.lt\/?s={search_term_string}\"},\"query-input\":{\"@type\":\"PropertyValueSpecification\",\"valueRequired\":true,\"valueName\":\"search_term_string\"}}],\"inLanguage\":\"en-GB\"}]}<\/script>\n<!-- \/ Yoast SEO plugin. -->","yoast_head_json":{"title":"Stars On 45 \u2013 Long Play Album Vinilin\u0117 Plok\u0161tel\u0117 | Vinilozona.lt","robots":{"index":"index","follow":"follow","max-snippet":"max-snippet:-1","max-image-preview":"max-image-preview:large","max-video-preview":"max-video-preview:-1"},"canonical":"https:\/\/vinilozona.lt\/en\/parduotuve\/rock-pop\/stars-on-45-long-play-album\/","og_locale":"en_GB","og_type":"article","og_title":"Stars On 45 \u2013 Long Play Album Vinilin\u0117 Plok\u0161tel\u0117 | Vinilozona.lt","og_description":"CNR \u2013 0060.407, CNR \u2013 655.115 Format:  Vinyl, LP, Album, Stereo Country: EU Released: 1981","og_url":"https:\/\/vinilozona.lt\/en\/parduotuve\/rock-pop\/stars-on-45-long-play-album\/","og_site_name":"Vinilo Zona","article_modified_time":"2026-02-17T09:41:08+00:00","og_image":[{"width":600,"height":597,"url":"https:\/\/vinilozona.lt\/wp-content\/uploads\/2022\/02\/R-2713372-1540274166-8545.jpg","type":"image\/jpeg"}],"twitter_card":"summary_large_image","twitter_misc":{"Estimated reading time":"3 minutes"},"schema":{"@context":"https:\/\/schema.org","@graph":[{"@type":"WebPage","@id":"https:\/\/vinilozona.lt\/parduotuve\/rock-pop\/stars-on-45-long-play-album\/","url":"https:\/\/vinilozona.lt\/parduotuve\/rock-pop\/stars-on-45-long-play-album\/","name":"Stars On 45 \u2013 Long Play Album Vinilin\u0117 Plok\u0161tel\u0117 | Vinilozona.lt","isPartOf":{"@id":"https:\/\/vinilozona.lt\/#website"},"primaryImageOfPage":{"@id":"https:\/\/vinilozona.lt\/parduotuve\/rock-pop\/stars-on-45-long-play-album\/#primaryimage"},"image":{"@id":"https:\/\/vinilozona.lt\/parduotuve\/rock-pop\/stars-on-45-long-play-album\/#primaryimage"},"thumbnailUrl":"https:\/\/vinilozona.lt\/wp-content\/uploads\/2022\/02\/R-2713372-1540274166-8545.jpg","datePublished":"2026-02-17T03:05:05+00:00","dateModified":"2026-02-17T09:41:08+00:00","breadcrumb":{"@id":"https:\/\/vinilozona.lt\/parduotuve\/rock-pop\/stars-on-45-long-play-album\/#breadcrumb"},"inLanguage":"en-GB","potentialAction":[{"@type":"ReadAction","target":["https:\/\/vinilozona.lt\/parduotuve\/rock-pop\/stars-on-45-long-play-album\/"]}]},{"@type":"ImageObject","inLanguage":"en-GB","@id":"https:\/\/vinilozona.lt\/parduotuve\/rock-pop\/stars-on-45-long-play-album\/#primaryimage","url":"https:\/\/vinilozona.lt\/wp-content\/uploads\/2022\/02\/R-2713372-1540274166-8545.jpg","contentUrl":"https:\/\/vinilozona.lt\/wp-content\/uploads\/2022\/02\/R-2713372-1540274166-8545.jpg","width":600,"height":597},{"@type":"BreadcrumbList","@id":"https:\/\/vinilozona.lt\/parduotuve\/rock-pop\/stars-on-45-long-play-album\/#breadcrumb","itemListElement":[{"@type":"ListItem","position":1,"name":"Home","item":"https:\/\/vinilozona.lt\/"},{"@type":"ListItem","position":2,"name":"Parduotuv\u0117","item":"https:\/\/vinilozona.lt\/parduotuve\/"},{"@type":"ListItem","position":3,"name":"Stars On 45 \u2013 Long Play Album"}]},{"@type":"WebSite","@id":"https:\/\/vinilozona.lt\/#website","url":"https:\/\/vinilozona.lt\/","name":"Vinilo Zona","description":"Nup\u016bsk dulkes ir klausyk LP","potentialAction":[{"@type":"SearchAction","target":{"@type":"EntryPoint","urlTemplate":"https:\/\/vinilozona.lt\/?s={search_term_string}"},"query-input":{"@type":"PropertyValueSpecification","valueRequired":true,"valueName":"search_term_string"}}],"inLanguage":"en-GB"}]}},"_links":{"self":[{"href":"https:\/\/vinilozona.lt\/en\/wp-json\/wp\/v2\/product\/18341"}],"collection":[{"href":"https:\/\/vinilozona.lt\/en\/wp-json\/wp\/v2\/product"}],"about":[{"href":"https:\/\/vinilozona.lt\/en\/wp-json\/wp\/v2\/types\/product"}],"wp:featuredmedia":[{"embeddable":true,"href":"https:\/\/vinilozona.lt\/en\/wp-json\/wp\/v2\/media\/18342"}],"wp:attachment":[{"href":"https:\/\/vinilozona.lt\/en\/wp-json\/wp\/v2\/media?parent=18341"}],"wp:term":[{"taxonomy":"product_cat","embeddable":true,"href":"https:\/\/vinilozona.lt\/en\/wp-json\/wp\/v2\/product_cat?post=18341"},{"taxonomy":"product_tag","embeddable":true,"href":"https:\/\/vinilozona.lt\/en\/wp-json\/wp\/v2\/product_tag?post=18341"}],"curies":[{"name":"wp","href":"https:\/\/api.w.org\/{rel}","templated":true}]}}