{"id":18314,"date":"2024-08-30T05:20:50","date_gmt":"2024-08-30T02:20:50","guid":{"rendered":"https:\/\/vinilozona.lt\/?post_type=product&#038;p=18314"},"modified":"2025-02-18T22:26:21","modified_gmt":"2025-02-18T20:26:21","slug":"wynton-marsalis-%e2%80%8e-he-and-she-cd","status":"publish","type":"product","link":"https:\/\/vinilozona.lt\/en\/parduotuve\/cd\/naudoti-cd\/wynton-marsalis-%e2%80%8e-he-and-she-cd\/","title":{"rendered":"Guns N&#8217; Roses \u2013 &#8222;The Spaghetti Incident?&#8221;  CD"},"content":{"rendered":"<p>1\t\tSince I Don&#8217;t Have You  4:18<br \/>\n2\t\tNew Rose  2:38<br \/>\n3\t\tDown On The Farm  3:28<br \/>\n4\t\tHuman Being  6:48<br \/>\n5\t\tRaw Power  3:11<br \/>\n6\t\tAin&#8217;t It Fun  5:05<br \/>\n7\t\tBuick Makane (Big Dumb Sex)  2:39<br \/>\n8\t\tHair Of The Dog  3:54<br \/>\n9\t\tAttitude  1:27<br \/>\n10\t\tBlack Leather  4:08<br \/>\n11\t\tYou Can&#8217;t Put Your Arms Around A Memory  3:35<br \/>\n12.1\t\tI Don&#8217;t Care About You 2:03<br \/>\n12.2\t\t(silence)\t0:14<br \/>\n12.3\t\tLook At Your Game, Girl  2:34<\/p>","protected":false},"excerpt":{"rendered":"<p>Label:\tGeffen Records \u2013 GED24617, Uzi Suicide Record Co. \u2013 GED24617<br \/>\nFormat:<br \/>\nCD, Album, Sonopress Pressing<br \/>\nCountry:\tEurope<br \/>\nReleased:\tNov 22, 1993<\/p>","protected":false},"featured_media":25705,"template":"","meta":[],"product_cat":[24,946],"product_tag":[44],"yoast_head":"<!-- This site is optimized with the Yoast SEO plugin v23.5 - https:\/\/yoast.com\/wordpress\/plugins\/seo\/ -->\n<title>Guns N&#039; Roses \u2013 &quot;The Spaghetti Incident?&quot; CD Vinilin\u0117 Plok\u0161tel\u0117 | Vinilozona.lt<\/title>\n<meta name=\"robots\" content=\"index, follow, max-snippet:-1, max-image-preview:large, max-video-preview:-1\" \/>\n<link rel=\"canonical\" href=\"https:\/\/vinilozona.lt\/en\/parduotuve\/cd\/naudoti-cd\/wynton-marsalis-\u200e-he-and-she-cd\/\" \/>\n<meta property=\"og:locale\" content=\"en_GB\" \/>\n<meta property=\"og:type\" content=\"article\" \/>\n<meta property=\"og:title\" content=\"Guns N&#039; Roses \u2013 &quot;The Spaghetti Incident?&quot; CD Vinilin\u0117 Plok\u0161tel\u0117 | Vinilozona.lt\" \/>\n<meta property=\"og:description\" content=\"Label: Geffen Records \u2013 GED24617, Uzi Suicide Record Co. \u2013 GED24617 Format:  CD, Album, Sonopress Pressing Country: Europe Released: Nov 22, 1993\" \/>\n<meta property=\"og:url\" content=\"https:\/\/vinilozona.lt\/en\/parduotuve\/cd\/naudoti-cd\/wynton-marsalis-\u200e-he-and-she-cd\/\" \/>\n<meta property=\"og:site_name\" content=\"Vinilo Zona\" \/>\n<meta property=\"article:modified_time\" content=\"2025-02-18T20:26:21+00:00\" \/>\n<meta property=\"og:image\" content=\"https:\/\/vinilozona.lt\/wp-content\/uploads\/2024\/02\/R-1556106-1463042012-8206.jpg\" \/>\n\t<meta property=\"og:image:width\" content=\"600\" \/>\n\t<meta property=\"og:image:height\" content=\"600\" \/>\n\t<meta property=\"og:image:type\" content=\"image\/jpeg\" \/>\n<meta name=\"twitter:card\" content=\"summary_large_image\" \/>\n<script type=\"application\/ld+json\" class=\"yoast-schema-graph\">{\"@context\":\"https:\/\/schema.org\",\"@graph\":[{\"@type\":\"WebPage\",\"@id\":\"https:\/\/vinilozona.lt\/parduotuve\/cd\/naudoti-cd\/wynton-marsalis-%e2%80%8e-he-and-she-cd\/\",\"url\":\"https:\/\/vinilozona.lt\/parduotuve\/cd\/naudoti-cd\/wynton-marsalis-%e2%80%8e-he-and-she-cd\/\",\"name\":\"Guns N' Roses \u2013 \\\"The Spaghetti Incident?\\\" CD Vinilin\u0117 Plok\u0161tel\u0117 | Vinilozona.lt\",\"isPartOf\":{\"@id\":\"https:\/\/vinilozona.lt\/#website\"},\"primaryImageOfPage\":{\"@id\":\"https:\/\/vinilozona.lt\/parduotuve\/cd\/naudoti-cd\/wynton-marsalis-%e2%80%8e-he-and-she-cd\/#primaryimage\"},\"image\":{\"@id\":\"https:\/\/vinilozona.lt\/parduotuve\/cd\/naudoti-cd\/wynton-marsalis-%e2%80%8e-he-and-she-cd\/#primaryimage\"},\"thumbnailUrl\":\"https:\/\/vinilozona.lt\/wp-content\/uploads\/2024\/02\/R-1556106-1463042012-8206.jpg\",\"datePublished\":\"2024-08-30T02:20:50+00:00\",\"dateModified\":\"2025-02-18T20:26:21+00:00\",\"breadcrumb\":{\"@id\":\"https:\/\/vinilozona.lt\/parduotuve\/cd\/naudoti-cd\/wynton-marsalis-%e2%80%8e-he-and-she-cd\/#breadcrumb\"},\"inLanguage\":\"en-GB\",\"potentialAction\":[{\"@type\":\"ReadAction\",\"target\":[\"https:\/\/vinilozona.lt\/parduotuve\/cd\/naudoti-cd\/wynton-marsalis-%e2%80%8e-he-and-she-cd\/\"]}]},{\"@type\":\"ImageObject\",\"inLanguage\":\"en-GB\",\"@id\":\"https:\/\/vinilozona.lt\/parduotuve\/cd\/naudoti-cd\/wynton-marsalis-%e2%80%8e-he-and-she-cd\/#primaryimage\",\"url\":\"https:\/\/vinilozona.lt\/wp-content\/uploads\/2024\/02\/R-1556106-1463042012-8206.jpg\",\"contentUrl\":\"https:\/\/vinilozona.lt\/wp-content\/uploads\/2024\/02\/R-1556106-1463042012-8206.jpg\",\"width\":600,\"height\":600},{\"@type\":\"BreadcrumbList\",\"@id\":\"https:\/\/vinilozona.lt\/parduotuve\/cd\/naudoti-cd\/wynton-marsalis-%e2%80%8e-he-and-she-cd\/#breadcrumb\",\"itemListElement\":[{\"@type\":\"ListItem\",\"position\":1,\"name\":\"Home\",\"item\":\"https:\/\/vinilozona.lt\/\"},{\"@type\":\"ListItem\",\"position\":2,\"name\":\"Parduotuv\u0117\",\"item\":\"https:\/\/vinilozona.lt\/parduotuve\/\"},{\"@type\":\"ListItem\",\"position\":3,\"name\":\"Guns N&#8217; Roses \u2013 &#8220;The Spaghetti Incident?&#8221; CD\"}]},{\"@type\":\"WebSite\",\"@id\":\"https:\/\/vinilozona.lt\/#website\",\"url\":\"https:\/\/vinilozona.lt\/\",\"name\":\"Vinilo Zona\",\"description\":\"Nup\u016bsk dulkes ir klausyk LP\",\"potentialAction\":[{\"@type\":\"SearchAction\",\"target\":{\"@type\":\"EntryPoint\",\"urlTemplate\":\"https:\/\/vinilozona.lt\/?s={search_term_string}\"},\"query-input\":{\"@type\":\"PropertyValueSpecification\",\"valueRequired\":true,\"valueName\":\"search_term_string\"}}],\"inLanguage\":\"en-GB\"}]}<\/script>\n<!-- \/ Yoast SEO plugin. -->","yoast_head_json":{"title":"Guns N' Roses \u2013 \"The Spaghetti Incident?\" CD Vinilin\u0117 Plok\u0161tel\u0117 | Vinilozona.lt","robots":{"index":"index","follow":"follow","max-snippet":"max-snippet:-1","max-image-preview":"max-image-preview:large","max-video-preview":"max-video-preview:-1"},"canonical":"https:\/\/vinilozona.lt\/en\/parduotuve\/cd\/naudoti-cd\/wynton-marsalis-\u200e-he-and-she-cd\/","og_locale":"en_GB","og_type":"article","og_title":"Guns N' Roses \u2013 \"The Spaghetti Incident?\" CD Vinilin\u0117 Plok\u0161tel\u0117 | Vinilozona.lt","og_description":"Label: Geffen Records \u2013 GED24617, Uzi Suicide Record Co. \u2013 GED24617 Format:  CD, Album, Sonopress Pressing Country: Europe Released: Nov 22, 1993","og_url":"https:\/\/vinilozona.lt\/en\/parduotuve\/cd\/naudoti-cd\/wynton-marsalis-\u200e-he-and-she-cd\/","og_site_name":"Vinilo Zona","article_modified_time":"2025-02-18T20:26:21+00:00","og_image":[{"width":600,"height":600,"url":"https:\/\/vinilozona.lt\/wp-content\/uploads\/2024\/02\/R-1556106-1463042012-8206.jpg","type":"image\/jpeg"}],"twitter_card":"summary_large_image","schema":{"@context":"https:\/\/schema.org","@graph":[{"@type":"WebPage","@id":"https:\/\/vinilozona.lt\/parduotuve\/cd\/naudoti-cd\/wynton-marsalis-%e2%80%8e-he-and-she-cd\/","url":"https:\/\/vinilozona.lt\/parduotuve\/cd\/naudoti-cd\/wynton-marsalis-%e2%80%8e-he-and-she-cd\/","name":"Guns N' Roses \u2013 \"The Spaghetti Incident?\" CD Vinilin\u0117 Plok\u0161tel\u0117 | Vinilozona.lt","isPartOf":{"@id":"https:\/\/vinilozona.lt\/#website"},"primaryImageOfPage":{"@id":"https:\/\/vinilozona.lt\/parduotuve\/cd\/naudoti-cd\/wynton-marsalis-%e2%80%8e-he-and-she-cd\/#primaryimage"},"image":{"@id":"https:\/\/vinilozona.lt\/parduotuve\/cd\/naudoti-cd\/wynton-marsalis-%e2%80%8e-he-and-she-cd\/#primaryimage"},"thumbnailUrl":"https:\/\/vinilozona.lt\/wp-content\/uploads\/2024\/02\/R-1556106-1463042012-8206.jpg","datePublished":"2024-08-30T02:20:50+00:00","dateModified":"2025-02-18T20:26:21+00:00","breadcrumb":{"@id":"https:\/\/vinilozona.lt\/parduotuve\/cd\/naudoti-cd\/wynton-marsalis-%e2%80%8e-he-and-she-cd\/#breadcrumb"},"inLanguage":"en-GB","potentialAction":[{"@type":"ReadAction","target":["https:\/\/vinilozona.lt\/parduotuve\/cd\/naudoti-cd\/wynton-marsalis-%e2%80%8e-he-and-she-cd\/"]}]},{"@type":"ImageObject","inLanguage":"en-GB","@id":"https:\/\/vinilozona.lt\/parduotuve\/cd\/naudoti-cd\/wynton-marsalis-%e2%80%8e-he-and-she-cd\/#primaryimage","url":"https:\/\/vinilozona.lt\/wp-content\/uploads\/2024\/02\/R-1556106-1463042012-8206.jpg","contentUrl":"https:\/\/vinilozona.lt\/wp-content\/uploads\/2024\/02\/R-1556106-1463042012-8206.jpg","width":600,"height":600},{"@type":"BreadcrumbList","@id":"https:\/\/vinilozona.lt\/parduotuve\/cd\/naudoti-cd\/wynton-marsalis-%e2%80%8e-he-and-she-cd\/#breadcrumb","itemListElement":[{"@type":"ListItem","position":1,"name":"Home","item":"https:\/\/vinilozona.lt\/"},{"@type":"ListItem","position":2,"name":"Parduotuv\u0117","item":"https:\/\/vinilozona.lt\/parduotuve\/"},{"@type":"ListItem","position":3,"name":"Guns N&#8217; Roses \u2013 &#8220;The Spaghetti Incident?&#8221; CD"}]},{"@type":"WebSite","@id":"https:\/\/vinilozona.lt\/#website","url":"https:\/\/vinilozona.lt\/","name":"Vinilo Zona","description":"Nup\u016bsk dulkes ir klausyk LP","potentialAction":[{"@type":"SearchAction","target":{"@type":"EntryPoint","urlTemplate":"https:\/\/vinilozona.lt\/?s={search_term_string}"},"query-input":{"@type":"PropertyValueSpecification","valueRequired":true,"valueName":"search_term_string"}}],"inLanguage":"en-GB"}]}},"_links":{"self":[{"href":"https:\/\/vinilozona.lt\/en\/wp-json\/wp\/v2\/product\/18314"}],"collection":[{"href":"https:\/\/vinilozona.lt\/en\/wp-json\/wp\/v2\/product"}],"about":[{"href":"https:\/\/vinilozona.lt\/en\/wp-json\/wp\/v2\/types\/product"}],"wp:featuredmedia":[{"embeddable":true,"href":"https:\/\/vinilozona.lt\/en\/wp-json\/wp\/v2\/media\/25705"}],"wp:attachment":[{"href":"https:\/\/vinilozona.lt\/en\/wp-json\/wp\/v2\/media?parent=18314"}],"wp:term":[{"taxonomy":"product_cat","embeddable":true,"href":"https:\/\/vinilozona.lt\/en\/wp-json\/wp\/v2\/product_cat?post=18314"},{"taxonomy":"product_tag","embeddable":true,"href":"https:\/\/vinilozona.lt\/en\/wp-json\/wp\/v2\/product_tag?post=18314"}],"curies":[{"name":"wp","href":"https:\/\/api.w.org\/{rel}","templated":true}]}}