{"id":1819,"date":"2023-03-09T05:06:50","date_gmt":"2023-03-09T03:06:50","guid":{"rendered":"https:\/\/vinylhome.lt\/?post_type=product&#038;p=1819"},"modified":"2023-03-09T11:17:37","modified_gmt":"2023-03-09T09:17:37","slug":"bryan-ferry-%e2%80%8e-these-foolish-things","status":"publish","type":"product","link":"https:\/\/vinilozona.lt\/en\/parduotuve\/rock-pop\/bryan-ferry-%e2%80%8e-these-foolish-things\/","title":{"rendered":"Bryan Ferry \u200e\u2013 These Foolish Things"},"content":{"rendered":"<p>A1\t\tA Hard Rain&#8217;s A-Gonna Fall  5:20<br \/>\nA2\t\tRiver Of Salt  1:46<br \/>\nA3\t\tDon&#8217;t Ever Change  2:13<br \/>\nA4\t\tPiece Of My Heart  3:04<br \/>\nA5\t\tBaby I Don&#8217;t Care  1:46<br \/>\nA6\t\tIt&#8217;s My Party  2:01<br \/>\nA7\t\tDon&#8217;t Worry Baby  4:10<br \/>\nB1\t\tSympathy For The Devil  5:50<br \/>\nB2\t\tThe Tracks Of My Tears  3:04<br \/>\nB3\t\tYou Won&#8217;t See Me  2:32<br \/>\nB4\t\tI Love How You Love Me  3:01<br \/>\nB5\t\tLoving You Is Sweeter Than Ever  3:04<br \/>\nB6\t\tThese Foolish Things  5:43<\/p>","protected":false},"excerpt":{"rendered":"<p>Island Records \u2013 ILPS 9249<br \/>\nFormat:<br \/>\nVinyl, LP, Album<br \/>\nCountry:\tUK<br \/>\nReleased:\tOct 1973<\/p>","protected":false},"featured_media":1820,"template":"","meta":[],"product_cat":[15],"product_tag":[44],"yoast_head":"<!-- This site is optimized with the Yoast SEO plugin v23.5 - https:\/\/yoast.com\/wordpress\/plugins\/seo\/ -->\n<title>Bryan Ferry \u200e\u2013 These Foolish Things Vinilin\u0117 Plok\u0161tel\u0117 | Vinilozona.lt<\/title>\n<meta name=\"robots\" content=\"index, follow, max-snippet:-1, max-image-preview:large, max-video-preview:-1\" \/>\n<link rel=\"canonical\" href=\"https:\/\/vinilozona.lt\/en\/parduotuve\/rock-pop\/bryan-ferry-\u200e-these-foolish-things\/\" \/>\n<meta property=\"og:locale\" content=\"en_GB\" \/>\n<meta property=\"og:type\" content=\"article\" \/>\n<meta property=\"og:title\" content=\"Bryan Ferry \u200e\u2013 These Foolish Things Vinilin\u0117 Plok\u0161tel\u0117 | Vinilozona.lt\" \/>\n<meta property=\"og:description\" content=\"Island Records \u2013 ILPS 9249 Format:  Vinyl, LP, Album Country: UK Released: Oct 1973\" \/>\n<meta property=\"og:url\" content=\"https:\/\/vinilozona.lt\/en\/parduotuve\/rock-pop\/bryan-ferry-\u200e-these-foolish-things\/\" \/>\n<meta property=\"og:site_name\" content=\"Vinilo Zona\" \/>\n<meta property=\"article:modified_time\" content=\"2023-03-09T09:17:37+00:00\" \/>\n<meta property=\"og:image\" content=\"https:\/\/vinilozona.lt\/wp-content\/uploads\/2019\/12\/bryan-ferry-these-foolish-things-1.jpg\" \/>\n\t<meta property=\"og:image:width\" content=\"800\" \/>\n\t<meta property=\"og:image:height\" content=\"600\" \/>\n\t<meta property=\"og:image:type\" content=\"image\/jpeg\" \/>\n<meta name=\"twitter:card\" content=\"summary_large_image\" \/>\n<script type=\"application\/ld+json\" class=\"yoast-schema-graph\">{\"@context\":\"https:\/\/schema.org\",\"@graph\":[{\"@type\":\"WebPage\",\"@id\":\"https:\/\/vinilozona.lt\/parduotuve\/rock-pop\/bryan-ferry-%e2%80%8e-these-foolish-things\/\",\"url\":\"https:\/\/vinilozona.lt\/parduotuve\/rock-pop\/bryan-ferry-%e2%80%8e-these-foolish-things\/\",\"name\":\"Bryan Ferry \u200e\u2013 These Foolish Things Vinilin\u0117 Plok\u0161tel\u0117 | Vinilozona.lt\",\"isPartOf\":{\"@id\":\"https:\/\/vinilozona.lt\/#website\"},\"primaryImageOfPage\":{\"@id\":\"https:\/\/vinilozona.lt\/parduotuve\/rock-pop\/bryan-ferry-%e2%80%8e-these-foolish-things\/#primaryimage\"},\"image\":{\"@id\":\"https:\/\/vinilozona.lt\/parduotuve\/rock-pop\/bryan-ferry-%e2%80%8e-these-foolish-things\/#primaryimage\"},\"thumbnailUrl\":\"https:\/\/vinilozona.lt\/wp-content\/uploads\/2019\/12\/bryan-ferry-these-foolish-things-1.jpg\",\"datePublished\":\"2023-03-09T03:06:50+00:00\",\"dateModified\":\"2023-03-09T09:17:37+00:00\",\"breadcrumb\":{\"@id\":\"https:\/\/vinilozona.lt\/parduotuve\/rock-pop\/bryan-ferry-%e2%80%8e-these-foolish-things\/#breadcrumb\"},\"inLanguage\":\"en-GB\",\"potentialAction\":[{\"@type\":\"ReadAction\",\"target\":[\"https:\/\/vinilozona.lt\/parduotuve\/rock-pop\/bryan-ferry-%e2%80%8e-these-foolish-things\/\"]}]},{\"@type\":\"ImageObject\",\"inLanguage\":\"en-GB\",\"@id\":\"https:\/\/vinilozona.lt\/parduotuve\/rock-pop\/bryan-ferry-%e2%80%8e-these-foolish-things\/#primaryimage\",\"url\":\"https:\/\/vinilozona.lt\/wp-content\/uploads\/2019\/12\/bryan-ferry-these-foolish-things-1.jpg\",\"contentUrl\":\"https:\/\/vinilozona.lt\/wp-content\/uploads\/2019\/12\/bryan-ferry-these-foolish-things-1.jpg\",\"width\":800,\"height\":600},{\"@type\":\"BreadcrumbList\",\"@id\":\"https:\/\/vinilozona.lt\/parduotuve\/rock-pop\/bryan-ferry-%e2%80%8e-these-foolish-things\/#breadcrumb\",\"itemListElement\":[{\"@type\":\"ListItem\",\"position\":1,\"name\":\"Home\",\"item\":\"https:\/\/vinilozona.lt\/\"},{\"@type\":\"ListItem\",\"position\":2,\"name\":\"Parduotuv\u0117\",\"item\":\"https:\/\/vinilozona.lt\/parduotuve\/\"},{\"@type\":\"ListItem\",\"position\":3,\"name\":\"Bryan Ferry \u200e\u2013 These Foolish Things\"}]},{\"@type\":\"WebSite\",\"@id\":\"https:\/\/vinilozona.lt\/#website\",\"url\":\"https:\/\/vinilozona.lt\/\",\"name\":\"Vinilo Zona\",\"description\":\"Nup\u016bsk dulkes ir klausyk LP\",\"potentialAction\":[{\"@type\":\"SearchAction\",\"target\":{\"@type\":\"EntryPoint\",\"urlTemplate\":\"https:\/\/vinilozona.lt\/?s={search_term_string}\"},\"query-input\":{\"@type\":\"PropertyValueSpecification\",\"valueRequired\":true,\"valueName\":\"search_term_string\"}}],\"inLanguage\":\"en-GB\"}]}<\/script>\n<!-- \/ Yoast SEO plugin. -->","yoast_head_json":{"title":"Bryan Ferry \u200e\u2013 These Foolish Things Vinilin\u0117 Plok\u0161tel\u0117 | Vinilozona.lt","robots":{"index":"index","follow":"follow","max-snippet":"max-snippet:-1","max-image-preview":"max-image-preview:large","max-video-preview":"max-video-preview:-1"},"canonical":"https:\/\/vinilozona.lt\/en\/parduotuve\/rock-pop\/bryan-ferry-\u200e-these-foolish-things\/","og_locale":"en_GB","og_type":"article","og_title":"Bryan Ferry \u200e\u2013 These Foolish Things Vinilin\u0117 Plok\u0161tel\u0117 | Vinilozona.lt","og_description":"Island Records \u2013 ILPS 9249 Format:  Vinyl, LP, Album Country: UK Released: Oct 1973","og_url":"https:\/\/vinilozona.lt\/en\/parduotuve\/rock-pop\/bryan-ferry-\u200e-these-foolish-things\/","og_site_name":"Vinilo Zona","article_modified_time":"2023-03-09T09:17:37+00:00","og_image":[{"width":800,"height":600,"url":"https:\/\/vinilozona.lt\/wp-content\/uploads\/2019\/12\/bryan-ferry-these-foolish-things-1.jpg","type":"image\/jpeg"}],"twitter_card":"summary_large_image","schema":{"@context":"https:\/\/schema.org","@graph":[{"@type":"WebPage","@id":"https:\/\/vinilozona.lt\/parduotuve\/rock-pop\/bryan-ferry-%e2%80%8e-these-foolish-things\/","url":"https:\/\/vinilozona.lt\/parduotuve\/rock-pop\/bryan-ferry-%e2%80%8e-these-foolish-things\/","name":"Bryan Ferry \u200e\u2013 These Foolish Things Vinilin\u0117 Plok\u0161tel\u0117 | Vinilozona.lt","isPartOf":{"@id":"https:\/\/vinilozona.lt\/#website"},"primaryImageOfPage":{"@id":"https:\/\/vinilozona.lt\/parduotuve\/rock-pop\/bryan-ferry-%e2%80%8e-these-foolish-things\/#primaryimage"},"image":{"@id":"https:\/\/vinilozona.lt\/parduotuve\/rock-pop\/bryan-ferry-%e2%80%8e-these-foolish-things\/#primaryimage"},"thumbnailUrl":"https:\/\/vinilozona.lt\/wp-content\/uploads\/2019\/12\/bryan-ferry-these-foolish-things-1.jpg","datePublished":"2023-03-09T03:06:50+00:00","dateModified":"2023-03-09T09:17:37+00:00","breadcrumb":{"@id":"https:\/\/vinilozona.lt\/parduotuve\/rock-pop\/bryan-ferry-%e2%80%8e-these-foolish-things\/#breadcrumb"},"inLanguage":"en-GB","potentialAction":[{"@type":"ReadAction","target":["https:\/\/vinilozona.lt\/parduotuve\/rock-pop\/bryan-ferry-%e2%80%8e-these-foolish-things\/"]}]},{"@type":"ImageObject","inLanguage":"en-GB","@id":"https:\/\/vinilozona.lt\/parduotuve\/rock-pop\/bryan-ferry-%e2%80%8e-these-foolish-things\/#primaryimage","url":"https:\/\/vinilozona.lt\/wp-content\/uploads\/2019\/12\/bryan-ferry-these-foolish-things-1.jpg","contentUrl":"https:\/\/vinilozona.lt\/wp-content\/uploads\/2019\/12\/bryan-ferry-these-foolish-things-1.jpg","width":800,"height":600},{"@type":"BreadcrumbList","@id":"https:\/\/vinilozona.lt\/parduotuve\/rock-pop\/bryan-ferry-%e2%80%8e-these-foolish-things\/#breadcrumb","itemListElement":[{"@type":"ListItem","position":1,"name":"Home","item":"https:\/\/vinilozona.lt\/"},{"@type":"ListItem","position":2,"name":"Parduotuv\u0117","item":"https:\/\/vinilozona.lt\/parduotuve\/"},{"@type":"ListItem","position":3,"name":"Bryan Ferry \u200e\u2013 These Foolish Things"}]},{"@type":"WebSite","@id":"https:\/\/vinilozona.lt\/#website","url":"https:\/\/vinilozona.lt\/","name":"Vinilo Zona","description":"Nup\u016bsk dulkes ir klausyk LP","potentialAction":[{"@type":"SearchAction","target":{"@type":"EntryPoint","urlTemplate":"https:\/\/vinilozona.lt\/?s={search_term_string}"},"query-input":{"@type":"PropertyValueSpecification","valueRequired":true,"valueName":"search_term_string"}}],"inLanguage":"en-GB"}]}},"_links":{"self":[{"href":"https:\/\/vinilozona.lt\/en\/wp-json\/wp\/v2\/product\/1819"}],"collection":[{"href":"https:\/\/vinilozona.lt\/en\/wp-json\/wp\/v2\/product"}],"about":[{"href":"https:\/\/vinilozona.lt\/en\/wp-json\/wp\/v2\/types\/product"}],"wp:featuredmedia":[{"embeddable":true,"href":"https:\/\/vinilozona.lt\/en\/wp-json\/wp\/v2\/media\/1820"}],"wp:attachment":[{"href":"https:\/\/vinilozona.lt\/en\/wp-json\/wp\/v2\/media?parent=1819"}],"wp:term":[{"taxonomy":"product_cat","embeddable":true,"href":"https:\/\/vinilozona.lt\/en\/wp-json\/wp\/v2\/product_cat?post=1819"},{"taxonomy":"product_tag","embeddable":true,"href":"https:\/\/vinilozona.lt\/en\/wp-json\/wp\/v2\/product_tag?post=1819"}],"curies":[{"name":"wp","href":"https:\/\/api.w.org\/{rel}","templated":true}]}}