{"id":18168,"date":"2022-01-26T13:18:33","date_gmt":"2022-01-26T11:18:33","guid":{"rendered":"https:\/\/vinilozona.lt\/?post_type=product&#038;p=18168"},"modified":"2022-01-26T13:18:33","modified_gmt":"2022-01-26T11:18:33","slug":"runrig-%e2%80%8e-amazing-things-cd","status":"publish","type":"product","link":"https:\/\/vinilozona.lt\/en\/parduotuve\/cd\/naudoti-cd\/runrig-%e2%80%8e-amazing-things-cd\/","title":{"rendered":"Runrig \u200e\u2013 Amazing Things  CD"},"content":{"rendered":"<p>Amazing Things<br \/>\nWonderful<br \/>\nThe Greatest Flame<br \/>\nMove A Mountain<br \/>\nPog Aon Oidhche Earraich (A Kiss One Spring Evening)<br \/>\nDream Fields<br \/>\nSong Of The Earth<br \/>\nForever Eyes Of Blue<br \/>\nSraidean Na Roinn-Eorpa (Streets Of Europe)<br \/>\nCanada<br \/>\nArd (High)<br \/>\nOn The Edge<\/p>","protected":false},"excerpt":{"rendered":"<p>Chrysalis \u200e\u2013 0946 3 22000 2 0, Chrysalis \u200e\u2013 CDCHR 2000<br \/>\nFormat:<br \/>\nCD, Album<br \/>\nCountry:<br \/>\nUK &#038; Europe<br \/>\nReleased:<br \/>\n1993<\/p>","protected":false},"featured_media":18169,"template":"","meta":[],"product_cat":[24,946],"product_tag":[44],"yoast_head":"<!-- This site is optimized with the Yoast SEO plugin v23.5 - https:\/\/yoast.com\/wordpress\/plugins\/seo\/ -->\n<title>Runrig \u200e\u2013 Amazing Things CD Vinilin\u0117 Plok\u0161tel\u0117 | Vinilozona.lt<\/title>\n<meta name=\"robots\" content=\"index, follow, max-snippet:-1, max-image-preview:large, max-video-preview:-1\" \/>\n<link rel=\"canonical\" href=\"https:\/\/vinilozona.lt\/en\/parduotuve\/cd\/naudoti-cd\/runrig-\u200e-amazing-things-cd\/\" \/>\n<meta property=\"og:locale\" content=\"en_GB\" \/>\n<meta property=\"og:type\" content=\"article\" \/>\n<meta property=\"og:title\" content=\"Runrig \u200e\u2013 Amazing Things CD Vinilin\u0117 Plok\u0161tel\u0117 | Vinilozona.lt\" \/>\n<meta property=\"og:description\" content=\"Chrysalis \u200e\u2013 0946 3 22000 2 0, Chrysalis \u200e\u2013 CDCHR 2000 Format: CD, Album Country: UK &amp; Europe Released: 1993\" \/>\n<meta property=\"og:url\" content=\"https:\/\/vinilozona.lt\/en\/parduotuve\/cd\/naudoti-cd\/runrig-\u200e-amazing-things-cd\/\" \/>\n<meta property=\"og:site_name\" content=\"Vinilo Zona\" \/>\n<meta property=\"og:image\" content=\"https:\/\/vinilozona.lt\/wp-content\/uploads\/2022\/01\/R-6950835-1430236809-7298.jpg\" \/>\n\t<meta property=\"og:image:width\" content=\"300\" \/>\n\t<meta property=\"og:image:height\" content=\"299\" \/>\n\t<meta property=\"og:image:type\" content=\"image\/jpeg\" \/>\n<meta name=\"twitter:card\" content=\"summary_large_image\" \/>\n<script type=\"application\/ld+json\" class=\"yoast-schema-graph\">{\"@context\":\"https:\/\/schema.org\",\"@graph\":[{\"@type\":\"WebPage\",\"@id\":\"https:\/\/vinilozona.lt\/en\/parduotuve\/cd\/naudoti-cd\/runrig-%e2%80%8e-amazing-things-cd\/\",\"url\":\"https:\/\/vinilozona.lt\/en\/parduotuve\/cd\/naudoti-cd\/runrig-%e2%80%8e-amazing-things-cd\/\",\"name\":\"Runrig \u200e\u2013 Amazing Things CD Vinilin\u0117 Plok\u0161tel\u0117 | Vinilozona.lt\",\"isPartOf\":{\"@id\":\"https:\/\/vinilozona.lt\/#website\"},\"primaryImageOfPage\":{\"@id\":\"https:\/\/vinilozona.lt\/en\/parduotuve\/cd\/naudoti-cd\/runrig-%e2%80%8e-amazing-things-cd\/#primaryimage\"},\"image\":{\"@id\":\"https:\/\/vinilozona.lt\/en\/parduotuve\/cd\/naudoti-cd\/runrig-%e2%80%8e-amazing-things-cd\/#primaryimage\"},\"thumbnailUrl\":\"https:\/\/vinilozona.lt\/wp-content\/uploads\/2022\/01\/R-6950835-1430236809-7298.jpg\",\"datePublished\":\"2022-01-26T11:18:33+00:00\",\"dateModified\":\"2022-01-26T11:18:33+00:00\",\"breadcrumb\":{\"@id\":\"https:\/\/vinilozona.lt\/en\/parduotuve\/cd\/naudoti-cd\/runrig-%e2%80%8e-amazing-things-cd\/#breadcrumb\"},\"inLanguage\":\"en-GB\",\"potentialAction\":[{\"@type\":\"ReadAction\",\"target\":[\"https:\/\/vinilozona.lt\/en\/parduotuve\/cd\/naudoti-cd\/runrig-%e2%80%8e-amazing-things-cd\/\"]}]},{\"@type\":\"ImageObject\",\"inLanguage\":\"en-GB\",\"@id\":\"https:\/\/vinilozona.lt\/en\/parduotuve\/cd\/naudoti-cd\/runrig-%e2%80%8e-amazing-things-cd\/#primaryimage\",\"url\":\"https:\/\/vinilozona.lt\/wp-content\/uploads\/2022\/01\/R-6950835-1430236809-7298.jpg\",\"contentUrl\":\"https:\/\/vinilozona.lt\/wp-content\/uploads\/2022\/01\/R-6950835-1430236809-7298.jpg\",\"width\":300,\"height\":299},{\"@type\":\"BreadcrumbList\",\"@id\":\"https:\/\/vinilozona.lt\/en\/parduotuve\/cd\/naudoti-cd\/runrig-%e2%80%8e-amazing-things-cd\/#breadcrumb\",\"itemListElement\":[{\"@type\":\"ListItem\",\"position\":1,\"name\":\"Home\",\"item\":\"https:\/\/vinilozona.lt\/\"},{\"@type\":\"ListItem\",\"position\":2,\"name\":\"Parduotuv\u0117\",\"item\":\"https:\/\/vinilozona.lt\/parduotuve\/\"},{\"@type\":\"ListItem\",\"position\":3,\"name\":\"Runrig \u200e\u2013 Amazing Things CD\"}]},{\"@type\":\"WebSite\",\"@id\":\"https:\/\/vinilozona.lt\/#website\",\"url\":\"https:\/\/vinilozona.lt\/\",\"name\":\"Vinilo Zona\",\"description\":\"Nup\u016bsk dulkes ir klausyk LP\",\"potentialAction\":[{\"@type\":\"SearchAction\",\"target\":{\"@type\":\"EntryPoint\",\"urlTemplate\":\"https:\/\/vinilozona.lt\/?s={search_term_string}\"},\"query-input\":{\"@type\":\"PropertyValueSpecification\",\"valueRequired\":true,\"valueName\":\"search_term_string\"}}],\"inLanguage\":\"en-GB\"}]}<\/script>\n<!-- \/ Yoast SEO plugin. -->","yoast_head_json":{"title":"Runrig \u200e\u2013 Amazing Things CD Vinilin\u0117 Plok\u0161tel\u0117 | Vinilozona.lt","robots":{"index":"index","follow":"follow","max-snippet":"max-snippet:-1","max-image-preview":"max-image-preview:large","max-video-preview":"max-video-preview:-1"},"canonical":"https:\/\/vinilozona.lt\/en\/parduotuve\/cd\/naudoti-cd\/runrig-\u200e-amazing-things-cd\/","og_locale":"en_GB","og_type":"article","og_title":"Runrig \u200e\u2013 Amazing Things CD Vinilin\u0117 Plok\u0161tel\u0117 | Vinilozona.lt","og_description":"Chrysalis \u200e\u2013 0946 3 22000 2 0, Chrysalis \u200e\u2013 CDCHR 2000 Format: CD, Album Country: UK & Europe Released: 1993","og_url":"https:\/\/vinilozona.lt\/en\/parduotuve\/cd\/naudoti-cd\/runrig-\u200e-amazing-things-cd\/","og_site_name":"Vinilo Zona","og_image":[{"width":300,"height":299,"url":"https:\/\/vinilozona.lt\/wp-content\/uploads\/2022\/01\/R-6950835-1430236809-7298.jpg","type":"image\/jpeg"}],"twitter_card":"summary_large_image","schema":{"@context":"https:\/\/schema.org","@graph":[{"@type":"WebPage","@id":"https:\/\/vinilozona.lt\/en\/parduotuve\/cd\/naudoti-cd\/runrig-%e2%80%8e-amazing-things-cd\/","url":"https:\/\/vinilozona.lt\/en\/parduotuve\/cd\/naudoti-cd\/runrig-%e2%80%8e-amazing-things-cd\/","name":"Runrig \u200e\u2013 Amazing Things CD Vinilin\u0117 Plok\u0161tel\u0117 | Vinilozona.lt","isPartOf":{"@id":"https:\/\/vinilozona.lt\/#website"},"primaryImageOfPage":{"@id":"https:\/\/vinilozona.lt\/en\/parduotuve\/cd\/naudoti-cd\/runrig-%e2%80%8e-amazing-things-cd\/#primaryimage"},"image":{"@id":"https:\/\/vinilozona.lt\/en\/parduotuve\/cd\/naudoti-cd\/runrig-%e2%80%8e-amazing-things-cd\/#primaryimage"},"thumbnailUrl":"https:\/\/vinilozona.lt\/wp-content\/uploads\/2022\/01\/R-6950835-1430236809-7298.jpg","datePublished":"2022-01-26T11:18:33+00:00","dateModified":"2022-01-26T11:18:33+00:00","breadcrumb":{"@id":"https:\/\/vinilozona.lt\/en\/parduotuve\/cd\/naudoti-cd\/runrig-%e2%80%8e-amazing-things-cd\/#breadcrumb"},"inLanguage":"en-GB","potentialAction":[{"@type":"ReadAction","target":["https:\/\/vinilozona.lt\/en\/parduotuve\/cd\/naudoti-cd\/runrig-%e2%80%8e-amazing-things-cd\/"]}]},{"@type":"ImageObject","inLanguage":"en-GB","@id":"https:\/\/vinilozona.lt\/en\/parduotuve\/cd\/naudoti-cd\/runrig-%e2%80%8e-amazing-things-cd\/#primaryimage","url":"https:\/\/vinilozona.lt\/wp-content\/uploads\/2022\/01\/R-6950835-1430236809-7298.jpg","contentUrl":"https:\/\/vinilozona.lt\/wp-content\/uploads\/2022\/01\/R-6950835-1430236809-7298.jpg","width":300,"height":299},{"@type":"BreadcrumbList","@id":"https:\/\/vinilozona.lt\/en\/parduotuve\/cd\/naudoti-cd\/runrig-%e2%80%8e-amazing-things-cd\/#breadcrumb","itemListElement":[{"@type":"ListItem","position":1,"name":"Home","item":"https:\/\/vinilozona.lt\/"},{"@type":"ListItem","position":2,"name":"Parduotuv\u0117","item":"https:\/\/vinilozona.lt\/parduotuve\/"},{"@type":"ListItem","position":3,"name":"Runrig \u200e\u2013 Amazing Things CD"}]},{"@type":"WebSite","@id":"https:\/\/vinilozona.lt\/#website","url":"https:\/\/vinilozona.lt\/","name":"Vinilo Zona","description":"Nup\u016bsk dulkes ir klausyk LP","potentialAction":[{"@type":"SearchAction","target":{"@type":"EntryPoint","urlTemplate":"https:\/\/vinilozona.lt\/?s={search_term_string}"},"query-input":{"@type":"PropertyValueSpecification","valueRequired":true,"valueName":"search_term_string"}}],"inLanguage":"en-GB"}]}},"_links":{"self":[{"href":"https:\/\/vinilozona.lt\/en\/wp-json\/wp\/v2\/product\/18168"}],"collection":[{"href":"https:\/\/vinilozona.lt\/en\/wp-json\/wp\/v2\/product"}],"about":[{"href":"https:\/\/vinilozona.lt\/en\/wp-json\/wp\/v2\/types\/product"}],"wp:featuredmedia":[{"embeddable":true,"href":"https:\/\/vinilozona.lt\/en\/wp-json\/wp\/v2\/media\/18169"}],"wp:attachment":[{"href":"https:\/\/vinilozona.lt\/en\/wp-json\/wp\/v2\/media?parent=18168"}],"wp:term":[{"taxonomy":"product_cat","embeddable":true,"href":"https:\/\/vinilozona.lt\/en\/wp-json\/wp\/v2\/product_cat?post=18168"},{"taxonomy":"product_tag","embeddable":true,"href":"https:\/\/vinilozona.lt\/en\/wp-json\/wp\/v2\/product_tag?post=18168"}],"curies":[{"name":"wp","href":"https:\/\/api.w.org\/{rel}","templated":true}]}}