{"id":18144,"date":"2022-01-25T19:53:15","date_gmt":"2022-01-25T17:53:15","guid":{"rendered":"https:\/\/vinilozona.lt\/?post_type=product&#038;p=18144"},"modified":"2022-01-25T19:53:16","modified_gmt":"2022-01-25T17:53:16","slug":"right-said-fred-%e2%80%8e-up-cd","status":"publish","type":"product","link":"https:\/\/vinilozona.lt\/en\/parduotuve\/cd\/naudoti-cd\/right-said-fred-%e2%80%8e-up-cd\/","title":{"rendered":"Right Said Fred \u200e\u2013 Up   CD"},"content":{"rendered":"<p>1\tLove For All Seasons<br \/>\n2\tNo One On Earth<br \/>\n3\tI&#8217;m Too Sexy<br \/>\n4\tDo Ya Feel<br \/>\n5\tIs It True<br \/>\n6\tDeeply Dippy<br \/>\n7\tSwan<br \/>\n8\tDon&#8217;t Talk Just Kiss<br \/>\n9\tUpon My Heart<br \/>\n10\tThose Simple Things<\/p>","protected":false},"excerpt":{"rendered":"<p>Tug Records \u200e\u2013 SNOG CD 1<br \/>\nFormat:<br \/>\nCD, Album<br \/>\nCountry:<br \/>\nScandinavia<br \/>\nReleased:<br \/>\n1992<\/p>","protected":false},"featured_media":18145,"template":"","meta":[],"product_cat":[24,946],"product_tag":[44],"yoast_head":"<!-- This site is optimized with the Yoast SEO plugin v23.5 - https:\/\/yoast.com\/wordpress\/plugins\/seo\/ -->\n<title>Right Said Fred \u200e\u2013 Up  CD Vinilin\u0117 Plok\u0161tel\u0117 | Vinilozona.lt<\/title>\n<meta name=\"robots\" content=\"index, follow, max-snippet:-1, max-image-preview:large, max-video-preview:-1\" \/>\n<link rel=\"canonical\" href=\"https:\/\/vinilozona.lt\/en\/parduotuve\/cd\/naudoti-cd\/right-said-fred-\u200e-up-cd\/\" \/>\n<meta property=\"og:locale\" content=\"en_GB\" \/>\n<meta property=\"og:type\" content=\"article\" \/>\n<meta property=\"og:title\" content=\"Right Said Fred \u200e\u2013 Up  CD Vinilin\u0117 Plok\u0161tel\u0117 | Vinilozona.lt\" \/>\n<meta property=\"og:description\" content=\"Tug Records \u200e\u2013 SNOG CD 1 Format: CD, Album Country: Scandinavia Released: 1992\" \/>\n<meta property=\"og:url\" content=\"https:\/\/vinilozona.lt\/en\/parduotuve\/cd\/naudoti-cd\/right-said-fred-\u200e-up-cd\/\" \/>\n<meta property=\"og:site_name\" content=\"Vinilo Zona\" \/>\n<meta property=\"article:modified_time\" content=\"2022-01-25T17:53:16+00:00\" \/>\n<meta property=\"og:image\" content=\"https:\/\/vinilozona.lt\/wp-content\/uploads\/2022\/01\/R-9173104-1477477411-7678.jpg\" \/>\n\t<meta property=\"og:image:width\" content=\"300\" \/>\n\t<meta property=\"og:image:height\" content=\"294\" \/>\n\t<meta property=\"og:image:type\" content=\"image\/jpeg\" \/>\n<meta name=\"twitter:card\" content=\"summary_large_image\" \/>\n<script type=\"application\/ld+json\" class=\"yoast-schema-graph\">{\"@context\":\"https:\/\/schema.org\",\"@graph\":[{\"@type\":\"WebPage\",\"@id\":\"https:\/\/vinilozona.lt\/en\/parduotuve\/cd\/naudoti-cd\/right-said-fred-%e2%80%8e-up-cd\/\",\"url\":\"https:\/\/vinilozona.lt\/en\/parduotuve\/cd\/naudoti-cd\/right-said-fred-%e2%80%8e-up-cd\/\",\"name\":\"Right Said Fred \u200e\u2013 Up CD Vinilin\u0117 Plok\u0161tel\u0117 | Vinilozona.lt\",\"isPartOf\":{\"@id\":\"https:\/\/vinilozona.lt\/#website\"},\"primaryImageOfPage\":{\"@id\":\"https:\/\/vinilozona.lt\/en\/parduotuve\/cd\/naudoti-cd\/right-said-fred-%e2%80%8e-up-cd\/#primaryimage\"},\"image\":{\"@id\":\"https:\/\/vinilozona.lt\/en\/parduotuve\/cd\/naudoti-cd\/right-said-fred-%e2%80%8e-up-cd\/#primaryimage\"},\"thumbnailUrl\":\"https:\/\/vinilozona.lt\/wp-content\/uploads\/2022\/01\/R-9173104-1477477411-7678.jpg\",\"datePublished\":\"2022-01-25T17:53:15+00:00\",\"dateModified\":\"2022-01-25T17:53:16+00:00\",\"breadcrumb\":{\"@id\":\"https:\/\/vinilozona.lt\/en\/parduotuve\/cd\/naudoti-cd\/right-said-fred-%e2%80%8e-up-cd\/#breadcrumb\"},\"inLanguage\":\"en-GB\",\"potentialAction\":[{\"@type\":\"ReadAction\",\"target\":[\"https:\/\/vinilozona.lt\/en\/parduotuve\/cd\/naudoti-cd\/right-said-fred-%e2%80%8e-up-cd\/\"]}]},{\"@type\":\"ImageObject\",\"inLanguage\":\"en-GB\",\"@id\":\"https:\/\/vinilozona.lt\/en\/parduotuve\/cd\/naudoti-cd\/right-said-fred-%e2%80%8e-up-cd\/#primaryimage\",\"url\":\"https:\/\/vinilozona.lt\/wp-content\/uploads\/2022\/01\/R-9173104-1477477411-7678.jpg\",\"contentUrl\":\"https:\/\/vinilozona.lt\/wp-content\/uploads\/2022\/01\/R-9173104-1477477411-7678.jpg\",\"width\":300,\"height\":294},{\"@type\":\"BreadcrumbList\",\"@id\":\"https:\/\/vinilozona.lt\/en\/parduotuve\/cd\/naudoti-cd\/right-said-fred-%e2%80%8e-up-cd\/#breadcrumb\",\"itemListElement\":[{\"@type\":\"ListItem\",\"position\":1,\"name\":\"Home\",\"item\":\"https:\/\/vinilozona.lt\/\"},{\"@type\":\"ListItem\",\"position\":2,\"name\":\"Parduotuv\u0117\",\"item\":\"https:\/\/vinilozona.lt\/parduotuve\/\"},{\"@type\":\"ListItem\",\"position\":3,\"name\":\"Right Said Fred \u200e\u2013 Up CD\"}]},{\"@type\":\"WebSite\",\"@id\":\"https:\/\/vinilozona.lt\/#website\",\"url\":\"https:\/\/vinilozona.lt\/\",\"name\":\"Vinilo Zona\",\"description\":\"Nup\u016bsk dulkes ir klausyk LP\",\"potentialAction\":[{\"@type\":\"SearchAction\",\"target\":{\"@type\":\"EntryPoint\",\"urlTemplate\":\"https:\/\/vinilozona.lt\/?s={search_term_string}\"},\"query-input\":{\"@type\":\"PropertyValueSpecification\",\"valueRequired\":true,\"valueName\":\"search_term_string\"}}],\"inLanguage\":\"en-GB\"}]}<\/script>\n<!-- \/ Yoast SEO plugin. -->","yoast_head_json":{"title":"Right Said Fred \u200e\u2013 Up  CD Vinilin\u0117 Plok\u0161tel\u0117 | Vinilozona.lt","robots":{"index":"index","follow":"follow","max-snippet":"max-snippet:-1","max-image-preview":"max-image-preview:large","max-video-preview":"max-video-preview:-1"},"canonical":"https:\/\/vinilozona.lt\/en\/parduotuve\/cd\/naudoti-cd\/right-said-fred-\u200e-up-cd\/","og_locale":"en_GB","og_type":"article","og_title":"Right Said Fred \u200e\u2013 Up  CD Vinilin\u0117 Plok\u0161tel\u0117 | Vinilozona.lt","og_description":"Tug Records \u200e\u2013 SNOG CD 1 Format: CD, Album Country: Scandinavia Released: 1992","og_url":"https:\/\/vinilozona.lt\/en\/parduotuve\/cd\/naudoti-cd\/right-said-fred-\u200e-up-cd\/","og_site_name":"Vinilo Zona","article_modified_time":"2022-01-25T17:53:16+00:00","og_image":[{"width":300,"height":294,"url":"https:\/\/vinilozona.lt\/wp-content\/uploads\/2022\/01\/R-9173104-1477477411-7678.jpg","type":"image\/jpeg"}],"twitter_card":"summary_large_image","schema":{"@context":"https:\/\/schema.org","@graph":[{"@type":"WebPage","@id":"https:\/\/vinilozona.lt\/en\/parduotuve\/cd\/naudoti-cd\/right-said-fred-%e2%80%8e-up-cd\/","url":"https:\/\/vinilozona.lt\/en\/parduotuve\/cd\/naudoti-cd\/right-said-fred-%e2%80%8e-up-cd\/","name":"Right Said Fred \u200e\u2013 Up CD Vinilin\u0117 Plok\u0161tel\u0117 | Vinilozona.lt","isPartOf":{"@id":"https:\/\/vinilozona.lt\/#website"},"primaryImageOfPage":{"@id":"https:\/\/vinilozona.lt\/en\/parduotuve\/cd\/naudoti-cd\/right-said-fred-%e2%80%8e-up-cd\/#primaryimage"},"image":{"@id":"https:\/\/vinilozona.lt\/en\/parduotuve\/cd\/naudoti-cd\/right-said-fred-%e2%80%8e-up-cd\/#primaryimage"},"thumbnailUrl":"https:\/\/vinilozona.lt\/wp-content\/uploads\/2022\/01\/R-9173104-1477477411-7678.jpg","datePublished":"2022-01-25T17:53:15+00:00","dateModified":"2022-01-25T17:53:16+00:00","breadcrumb":{"@id":"https:\/\/vinilozona.lt\/en\/parduotuve\/cd\/naudoti-cd\/right-said-fred-%e2%80%8e-up-cd\/#breadcrumb"},"inLanguage":"en-GB","potentialAction":[{"@type":"ReadAction","target":["https:\/\/vinilozona.lt\/en\/parduotuve\/cd\/naudoti-cd\/right-said-fred-%e2%80%8e-up-cd\/"]}]},{"@type":"ImageObject","inLanguage":"en-GB","@id":"https:\/\/vinilozona.lt\/en\/parduotuve\/cd\/naudoti-cd\/right-said-fred-%e2%80%8e-up-cd\/#primaryimage","url":"https:\/\/vinilozona.lt\/wp-content\/uploads\/2022\/01\/R-9173104-1477477411-7678.jpg","contentUrl":"https:\/\/vinilozona.lt\/wp-content\/uploads\/2022\/01\/R-9173104-1477477411-7678.jpg","width":300,"height":294},{"@type":"BreadcrumbList","@id":"https:\/\/vinilozona.lt\/en\/parduotuve\/cd\/naudoti-cd\/right-said-fred-%e2%80%8e-up-cd\/#breadcrumb","itemListElement":[{"@type":"ListItem","position":1,"name":"Home","item":"https:\/\/vinilozona.lt\/"},{"@type":"ListItem","position":2,"name":"Parduotuv\u0117","item":"https:\/\/vinilozona.lt\/parduotuve\/"},{"@type":"ListItem","position":3,"name":"Right Said Fred \u200e\u2013 Up CD"}]},{"@type":"WebSite","@id":"https:\/\/vinilozona.lt\/#website","url":"https:\/\/vinilozona.lt\/","name":"Vinilo Zona","description":"Nup\u016bsk dulkes ir klausyk LP","potentialAction":[{"@type":"SearchAction","target":{"@type":"EntryPoint","urlTemplate":"https:\/\/vinilozona.lt\/?s={search_term_string}"},"query-input":{"@type":"PropertyValueSpecification","valueRequired":true,"valueName":"search_term_string"}}],"inLanguage":"en-GB"}]}},"_links":{"self":[{"href":"https:\/\/vinilozona.lt\/en\/wp-json\/wp\/v2\/product\/18144"}],"collection":[{"href":"https:\/\/vinilozona.lt\/en\/wp-json\/wp\/v2\/product"}],"about":[{"href":"https:\/\/vinilozona.lt\/en\/wp-json\/wp\/v2\/types\/product"}],"wp:featuredmedia":[{"embeddable":true,"href":"https:\/\/vinilozona.lt\/en\/wp-json\/wp\/v2\/media\/18145"}],"wp:attachment":[{"href":"https:\/\/vinilozona.lt\/en\/wp-json\/wp\/v2\/media?parent=18144"}],"wp:term":[{"taxonomy":"product_cat","embeddable":true,"href":"https:\/\/vinilozona.lt\/en\/wp-json\/wp\/v2\/product_cat?post=18144"},{"taxonomy":"product_tag","embeddable":true,"href":"https:\/\/vinilozona.lt\/en\/wp-json\/wp\/v2\/product_tag?post=18144"}],"curies":[{"name":"wp","href":"https:\/\/api.w.org\/{rel}","templated":true}]}}