{"id":18108,"date":"2022-01-21T11:39:02","date_gmt":"2022-01-21T09:39:02","guid":{"rendered":"https:\/\/vinilozona.lt\/?post_type=product&#038;p=18108"},"modified":"2023-01-17T11:49:34","modified_gmt":"2023-01-17T09:49:34","slug":"pretenders-%e2%80%8e-loose-screw-cd","status":"publish","type":"product","link":"https:\/\/vinilozona.lt\/en\/parduotuve\/cd\/naudoti-cd\/pretenders-%e2%80%8e-loose-screw-cd\/","title":{"rendered":"Pretenders \u200e\u2013 Loose Screw   CD"},"content":{"rendered":"<p>Lie To Me\t2:23<br \/>\nTime\t3:58<br \/>\nYou Know Who Your Friends Are\t3:30<br \/>\nComplex Person\t2:47<br \/>\nFools Must Die\t2:35<br \/>\nKinda Nice, I Like It\t3:37<br \/>\nNothing Breaks Like A Heart\t3:28<br \/>\nI Should Of\t4:03<br \/>\nClean Up Woman\t3:25<br \/>\nThe Losing\t4:50<br \/>\nSaving Grace\t3:20<br \/>\nWalk Like A Panther\t4:42<\/p>","protected":false},"excerpt":{"rendered":"<p>Eagle Records \u200e\u2013 EAGCD256<br \/>\nFormat:<br \/>\nCD, Album, Enhanced, Special Edition<br \/>\nCountry:<br \/>\nEurope<br \/>\nReleased:<br \/>\n26 May 2003<\/p>","protected":false},"featured_media":18109,"template":"","meta":[],"product_cat":[24,946],"product_tag":[44],"yoast_head":"<!-- This site is optimized with the Yoast SEO plugin v23.5 - https:\/\/yoast.com\/wordpress\/plugins\/seo\/ -->\n<title>Pretenders \u200e\u2013 Loose Screw  CD Vinilin\u0117 Plok\u0161tel\u0117 | Vinilozona.lt<\/title>\n<meta name=\"robots\" content=\"index, follow, max-snippet:-1, max-image-preview:large, max-video-preview:-1\" \/>\n<link rel=\"canonical\" href=\"https:\/\/vinilozona.lt\/en\/parduotuve\/cd\/naudoti-cd\/pretenders-\u200e-loose-screw-cd\/\" \/>\n<meta property=\"og:locale\" content=\"en_GB\" \/>\n<meta property=\"og:type\" content=\"article\" \/>\n<meta property=\"og:title\" content=\"Pretenders \u200e\u2013 Loose Screw  CD Vinilin\u0117 Plok\u0161tel\u0117 | Vinilozona.lt\" \/>\n<meta property=\"og:description\" content=\"Eagle Records \u200e\u2013 EAGCD256 Format: CD, Album, Enhanced, Special Edition Country: Europe Released: 26 May 2003\" \/>\n<meta property=\"og:url\" content=\"https:\/\/vinilozona.lt\/en\/parduotuve\/cd\/naudoti-cd\/pretenders-\u200e-loose-screw-cd\/\" \/>\n<meta property=\"og:site_name\" content=\"Vinilo Zona\" \/>\n<meta property=\"article:modified_time\" content=\"2023-01-17T09:49:34+00:00\" \/>\n<meta property=\"og:image\" content=\"https:\/\/vinilozona.lt\/wp-content\/uploads\/2022\/01\/R-1354085-1212220166.jpg\" \/>\n\t<meta property=\"og:image:width\" content=\"300\" \/>\n\t<meta property=\"og:image:height\" content=\"289\" \/>\n\t<meta property=\"og:image:type\" content=\"image\/jpeg\" \/>\n<meta name=\"twitter:card\" content=\"summary_large_image\" \/>\n<script type=\"application\/ld+json\" class=\"yoast-schema-graph\">{\"@context\":\"https:\/\/schema.org\",\"@graph\":[{\"@type\":\"WebPage\",\"@id\":\"https:\/\/vinilozona.lt\/parduotuve\/cd\/naudoti-cd\/pretenders-%e2%80%8e-loose-screw-cd\/\",\"url\":\"https:\/\/vinilozona.lt\/parduotuve\/cd\/naudoti-cd\/pretenders-%e2%80%8e-loose-screw-cd\/\",\"name\":\"Pretenders \u200e\u2013 Loose Screw CD Vinilin\u0117 Plok\u0161tel\u0117 | Vinilozona.lt\",\"isPartOf\":{\"@id\":\"https:\/\/vinilozona.lt\/#website\"},\"primaryImageOfPage\":{\"@id\":\"https:\/\/vinilozona.lt\/parduotuve\/cd\/naudoti-cd\/pretenders-%e2%80%8e-loose-screw-cd\/#primaryimage\"},\"image\":{\"@id\":\"https:\/\/vinilozona.lt\/parduotuve\/cd\/naudoti-cd\/pretenders-%e2%80%8e-loose-screw-cd\/#primaryimage\"},\"thumbnailUrl\":\"https:\/\/vinilozona.lt\/wp-content\/uploads\/2022\/01\/R-1354085-1212220166.jpg\",\"datePublished\":\"2022-01-21T09:39:02+00:00\",\"dateModified\":\"2023-01-17T09:49:34+00:00\",\"breadcrumb\":{\"@id\":\"https:\/\/vinilozona.lt\/parduotuve\/cd\/naudoti-cd\/pretenders-%e2%80%8e-loose-screw-cd\/#breadcrumb\"},\"inLanguage\":\"en-GB\",\"potentialAction\":[{\"@type\":\"ReadAction\",\"target\":[\"https:\/\/vinilozona.lt\/parduotuve\/cd\/naudoti-cd\/pretenders-%e2%80%8e-loose-screw-cd\/\"]}]},{\"@type\":\"ImageObject\",\"inLanguage\":\"en-GB\",\"@id\":\"https:\/\/vinilozona.lt\/parduotuve\/cd\/naudoti-cd\/pretenders-%e2%80%8e-loose-screw-cd\/#primaryimage\",\"url\":\"https:\/\/vinilozona.lt\/wp-content\/uploads\/2022\/01\/R-1354085-1212220166.jpg\",\"contentUrl\":\"https:\/\/vinilozona.lt\/wp-content\/uploads\/2022\/01\/R-1354085-1212220166.jpg\",\"width\":300,\"height\":289},{\"@type\":\"BreadcrumbList\",\"@id\":\"https:\/\/vinilozona.lt\/parduotuve\/cd\/naudoti-cd\/pretenders-%e2%80%8e-loose-screw-cd\/#breadcrumb\",\"itemListElement\":[{\"@type\":\"ListItem\",\"position\":1,\"name\":\"Home\",\"item\":\"https:\/\/vinilozona.lt\/\"},{\"@type\":\"ListItem\",\"position\":2,\"name\":\"Parduotuv\u0117\",\"item\":\"https:\/\/vinilozona.lt\/parduotuve\/\"},{\"@type\":\"ListItem\",\"position\":3,\"name\":\"Pretenders \u200e\u2013 Loose Screw CD\"}]},{\"@type\":\"WebSite\",\"@id\":\"https:\/\/vinilozona.lt\/#website\",\"url\":\"https:\/\/vinilozona.lt\/\",\"name\":\"Vinilo Zona\",\"description\":\"Nup\u016bsk dulkes ir klausyk LP\",\"potentialAction\":[{\"@type\":\"SearchAction\",\"target\":{\"@type\":\"EntryPoint\",\"urlTemplate\":\"https:\/\/vinilozona.lt\/?s={search_term_string}\"},\"query-input\":{\"@type\":\"PropertyValueSpecification\",\"valueRequired\":true,\"valueName\":\"search_term_string\"}}],\"inLanguage\":\"en-GB\"}]}<\/script>\n<!-- \/ Yoast SEO plugin. -->","yoast_head_json":{"title":"Pretenders \u200e\u2013 Loose Screw  CD Vinilin\u0117 Plok\u0161tel\u0117 | Vinilozona.lt","robots":{"index":"index","follow":"follow","max-snippet":"max-snippet:-1","max-image-preview":"max-image-preview:large","max-video-preview":"max-video-preview:-1"},"canonical":"https:\/\/vinilozona.lt\/en\/parduotuve\/cd\/naudoti-cd\/pretenders-\u200e-loose-screw-cd\/","og_locale":"en_GB","og_type":"article","og_title":"Pretenders \u200e\u2013 Loose Screw  CD Vinilin\u0117 Plok\u0161tel\u0117 | Vinilozona.lt","og_description":"Eagle Records \u200e\u2013 EAGCD256 Format: CD, Album, Enhanced, Special Edition Country: Europe Released: 26 May 2003","og_url":"https:\/\/vinilozona.lt\/en\/parduotuve\/cd\/naudoti-cd\/pretenders-\u200e-loose-screw-cd\/","og_site_name":"Vinilo Zona","article_modified_time":"2023-01-17T09:49:34+00:00","og_image":[{"width":300,"height":289,"url":"https:\/\/vinilozona.lt\/wp-content\/uploads\/2022\/01\/R-1354085-1212220166.jpg","type":"image\/jpeg"}],"twitter_card":"summary_large_image","schema":{"@context":"https:\/\/schema.org","@graph":[{"@type":"WebPage","@id":"https:\/\/vinilozona.lt\/parduotuve\/cd\/naudoti-cd\/pretenders-%e2%80%8e-loose-screw-cd\/","url":"https:\/\/vinilozona.lt\/parduotuve\/cd\/naudoti-cd\/pretenders-%e2%80%8e-loose-screw-cd\/","name":"Pretenders \u200e\u2013 Loose Screw CD Vinilin\u0117 Plok\u0161tel\u0117 | Vinilozona.lt","isPartOf":{"@id":"https:\/\/vinilozona.lt\/#website"},"primaryImageOfPage":{"@id":"https:\/\/vinilozona.lt\/parduotuve\/cd\/naudoti-cd\/pretenders-%e2%80%8e-loose-screw-cd\/#primaryimage"},"image":{"@id":"https:\/\/vinilozona.lt\/parduotuve\/cd\/naudoti-cd\/pretenders-%e2%80%8e-loose-screw-cd\/#primaryimage"},"thumbnailUrl":"https:\/\/vinilozona.lt\/wp-content\/uploads\/2022\/01\/R-1354085-1212220166.jpg","datePublished":"2022-01-21T09:39:02+00:00","dateModified":"2023-01-17T09:49:34+00:00","breadcrumb":{"@id":"https:\/\/vinilozona.lt\/parduotuve\/cd\/naudoti-cd\/pretenders-%e2%80%8e-loose-screw-cd\/#breadcrumb"},"inLanguage":"en-GB","potentialAction":[{"@type":"ReadAction","target":["https:\/\/vinilozona.lt\/parduotuve\/cd\/naudoti-cd\/pretenders-%e2%80%8e-loose-screw-cd\/"]}]},{"@type":"ImageObject","inLanguage":"en-GB","@id":"https:\/\/vinilozona.lt\/parduotuve\/cd\/naudoti-cd\/pretenders-%e2%80%8e-loose-screw-cd\/#primaryimage","url":"https:\/\/vinilozona.lt\/wp-content\/uploads\/2022\/01\/R-1354085-1212220166.jpg","contentUrl":"https:\/\/vinilozona.lt\/wp-content\/uploads\/2022\/01\/R-1354085-1212220166.jpg","width":300,"height":289},{"@type":"BreadcrumbList","@id":"https:\/\/vinilozona.lt\/parduotuve\/cd\/naudoti-cd\/pretenders-%e2%80%8e-loose-screw-cd\/#breadcrumb","itemListElement":[{"@type":"ListItem","position":1,"name":"Home","item":"https:\/\/vinilozona.lt\/"},{"@type":"ListItem","position":2,"name":"Parduotuv\u0117","item":"https:\/\/vinilozona.lt\/parduotuve\/"},{"@type":"ListItem","position":3,"name":"Pretenders \u200e\u2013 Loose Screw CD"}]},{"@type":"WebSite","@id":"https:\/\/vinilozona.lt\/#website","url":"https:\/\/vinilozona.lt\/","name":"Vinilo Zona","description":"Nup\u016bsk dulkes ir klausyk LP","potentialAction":[{"@type":"SearchAction","target":{"@type":"EntryPoint","urlTemplate":"https:\/\/vinilozona.lt\/?s={search_term_string}"},"query-input":{"@type":"PropertyValueSpecification","valueRequired":true,"valueName":"search_term_string"}}],"inLanguage":"en-GB"}]}},"_links":{"self":[{"href":"https:\/\/vinilozona.lt\/en\/wp-json\/wp\/v2\/product\/18108"}],"collection":[{"href":"https:\/\/vinilozona.lt\/en\/wp-json\/wp\/v2\/product"}],"about":[{"href":"https:\/\/vinilozona.lt\/en\/wp-json\/wp\/v2\/types\/product"}],"wp:featuredmedia":[{"embeddable":true,"href":"https:\/\/vinilozona.lt\/en\/wp-json\/wp\/v2\/media\/18109"}],"wp:attachment":[{"href":"https:\/\/vinilozona.lt\/en\/wp-json\/wp\/v2\/media?parent=18108"}],"wp:term":[{"taxonomy":"product_cat","embeddable":true,"href":"https:\/\/vinilozona.lt\/en\/wp-json\/wp\/v2\/product_cat?post=18108"},{"taxonomy":"product_tag","embeddable":true,"href":"https:\/\/vinilozona.lt\/en\/wp-json\/wp\/v2\/product_tag?post=18108"}],"curies":[{"name":"wp","href":"https:\/\/api.w.org\/{rel}","templated":true}]}}