{"id":18094,"date":"2023-10-15T16:05:34","date_gmt":"2023-10-15T13:05:34","guid":{"rendered":"https:\/\/vinilozona.lt\/?post_type=product&#038;p=18094"},"modified":"2026-04-02T18:29:56","modified_gmt":"2026-04-02T15:29:56","slug":"phil-collins-%e2%80%8e-dance-into-the-light-cd","status":"publish","type":"product","link":"https:\/\/vinilozona.lt\/en\/parduotuve\/cd\/naudoti-cd\/phil-collins-%e2%80%8e-dance-into-the-light-cd\/","title":{"rendered":"Phil Collins \u200e\u2013 Dance Into The Light   CD"},"content":{"rendered":"<p>Dance Into The Light\t4:24<br \/>\nThat&#8217;s What You Said\t4:20<br \/>\nLorenzo\t5:52<br \/>\nJust Another Story\t6:25<br \/>\nLove Police\t4:11<br \/>\nWear My Hat\t4:44<br \/>\nIt&#8217;s In Your Eyes\t3:02<br \/>\nOughta Know By Now\t5:30<br \/>\nTake Me Down\t3:27<br \/>\nThe Same Moon\t4:09<br \/>\nRiver So Wide\t4:57<br \/>\nNo Matter Who\t4:40<br \/>\nThe Times They Are A-Changin&#8217;\t5:08<\/p>","protected":false},"excerpt":{"rendered":"<p>Face Value Records \u200e\u2013 82949-2<br \/>\nFormat:  CD, Album<br \/>\nCountry: USA<br \/>\nReleased:  1996<\/p>","protected":false},"featured_media":18095,"template":"","meta":[],"product_cat":[24,946],"product_tag":[44],"yoast_head":"<!-- This site is optimized with the Yoast SEO plugin v23.5 - https:\/\/yoast.com\/wordpress\/plugins\/seo\/ -->\n<title>Phil Collins \u200e\u2013 Dance Into The Light  CD Vinilin\u0117 Plok\u0161tel\u0117 | Vinilozona.lt<\/title>\n<meta name=\"robots\" content=\"index, follow, max-snippet:-1, max-image-preview:large, max-video-preview:-1\" \/>\n<link rel=\"canonical\" href=\"https:\/\/vinilozona.lt\/en\/parduotuve\/cd\/naudoti-cd\/phil-collins-\u200e-dance-into-the-light-cd\/\" \/>\n<meta property=\"og:locale\" content=\"en_GB\" \/>\n<meta property=\"og:type\" content=\"article\" \/>\n<meta property=\"og:title\" content=\"Phil Collins \u200e\u2013 Dance Into The Light  CD Vinilin\u0117 Plok\u0161tel\u0117 | Vinilozona.lt\" \/>\n<meta property=\"og:description\" content=\"Face Value Records \u200e\u2013 82949-2 Format: CD, Album Country: USA Released: 1996\" \/>\n<meta property=\"og:url\" content=\"https:\/\/vinilozona.lt\/en\/parduotuve\/cd\/naudoti-cd\/phil-collins-\u200e-dance-into-the-light-cd\/\" \/>\n<meta property=\"og:site_name\" content=\"Vinilo Zona\" \/>\n<meta property=\"article:modified_time\" content=\"2026-04-02T15:29:56+00:00\" \/>\n<meta property=\"og:image\" content=\"https:\/\/vinilozona.lt\/wp-content\/uploads\/2022\/01\/R-5218076-1390597837-9690.jpg\" \/>\n\t<meta property=\"og:image:width\" content=\"600\" \/>\n\t<meta property=\"og:image:height\" content=\"600\" \/>\n\t<meta property=\"og:image:type\" content=\"image\/jpeg\" \/>\n<meta name=\"twitter:card\" content=\"summary_large_image\" \/>\n<script type=\"application\/ld+json\" class=\"yoast-schema-graph\">{\"@context\":\"https:\/\/schema.org\",\"@graph\":[{\"@type\":\"WebPage\",\"@id\":\"https:\/\/vinilozona.lt\/en\/parduotuve\/cd\/naudoti-cd\/phil-collins-%e2%80%8e-dance-into-the-light-cd\/\",\"url\":\"https:\/\/vinilozona.lt\/en\/parduotuve\/cd\/naudoti-cd\/phil-collins-%e2%80%8e-dance-into-the-light-cd\/\",\"name\":\"Phil Collins \u200e\u2013 Dance Into The Light CD Vinilin\u0117 Plok\u0161tel\u0117 | Vinilozona.lt\",\"isPartOf\":{\"@id\":\"https:\/\/vinilozona.lt\/#website\"},\"primaryImageOfPage\":{\"@id\":\"https:\/\/vinilozona.lt\/en\/parduotuve\/cd\/naudoti-cd\/phil-collins-%e2%80%8e-dance-into-the-light-cd\/#primaryimage\"},\"image\":{\"@id\":\"https:\/\/vinilozona.lt\/en\/parduotuve\/cd\/naudoti-cd\/phil-collins-%e2%80%8e-dance-into-the-light-cd\/#primaryimage\"},\"thumbnailUrl\":\"https:\/\/vinilozona.lt\/wp-content\/uploads\/2022\/01\/R-5218076-1390597837-9690.jpg\",\"datePublished\":\"2023-10-15T13:05:34+00:00\",\"dateModified\":\"2026-04-02T15:29:56+00:00\",\"breadcrumb\":{\"@id\":\"https:\/\/vinilozona.lt\/en\/parduotuve\/cd\/naudoti-cd\/phil-collins-%e2%80%8e-dance-into-the-light-cd\/#breadcrumb\"},\"inLanguage\":\"en-GB\",\"potentialAction\":[{\"@type\":\"ReadAction\",\"target\":[\"https:\/\/vinilozona.lt\/en\/parduotuve\/cd\/naudoti-cd\/phil-collins-%e2%80%8e-dance-into-the-light-cd\/\"]}]},{\"@type\":\"ImageObject\",\"inLanguage\":\"en-GB\",\"@id\":\"https:\/\/vinilozona.lt\/en\/parduotuve\/cd\/naudoti-cd\/phil-collins-%e2%80%8e-dance-into-the-light-cd\/#primaryimage\",\"url\":\"https:\/\/vinilozona.lt\/wp-content\/uploads\/2022\/01\/R-5218076-1390597837-9690.jpg\",\"contentUrl\":\"https:\/\/vinilozona.lt\/wp-content\/uploads\/2022\/01\/R-5218076-1390597837-9690.jpg\",\"width\":600,\"height\":600},{\"@type\":\"BreadcrumbList\",\"@id\":\"https:\/\/vinilozona.lt\/en\/parduotuve\/cd\/naudoti-cd\/phil-collins-%e2%80%8e-dance-into-the-light-cd\/#breadcrumb\",\"itemListElement\":[{\"@type\":\"ListItem\",\"position\":1,\"name\":\"Home\",\"item\":\"https:\/\/vinilozona.lt\/\"},{\"@type\":\"ListItem\",\"position\":2,\"name\":\"Parduotuv\u0117\",\"item\":\"https:\/\/vinilozona.lt\/parduotuve\/\"},{\"@type\":\"ListItem\",\"position\":3,\"name\":\"Phil Collins \u200e\u2013 Dance Into The Light CD\"}]},{\"@type\":\"WebSite\",\"@id\":\"https:\/\/vinilozona.lt\/#website\",\"url\":\"https:\/\/vinilozona.lt\/\",\"name\":\"Vinilo Zona\",\"description\":\"Nup\u016bsk dulkes ir klausyk LP\",\"potentialAction\":[{\"@type\":\"SearchAction\",\"target\":{\"@type\":\"EntryPoint\",\"urlTemplate\":\"https:\/\/vinilozona.lt\/?s={search_term_string}\"},\"query-input\":{\"@type\":\"PropertyValueSpecification\",\"valueRequired\":true,\"valueName\":\"search_term_string\"}}],\"inLanguage\":\"en-GB\"}]}<\/script>\n<!-- \/ Yoast SEO plugin. -->","yoast_head_json":{"title":"Phil Collins \u200e\u2013 Dance Into The Light  CD Vinilin\u0117 Plok\u0161tel\u0117 | Vinilozona.lt","robots":{"index":"index","follow":"follow","max-snippet":"max-snippet:-1","max-image-preview":"max-image-preview:large","max-video-preview":"max-video-preview:-1"},"canonical":"https:\/\/vinilozona.lt\/en\/parduotuve\/cd\/naudoti-cd\/phil-collins-\u200e-dance-into-the-light-cd\/","og_locale":"en_GB","og_type":"article","og_title":"Phil Collins \u200e\u2013 Dance Into The Light  CD Vinilin\u0117 Plok\u0161tel\u0117 | Vinilozona.lt","og_description":"Face Value Records \u200e\u2013 82949-2 Format: CD, Album Country: USA Released: 1996","og_url":"https:\/\/vinilozona.lt\/en\/parduotuve\/cd\/naudoti-cd\/phil-collins-\u200e-dance-into-the-light-cd\/","og_site_name":"Vinilo Zona","article_modified_time":"2026-04-02T15:29:56+00:00","og_image":[{"width":600,"height":600,"url":"https:\/\/vinilozona.lt\/wp-content\/uploads\/2022\/01\/R-5218076-1390597837-9690.jpg","type":"image\/jpeg"}],"twitter_card":"summary_large_image","schema":{"@context":"https:\/\/schema.org","@graph":[{"@type":"WebPage","@id":"https:\/\/vinilozona.lt\/en\/parduotuve\/cd\/naudoti-cd\/phil-collins-%e2%80%8e-dance-into-the-light-cd\/","url":"https:\/\/vinilozona.lt\/en\/parduotuve\/cd\/naudoti-cd\/phil-collins-%e2%80%8e-dance-into-the-light-cd\/","name":"Phil Collins \u200e\u2013 Dance Into The Light CD Vinilin\u0117 Plok\u0161tel\u0117 | Vinilozona.lt","isPartOf":{"@id":"https:\/\/vinilozona.lt\/#website"},"primaryImageOfPage":{"@id":"https:\/\/vinilozona.lt\/en\/parduotuve\/cd\/naudoti-cd\/phil-collins-%e2%80%8e-dance-into-the-light-cd\/#primaryimage"},"image":{"@id":"https:\/\/vinilozona.lt\/en\/parduotuve\/cd\/naudoti-cd\/phil-collins-%e2%80%8e-dance-into-the-light-cd\/#primaryimage"},"thumbnailUrl":"https:\/\/vinilozona.lt\/wp-content\/uploads\/2022\/01\/R-5218076-1390597837-9690.jpg","datePublished":"2023-10-15T13:05:34+00:00","dateModified":"2026-04-02T15:29:56+00:00","breadcrumb":{"@id":"https:\/\/vinilozona.lt\/en\/parduotuve\/cd\/naudoti-cd\/phil-collins-%e2%80%8e-dance-into-the-light-cd\/#breadcrumb"},"inLanguage":"en-GB","potentialAction":[{"@type":"ReadAction","target":["https:\/\/vinilozona.lt\/en\/parduotuve\/cd\/naudoti-cd\/phil-collins-%e2%80%8e-dance-into-the-light-cd\/"]}]},{"@type":"ImageObject","inLanguage":"en-GB","@id":"https:\/\/vinilozona.lt\/en\/parduotuve\/cd\/naudoti-cd\/phil-collins-%e2%80%8e-dance-into-the-light-cd\/#primaryimage","url":"https:\/\/vinilozona.lt\/wp-content\/uploads\/2022\/01\/R-5218076-1390597837-9690.jpg","contentUrl":"https:\/\/vinilozona.lt\/wp-content\/uploads\/2022\/01\/R-5218076-1390597837-9690.jpg","width":600,"height":600},{"@type":"BreadcrumbList","@id":"https:\/\/vinilozona.lt\/en\/parduotuve\/cd\/naudoti-cd\/phil-collins-%e2%80%8e-dance-into-the-light-cd\/#breadcrumb","itemListElement":[{"@type":"ListItem","position":1,"name":"Home","item":"https:\/\/vinilozona.lt\/"},{"@type":"ListItem","position":2,"name":"Parduotuv\u0117","item":"https:\/\/vinilozona.lt\/parduotuve\/"},{"@type":"ListItem","position":3,"name":"Phil Collins \u200e\u2013 Dance Into The Light CD"}]},{"@type":"WebSite","@id":"https:\/\/vinilozona.lt\/#website","url":"https:\/\/vinilozona.lt\/","name":"Vinilo Zona","description":"Nup\u016bsk dulkes ir klausyk LP","potentialAction":[{"@type":"SearchAction","target":{"@type":"EntryPoint","urlTemplate":"https:\/\/vinilozona.lt\/?s={search_term_string}"},"query-input":{"@type":"PropertyValueSpecification","valueRequired":true,"valueName":"search_term_string"}}],"inLanguage":"en-GB"}]}},"_links":{"self":[{"href":"https:\/\/vinilozona.lt\/en\/wp-json\/wp\/v2\/product\/18094"}],"collection":[{"href":"https:\/\/vinilozona.lt\/en\/wp-json\/wp\/v2\/product"}],"about":[{"href":"https:\/\/vinilozona.lt\/en\/wp-json\/wp\/v2\/types\/product"}],"wp:featuredmedia":[{"embeddable":true,"href":"https:\/\/vinilozona.lt\/en\/wp-json\/wp\/v2\/media\/18095"}],"wp:attachment":[{"href":"https:\/\/vinilozona.lt\/en\/wp-json\/wp\/v2\/media?parent=18094"}],"wp:term":[{"taxonomy":"product_cat","embeddable":true,"href":"https:\/\/vinilozona.lt\/en\/wp-json\/wp\/v2\/product_cat?post=18094"},{"taxonomy":"product_tag","embeddable":true,"href":"https:\/\/vinilozona.lt\/en\/wp-json\/wp\/v2\/product_tag?post=18094"}],"curies":[{"name":"wp","href":"https:\/\/api.w.org\/{rel}","templated":true}]}}