{"id":18073,"date":"2022-01-16T21:42:34","date_gmt":"2022-01-16T19:42:34","guid":{"rendered":"https:\/\/vinilozona.lt\/?post_type=product&#038;p=18073"},"modified":"2022-01-16T21:47:20","modified_gmt":"2022-01-16T19:47:20","slug":"boots-and-his-buddies-boots-and-his-buddies-1937-1938-volume-1","status":"publish","type":"product","link":"https:\/\/vinilozona.lt\/en\/parduotuve\/jazz\/boots-and-his-buddies-boots-and-his-buddies-1937-1938-volume-1\/","title":{"rendered":"Boots And His Buddies \u2013 Boots And His Buddies (1937-1938) Volume 1"},"content":{"rendered":"<p>A1\t\tBlues Of Avalon 3:25<br \/>\nA2\t\tThe Goo 2:40<br \/>\nA3\t\tThe Weep 3:10<br \/>\nA4\t\tThe Sad 3:00<br \/>\nA5\t\tAin&#8217;t Misbehavin&#8217; 2:50<br \/>\nA6\t\tThe Happy 2:35<br \/>\nA7\t\tThe Raggle Taggle 2:32<br \/>\nA8\t\tChubby 3:00<br \/>\nB1\t\tA Salute To Harlem 2:25<br \/>\nB2\t\tTrue Blue Lou 3:17<br \/>\nB3\t\tDo-re-mi 2:50<br \/>\nB4\t\tDeep South 3:05<br \/>\nB5\t\tEast Commerce Stomp 3:05<br \/>\nB6\t\tLonesome Road Stomp 2:40<br \/>\nB7\t\tBoots Stomp 2:45<br \/>\nB8\t\tRemember 2:40<\/p>","protected":false},"excerpt":{"rendered":"<p>Label:\tRCA Victor \u2013 741043<br \/>\nSeries:\tBlack And White Series \u2013 Vol. 51<br \/>\nFormat:\tVinyl, LP, Compilation, Reissue<\/p>","protected":false},"featured_media":18074,"template":"","meta":[],"product_cat":[20,39],"product_tag":[55],"yoast_head":"<!-- This site is optimized with the Yoast SEO plugin v23.5 - https:\/\/yoast.com\/wordpress\/plugins\/seo\/ -->\n<title>Boots And His Buddies \u2013 Boots And His Buddies (1937-1938) Volume 1 Vinilin\u0117 Plok\u0161tel\u0117 | Vinilozona.lt<\/title>\n<meta name=\"robots\" content=\"index, follow, max-snippet:-1, max-image-preview:large, max-video-preview:-1\" \/>\n<link rel=\"canonical\" href=\"https:\/\/vinilozona.lt\/en\/parduotuve\/jazz\/boots-and-his-buddies-boots-and-his-buddies-1937-1938-volume-1\/\" \/>\n<meta property=\"og:locale\" content=\"en_GB\" \/>\n<meta property=\"og:type\" content=\"article\" \/>\n<meta property=\"og:title\" content=\"Boots And His Buddies \u2013 Boots And His Buddies (1937-1938) Volume 1 Vinilin\u0117 Plok\u0161tel\u0117 | Vinilozona.lt\" \/>\n<meta property=\"og:description\" content=\"Label: RCA Victor \u2013 741043 Series: Black And White Series \u2013 Vol. 51 Format: Vinyl, LP, Compilation, Reissue\" \/>\n<meta property=\"og:url\" content=\"https:\/\/vinilozona.lt\/en\/parduotuve\/jazz\/boots-and-his-buddies-boots-and-his-buddies-1937-1938-volume-1\/\" \/>\n<meta property=\"og:site_name\" content=\"Vinilo Zona\" \/>\n<meta property=\"article:modified_time\" content=\"2022-01-16T19:47:20+00:00\" \/>\n<meta property=\"og:image\" content=\"https:\/\/vinilozona.lt\/wp-content\/uploads\/2022\/01\/R-1651747-1234705934.jpeg.jpg\" \/>\n\t<meta property=\"og:image:width\" content=\"368\" \/>\n\t<meta property=\"og:image:height\" content=\"343\" \/>\n\t<meta property=\"og:image:type\" content=\"image\/jpeg\" \/>\n<meta name=\"twitter:card\" content=\"summary_large_image\" \/>\n<script type=\"application\/ld+json\" class=\"yoast-schema-graph\">{\"@context\":\"https:\/\/schema.org\",\"@graph\":[{\"@type\":\"WebPage\",\"@id\":\"https:\/\/vinilozona.lt\/parduotuve\/jazz\/boots-and-his-buddies-boots-and-his-buddies-1937-1938-volume-1\/\",\"url\":\"https:\/\/vinilozona.lt\/parduotuve\/jazz\/boots-and-his-buddies-boots-and-his-buddies-1937-1938-volume-1\/\",\"name\":\"Boots And His Buddies \u2013 Boots And His Buddies (1937-1938) Volume 1 Vinilin\u0117 Plok\u0161tel\u0117 | Vinilozona.lt\",\"isPartOf\":{\"@id\":\"https:\/\/vinilozona.lt\/#website\"},\"primaryImageOfPage\":{\"@id\":\"https:\/\/vinilozona.lt\/parduotuve\/jazz\/boots-and-his-buddies-boots-and-his-buddies-1937-1938-volume-1\/#primaryimage\"},\"image\":{\"@id\":\"https:\/\/vinilozona.lt\/parduotuve\/jazz\/boots-and-his-buddies-boots-and-his-buddies-1937-1938-volume-1\/#primaryimage\"},\"thumbnailUrl\":\"https:\/\/vinilozona.lt\/wp-content\/uploads\/2022\/01\/R-1651747-1234705934.jpeg.jpg\",\"datePublished\":\"2022-01-16T19:42:34+00:00\",\"dateModified\":\"2022-01-16T19:47:20+00:00\",\"breadcrumb\":{\"@id\":\"https:\/\/vinilozona.lt\/parduotuve\/jazz\/boots-and-his-buddies-boots-and-his-buddies-1937-1938-volume-1\/#breadcrumb\"},\"inLanguage\":\"en-GB\",\"potentialAction\":[{\"@type\":\"ReadAction\",\"target\":[\"https:\/\/vinilozona.lt\/parduotuve\/jazz\/boots-and-his-buddies-boots-and-his-buddies-1937-1938-volume-1\/\"]}]},{\"@type\":\"ImageObject\",\"inLanguage\":\"en-GB\",\"@id\":\"https:\/\/vinilozona.lt\/parduotuve\/jazz\/boots-and-his-buddies-boots-and-his-buddies-1937-1938-volume-1\/#primaryimage\",\"url\":\"https:\/\/vinilozona.lt\/wp-content\/uploads\/2022\/01\/R-1651747-1234705934.jpeg.jpg\",\"contentUrl\":\"https:\/\/vinilozona.lt\/wp-content\/uploads\/2022\/01\/R-1651747-1234705934.jpeg.jpg\",\"width\":368,\"height\":343},{\"@type\":\"BreadcrumbList\",\"@id\":\"https:\/\/vinilozona.lt\/parduotuve\/jazz\/boots-and-his-buddies-boots-and-his-buddies-1937-1938-volume-1\/#breadcrumb\",\"itemListElement\":[{\"@type\":\"ListItem\",\"position\":1,\"name\":\"Home\",\"item\":\"https:\/\/vinilozona.lt\/\"},{\"@type\":\"ListItem\",\"position\":2,\"name\":\"Parduotuv\u0117\",\"item\":\"https:\/\/vinilozona.lt\/parduotuve\/\"},{\"@type\":\"ListItem\",\"position\":3,\"name\":\"Boots And His Buddies \u2013 Boots And His Buddies (1937-1938) Volume 1\"}]},{\"@type\":\"WebSite\",\"@id\":\"https:\/\/vinilozona.lt\/#website\",\"url\":\"https:\/\/vinilozona.lt\/\",\"name\":\"Vinilo Zona\",\"description\":\"Nup\u016bsk dulkes ir klausyk LP\",\"potentialAction\":[{\"@type\":\"SearchAction\",\"target\":{\"@type\":\"EntryPoint\",\"urlTemplate\":\"https:\/\/vinilozona.lt\/?s={search_term_string}\"},\"query-input\":{\"@type\":\"PropertyValueSpecification\",\"valueRequired\":true,\"valueName\":\"search_term_string\"}}],\"inLanguage\":\"en-GB\"}]}<\/script>\n<!-- \/ Yoast SEO plugin. -->","yoast_head_json":{"title":"Boots And His Buddies \u2013 Boots And His Buddies (1937-1938) Volume 1 Vinilin\u0117 Plok\u0161tel\u0117 | Vinilozona.lt","robots":{"index":"index","follow":"follow","max-snippet":"max-snippet:-1","max-image-preview":"max-image-preview:large","max-video-preview":"max-video-preview:-1"},"canonical":"https:\/\/vinilozona.lt\/en\/parduotuve\/jazz\/boots-and-his-buddies-boots-and-his-buddies-1937-1938-volume-1\/","og_locale":"en_GB","og_type":"article","og_title":"Boots And His Buddies \u2013 Boots And His Buddies (1937-1938) Volume 1 Vinilin\u0117 Plok\u0161tel\u0117 | Vinilozona.lt","og_description":"Label: RCA Victor \u2013 741043 Series: Black And White Series \u2013 Vol. 51 Format: Vinyl, LP, Compilation, Reissue","og_url":"https:\/\/vinilozona.lt\/en\/parduotuve\/jazz\/boots-and-his-buddies-boots-and-his-buddies-1937-1938-volume-1\/","og_site_name":"Vinilo Zona","article_modified_time":"2022-01-16T19:47:20+00:00","og_image":[{"width":368,"height":343,"url":"https:\/\/vinilozona.lt\/wp-content\/uploads\/2022\/01\/R-1651747-1234705934.jpeg.jpg","type":"image\/jpeg"}],"twitter_card":"summary_large_image","schema":{"@context":"https:\/\/schema.org","@graph":[{"@type":"WebPage","@id":"https:\/\/vinilozona.lt\/parduotuve\/jazz\/boots-and-his-buddies-boots-and-his-buddies-1937-1938-volume-1\/","url":"https:\/\/vinilozona.lt\/parduotuve\/jazz\/boots-and-his-buddies-boots-and-his-buddies-1937-1938-volume-1\/","name":"Boots And His Buddies \u2013 Boots And His Buddies (1937-1938) Volume 1 Vinilin\u0117 Plok\u0161tel\u0117 | Vinilozona.lt","isPartOf":{"@id":"https:\/\/vinilozona.lt\/#website"},"primaryImageOfPage":{"@id":"https:\/\/vinilozona.lt\/parduotuve\/jazz\/boots-and-his-buddies-boots-and-his-buddies-1937-1938-volume-1\/#primaryimage"},"image":{"@id":"https:\/\/vinilozona.lt\/parduotuve\/jazz\/boots-and-his-buddies-boots-and-his-buddies-1937-1938-volume-1\/#primaryimage"},"thumbnailUrl":"https:\/\/vinilozona.lt\/wp-content\/uploads\/2022\/01\/R-1651747-1234705934.jpeg.jpg","datePublished":"2022-01-16T19:42:34+00:00","dateModified":"2022-01-16T19:47:20+00:00","breadcrumb":{"@id":"https:\/\/vinilozona.lt\/parduotuve\/jazz\/boots-and-his-buddies-boots-and-his-buddies-1937-1938-volume-1\/#breadcrumb"},"inLanguage":"en-GB","potentialAction":[{"@type":"ReadAction","target":["https:\/\/vinilozona.lt\/parduotuve\/jazz\/boots-and-his-buddies-boots-and-his-buddies-1937-1938-volume-1\/"]}]},{"@type":"ImageObject","inLanguage":"en-GB","@id":"https:\/\/vinilozona.lt\/parduotuve\/jazz\/boots-and-his-buddies-boots-and-his-buddies-1937-1938-volume-1\/#primaryimage","url":"https:\/\/vinilozona.lt\/wp-content\/uploads\/2022\/01\/R-1651747-1234705934.jpeg.jpg","contentUrl":"https:\/\/vinilozona.lt\/wp-content\/uploads\/2022\/01\/R-1651747-1234705934.jpeg.jpg","width":368,"height":343},{"@type":"BreadcrumbList","@id":"https:\/\/vinilozona.lt\/parduotuve\/jazz\/boots-and-his-buddies-boots-and-his-buddies-1937-1938-volume-1\/#breadcrumb","itemListElement":[{"@type":"ListItem","position":1,"name":"Home","item":"https:\/\/vinilozona.lt\/"},{"@type":"ListItem","position":2,"name":"Parduotuv\u0117","item":"https:\/\/vinilozona.lt\/parduotuve\/"},{"@type":"ListItem","position":3,"name":"Boots And His Buddies \u2013 Boots And His Buddies (1937-1938) Volume 1"}]},{"@type":"WebSite","@id":"https:\/\/vinilozona.lt\/#website","url":"https:\/\/vinilozona.lt\/","name":"Vinilo Zona","description":"Nup\u016bsk dulkes ir klausyk LP","potentialAction":[{"@type":"SearchAction","target":{"@type":"EntryPoint","urlTemplate":"https:\/\/vinilozona.lt\/?s={search_term_string}"},"query-input":{"@type":"PropertyValueSpecification","valueRequired":true,"valueName":"search_term_string"}}],"inLanguage":"en-GB"}]}},"_links":{"self":[{"href":"https:\/\/vinilozona.lt\/en\/wp-json\/wp\/v2\/product\/18073"}],"collection":[{"href":"https:\/\/vinilozona.lt\/en\/wp-json\/wp\/v2\/product"}],"about":[{"href":"https:\/\/vinilozona.lt\/en\/wp-json\/wp\/v2\/types\/product"}],"wp:featuredmedia":[{"embeddable":true,"href":"https:\/\/vinilozona.lt\/en\/wp-json\/wp\/v2\/media\/18074"}],"wp:attachment":[{"href":"https:\/\/vinilozona.lt\/en\/wp-json\/wp\/v2\/media?parent=18073"}],"wp:term":[{"taxonomy":"product_cat","embeddable":true,"href":"https:\/\/vinilozona.lt\/en\/wp-json\/wp\/v2\/product_cat?post=18073"},{"taxonomy":"product_tag","embeddable":true,"href":"https:\/\/vinilozona.lt\/en\/wp-json\/wp\/v2\/product_tag?post=18073"}],"curies":[{"name":"wp","href":"https:\/\/api.w.org\/{rel}","templated":true}]}}