{"id":17987,"date":"2022-01-15T11:45:44","date_gmt":"2022-01-15T09:45:44","guid":{"rendered":"https:\/\/vinilozona.lt\/?post_type=product&#038;p=17987"},"modified":"2026-02-21T16:32:24","modified_gmt":"2026-02-21T14:32:24","slug":"oasis-%e2%80%8e-be-here-now-cd","status":"publish","type":"product","link":"https:\/\/vinilozona.lt\/en\/parduotuve\/cd\/naudoti-cd\/oasis-%e2%80%8e-be-here-now-cd\/","title":{"rendered":"Oasis  \u200e\u2013 Be Here Now  CD"},"content":{"rendered":"<p>1\tD&#8217;You Know What I Mean?  7:42<br \/>\n2\tMy Big Mouth\t5:02<br \/>\n3\tMagic Pie\t7:19<br \/>\n4\tStand By Me\t5:56<br \/>\n5\tI Hope, I Think, I Know\t4:22<br \/>\n6\tThe Girl In The Dirty Shirt\t5:49<br \/>\n7\tFade In-Out  6:52<br \/>\n8\tDon&#8217;t Go Away\t4:48<br \/>\n9\tBe Here Now\t5:13<br \/>\n10\tAll Around The World  9:20<br \/>\n11\tIt&#8217;s Gettin&#8217; Better (Man!!)\t7:00<br \/>\n12\tAll Around The World (Reprise)\t2:08<\/p>","protected":false},"excerpt":{"rendered":"<p>1 D&#8217;You Know What I Mean? 7:42 2 My Big Mouth 5:02 3 Magic Pie 7:19 4 Stand By Me 5:56 5 I Hope, I Think, I Know 4:22 6 The Girl In The Dirty Shirt 5:49 7 Fade In-Out 6:52 8 Don&#8217;t Go Away 4:48 9 Be Here Now 5:13 10 All Around The [&#8230;]","protected":false},"featured_media":17988,"template":"","meta":[],"product_cat":[24,946],"product_tag":[44],"yoast_head":"<!-- This site is optimized with the Yoast SEO plugin v23.5 - https:\/\/yoast.com\/wordpress\/plugins\/seo\/ -->\n<title>Oasis \u200e\u2013 Be Here Now CD Vinilin\u0117 Plok\u0161tel\u0117 | Vinilozona.lt<\/title>\n<meta name=\"robots\" content=\"index, follow, max-snippet:-1, max-image-preview:large, max-video-preview:-1\" \/>\n<link rel=\"canonical\" href=\"https:\/\/vinilozona.lt\/en\/parduotuve\/cd\/naudoti-cd\/oasis-\u200e-be-here-now-cd\/\" \/>\n<meta property=\"og:locale\" content=\"en_GB\" \/>\n<meta property=\"og:type\" content=\"article\" \/>\n<meta property=\"og:title\" content=\"Oasis \u200e\u2013 Be Here Now CD Vinilin\u0117 Plok\u0161tel\u0117 | Vinilozona.lt\" \/>\n<meta property=\"og:description\" content=\"1 D&#8217;You Know What I Mean? 7:42 2 My Big Mouth 5:02 3 Magic Pie 7:19 4 Stand By Me 5:56 5 I Hope, I Think, I Know 4:22 6 The Girl In The Dirty Shirt 5:49 7 Fade In-Out 6:52 8 Don&#8217;t Go Away 4:48 9 Be Here Now 5:13 10 All Around The [...]\" \/>\n<meta property=\"og:url\" content=\"https:\/\/vinilozona.lt\/en\/parduotuve\/cd\/naudoti-cd\/oasis-\u200e-be-here-now-cd\/\" \/>\n<meta property=\"og:site_name\" content=\"Vinilo Zona\" \/>\n<meta property=\"article:modified_time\" content=\"2026-02-21T14:32:24+00:00\" \/>\n<meta property=\"og:image\" content=\"https:\/\/vinilozona.lt\/wp-content\/uploads\/2022\/01\/R-390992-1218735564.jpeg.jpg\" \/>\n\t<meta property=\"og:image:width\" content=\"300\" \/>\n\t<meta property=\"og:image:height\" content=\"293\" \/>\n\t<meta property=\"og:image:type\" content=\"image\/jpeg\" \/>\n<meta name=\"twitter:card\" content=\"summary_large_image\" \/>\n<script type=\"application\/ld+json\" class=\"yoast-schema-graph\">{\"@context\":\"https:\/\/schema.org\",\"@graph\":[{\"@type\":\"WebPage\",\"@id\":\"https:\/\/vinilozona.lt\/parduotuve\/cd\/naudoti-cd\/oasis-%e2%80%8e-be-here-now-cd\/\",\"url\":\"https:\/\/vinilozona.lt\/parduotuve\/cd\/naudoti-cd\/oasis-%e2%80%8e-be-here-now-cd\/\",\"name\":\"Oasis \u200e\u2013 Be Here Now CD Vinilin\u0117 Plok\u0161tel\u0117 | Vinilozona.lt\",\"isPartOf\":{\"@id\":\"https:\/\/vinilozona.lt\/#website\"},\"primaryImageOfPage\":{\"@id\":\"https:\/\/vinilozona.lt\/parduotuve\/cd\/naudoti-cd\/oasis-%e2%80%8e-be-here-now-cd\/#primaryimage\"},\"image\":{\"@id\":\"https:\/\/vinilozona.lt\/parduotuve\/cd\/naudoti-cd\/oasis-%e2%80%8e-be-here-now-cd\/#primaryimage\"},\"thumbnailUrl\":\"https:\/\/vinilozona.lt\/wp-content\/uploads\/2022\/01\/R-390992-1218735564.jpeg.jpg\",\"datePublished\":\"2022-01-15T09:45:44+00:00\",\"dateModified\":\"2026-02-21T14:32:24+00:00\",\"breadcrumb\":{\"@id\":\"https:\/\/vinilozona.lt\/parduotuve\/cd\/naudoti-cd\/oasis-%e2%80%8e-be-here-now-cd\/#breadcrumb\"},\"inLanguage\":\"en-GB\",\"potentialAction\":[{\"@type\":\"ReadAction\",\"target\":[\"https:\/\/vinilozona.lt\/parduotuve\/cd\/naudoti-cd\/oasis-%e2%80%8e-be-here-now-cd\/\"]}]},{\"@type\":\"ImageObject\",\"inLanguage\":\"en-GB\",\"@id\":\"https:\/\/vinilozona.lt\/parduotuve\/cd\/naudoti-cd\/oasis-%e2%80%8e-be-here-now-cd\/#primaryimage\",\"url\":\"https:\/\/vinilozona.lt\/wp-content\/uploads\/2022\/01\/R-390992-1218735564.jpeg.jpg\",\"contentUrl\":\"https:\/\/vinilozona.lt\/wp-content\/uploads\/2022\/01\/R-390992-1218735564.jpeg.jpg\",\"width\":300,\"height\":293},{\"@type\":\"BreadcrumbList\",\"@id\":\"https:\/\/vinilozona.lt\/parduotuve\/cd\/naudoti-cd\/oasis-%e2%80%8e-be-here-now-cd\/#breadcrumb\",\"itemListElement\":[{\"@type\":\"ListItem\",\"position\":1,\"name\":\"Home\",\"item\":\"https:\/\/vinilozona.lt\/\"},{\"@type\":\"ListItem\",\"position\":2,\"name\":\"Parduotuv\u0117\",\"item\":\"https:\/\/vinilozona.lt\/parduotuve\/\"},{\"@type\":\"ListItem\",\"position\":3,\"name\":\"Oasis \u200e\u2013 Be Here Now CD\"}]},{\"@type\":\"WebSite\",\"@id\":\"https:\/\/vinilozona.lt\/#website\",\"url\":\"https:\/\/vinilozona.lt\/\",\"name\":\"Vinilo Zona\",\"description\":\"Nup\u016bsk dulkes ir klausyk LP\",\"potentialAction\":[{\"@type\":\"SearchAction\",\"target\":{\"@type\":\"EntryPoint\",\"urlTemplate\":\"https:\/\/vinilozona.lt\/?s={search_term_string}\"},\"query-input\":{\"@type\":\"PropertyValueSpecification\",\"valueRequired\":true,\"valueName\":\"search_term_string\"}}],\"inLanguage\":\"en-GB\"}]}<\/script>\n<!-- \/ Yoast SEO plugin. -->","yoast_head_json":{"title":"Oasis \u200e\u2013 Be Here Now CD Vinilin\u0117 Plok\u0161tel\u0117 | Vinilozona.lt","robots":{"index":"index","follow":"follow","max-snippet":"max-snippet:-1","max-image-preview":"max-image-preview:large","max-video-preview":"max-video-preview:-1"},"canonical":"https:\/\/vinilozona.lt\/en\/parduotuve\/cd\/naudoti-cd\/oasis-\u200e-be-here-now-cd\/","og_locale":"en_GB","og_type":"article","og_title":"Oasis \u200e\u2013 Be Here Now CD Vinilin\u0117 Plok\u0161tel\u0117 | Vinilozona.lt","og_description":"1 D&#8217;You Know What I Mean? 7:42 2 My Big Mouth 5:02 3 Magic Pie 7:19 4 Stand By Me 5:56 5 I Hope, I Think, I Know 4:22 6 The Girl In The Dirty Shirt 5:49 7 Fade In-Out 6:52 8 Don&#8217;t Go Away 4:48 9 Be Here Now 5:13 10 All Around The [...]","og_url":"https:\/\/vinilozona.lt\/en\/parduotuve\/cd\/naudoti-cd\/oasis-\u200e-be-here-now-cd\/","og_site_name":"Vinilo Zona","article_modified_time":"2026-02-21T14:32:24+00:00","og_image":[{"width":300,"height":293,"url":"https:\/\/vinilozona.lt\/wp-content\/uploads\/2022\/01\/R-390992-1218735564.jpeg.jpg","type":"image\/jpeg"}],"twitter_card":"summary_large_image","schema":{"@context":"https:\/\/schema.org","@graph":[{"@type":"WebPage","@id":"https:\/\/vinilozona.lt\/parduotuve\/cd\/naudoti-cd\/oasis-%e2%80%8e-be-here-now-cd\/","url":"https:\/\/vinilozona.lt\/parduotuve\/cd\/naudoti-cd\/oasis-%e2%80%8e-be-here-now-cd\/","name":"Oasis \u200e\u2013 Be Here Now CD Vinilin\u0117 Plok\u0161tel\u0117 | Vinilozona.lt","isPartOf":{"@id":"https:\/\/vinilozona.lt\/#website"},"primaryImageOfPage":{"@id":"https:\/\/vinilozona.lt\/parduotuve\/cd\/naudoti-cd\/oasis-%e2%80%8e-be-here-now-cd\/#primaryimage"},"image":{"@id":"https:\/\/vinilozona.lt\/parduotuve\/cd\/naudoti-cd\/oasis-%e2%80%8e-be-here-now-cd\/#primaryimage"},"thumbnailUrl":"https:\/\/vinilozona.lt\/wp-content\/uploads\/2022\/01\/R-390992-1218735564.jpeg.jpg","datePublished":"2022-01-15T09:45:44+00:00","dateModified":"2026-02-21T14:32:24+00:00","breadcrumb":{"@id":"https:\/\/vinilozona.lt\/parduotuve\/cd\/naudoti-cd\/oasis-%e2%80%8e-be-here-now-cd\/#breadcrumb"},"inLanguage":"en-GB","potentialAction":[{"@type":"ReadAction","target":["https:\/\/vinilozona.lt\/parduotuve\/cd\/naudoti-cd\/oasis-%e2%80%8e-be-here-now-cd\/"]}]},{"@type":"ImageObject","inLanguage":"en-GB","@id":"https:\/\/vinilozona.lt\/parduotuve\/cd\/naudoti-cd\/oasis-%e2%80%8e-be-here-now-cd\/#primaryimage","url":"https:\/\/vinilozona.lt\/wp-content\/uploads\/2022\/01\/R-390992-1218735564.jpeg.jpg","contentUrl":"https:\/\/vinilozona.lt\/wp-content\/uploads\/2022\/01\/R-390992-1218735564.jpeg.jpg","width":300,"height":293},{"@type":"BreadcrumbList","@id":"https:\/\/vinilozona.lt\/parduotuve\/cd\/naudoti-cd\/oasis-%e2%80%8e-be-here-now-cd\/#breadcrumb","itemListElement":[{"@type":"ListItem","position":1,"name":"Home","item":"https:\/\/vinilozona.lt\/"},{"@type":"ListItem","position":2,"name":"Parduotuv\u0117","item":"https:\/\/vinilozona.lt\/parduotuve\/"},{"@type":"ListItem","position":3,"name":"Oasis \u200e\u2013 Be Here Now CD"}]},{"@type":"WebSite","@id":"https:\/\/vinilozona.lt\/#website","url":"https:\/\/vinilozona.lt\/","name":"Vinilo Zona","description":"Nup\u016bsk dulkes ir klausyk LP","potentialAction":[{"@type":"SearchAction","target":{"@type":"EntryPoint","urlTemplate":"https:\/\/vinilozona.lt\/?s={search_term_string}"},"query-input":{"@type":"PropertyValueSpecification","valueRequired":true,"valueName":"search_term_string"}}],"inLanguage":"en-GB"}]}},"_links":{"self":[{"href":"https:\/\/vinilozona.lt\/en\/wp-json\/wp\/v2\/product\/17987"}],"collection":[{"href":"https:\/\/vinilozona.lt\/en\/wp-json\/wp\/v2\/product"}],"about":[{"href":"https:\/\/vinilozona.lt\/en\/wp-json\/wp\/v2\/types\/product"}],"wp:featuredmedia":[{"embeddable":true,"href":"https:\/\/vinilozona.lt\/en\/wp-json\/wp\/v2\/media\/17988"}],"wp:attachment":[{"href":"https:\/\/vinilozona.lt\/en\/wp-json\/wp\/v2\/media?parent=17987"}],"wp:term":[{"taxonomy":"product_cat","embeddable":true,"href":"https:\/\/vinilozona.lt\/en\/wp-json\/wp\/v2\/product_cat?post=17987"},{"taxonomy":"product_tag","embeddable":true,"href":"https:\/\/vinilozona.lt\/en\/wp-json\/wp\/v2\/product_tag?post=17987"}],"curies":[{"name":"wp","href":"https:\/\/api.w.org\/{rel}","templated":true}]}}