{"id":17969,"date":"2022-01-14T12:08:25","date_gmt":"2022-01-14T10:08:25","guid":{"rendered":"https:\/\/vinilozona.lt\/?post_type=product&#038;p=17969"},"modified":"2025-12-05T10:29:11","modified_gmt":"2025-12-05T08:29:11","slug":"mystic-prophecy-%e2%80%8e-regressus-cd","status":"publish","type":"product","link":"https:\/\/vinilozona.lt\/en\/parduotuve\/cd\/naudoti-cd\/mystic-prophecy-%e2%80%8e-regressus-cd\/","title":{"rendered":"Mystic Prophecy \u200e\u2013 Regressus   CD"},"content":{"rendered":"<p>1\tCalling From Hell\t4:31<br \/>\n2\tEternal Flame\t4:44<br \/>\n3\tLords Of Pain\t4:30<br \/>\n4\tSign Of The Cross\t4:00<br \/>\n5\tNight Of The Storm\t4:24<br \/>\n6\tThe Traveller (Instrumental)\t0:50<br \/>\n7\tIn Your Sins\t4:55<br \/>\n8\tForgotten Soul\t3:36<br \/>\n9\tWhen Demons Return\t4:43<br \/>\n10\tRegressus &#8211; Lost In Time\t5:24<br \/>\n11\tMystic Prophecy\t4:27<br \/>\n12\tThe Land Of The Dead\t4:44<br \/>\nDigipak Bonus Tracks<br \/>\n13\tSanctuary [Drum Track] [Unlisted] 3:27<br \/>\n14\tFighting The World  4:05<br \/>\n15\tSanctuary  3:18<\/p>","protected":false},"excerpt":{"rendered":"<p>Nuclear Blast \u200e\u2013 NB 1119-2, Nuclear Blast \u200e\u2013 27361 11192, Nuclear Blast \u200e\u2013 NB 1156-0<br \/>\nFormat:<br \/>\nCD, Album, Digipak<br \/>\nCountry:<br \/>\nGermany<br \/>\nReleased:<br \/>\n16 Jun 2003<\/p>","protected":false},"featured_media":17970,"template":"","meta":[],"product_cat":[24,946],"product_tag":[44],"yoast_head":"<!-- This site is optimized with the Yoast SEO plugin v23.5 - https:\/\/yoast.com\/wordpress\/plugins\/seo\/ -->\n<title>Mystic Prophecy \u200e\u2013 Regressus  CD Vinilin\u0117 Plok\u0161tel\u0117 | Vinilozona.lt<\/title>\n<meta name=\"robots\" content=\"index, follow, max-snippet:-1, max-image-preview:large, max-video-preview:-1\" \/>\n<link rel=\"canonical\" href=\"https:\/\/vinilozona.lt\/en\/parduotuve\/cd\/naudoti-cd\/mystic-prophecy-\u200e-regressus-cd\/\" \/>\n<meta property=\"og:locale\" content=\"en_GB\" \/>\n<meta property=\"og:type\" content=\"article\" \/>\n<meta property=\"og:title\" content=\"Mystic Prophecy \u200e\u2013 Regressus  CD Vinilin\u0117 Plok\u0161tel\u0117 | Vinilozona.lt\" \/>\n<meta property=\"og:description\" content=\"Nuclear Blast \u200e\u2013 NB 1119-2, Nuclear Blast \u200e\u2013 27361 11192, Nuclear Blast \u200e\u2013 NB 1156-0 Format: CD, Album, Digipak Country: Germany Released: 16 Jun 2003\" \/>\n<meta property=\"og:url\" content=\"https:\/\/vinilozona.lt\/en\/parduotuve\/cd\/naudoti-cd\/mystic-prophecy-\u200e-regressus-cd\/\" \/>\n<meta property=\"og:site_name\" content=\"Vinilo Zona\" \/>\n<meta property=\"article:modified_time\" content=\"2025-12-05T08:29:11+00:00\" \/>\n<meta property=\"og:image\" content=\"https:\/\/vinilozona.lt\/wp-content\/uploads\/2022\/01\/R-3561103-1603653903-1118.jpeg.jpg\" \/>\n\t<meta property=\"og:image:width\" content=\"599\" \/>\n\t<meta property=\"og:image:height\" content=\"539\" \/>\n\t<meta property=\"og:image:type\" content=\"image\/jpeg\" \/>\n<meta name=\"twitter:card\" content=\"summary_large_image\" \/>\n<script type=\"application\/ld+json\" class=\"yoast-schema-graph\">{\"@context\":\"https:\/\/schema.org\",\"@graph\":[{\"@type\":\"WebPage\",\"@id\":\"https:\/\/vinilozona.lt\/parduotuve\/cd\/naudoti-cd\/mystic-prophecy-%e2%80%8e-regressus-cd\/\",\"url\":\"https:\/\/vinilozona.lt\/parduotuve\/cd\/naudoti-cd\/mystic-prophecy-%e2%80%8e-regressus-cd\/\",\"name\":\"Mystic Prophecy \u200e\u2013 Regressus CD Vinilin\u0117 Plok\u0161tel\u0117 | Vinilozona.lt\",\"isPartOf\":{\"@id\":\"https:\/\/vinilozona.lt\/#website\"},\"primaryImageOfPage\":{\"@id\":\"https:\/\/vinilozona.lt\/parduotuve\/cd\/naudoti-cd\/mystic-prophecy-%e2%80%8e-regressus-cd\/#primaryimage\"},\"image\":{\"@id\":\"https:\/\/vinilozona.lt\/parduotuve\/cd\/naudoti-cd\/mystic-prophecy-%e2%80%8e-regressus-cd\/#primaryimage\"},\"thumbnailUrl\":\"https:\/\/vinilozona.lt\/wp-content\/uploads\/2022\/01\/R-3561103-1603653903-1118.jpeg.jpg\",\"datePublished\":\"2022-01-14T10:08:25+00:00\",\"dateModified\":\"2025-12-05T08:29:11+00:00\",\"breadcrumb\":{\"@id\":\"https:\/\/vinilozona.lt\/parduotuve\/cd\/naudoti-cd\/mystic-prophecy-%e2%80%8e-regressus-cd\/#breadcrumb\"},\"inLanguage\":\"en-GB\",\"potentialAction\":[{\"@type\":\"ReadAction\",\"target\":[\"https:\/\/vinilozona.lt\/parduotuve\/cd\/naudoti-cd\/mystic-prophecy-%e2%80%8e-regressus-cd\/\"]}]},{\"@type\":\"ImageObject\",\"inLanguage\":\"en-GB\",\"@id\":\"https:\/\/vinilozona.lt\/parduotuve\/cd\/naudoti-cd\/mystic-prophecy-%e2%80%8e-regressus-cd\/#primaryimage\",\"url\":\"https:\/\/vinilozona.lt\/wp-content\/uploads\/2022\/01\/R-3561103-1603653903-1118.jpeg.jpg\",\"contentUrl\":\"https:\/\/vinilozona.lt\/wp-content\/uploads\/2022\/01\/R-3561103-1603653903-1118.jpeg.jpg\",\"width\":599,\"height\":539},{\"@type\":\"BreadcrumbList\",\"@id\":\"https:\/\/vinilozona.lt\/parduotuve\/cd\/naudoti-cd\/mystic-prophecy-%e2%80%8e-regressus-cd\/#breadcrumb\",\"itemListElement\":[{\"@type\":\"ListItem\",\"position\":1,\"name\":\"Home\",\"item\":\"https:\/\/vinilozona.lt\/\"},{\"@type\":\"ListItem\",\"position\":2,\"name\":\"Parduotuv\u0117\",\"item\":\"https:\/\/vinilozona.lt\/parduotuve\/\"},{\"@type\":\"ListItem\",\"position\":3,\"name\":\"Mystic Prophecy \u200e\u2013 Regressus CD\"}]},{\"@type\":\"WebSite\",\"@id\":\"https:\/\/vinilozona.lt\/#website\",\"url\":\"https:\/\/vinilozona.lt\/\",\"name\":\"Vinilo Zona\",\"description\":\"Nup\u016bsk dulkes ir klausyk LP\",\"potentialAction\":[{\"@type\":\"SearchAction\",\"target\":{\"@type\":\"EntryPoint\",\"urlTemplate\":\"https:\/\/vinilozona.lt\/?s={search_term_string}\"},\"query-input\":{\"@type\":\"PropertyValueSpecification\",\"valueRequired\":true,\"valueName\":\"search_term_string\"}}],\"inLanguage\":\"en-GB\"}]}<\/script>\n<!-- \/ Yoast SEO plugin. -->","yoast_head_json":{"title":"Mystic Prophecy \u200e\u2013 Regressus  CD Vinilin\u0117 Plok\u0161tel\u0117 | Vinilozona.lt","robots":{"index":"index","follow":"follow","max-snippet":"max-snippet:-1","max-image-preview":"max-image-preview:large","max-video-preview":"max-video-preview:-1"},"canonical":"https:\/\/vinilozona.lt\/en\/parduotuve\/cd\/naudoti-cd\/mystic-prophecy-\u200e-regressus-cd\/","og_locale":"en_GB","og_type":"article","og_title":"Mystic Prophecy \u200e\u2013 Regressus  CD Vinilin\u0117 Plok\u0161tel\u0117 | Vinilozona.lt","og_description":"Nuclear Blast \u200e\u2013 NB 1119-2, Nuclear Blast \u200e\u2013 27361 11192, Nuclear Blast \u200e\u2013 NB 1156-0 Format: CD, Album, Digipak Country: Germany Released: 16 Jun 2003","og_url":"https:\/\/vinilozona.lt\/en\/parduotuve\/cd\/naudoti-cd\/mystic-prophecy-\u200e-regressus-cd\/","og_site_name":"Vinilo Zona","article_modified_time":"2025-12-05T08:29:11+00:00","og_image":[{"width":599,"height":539,"url":"https:\/\/vinilozona.lt\/wp-content\/uploads\/2022\/01\/R-3561103-1603653903-1118.jpeg.jpg","type":"image\/jpeg"}],"twitter_card":"summary_large_image","schema":{"@context":"https:\/\/schema.org","@graph":[{"@type":"WebPage","@id":"https:\/\/vinilozona.lt\/parduotuve\/cd\/naudoti-cd\/mystic-prophecy-%e2%80%8e-regressus-cd\/","url":"https:\/\/vinilozona.lt\/parduotuve\/cd\/naudoti-cd\/mystic-prophecy-%e2%80%8e-regressus-cd\/","name":"Mystic Prophecy \u200e\u2013 Regressus CD Vinilin\u0117 Plok\u0161tel\u0117 | Vinilozona.lt","isPartOf":{"@id":"https:\/\/vinilozona.lt\/#website"},"primaryImageOfPage":{"@id":"https:\/\/vinilozona.lt\/parduotuve\/cd\/naudoti-cd\/mystic-prophecy-%e2%80%8e-regressus-cd\/#primaryimage"},"image":{"@id":"https:\/\/vinilozona.lt\/parduotuve\/cd\/naudoti-cd\/mystic-prophecy-%e2%80%8e-regressus-cd\/#primaryimage"},"thumbnailUrl":"https:\/\/vinilozona.lt\/wp-content\/uploads\/2022\/01\/R-3561103-1603653903-1118.jpeg.jpg","datePublished":"2022-01-14T10:08:25+00:00","dateModified":"2025-12-05T08:29:11+00:00","breadcrumb":{"@id":"https:\/\/vinilozona.lt\/parduotuve\/cd\/naudoti-cd\/mystic-prophecy-%e2%80%8e-regressus-cd\/#breadcrumb"},"inLanguage":"en-GB","potentialAction":[{"@type":"ReadAction","target":["https:\/\/vinilozona.lt\/parduotuve\/cd\/naudoti-cd\/mystic-prophecy-%e2%80%8e-regressus-cd\/"]}]},{"@type":"ImageObject","inLanguage":"en-GB","@id":"https:\/\/vinilozona.lt\/parduotuve\/cd\/naudoti-cd\/mystic-prophecy-%e2%80%8e-regressus-cd\/#primaryimage","url":"https:\/\/vinilozona.lt\/wp-content\/uploads\/2022\/01\/R-3561103-1603653903-1118.jpeg.jpg","contentUrl":"https:\/\/vinilozona.lt\/wp-content\/uploads\/2022\/01\/R-3561103-1603653903-1118.jpeg.jpg","width":599,"height":539},{"@type":"BreadcrumbList","@id":"https:\/\/vinilozona.lt\/parduotuve\/cd\/naudoti-cd\/mystic-prophecy-%e2%80%8e-regressus-cd\/#breadcrumb","itemListElement":[{"@type":"ListItem","position":1,"name":"Home","item":"https:\/\/vinilozona.lt\/"},{"@type":"ListItem","position":2,"name":"Parduotuv\u0117","item":"https:\/\/vinilozona.lt\/parduotuve\/"},{"@type":"ListItem","position":3,"name":"Mystic Prophecy \u200e\u2013 Regressus CD"}]},{"@type":"WebSite","@id":"https:\/\/vinilozona.lt\/#website","url":"https:\/\/vinilozona.lt\/","name":"Vinilo Zona","description":"Nup\u016bsk dulkes ir klausyk LP","potentialAction":[{"@type":"SearchAction","target":{"@type":"EntryPoint","urlTemplate":"https:\/\/vinilozona.lt\/?s={search_term_string}"},"query-input":{"@type":"PropertyValueSpecification","valueRequired":true,"valueName":"search_term_string"}}],"inLanguage":"en-GB"}]}},"_links":{"self":[{"href":"https:\/\/vinilozona.lt\/en\/wp-json\/wp\/v2\/product\/17969"}],"collection":[{"href":"https:\/\/vinilozona.lt\/en\/wp-json\/wp\/v2\/product"}],"about":[{"href":"https:\/\/vinilozona.lt\/en\/wp-json\/wp\/v2\/types\/product"}],"wp:featuredmedia":[{"embeddable":true,"href":"https:\/\/vinilozona.lt\/en\/wp-json\/wp\/v2\/media\/17970"}],"wp:attachment":[{"href":"https:\/\/vinilozona.lt\/en\/wp-json\/wp\/v2\/media?parent=17969"}],"wp:term":[{"taxonomy":"product_cat","embeddable":true,"href":"https:\/\/vinilozona.lt\/en\/wp-json\/wp\/v2\/product_cat?post=17969"},{"taxonomy":"product_tag","embeddable":true,"href":"https:\/\/vinilozona.lt\/en\/wp-json\/wp\/v2\/product_tag?post=17969"}],"curies":[{"name":"wp","href":"https:\/\/api.w.org\/{rel}","templated":true}]}}