{"id":17957,"date":"2022-01-12T07:52:32","date_gmt":"2022-01-12T05:52:32","guid":{"rendered":"https:\/\/vinilozona.lt\/?post_type=product&#038;p=17957"},"modified":"2022-01-12T07:52:32","modified_gmt":"2022-01-12T05:52:32","slug":"missa-mercuria-%e2%80%8e-missa-mercuria-cd","status":"publish","type":"product","link":"https:\/\/vinilozona.lt\/en\/parduotuve\/cd\/naudoti-cd\/missa-mercuria-%e2%80%8e-missa-mercuria-cd\/","title":{"rendered":"Missa Mercuria \u200e\u2013 Missa Mercuria  CD"},"content":{"rendered":"<p>1\tEarth&#8217;s Destruction\t2:25<br \/>\n2\tRequiem Mortale\t1:08<br \/>\n3\tDevine Spark (Firegod)\t5:00<br \/>\n4\tWhisper Of The Soul (Watergoddess)\t6:15<br \/>\n5\tMother Earth (Earthgoddess)\t4:45<br \/>\n6\tSpirit Of Wisdom (Airgod)\t5:59<br \/>\n7\tIllusion Of Time\t2:59<br \/>\n8\tMissa Mercuria\t6:27<br \/>\n9\tFairytale Of Truth\t4:49<br \/>\n10\tFarewell For Love&#8217;s Sake\t5:04<br \/>\nJourney To Hades:<br \/>\n11\tDepartue To Fear\t1:10<br \/>\n12\tStrange Desert Walk\t2:43<br \/>\n13\tBursting Ego\t5:00<br \/>\n14\tDown To Hell\t0:33<br \/>\n15\tRectificando\t6:57<br \/>\nOutro:<br \/>\n16\tNew Eon Arises\t1:56<\/p>","protected":false},"excerpt":{"rendered":"<p>Generation Records \u200e\u2013 GR007-2<br \/>\nFormat:<br \/>\nCD, Album<br \/>\nCountry:<br \/>\nGermany<br \/>\nReleased:<br \/>\n2002<\/p>","protected":false},"featured_media":17958,"template":"","meta":[],"product_cat":[24,946],"product_tag":[44],"yoast_head":"<!-- This site is optimized with the Yoast SEO plugin v23.5 - https:\/\/yoast.com\/wordpress\/plugins\/seo\/ -->\n<title>Missa Mercuria \u200e\u2013 Missa Mercuria CD Vinilin\u0117 Plok\u0161tel\u0117 | Vinilozona.lt<\/title>\n<meta name=\"robots\" content=\"index, follow, max-snippet:-1, max-image-preview:large, max-video-preview:-1\" \/>\n<link rel=\"canonical\" href=\"https:\/\/vinilozona.lt\/en\/parduotuve\/cd\/naudoti-cd\/missa-mercuria-\u200e-missa-mercuria-cd\/\" \/>\n<meta property=\"og:locale\" content=\"en_GB\" \/>\n<meta property=\"og:type\" content=\"article\" \/>\n<meta property=\"og:title\" content=\"Missa Mercuria \u200e\u2013 Missa Mercuria CD Vinilin\u0117 Plok\u0161tel\u0117 | Vinilozona.lt\" \/>\n<meta property=\"og:description\" content=\"Generation Records \u200e\u2013 GR007-2 Format: CD, Album Country: Germany Released: 2002\" \/>\n<meta property=\"og:url\" content=\"https:\/\/vinilozona.lt\/en\/parduotuve\/cd\/naudoti-cd\/missa-mercuria-\u200e-missa-mercuria-cd\/\" \/>\n<meta property=\"og:site_name\" content=\"Vinilo Zona\" \/>\n<meta property=\"og:image\" content=\"https:\/\/vinilozona.lt\/wp-content\/uploads\/2022\/01\/R-2152168-1617624652-7485.jpeg.jpg\" \/>\n\t<meta property=\"og:image:width\" content=\"600\" \/>\n\t<meta property=\"og:image:height\" content=\"528\" \/>\n\t<meta property=\"og:image:type\" content=\"image\/jpeg\" \/>\n<meta name=\"twitter:card\" content=\"summary_large_image\" \/>\n<script type=\"application\/ld+json\" class=\"yoast-schema-graph\">{\"@context\":\"https:\/\/schema.org\",\"@graph\":[{\"@type\":\"WebPage\",\"@id\":\"https:\/\/vinilozona.lt\/parduotuve\/cd\/naudoti-cd\/missa-mercuria-%e2%80%8e-missa-mercuria-cd\/\",\"url\":\"https:\/\/vinilozona.lt\/parduotuve\/cd\/naudoti-cd\/missa-mercuria-%e2%80%8e-missa-mercuria-cd\/\",\"name\":\"Missa Mercuria \u200e\u2013 Missa Mercuria CD Vinilin\u0117 Plok\u0161tel\u0117 | Vinilozona.lt\",\"isPartOf\":{\"@id\":\"https:\/\/vinilozona.lt\/#website\"},\"primaryImageOfPage\":{\"@id\":\"https:\/\/vinilozona.lt\/parduotuve\/cd\/naudoti-cd\/missa-mercuria-%e2%80%8e-missa-mercuria-cd\/#primaryimage\"},\"image\":{\"@id\":\"https:\/\/vinilozona.lt\/parduotuve\/cd\/naudoti-cd\/missa-mercuria-%e2%80%8e-missa-mercuria-cd\/#primaryimage\"},\"thumbnailUrl\":\"https:\/\/vinilozona.lt\/wp-content\/uploads\/2022\/01\/R-2152168-1617624652-7485.jpeg.jpg\",\"datePublished\":\"2022-01-12T05:52:32+00:00\",\"dateModified\":\"2022-01-12T05:52:32+00:00\",\"breadcrumb\":{\"@id\":\"https:\/\/vinilozona.lt\/parduotuve\/cd\/naudoti-cd\/missa-mercuria-%e2%80%8e-missa-mercuria-cd\/#breadcrumb\"},\"inLanguage\":\"en-GB\",\"potentialAction\":[{\"@type\":\"ReadAction\",\"target\":[\"https:\/\/vinilozona.lt\/parduotuve\/cd\/naudoti-cd\/missa-mercuria-%e2%80%8e-missa-mercuria-cd\/\"]}]},{\"@type\":\"ImageObject\",\"inLanguage\":\"en-GB\",\"@id\":\"https:\/\/vinilozona.lt\/parduotuve\/cd\/naudoti-cd\/missa-mercuria-%e2%80%8e-missa-mercuria-cd\/#primaryimage\",\"url\":\"https:\/\/vinilozona.lt\/wp-content\/uploads\/2022\/01\/R-2152168-1617624652-7485.jpeg.jpg\",\"contentUrl\":\"https:\/\/vinilozona.lt\/wp-content\/uploads\/2022\/01\/R-2152168-1617624652-7485.jpeg.jpg\",\"width\":600,\"height\":528},{\"@type\":\"BreadcrumbList\",\"@id\":\"https:\/\/vinilozona.lt\/parduotuve\/cd\/naudoti-cd\/missa-mercuria-%e2%80%8e-missa-mercuria-cd\/#breadcrumb\",\"itemListElement\":[{\"@type\":\"ListItem\",\"position\":1,\"name\":\"Home\",\"item\":\"https:\/\/vinilozona.lt\/\"},{\"@type\":\"ListItem\",\"position\":2,\"name\":\"Parduotuv\u0117\",\"item\":\"https:\/\/vinilozona.lt\/parduotuve\/\"},{\"@type\":\"ListItem\",\"position\":3,\"name\":\"Missa Mercuria \u200e\u2013 Missa Mercuria CD\"}]},{\"@type\":\"WebSite\",\"@id\":\"https:\/\/vinilozona.lt\/#website\",\"url\":\"https:\/\/vinilozona.lt\/\",\"name\":\"Vinilo Zona\",\"description\":\"Nup\u016bsk dulkes ir klausyk LP\",\"potentialAction\":[{\"@type\":\"SearchAction\",\"target\":{\"@type\":\"EntryPoint\",\"urlTemplate\":\"https:\/\/vinilozona.lt\/?s={search_term_string}\"},\"query-input\":{\"@type\":\"PropertyValueSpecification\",\"valueRequired\":true,\"valueName\":\"search_term_string\"}}],\"inLanguage\":\"en-GB\"}]}<\/script>\n<!-- \/ Yoast SEO plugin. -->","yoast_head_json":{"title":"Missa Mercuria \u200e\u2013 Missa Mercuria CD Vinilin\u0117 Plok\u0161tel\u0117 | Vinilozona.lt","robots":{"index":"index","follow":"follow","max-snippet":"max-snippet:-1","max-image-preview":"max-image-preview:large","max-video-preview":"max-video-preview:-1"},"canonical":"https:\/\/vinilozona.lt\/en\/parduotuve\/cd\/naudoti-cd\/missa-mercuria-\u200e-missa-mercuria-cd\/","og_locale":"en_GB","og_type":"article","og_title":"Missa Mercuria \u200e\u2013 Missa Mercuria CD Vinilin\u0117 Plok\u0161tel\u0117 | Vinilozona.lt","og_description":"Generation Records \u200e\u2013 GR007-2 Format: CD, Album Country: Germany Released: 2002","og_url":"https:\/\/vinilozona.lt\/en\/parduotuve\/cd\/naudoti-cd\/missa-mercuria-\u200e-missa-mercuria-cd\/","og_site_name":"Vinilo Zona","og_image":[{"width":600,"height":528,"url":"https:\/\/vinilozona.lt\/wp-content\/uploads\/2022\/01\/R-2152168-1617624652-7485.jpeg.jpg","type":"image\/jpeg"}],"twitter_card":"summary_large_image","schema":{"@context":"https:\/\/schema.org","@graph":[{"@type":"WebPage","@id":"https:\/\/vinilozona.lt\/parduotuve\/cd\/naudoti-cd\/missa-mercuria-%e2%80%8e-missa-mercuria-cd\/","url":"https:\/\/vinilozona.lt\/parduotuve\/cd\/naudoti-cd\/missa-mercuria-%e2%80%8e-missa-mercuria-cd\/","name":"Missa Mercuria \u200e\u2013 Missa Mercuria CD Vinilin\u0117 Plok\u0161tel\u0117 | Vinilozona.lt","isPartOf":{"@id":"https:\/\/vinilozona.lt\/#website"},"primaryImageOfPage":{"@id":"https:\/\/vinilozona.lt\/parduotuve\/cd\/naudoti-cd\/missa-mercuria-%e2%80%8e-missa-mercuria-cd\/#primaryimage"},"image":{"@id":"https:\/\/vinilozona.lt\/parduotuve\/cd\/naudoti-cd\/missa-mercuria-%e2%80%8e-missa-mercuria-cd\/#primaryimage"},"thumbnailUrl":"https:\/\/vinilozona.lt\/wp-content\/uploads\/2022\/01\/R-2152168-1617624652-7485.jpeg.jpg","datePublished":"2022-01-12T05:52:32+00:00","dateModified":"2022-01-12T05:52:32+00:00","breadcrumb":{"@id":"https:\/\/vinilozona.lt\/parduotuve\/cd\/naudoti-cd\/missa-mercuria-%e2%80%8e-missa-mercuria-cd\/#breadcrumb"},"inLanguage":"en-GB","potentialAction":[{"@type":"ReadAction","target":["https:\/\/vinilozona.lt\/parduotuve\/cd\/naudoti-cd\/missa-mercuria-%e2%80%8e-missa-mercuria-cd\/"]}]},{"@type":"ImageObject","inLanguage":"en-GB","@id":"https:\/\/vinilozona.lt\/parduotuve\/cd\/naudoti-cd\/missa-mercuria-%e2%80%8e-missa-mercuria-cd\/#primaryimage","url":"https:\/\/vinilozona.lt\/wp-content\/uploads\/2022\/01\/R-2152168-1617624652-7485.jpeg.jpg","contentUrl":"https:\/\/vinilozona.lt\/wp-content\/uploads\/2022\/01\/R-2152168-1617624652-7485.jpeg.jpg","width":600,"height":528},{"@type":"BreadcrumbList","@id":"https:\/\/vinilozona.lt\/parduotuve\/cd\/naudoti-cd\/missa-mercuria-%e2%80%8e-missa-mercuria-cd\/#breadcrumb","itemListElement":[{"@type":"ListItem","position":1,"name":"Home","item":"https:\/\/vinilozona.lt\/"},{"@type":"ListItem","position":2,"name":"Parduotuv\u0117","item":"https:\/\/vinilozona.lt\/parduotuve\/"},{"@type":"ListItem","position":3,"name":"Missa Mercuria \u200e\u2013 Missa Mercuria CD"}]},{"@type":"WebSite","@id":"https:\/\/vinilozona.lt\/#website","url":"https:\/\/vinilozona.lt\/","name":"Vinilo Zona","description":"Nup\u016bsk dulkes ir klausyk LP","potentialAction":[{"@type":"SearchAction","target":{"@type":"EntryPoint","urlTemplate":"https:\/\/vinilozona.lt\/?s={search_term_string}"},"query-input":{"@type":"PropertyValueSpecification","valueRequired":true,"valueName":"search_term_string"}}],"inLanguage":"en-GB"}]}},"_links":{"self":[{"href":"https:\/\/vinilozona.lt\/en\/wp-json\/wp\/v2\/product\/17957"}],"collection":[{"href":"https:\/\/vinilozona.lt\/en\/wp-json\/wp\/v2\/product"}],"about":[{"href":"https:\/\/vinilozona.lt\/en\/wp-json\/wp\/v2\/types\/product"}],"wp:featuredmedia":[{"embeddable":true,"href":"https:\/\/vinilozona.lt\/en\/wp-json\/wp\/v2\/media\/17958"}],"wp:attachment":[{"href":"https:\/\/vinilozona.lt\/en\/wp-json\/wp\/v2\/media?parent=17957"}],"wp:term":[{"taxonomy":"product_cat","embeddable":true,"href":"https:\/\/vinilozona.lt\/en\/wp-json\/wp\/v2\/product_cat?post=17957"},{"taxonomy":"product_tag","embeddable":true,"href":"https:\/\/vinilozona.lt\/en\/wp-json\/wp\/v2\/product_tag?post=17957"}],"curies":[{"name":"wp","href":"https:\/\/api.w.org\/{rel}","templated":true}]}}