{"id":17892,"date":"2023-12-25T05:19:11","date_gmt":"2023-12-25T03:19:11","guid":{"rendered":"https:\/\/vinilozona.lt\/?post_type=product&#038;p=17892"},"modified":"2025-07-16T17:25:04","modified_gmt":"2025-07-16T14:25:04","slug":"fleetwood-mac-fleetwood-macs-greatest-hits","status":"publish","type":"product","link":"https:\/\/vinilozona.lt\/en\/parduotuve\/rock-pop\/fleetwood-mac-fleetwood-macs-greatest-hits\/","title":{"rendered":"Fleetwood Mac \u2013 Fleetwood Mac&#8217;s Greatest Hits"},"content":{"rendered":"<p>The Green Manalishi (With The Two Pronged Crown)\t4:34<br \/>\nOh Well &#8211; Part 1\t3:28<br \/>\nOh Well &#8211; Part 2\t5:38<br \/>\nShake Your Money Maker\t2:54<br \/>\nNeed Your Love So Bad\t3:54<br \/>\nRattle Snake Shake\t3:30<br \/>\nDragonfly\t2:45<br \/>\nBlack Magic Woman\t2:50<br \/>\nAlbatross\t3:08<br \/>\nMan Of The World\t2:50<br \/>\nStop Messin&#8217; Round\t2:18<br \/>\nLove That Burns\t5:05<\/p>","protected":false},"excerpt":{"rendered":"<p>CBS \u2013 460704 1<br \/>\nFormat:<br \/>\nVinyl, LP, Compilation, Reissue<br \/>\nCountry:\tUK<\/p>","protected":false},"featured_media":17893,"template":"","meta":[],"product_cat":[15],"product_tag":[44],"yoast_head":"<!-- This site is optimized with the Yoast SEO plugin v23.5 - https:\/\/yoast.com\/wordpress\/plugins\/seo\/ -->\n<title>Fleetwood Mac \u2013 Fleetwood Mac&#039;s Greatest Hits Vinilin\u0117 Plok\u0161tel\u0117 | Vinilozona.lt<\/title>\n<meta name=\"robots\" content=\"index, follow, max-snippet:-1, max-image-preview:large, max-video-preview:-1\" \/>\n<link rel=\"canonical\" href=\"https:\/\/vinilozona.lt\/en\/parduotuve\/rock-pop\/fleetwood-mac-fleetwood-macs-greatest-hits\/\" \/>\n<meta property=\"og:locale\" content=\"en_GB\" \/>\n<meta property=\"og:type\" content=\"article\" \/>\n<meta property=\"og:title\" content=\"Fleetwood Mac \u2013 Fleetwood Mac&#039;s Greatest Hits Vinilin\u0117 Plok\u0161tel\u0117 | Vinilozona.lt\" \/>\n<meta property=\"og:description\" content=\"CBS \u2013 460704 1 Format:  Vinyl, LP, Compilation, Reissue Country: UK\" \/>\n<meta property=\"og:url\" content=\"https:\/\/vinilozona.lt\/en\/parduotuve\/rock-pop\/fleetwood-mac-fleetwood-macs-greatest-hits\/\" \/>\n<meta property=\"og:site_name\" content=\"Vinilo Zona\" \/>\n<meta property=\"article:modified_time\" content=\"2025-07-16T14:25:04+00:00\" \/>\n<meta property=\"og:image\" content=\"https:\/\/vinilozona.lt\/wp-content\/uploads\/2022\/01\/R-1513135-1478338129-1317.jpeg.jpg\" \/>\n\t<meta property=\"og:image:width\" content=\"599\" \/>\n\t<meta property=\"og:image:height\" content=\"594\" \/>\n\t<meta property=\"og:image:type\" content=\"image\/jpeg\" \/>\n<meta name=\"twitter:card\" content=\"summary_large_image\" \/>\n<script type=\"application\/ld+json\" class=\"yoast-schema-graph\">{\"@context\":\"https:\/\/schema.org\",\"@graph\":[{\"@type\":\"WebPage\",\"@id\":\"https:\/\/vinilozona.lt\/parduotuve\/rock-pop\/fleetwood-mac-fleetwood-macs-greatest-hits\/\",\"url\":\"https:\/\/vinilozona.lt\/parduotuve\/rock-pop\/fleetwood-mac-fleetwood-macs-greatest-hits\/\",\"name\":\"Fleetwood Mac \u2013 Fleetwood Mac's Greatest Hits Vinilin\u0117 Plok\u0161tel\u0117 | Vinilozona.lt\",\"isPartOf\":{\"@id\":\"https:\/\/vinilozona.lt\/#website\"},\"primaryImageOfPage\":{\"@id\":\"https:\/\/vinilozona.lt\/parduotuve\/rock-pop\/fleetwood-mac-fleetwood-macs-greatest-hits\/#primaryimage\"},\"image\":{\"@id\":\"https:\/\/vinilozona.lt\/parduotuve\/rock-pop\/fleetwood-mac-fleetwood-macs-greatest-hits\/#primaryimage\"},\"thumbnailUrl\":\"https:\/\/vinilozona.lt\/wp-content\/uploads\/2022\/01\/R-1513135-1478338129-1317.jpeg.jpg\",\"datePublished\":\"2023-12-25T03:19:11+00:00\",\"dateModified\":\"2025-07-16T14:25:04+00:00\",\"breadcrumb\":{\"@id\":\"https:\/\/vinilozona.lt\/parduotuve\/rock-pop\/fleetwood-mac-fleetwood-macs-greatest-hits\/#breadcrumb\"},\"inLanguage\":\"en-GB\",\"potentialAction\":[{\"@type\":\"ReadAction\",\"target\":[\"https:\/\/vinilozona.lt\/parduotuve\/rock-pop\/fleetwood-mac-fleetwood-macs-greatest-hits\/\"]}]},{\"@type\":\"ImageObject\",\"inLanguage\":\"en-GB\",\"@id\":\"https:\/\/vinilozona.lt\/parduotuve\/rock-pop\/fleetwood-mac-fleetwood-macs-greatest-hits\/#primaryimage\",\"url\":\"https:\/\/vinilozona.lt\/wp-content\/uploads\/2022\/01\/R-1513135-1478338129-1317.jpeg.jpg\",\"contentUrl\":\"https:\/\/vinilozona.lt\/wp-content\/uploads\/2022\/01\/R-1513135-1478338129-1317.jpeg.jpg\",\"width\":599,\"height\":594},{\"@type\":\"BreadcrumbList\",\"@id\":\"https:\/\/vinilozona.lt\/parduotuve\/rock-pop\/fleetwood-mac-fleetwood-macs-greatest-hits\/#breadcrumb\",\"itemListElement\":[{\"@type\":\"ListItem\",\"position\":1,\"name\":\"Home\",\"item\":\"https:\/\/vinilozona.lt\/\"},{\"@type\":\"ListItem\",\"position\":2,\"name\":\"Parduotuv\u0117\",\"item\":\"https:\/\/vinilozona.lt\/parduotuve\/\"},{\"@type\":\"ListItem\",\"position\":3,\"name\":\"Fleetwood Mac \u2013 Fleetwood Mac&#8217;s Greatest Hits\"}]},{\"@type\":\"WebSite\",\"@id\":\"https:\/\/vinilozona.lt\/#website\",\"url\":\"https:\/\/vinilozona.lt\/\",\"name\":\"Vinilo Zona\",\"description\":\"Nup\u016bsk dulkes ir klausyk LP\",\"potentialAction\":[{\"@type\":\"SearchAction\",\"target\":{\"@type\":\"EntryPoint\",\"urlTemplate\":\"https:\/\/vinilozona.lt\/?s={search_term_string}\"},\"query-input\":{\"@type\":\"PropertyValueSpecification\",\"valueRequired\":true,\"valueName\":\"search_term_string\"}}],\"inLanguage\":\"en-GB\"}]}<\/script>\n<!-- \/ Yoast SEO plugin. -->","yoast_head_json":{"title":"Fleetwood Mac \u2013 Fleetwood Mac's Greatest Hits Vinilin\u0117 Plok\u0161tel\u0117 | Vinilozona.lt","robots":{"index":"index","follow":"follow","max-snippet":"max-snippet:-1","max-image-preview":"max-image-preview:large","max-video-preview":"max-video-preview:-1"},"canonical":"https:\/\/vinilozona.lt\/en\/parduotuve\/rock-pop\/fleetwood-mac-fleetwood-macs-greatest-hits\/","og_locale":"en_GB","og_type":"article","og_title":"Fleetwood Mac \u2013 Fleetwood Mac's Greatest Hits Vinilin\u0117 Plok\u0161tel\u0117 | Vinilozona.lt","og_description":"CBS \u2013 460704 1 Format:  Vinyl, LP, Compilation, Reissue Country: UK","og_url":"https:\/\/vinilozona.lt\/en\/parduotuve\/rock-pop\/fleetwood-mac-fleetwood-macs-greatest-hits\/","og_site_name":"Vinilo Zona","article_modified_time":"2025-07-16T14:25:04+00:00","og_image":[{"width":599,"height":594,"url":"https:\/\/vinilozona.lt\/wp-content\/uploads\/2022\/01\/R-1513135-1478338129-1317.jpeg.jpg","type":"image\/jpeg"}],"twitter_card":"summary_large_image","schema":{"@context":"https:\/\/schema.org","@graph":[{"@type":"WebPage","@id":"https:\/\/vinilozona.lt\/parduotuve\/rock-pop\/fleetwood-mac-fleetwood-macs-greatest-hits\/","url":"https:\/\/vinilozona.lt\/parduotuve\/rock-pop\/fleetwood-mac-fleetwood-macs-greatest-hits\/","name":"Fleetwood Mac \u2013 Fleetwood Mac's Greatest Hits Vinilin\u0117 Plok\u0161tel\u0117 | Vinilozona.lt","isPartOf":{"@id":"https:\/\/vinilozona.lt\/#website"},"primaryImageOfPage":{"@id":"https:\/\/vinilozona.lt\/parduotuve\/rock-pop\/fleetwood-mac-fleetwood-macs-greatest-hits\/#primaryimage"},"image":{"@id":"https:\/\/vinilozona.lt\/parduotuve\/rock-pop\/fleetwood-mac-fleetwood-macs-greatest-hits\/#primaryimage"},"thumbnailUrl":"https:\/\/vinilozona.lt\/wp-content\/uploads\/2022\/01\/R-1513135-1478338129-1317.jpeg.jpg","datePublished":"2023-12-25T03:19:11+00:00","dateModified":"2025-07-16T14:25:04+00:00","breadcrumb":{"@id":"https:\/\/vinilozona.lt\/parduotuve\/rock-pop\/fleetwood-mac-fleetwood-macs-greatest-hits\/#breadcrumb"},"inLanguage":"en-GB","potentialAction":[{"@type":"ReadAction","target":["https:\/\/vinilozona.lt\/parduotuve\/rock-pop\/fleetwood-mac-fleetwood-macs-greatest-hits\/"]}]},{"@type":"ImageObject","inLanguage":"en-GB","@id":"https:\/\/vinilozona.lt\/parduotuve\/rock-pop\/fleetwood-mac-fleetwood-macs-greatest-hits\/#primaryimage","url":"https:\/\/vinilozona.lt\/wp-content\/uploads\/2022\/01\/R-1513135-1478338129-1317.jpeg.jpg","contentUrl":"https:\/\/vinilozona.lt\/wp-content\/uploads\/2022\/01\/R-1513135-1478338129-1317.jpeg.jpg","width":599,"height":594},{"@type":"BreadcrumbList","@id":"https:\/\/vinilozona.lt\/parduotuve\/rock-pop\/fleetwood-mac-fleetwood-macs-greatest-hits\/#breadcrumb","itemListElement":[{"@type":"ListItem","position":1,"name":"Home","item":"https:\/\/vinilozona.lt\/"},{"@type":"ListItem","position":2,"name":"Parduotuv\u0117","item":"https:\/\/vinilozona.lt\/parduotuve\/"},{"@type":"ListItem","position":3,"name":"Fleetwood Mac \u2013 Fleetwood Mac&#8217;s Greatest Hits"}]},{"@type":"WebSite","@id":"https:\/\/vinilozona.lt\/#website","url":"https:\/\/vinilozona.lt\/","name":"Vinilo Zona","description":"Nup\u016bsk dulkes ir klausyk LP","potentialAction":[{"@type":"SearchAction","target":{"@type":"EntryPoint","urlTemplate":"https:\/\/vinilozona.lt\/?s={search_term_string}"},"query-input":{"@type":"PropertyValueSpecification","valueRequired":true,"valueName":"search_term_string"}}],"inLanguage":"en-GB"}]}},"_links":{"self":[{"href":"https:\/\/vinilozona.lt\/en\/wp-json\/wp\/v2\/product\/17892"}],"collection":[{"href":"https:\/\/vinilozona.lt\/en\/wp-json\/wp\/v2\/product"}],"about":[{"href":"https:\/\/vinilozona.lt\/en\/wp-json\/wp\/v2\/types\/product"}],"wp:featuredmedia":[{"embeddable":true,"href":"https:\/\/vinilozona.lt\/en\/wp-json\/wp\/v2\/media\/17893"}],"wp:attachment":[{"href":"https:\/\/vinilozona.lt\/en\/wp-json\/wp\/v2\/media?parent=17892"}],"wp:term":[{"taxonomy":"product_cat","embeddable":true,"href":"https:\/\/vinilozona.lt\/en\/wp-json\/wp\/v2\/product_cat?post=17892"},{"taxonomy":"product_tag","embeddable":true,"href":"https:\/\/vinilozona.lt\/en\/wp-json\/wp\/v2\/product_tag?post=17892"}],"curies":[{"name":"wp","href":"https:\/\/api.w.org\/{rel}","templated":true}]}}