{"id":17866,"date":"2022-01-06T11:25:00","date_gmt":"2022-01-06T09:25:00","guid":{"rendered":"https:\/\/vinilozona.lt\/?post_type=product&#038;p=17866"},"modified":"2022-01-06T11:25:00","modified_gmt":"2022-01-06T09:25:00","slug":"harte-10-gugu-dada","status":"publish","type":"product","link":"https:\/\/vinilozona.lt\/en\/parduotuve\/rock-pop\/harte-10-gugu-dada\/","title":{"rendered":"H\u00e4rte 10 \u2013 Gugu Dada"},"content":{"rendered":"<p>Fast Side<br \/>\nA1.a\t\tFat Cat Scat\t4:43<br \/>\nA1.b\t\tUntitled\t0:57<br \/>\nA2\t\tElectronic Wake-Up\t4:20<br \/>\nA3\t\tGugu Dada (Part II)\t0:35<br \/>\nA4\t\tK\u00fcmmerling\t2:00<br \/>\nA5\t\tGugu Dada (Part I)\t0:42<br \/>\nA6\t\tTake A Break\t4:20<br \/>\nA7\t\tBlues For V.\t3:43<br \/>\nA8\t\tThis Nice Moment\t0:47<br \/>\nSlow Side<br \/>\nB1\t\tStay\t4:16<br \/>\nB2\t\tK\u00f6nigin In Der Badewanne\t6:15<br \/>\nB3\t\tRhythm-Track\t2:28<br \/>\nB4\t\tByrdie\t5:13<br \/>\nB5\t\tService\t2:38<br \/>\nB6\t\tToleranz\t0:49<\/p>","protected":false},"excerpt":{"rendered":"<p>Chlodwig Musik \u2013 1C 066 24 0762 1, EMI \u2013 1C 066 24 0762 1, Chlodwig Musik \u2013 066 24 0762 1, EMI \u2013 066 24 0762 1<br \/>\nFormat:<br \/>\nVinyl, LP, Album<br \/>\nCountry:\tGermany<br \/>\nGenre:\tJazz, Rock<br \/>\nStyle:\tJazz-Funk, Prog Rock<\/p>","protected":false},"featured_media":17867,"template":"","meta":[],"product_cat":[15,20],"product_tag":[44],"yoast_head":"<!-- This site is optimized with the Yoast SEO plugin v23.5 - https:\/\/yoast.com\/wordpress\/plugins\/seo\/ -->\n<title>H\u00e4rte 10 \u2013 Gugu Dada Vinilin\u0117 Plok\u0161tel\u0117 | Vinilozona.lt<\/title>\n<meta name=\"robots\" content=\"index, follow, max-snippet:-1, max-image-preview:large, max-video-preview:-1\" \/>\n<link rel=\"canonical\" href=\"https:\/\/vinilozona.lt\/en\/parduotuve\/rock-pop\/harte-10-gugu-dada\/\" \/>\n<meta property=\"og:locale\" content=\"en_GB\" \/>\n<meta property=\"og:type\" content=\"article\" \/>\n<meta property=\"og:title\" content=\"H\u00e4rte 10 \u2013 Gugu Dada Vinilin\u0117 Plok\u0161tel\u0117 | Vinilozona.lt\" \/>\n<meta property=\"og:description\" content=\"Chlodwig Musik \u2013 1C 066 24 0762 1, EMI \u2013 1C 066 24 0762 1, Chlodwig Musik \u2013 066 24 0762 1, EMI \u2013 066 24 0762 1 Format:  Vinyl, LP, Album Country: Germany Genre: Jazz, Rock Style: Jazz-Funk, Prog Rock\" \/>\n<meta property=\"og:url\" content=\"https:\/\/vinilozona.lt\/en\/parduotuve\/rock-pop\/harte-10-gugu-dada\/\" \/>\n<meta property=\"og:site_name\" content=\"Vinilo Zona\" \/>\n<meta property=\"og:image\" content=\"https:\/\/vinilozona.lt\/wp-content\/uploads\/2022\/01\/R-1807202-1496686320-7333.jpeg.jpg\" \/>\n\t<meta property=\"og:image:width\" content=\"600\" \/>\n\t<meta property=\"og:image:height\" content=\"588\" \/>\n\t<meta property=\"og:image:type\" content=\"image\/jpeg\" \/>\n<meta name=\"twitter:card\" content=\"summary_large_image\" \/>\n<script type=\"application\/ld+json\" class=\"yoast-schema-graph\">{\"@context\":\"https:\/\/schema.org\",\"@graph\":[{\"@type\":\"WebPage\",\"@id\":\"https:\/\/vinilozona.lt\/parduotuve\/rock-pop\/harte-10-gugu-dada\/\",\"url\":\"https:\/\/vinilozona.lt\/parduotuve\/rock-pop\/harte-10-gugu-dada\/\",\"name\":\"H\u00e4rte 10 \u2013 Gugu Dada Vinilin\u0117 Plok\u0161tel\u0117 | Vinilozona.lt\",\"isPartOf\":{\"@id\":\"https:\/\/vinilozona.lt\/#website\"},\"primaryImageOfPage\":{\"@id\":\"https:\/\/vinilozona.lt\/parduotuve\/rock-pop\/harte-10-gugu-dada\/#primaryimage\"},\"image\":{\"@id\":\"https:\/\/vinilozona.lt\/parduotuve\/rock-pop\/harte-10-gugu-dada\/#primaryimage\"},\"thumbnailUrl\":\"https:\/\/vinilozona.lt\/wp-content\/uploads\/2022\/01\/R-1807202-1496686320-7333.jpeg.jpg\",\"datePublished\":\"2022-01-06T09:25:00+00:00\",\"dateModified\":\"2022-01-06T09:25:00+00:00\",\"breadcrumb\":{\"@id\":\"https:\/\/vinilozona.lt\/parduotuve\/rock-pop\/harte-10-gugu-dada\/#breadcrumb\"},\"inLanguage\":\"en-GB\",\"potentialAction\":[{\"@type\":\"ReadAction\",\"target\":[\"https:\/\/vinilozona.lt\/parduotuve\/rock-pop\/harte-10-gugu-dada\/\"]}]},{\"@type\":\"ImageObject\",\"inLanguage\":\"en-GB\",\"@id\":\"https:\/\/vinilozona.lt\/parduotuve\/rock-pop\/harte-10-gugu-dada\/#primaryimage\",\"url\":\"https:\/\/vinilozona.lt\/wp-content\/uploads\/2022\/01\/R-1807202-1496686320-7333.jpeg.jpg\",\"contentUrl\":\"https:\/\/vinilozona.lt\/wp-content\/uploads\/2022\/01\/R-1807202-1496686320-7333.jpeg.jpg\",\"width\":600,\"height\":588},{\"@type\":\"BreadcrumbList\",\"@id\":\"https:\/\/vinilozona.lt\/parduotuve\/rock-pop\/harte-10-gugu-dada\/#breadcrumb\",\"itemListElement\":[{\"@type\":\"ListItem\",\"position\":1,\"name\":\"Home\",\"item\":\"https:\/\/vinilozona.lt\/\"},{\"@type\":\"ListItem\",\"position\":2,\"name\":\"Parduotuv\u0117\",\"item\":\"https:\/\/vinilozona.lt\/parduotuve\/\"},{\"@type\":\"ListItem\",\"position\":3,\"name\":\"H\u00e4rte 10 \u2013 Gugu Dada\"}]},{\"@type\":\"WebSite\",\"@id\":\"https:\/\/vinilozona.lt\/#website\",\"url\":\"https:\/\/vinilozona.lt\/\",\"name\":\"Vinilo Zona\",\"description\":\"Nup\u016bsk dulkes ir klausyk LP\",\"potentialAction\":[{\"@type\":\"SearchAction\",\"target\":{\"@type\":\"EntryPoint\",\"urlTemplate\":\"https:\/\/vinilozona.lt\/?s={search_term_string}\"},\"query-input\":{\"@type\":\"PropertyValueSpecification\",\"valueRequired\":true,\"valueName\":\"search_term_string\"}}],\"inLanguage\":\"en-GB\"}]}<\/script>\n<!-- \/ Yoast SEO plugin. -->","yoast_head_json":{"title":"H\u00e4rte 10 \u2013 Gugu Dada Vinilin\u0117 Plok\u0161tel\u0117 | Vinilozona.lt","robots":{"index":"index","follow":"follow","max-snippet":"max-snippet:-1","max-image-preview":"max-image-preview:large","max-video-preview":"max-video-preview:-1"},"canonical":"https:\/\/vinilozona.lt\/en\/parduotuve\/rock-pop\/harte-10-gugu-dada\/","og_locale":"en_GB","og_type":"article","og_title":"H\u00e4rte 10 \u2013 Gugu Dada Vinilin\u0117 Plok\u0161tel\u0117 | Vinilozona.lt","og_description":"Chlodwig Musik \u2013 1C 066 24 0762 1, EMI \u2013 1C 066 24 0762 1, Chlodwig Musik \u2013 066 24 0762 1, EMI \u2013 066 24 0762 1 Format:  Vinyl, LP, Album Country: Germany Genre: Jazz, Rock Style: Jazz-Funk, Prog Rock","og_url":"https:\/\/vinilozona.lt\/en\/parduotuve\/rock-pop\/harte-10-gugu-dada\/","og_site_name":"Vinilo Zona","og_image":[{"width":600,"height":588,"url":"https:\/\/vinilozona.lt\/wp-content\/uploads\/2022\/01\/R-1807202-1496686320-7333.jpeg.jpg","type":"image\/jpeg"}],"twitter_card":"summary_large_image","schema":{"@context":"https:\/\/schema.org","@graph":[{"@type":"WebPage","@id":"https:\/\/vinilozona.lt\/parduotuve\/rock-pop\/harte-10-gugu-dada\/","url":"https:\/\/vinilozona.lt\/parduotuve\/rock-pop\/harte-10-gugu-dada\/","name":"H\u00e4rte 10 \u2013 Gugu Dada Vinilin\u0117 Plok\u0161tel\u0117 | Vinilozona.lt","isPartOf":{"@id":"https:\/\/vinilozona.lt\/#website"},"primaryImageOfPage":{"@id":"https:\/\/vinilozona.lt\/parduotuve\/rock-pop\/harte-10-gugu-dada\/#primaryimage"},"image":{"@id":"https:\/\/vinilozona.lt\/parduotuve\/rock-pop\/harte-10-gugu-dada\/#primaryimage"},"thumbnailUrl":"https:\/\/vinilozona.lt\/wp-content\/uploads\/2022\/01\/R-1807202-1496686320-7333.jpeg.jpg","datePublished":"2022-01-06T09:25:00+00:00","dateModified":"2022-01-06T09:25:00+00:00","breadcrumb":{"@id":"https:\/\/vinilozona.lt\/parduotuve\/rock-pop\/harte-10-gugu-dada\/#breadcrumb"},"inLanguage":"en-GB","potentialAction":[{"@type":"ReadAction","target":["https:\/\/vinilozona.lt\/parduotuve\/rock-pop\/harte-10-gugu-dada\/"]}]},{"@type":"ImageObject","inLanguage":"en-GB","@id":"https:\/\/vinilozona.lt\/parduotuve\/rock-pop\/harte-10-gugu-dada\/#primaryimage","url":"https:\/\/vinilozona.lt\/wp-content\/uploads\/2022\/01\/R-1807202-1496686320-7333.jpeg.jpg","contentUrl":"https:\/\/vinilozona.lt\/wp-content\/uploads\/2022\/01\/R-1807202-1496686320-7333.jpeg.jpg","width":600,"height":588},{"@type":"BreadcrumbList","@id":"https:\/\/vinilozona.lt\/parduotuve\/rock-pop\/harte-10-gugu-dada\/#breadcrumb","itemListElement":[{"@type":"ListItem","position":1,"name":"Home","item":"https:\/\/vinilozona.lt\/"},{"@type":"ListItem","position":2,"name":"Parduotuv\u0117","item":"https:\/\/vinilozona.lt\/parduotuve\/"},{"@type":"ListItem","position":3,"name":"H\u00e4rte 10 \u2013 Gugu Dada"}]},{"@type":"WebSite","@id":"https:\/\/vinilozona.lt\/#website","url":"https:\/\/vinilozona.lt\/","name":"Vinilo Zona","description":"Nup\u016bsk dulkes ir klausyk LP","potentialAction":[{"@type":"SearchAction","target":{"@type":"EntryPoint","urlTemplate":"https:\/\/vinilozona.lt\/?s={search_term_string}"},"query-input":{"@type":"PropertyValueSpecification","valueRequired":true,"valueName":"search_term_string"}}],"inLanguage":"en-GB"}]}},"_links":{"self":[{"href":"https:\/\/vinilozona.lt\/en\/wp-json\/wp\/v2\/product\/17866"}],"collection":[{"href":"https:\/\/vinilozona.lt\/en\/wp-json\/wp\/v2\/product"}],"about":[{"href":"https:\/\/vinilozona.lt\/en\/wp-json\/wp\/v2\/types\/product"}],"wp:featuredmedia":[{"embeddable":true,"href":"https:\/\/vinilozona.lt\/en\/wp-json\/wp\/v2\/media\/17867"}],"wp:attachment":[{"href":"https:\/\/vinilozona.lt\/en\/wp-json\/wp\/v2\/media?parent=17866"}],"wp:term":[{"taxonomy":"product_cat","embeddable":true,"href":"https:\/\/vinilozona.lt\/en\/wp-json\/wp\/v2\/product_cat?post=17866"},{"taxonomy":"product_tag","embeddable":true,"href":"https:\/\/vinilozona.lt\/en\/wp-json\/wp\/v2\/product_tag?post=17866"}],"curies":[{"name":"wp","href":"https:\/\/api.w.org\/{rel}","templated":true}]}}