{"id":17815,"date":"2025-11-13T05:04:47","date_gmt":"2025-11-13T03:04:47","guid":{"rendered":"https:\/\/vinilozona.lt\/?post_type=product&#038;p=17815"},"modified":"2025-11-13T06:56:11","modified_gmt":"2025-11-13T04:56:11","slug":"modern-talking-back-for-good-the-7th-album-cd","status":"publish","type":"product","link":"https:\/\/vinilozona.lt\/en\/parduotuve\/cd\/naudoti-cd\/modern-talking-back-for-good-the-7th-album-cd\/","title":{"rendered":"Modern Talking \u2013 Back For Good (The 7th Album)    CD"},"content":{"rendered":"<p>1\t\tYou&#8217;re My Heart, You&#8217;re My Soul (New Version)\t3:47<br \/>\n2\t\tBrother Louie (New Version)\t3:36<br \/>\n3\t\tI Will Follow You (New Hit &#8217;98)\t3:56<br \/>\n4\t\tCheri Cheri Lady (New Version)\t3:00<br \/>\n5\t\tYou Can Win If You Want (New Version)\t3:25<br \/>\n6\t\tDon&#8217;t Play With My Heart (New Hit &#8217;98)\t3:23<br \/>\n7\t\tAtlantis Is Calling (New Version)\t3:20<br \/>\n8\t\tGeronimo&#8217;s Cadillac (New Version)\t3:02<br \/>\n9\t\tGive Me Peace On Earth (New Version)\t4:08<br \/>\n10\t\tWe Take The Chance (New Hit &#8217;98)\t3:59<br \/>\n11\t\tJet Airliner (New Version)\t3:51<br \/>\n12\t\tLady Lai (New Version)\t4:56<br \/>\n13\t\tAnything Is Possible (New Hit &#8217;98)\t3:36<br \/>\n14\t\tIn 100 Years (New Version)\t3:53<br \/>\n15\t\tAngie&#8217;s Heart (New Version)\t3:28<br \/>\n16\t\tYou&#8217;re My Heart, You&#8217;re My Soul (Original No. 1 Mix &#8217;84)\t3:10<br \/>\n17\t\tYou Can Win If You Want (Original No. 1 Mix &#8217;84)\t3:40<br \/>\n18\t\tNo. 1 Hit Medley Arranged By \u2013 Amadeus Crotti, Lato Titenkov* 7:03<\/p>","protected":false},"excerpt":{"rendered":"<p>Hansa \u2013 74321 57358-2, BMG Berlin Musik GmbH \u2013 74321 57358-2, RTL Musikedition \u2013 74321 57358-2<br \/>\nFormat:<br \/>\nCD, Album<br \/>\nCountry:\tGermany<br \/>\nReleased:\tMar 30, 1998<\/p>","protected":false},"featured_media":17816,"template":"","meta":[],"product_cat":[24,946],"product_tag":[44],"yoast_head":"<!-- This site is optimized with the Yoast SEO plugin v23.5 - https:\/\/yoast.com\/wordpress\/plugins\/seo\/ -->\n<title>Modern Talking \u2013 Back For Good (The 7th Album)  CD Vinilin\u0117 Plok\u0161tel\u0117 | Vinilozona.lt<\/title>\n<meta name=\"robots\" content=\"index, follow, max-snippet:-1, max-image-preview:large, max-video-preview:-1\" \/>\n<link rel=\"canonical\" href=\"https:\/\/vinilozona.lt\/en\/parduotuve\/cd\/naudoti-cd\/modern-talking-back-for-good-the-7th-album-cd\/\" \/>\n<meta property=\"og:locale\" content=\"en_GB\" \/>\n<meta property=\"og:type\" content=\"article\" \/>\n<meta property=\"og:title\" content=\"Modern Talking \u2013 Back For Good (The 7th Album)  CD Vinilin\u0117 Plok\u0161tel\u0117 | Vinilozona.lt\" \/>\n<meta property=\"og:description\" content=\"Hansa \u2013 74321 57358-2, BMG Berlin Musik GmbH \u2013 74321 57358-2, RTL Musikedition \u2013 74321 57358-2 Format:  CD, Album Country: Germany Released: Mar 30, 1998\" \/>\n<meta property=\"og:url\" content=\"https:\/\/vinilozona.lt\/en\/parduotuve\/cd\/naudoti-cd\/modern-talking-back-for-good-the-7th-album-cd\/\" \/>\n<meta property=\"og:site_name\" content=\"Vinilo Zona\" \/>\n<meta property=\"article:modified_time\" content=\"2025-11-13T04:56:11+00:00\" \/>\n<meta property=\"og:image\" content=\"https:\/\/vinilozona.lt\/wp-content\/uploads\/2021\/12\/R-676964-1267103451.jpeg.jpg\" \/>\n\t<meta property=\"og:image:width\" content=\"600\" \/>\n\t<meta property=\"og:image:height\" content=\"595\" \/>\n\t<meta property=\"og:image:type\" content=\"image\/jpeg\" \/>\n<meta name=\"twitter:card\" content=\"summary_large_image\" \/>\n<meta name=\"twitter:label1\" content=\"Estimated reading time\" \/>\n\t<meta name=\"twitter:data1\" content=\"2 minutes\" \/>\n<script type=\"application\/ld+json\" class=\"yoast-schema-graph\">{\"@context\":\"https:\/\/schema.org\",\"@graph\":[{\"@type\":\"WebPage\",\"@id\":\"https:\/\/vinilozona.lt\/parduotuve\/cd\/naudoti-cd\/modern-talking-back-for-good-the-7th-album-cd\/\",\"url\":\"https:\/\/vinilozona.lt\/parduotuve\/cd\/naudoti-cd\/modern-talking-back-for-good-the-7th-album-cd\/\",\"name\":\"Modern Talking \u2013 Back For Good (The 7th Album) CD Vinilin\u0117 Plok\u0161tel\u0117 | Vinilozona.lt\",\"isPartOf\":{\"@id\":\"https:\/\/vinilozona.lt\/#website\"},\"primaryImageOfPage\":{\"@id\":\"https:\/\/vinilozona.lt\/parduotuve\/cd\/naudoti-cd\/modern-talking-back-for-good-the-7th-album-cd\/#primaryimage\"},\"image\":{\"@id\":\"https:\/\/vinilozona.lt\/parduotuve\/cd\/naudoti-cd\/modern-talking-back-for-good-the-7th-album-cd\/#primaryimage\"},\"thumbnailUrl\":\"https:\/\/vinilozona.lt\/wp-content\/uploads\/2021\/12\/R-676964-1267103451.jpeg.jpg\",\"datePublished\":\"2025-11-13T03:04:47+00:00\",\"dateModified\":\"2025-11-13T04:56:11+00:00\",\"breadcrumb\":{\"@id\":\"https:\/\/vinilozona.lt\/parduotuve\/cd\/naudoti-cd\/modern-talking-back-for-good-the-7th-album-cd\/#breadcrumb\"},\"inLanguage\":\"en-GB\",\"potentialAction\":[{\"@type\":\"ReadAction\",\"target\":[\"https:\/\/vinilozona.lt\/parduotuve\/cd\/naudoti-cd\/modern-talking-back-for-good-the-7th-album-cd\/\"]}]},{\"@type\":\"ImageObject\",\"inLanguage\":\"en-GB\",\"@id\":\"https:\/\/vinilozona.lt\/parduotuve\/cd\/naudoti-cd\/modern-talking-back-for-good-the-7th-album-cd\/#primaryimage\",\"url\":\"https:\/\/vinilozona.lt\/wp-content\/uploads\/2021\/12\/R-676964-1267103451.jpeg.jpg\",\"contentUrl\":\"https:\/\/vinilozona.lt\/wp-content\/uploads\/2021\/12\/R-676964-1267103451.jpeg.jpg\",\"width\":600,\"height\":595},{\"@type\":\"BreadcrumbList\",\"@id\":\"https:\/\/vinilozona.lt\/parduotuve\/cd\/naudoti-cd\/modern-talking-back-for-good-the-7th-album-cd\/#breadcrumb\",\"itemListElement\":[{\"@type\":\"ListItem\",\"position\":1,\"name\":\"Home\",\"item\":\"https:\/\/vinilozona.lt\/\"},{\"@type\":\"ListItem\",\"position\":2,\"name\":\"Parduotuv\u0117\",\"item\":\"https:\/\/vinilozona.lt\/parduotuve\/\"},{\"@type\":\"ListItem\",\"position\":3,\"name\":\"Modern Talking \u2013 Back For Good (The 7th Album) CD\"}]},{\"@type\":\"WebSite\",\"@id\":\"https:\/\/vinilozona.lt\/#website\",\"url\":\"https:\/\/vinilozona.lt\/\",\"name\":\"Vinilo Zona\",\"description\":\"Nup\u016bsk dulkes ir klausyk LP\",\"potentialAction\":[{\"@type\":\"SearchAction\",\"target\":{\"@type\":\"EntryPoint\",\"urlTemplate\":\"https:\/\/vinilozona.lt\/?s={search_term_string}\"},\"query-input\":{\"@type\":\"PropertyValueSpecification\",\"valueRequired\":true,\"valueName\":\"search_term_string\"}}],\"inLanguage\":\"en-GB\"}]}<\/script>\n<!-- \/ Yoast SEO plugin. -->","yoast_head_json":{"title":"Modern Talking \u2013 Back For Good (The 7th Album)  CD Vinilin\u0117 Plok\u0161tel\u0117 | Vinilozona.lt","robots":{"index":"index","follow":"follow","max-snippet":"max-snippet:-1","max-image-preview":"max-image-preview:large","max-video-preview":"max-video-preview:-1"},"canonical":"https:\/\/vinilozona.lt\/en\/parduotuve\/cd\/naudoti-cd\/modern-talking-back-for-good-the-7th-album-cd\/","og_locale":"en_GB","og_type":"article","og_title":"Modern Talking \u2013 Back For Good (The 7th Album)  CD Vinilin\u0117 Plok\u0161tel\u0117 | Vinilozona.lt","og_description":"Hansa \u2013 74321 57358-2, BMG Berlin Musik GmbH \u2013 74321 57358-2, RTL Musikedition \u2013 74321 57358-2 Format:  CD, Album Country: Germany Released: Mar 30, 1998","og_url":"https:\/\/vinilozona.lt\/en\/parduotuve\/cd\/naudoti-cd\/modern-talking-back-for-good-the-7th-album-cd\/","og_site_name":"Vinilo Zona","article_modified_time":"2025-11-13T04:56:11+00:00","og_image":[{"width":600,"height":595,"url":"https:\/\/vinilozona.lt\/wp-content\/uploads\/2021\/12\/R-676964-1267103451.jpeg.jpg","type":"image\/jpeg"}],"twitter_card":"summary_large_image","twitter_misc":{"Estimated reading time":"2 minutes"},"schema":{"@context":"https:\/\/schema.org","@graph":[{"@type":"WebPage","@id":"https:\/\/vinilozona.lt\/parduotuve\/cd\/naudoti-cd\/modern-talking-back-for-good-the-7th-album-cd\/","url":"https:\/\/vinilozona.lt\/parduotuve\/cd\/naudoti-cd\/modern-talking-back-for-good-the-7th-album-cd\/","name":"Modern Talking \u2013 Back For Good (The 7th Album) CD Vinilin\u0117 Plok\u0161tel\u0117 | Vinilozona.lt","isPartOf":{"@id":"https:\/\/vinilozona.lt\/#website"},"primaryImageOfPage":{"@id":"https:\/\/vinilozona.lt\/parduotuve\/cd\/naudoti-cd\/modern-talking-back-for-good-the-7th-album-cd\/#primaryimage"},"image":{"@id":"https:\/\/vinilozona.lt\/parduotuve\/cd\/naudoti-cd\/modern-talking-back-for-good-the-7th-album-cd\/#primaryimage"},"thumbnailUrl":"https:\/\/vinilozona.lt\/wp-content\/uploads\/2021\/12\/R-676964-1267103451.jpeg.jpg","datePublished":"2025-11-13T03:04:47+00:00","dateModified":"2025-11-13T04:56:11+00:00","breadcrumb":{"@id":"https:\/\/vinilozona.lt\/parduotuve\/cd\/naudoti-cd\/modern-talking-back-for-good-the-7th-album-cd\/#breadcrumb"},"inLanguage":"en-GB","potentialAction":[{"@type":"ReadAction","target":["https:\/\/vinilozona.lt\/parduotuve\/cd\/naudoti-cd\/modern-talking-back-for-good-the-7th-album-cd\/"]}]},{"@type":"ImageObject","inLanguage":"en-GB","@id":"https:\/\/vinilozona.lt\/parduotuve\/cd\/naudoti-cd\/modern-talking-back-for-good-the-7th-album-cd\/#primaryimage","url":"https:\/\/vinilozona.lt\/wp-content\/uploads\/2021\/12\/R-676964-1267103451.jpeg.jpg","contentUrl":"https:\/\/vinilozona.lt\/wp-content\/uploads\/2021\/12\/R-676964-1267103451.jpeg.jpg","width":600,"height":595},{"@type":"BreadcrumbList","@id":"https:\/\/vinilozona.lt\/parduotuve\/cd\/naudoti-cd\/modern-talking-back-for-good-the-7th-album-cd\/#breadcrumb","itemListElement":[{"@type":"ListItem","position":1,"name":"Home","item":"https:\/\/vinilozona.lt\/"},{"@type":"ListItem","position":2,"name":"Parduotuv\u0117","item":"https:\/\/vinilozona.lt\/parduotuve\/"},{"@type":"ListItem","position":3,"name":"Modern Talking \u2013 Back For Good (The 7th Album) CD"}]},{"@type":"WebSite","@id":"https:\/\/vinilozona.lt\/#website","url":"https:\/\/vinilozona.lt\/","name":"Vinilo Zona","description":"Nup\u016bsk dulkes ir klausyk LP","potentialAction":[{"@type":"SearchAction","target":{"@type":"EntryPoint","urlTemplate":"https:\/\/vinilozona.lt\/?s={search_term_string}"},"query-input":{"@type":"PropertyValueSpecification","valueRequired":true,"valueName":"search_term_string"}}],"inLanguage":"en-GB"}]}},"_links":{"self":[{"href":"https:\/\/vinilozona.lt\/en\/wp-json\/wp\/v2\/product\/17815"}],"collection":[{"href":"https:\/\/vinilozona.lt\/en\/wp-json\/wp\/v2\/product"}],"about":[{"href":"https:\/\/vinilozona.lt\/en\/wp-json\/wp\/v2\/types\/product"}],"wp:featuredmedia":[{"embeddable":true,"href":"https:\/\/vinilozona.lt\/en\/wp-json\/wp\/v2\/media\/17816"}],"wp:attachment":[{"href":"https:\/\/vinilozona.lt\/en\/wp-json\/wp\/v2\/media?parent=17815"}],"wp:term":[{"taxonomy":"product_cat","embeddable":true,"href":"https:\/\/vinilozona.lt\/en\/wp-json\/wp\/v2\/product_cat?post=17815"},{"taxonomy":"product_tag","embeddable":true,"href":"https:\/\/vinilozona.lt\/en\/wp-json\/wp\/v2\/product_tag?post=17815"}],"curies":[{"name":"wp","href":"https:\/\/api.w.org\/{rel}","templated":true}]}}