{"id":17799,"date":"2021-12-30T11:54:49","date_gmt":"2021-12-30T09:54:49","guid":{"rendered":"https:\/\/vinilozona.lt\/?post_type=product&#038;p=17799"},"modified":"2025-09-30T20:29:23","modified_gmt":"2025-09-30T17:29:23","slug":"m-k-ciurlionis-vytautas-landsbergis-m-k-ciurlionio-kurinius-fortepijonui-skambina-vytautas-landsbergis-m-k-ciurlionis-piano-works-performed-by-vytautas-landsbergis-2xcd-album","status":"publish","type":"product","link":"https:\/\/vinilozona.lt\/en\/parduotuve\/cd\/naudoti-cd\/m-k-ciurlionis-vytautas-landsbergis-m-k-ciurlionio-kurinius-fortepijonui-skambina-vytautas-landsbergis-m-k-ciurlionis-piano-works-performed-by-vytautas-landsbergis-2xcd-album\/","title":{"rendered":"M. K. \u010ciurlionis, Vytautas Landsbergis &#8211; M. K. \u010ciurlionio K\u016brinius Fortepijonui Skambina Vytautas Landsbergis = M. K. \u010ciurlionis&#8217; Piano Works Performed By Vytautas Landsbergis (2xCD, Album)"},"content":{"rendered":"<p>1-1\tNocturne In F Sharp Minor (VL 178)<br \/>\n1-2\tMoment Musical In D Flat Major (VL 163a)<br \/>\n1-3\tMoment Musical In F Sharp Minor (VL 163)<br \/>\n1-4\tPrelude In B Minor (VL 182a)<br \/>\n1-5\tImpromptu In F Sharp Minor (VL 181)<br \/>\n1-6\tMazurka &#8211; Moment Musical (VL 180a)<br \/>\n1-7\tI&#8217;m Lost, My Mother (VL 291)<br \/>\n1-8\tDedication (VL 169)<br \/>\n1-9\tPrelude In D Flat Major (VL 250)<br \/>\n1-10\tLittle Song (VL 199)<br \/>\nThe Little Mazurkas For Friends<br \/>\n1-11\tIn E Flat Minor (VL 161)<br \/>\n1-12\tIn G Major (VL 170)<br \/>\n1-13\tIn E Minor (VL 172)<br \/>\n1-14\tIn A Minor (VL 171)<br \/>\n1-15\tI&#8217;ve Sown Rue (VL 280)<br \/>\n1-16\tPrelude In D Minor (VL 239)<br \/>\nFour Mazurkas<br \/>\n1-17\tIn D Minor (VL 194)<br \/>\n1-18\tIn E Flat Minor (VL 222)<br \/>\n1-19\tIn B Minor (VL 234)<br \/>\n1-20\tIn G Flat Major (VL 193)<br \/>\nDruskininkai Preludes<br \/>\n1-21\tIn F Sharp Minor (VL 185)<br \/>\n1-22\tAngelus Domini (VL 184)<br \/>\n1-23\tIn B Major (VL 186)<br \/>\n1-24\tPastorale (VL 187)<br \/>\n1-25\tIn C Minor (VL 189)<br \/>\n1-26\tIn F\/A (VL 188)<br \/>\n1-27\tElegy (VL 191)<br \/>\n1-28\tIn F Minor (VL 197)<br \/>\n\u2013<br \/>\n1-29\tPostlude (VL 240)<br \/>\n2-1\tPrelude In G Major (VL 339)<br \/>\n2-2\tPrelude In C Major (VL 327)<br \/>\n2-3\tMother, I Want To Sleep (VL 281)<br \/>\n2-4\tPrelude In G Major (VL 338)<br \/>\n2-5\tPrelude In G Minor (VL 342)<br \/>\n2-6\tPrelude In G Minor (VL 304)<br \/>\n2-7\tFugue In B Flat Minor (VL 345)<br \/>\n2-8\tI Was Feeding My Horse (VL 292)<br \/>\n2-9\tOh, Maiden, Where Have You Been (Three Variations) (VL 283)<br \/>\n2-10\tPrelude In G Minor (VL 248)<br \/>\n2-11\tOh, Mother (Two Variations) (VL 277)<br \/>\n2-12\tOh, Forest, Forest (Five Variations) (VL 276)<br \/>\n2-13\tUntitled (VL 310)<br \/>\n2-14\tMusic For The Whit Sunday (VL 337a)<br \/>\n2-15\tPater Noster (VL 260)<br \/>\n2-16\tRun, Your Fields (FourVariations) (VL 297)<br \/>\n2-17\tPrelude In B Minor (VL 333)<br \/>\n2-18\tDid The Winds Blow (VL 274)<br \/>\n2-19\tSeven Variations On The Nine-tone Row Sefaa Esec (VL 258)<br \/>\n2-20\tPrelude In C Major (VL 331)<br \/>\n2-21\tPrelude On The Six-tone Row A-D-F-B Flat-E Flat-G Flat (VL 256)<br \/>\n2-22\tAutumn (VL 294)<br \/>\n2-23\tPrelude In D Minor, From Diptych (VL 295)<br \/>\n2-24\tPrelude Oh, My Mother (VL 340)<br \/>\n2-25\tPrelude In D Minor (VL 325)<br \/>\n2-26\tPrelude In A Major (VL 335)<br \/>\n2-27\tThe Willow On A Hill (VL 289)<br \/>\n2-28\tConcord, Fragment From Tone Poem The Sea (VL 255)<\/p>","protected":false},"excerpt":{"rendered":"<p>Lietuvos Nacionalin\u0117 Filharmonija \u200e\u2013 none<br \/>\nFormat:<br \/>\n2 \u00d7 CD, Album<br \/>\nCountry:<br \/>\nLithuania<br \/>\nReleased:<br \/>\n2009<\/p>","protected":false},"featured_media":17800,"template":"","meta":[],"product_cat":[24,946],"product_tag":[44],"yoast_head":"<!-- This site is optimized with the Yoast SEO plugin v23.5 - https:\/\/yoast.com\/wordpress\/plugins\/seo\/ -->\n<title>M. K. \u010ciurlionis, Vytautas Landsbergis - M. K. \u010ciurlionio K\u016brinius Fortepijonui Skambina Vytautas Landsbergis = M. K. \u010ciurlionis&#039; Piano Works Performed By Vytautas Landsbergis (2xCD, Album) Vinilin\u0117 Plok\u0161tel\u0117 | Vinilozona.lt<\/title>\n<meta name=\"robots\" content=\"index, follow, max-snippet:-1, max-image-preview:large, max-video-preview:-1\" \/>\n<link rel=\"canonical\" href=\"https:\/\/vinilozona.lt\/en\/parduotuve\/cd\/naudoti-cd\/m-k-ciurlionis-vytautas-landsbergis-m-k-ciurlionio-kurinius-fortepijonui-skambina-vytautas-landsbergis-m-k-ciurlionis-piano-works-performed-by-vytautas-landsbergis-2xcd-album\/\" \/>\n<meta property=\"og:locale\" content=\"en_GB\" \/>\n<meta property=\"og:type\" content=\"article\" \/>\n<meta property=\"og:title\" content=\"M. K. \u010ciurlionis, Vytautas Landsbergis - M. K. \u010ciurlionio K\u016brinius Fortepijonui Skambina Vytautas Landsbergis = M. K. \u010ciurlionis&#039; Piano Works Performed By Vytautas Landsbergis (2xCD, Album) Vinilin\u0117 Plok\u0161tel\u0117 | Vinilozona.lt\" \/>\n<meta property=\"og:description\" content=\"Lietuvos Nacionalin\u0117 Filharmonija \u200e\u2013 none Format: 2 \u00d7 CD, Album Country: Lithuania Released: 2009\" \/>\n<meta property=\"og:url\" content=\"https:\/\/vinilozona.lt\/en\/parduotuve\/cd\/naudoti-cd\/m-k-ciurlionis-vytautas-landsbergis-m-k-ciurlionio-kurinius-fortepijonui-skambina-vytautas-landsbergis-m-k-ciurlionis-piano-works-performed-by-vytautas-landsbergis-2xcd-album\/\" \/>\n<meta property=\"og:site_name\" content=\"Vinilo Zona\" \/>\n<meta property=\"article:modified_time\" content=\"2025-09-30T17:29:23+00:00\" \/>\n<meta property=\"og:image\" content=\"https:\/\/vinilozona.lt\/wp-content\/uploads\/2021\/12\/R-16796529-1610041982-7048.jpeg.jpg\" \/>\n\t<meta property=\"og:image:width\" content=\"600\" \/>\n\t<meta property=\"og:image:height\" content=\"540\" \/>\n\t<meta property=\"og:image:type\" content=\"image\/jpeg\" \/>\n<meta name=\"twitter:card\" content=\"summary_large_image\" \/>\n<meta name=\"twitter:label1\" content=\"Estimated reading time\" \/>\n\t<meta name=\"twitter:data1\" content=\"2 minutes\" \/>\n<script type=\"application\/ld+json\" class=\"yoast-schema-graph\">{\"@context\":\"https:\/\/schema.org\",\"@graph\":[{\"@type\":\"WebPage\",\"@id\":\"https:\/\/vinilozona.lt\/parduotuve\/cd\/naudoti-cd\/m-k-ciurlionis-vytautas-landsbergis-m-k-ciurlionio-kurinius-fortepijonui-skambina-vytautas-landsbergis-m-k-ciurlionis-piano-works-performed-by-vytautas-landsbergis-2xcd-album\/\",\"url\":\"https:\/\/vinilozona.lt\/parduotuve\/cd\/naudoti-cd\/m-k-ciurlionis-vytautas-landsbergis-m-k-ciurlionio-kurinius-fortepijonui-skambina-vytautas-landsbergis-m-k-ciurlionis-piano-works-performed-by-vytautas-landsbergis-2xcd-album\/\",\"name\":\"M. K. \u010ciurlionis, Vytautas Landsbergis - M. K. \u010ciurlionio K\u016brinius Fortepijonui Skambina Vytautas Landsbergis = M. K. \u010ciurlionis' Piano Works Performed By Vytautas Landsbergis (2xCD, Album) Vinilin\u0117 Plok\u0161tel\u0117 | Vinilozona.lt\",\"isPartOf\":{\"@id\":\"https:\/\/vinilozona.lt\/#website\"},\"primaryImageOfPage\":{\"@id\":\"https:\/\/vinilozona.lt\/parduotuve\/cd\/naudoti-cd\/m-k-ciurlionis-vytautas-landsbergis-m-k-ciurlionio-kurinius-fortepijonui-skambina-vytautas-landsbergis-m-k-ciurlionis-piano-works-performed-by-vytautas-landsbergis-2xcd-album\/#primaryimage\"},\"image\":{\"@id\":\"https:\/\/vinilozona.lt\/parduotuve\/cd\/naudoti-cd\/m-k-ciurlionis-vytautas-landsbergis-m-k-ciurlionio-kurinius-fortepijonui-skambina-vytautas-landsbergis-m-k-ciurlionis-piano-works-performed-by-vytautas-landsbergis-2xcd-album\/#primaryimage\"},\"thumbnailUrl\":\"https:\/\/vinilozona.lt\/wp-content\/uploads\/2021\/12\/R-16796529-1610041982-7048.jpeg.jpg\",\"datePublished\":\"2021-12-30T09:54:49+00:00\",\"dateModified\":\"2025-09-30T17:29:23+00:00\",\"breadcrumb\":{\"@id\":\"https:\/\/vinilozona.lt\/parduotuve\/cd\/naudoti-cd\/m-k-ciurlionis-vytautas-landsbergis-m-k-ciurlionio-kurinius-fortepijonui-skambina-vytautas-landsbergis-m-k-ciurlionis-piano-works-performed-by-vytautas-landsbergis-2xcd-album\/#breadcrumb\"},\"inLanguage\":\"en-GB\",\"potentialAction\":[{\"@type\":\"ReadAction\",\"target\":[\"https:\/\/vinilozona.lt\/parduotuve\/cd\/naudoti-cd\/m-k-ciurlionis-vytautas-landsbergis-m-k-ciurlionio-kurinius-fortepijonui-skambina-vytautas-landsbergis-m-k-ciurlionis-piano-works-performed-by-vytautas-landsbergis-2xcd-album\/\"]}]},{\"@type\":\"ImageObject\",\"inLanguage\":\"en-GB\",\"@id\":\"https:\/\/vinilozona.lt\/parduotuve\/cd\/naudoti-cd\/m-k-ciurlionis-vytautas-landsbergis-m-k-ciurlionio-kurinius-fortepijonui-skambina-vytautas-landsbergis-m-k-ciurlionis-piano-works-performed-by-vytautas-landsbergis-2xcd-album\/#primaryimage\",\"url\":\"https:\/\/vinilozona.lt\/wp-content\/uploads\/2021\/12\/R-16796529-1610041982-7048.jpeg.jpg\",\"contentUrl\":\"https:\/\/vinilozona.lt\/wp-content\/uploads\/2021\/12\/R-16796529-1610041982-7048.jpeg.jpg\",\"width\":600,\"height\":540},{\"@type\":\"BreadcrumbList\",\"@id\":\"https:\/\/vinilozona.lt\/parduotuve\/cd\/naudoti-cd\/m-k-ciurlionis-vytautas-landsbergis-m-k-ciurlionio-kurinius-fortepijonui-skambina-vytautas-landsbergis-m-k-ciurlionis-piano-works-performed-by-vytautas-landsbergis-2xcd-album\/#breadcrumb\",\"itemListElement\":[{\"@type\":\"ListItem\",\"position\":1,\"name\":\"Home\",\"item\":\"https:\/\/vinilozona.lt\/\"},{\"@type\":\"ListItem\",\"position\":2,\"name\":\"Parduotuv\u0117\",\"item\":\"https:\/\/vinilozona.lt\/parduotuve\/\"},{\"@type\":\"ListItem\",\"position\":3,\"name\":\"M. K. \u010ciurlionis, Vytautas Landsbergis &#8211; M. K. \u010ciurlionio K\u016brinius Fortepijonui Skambina Vytautas Landsbergis = M. K. \u010ciurlionis&#8217; Piano Works Performed By Vytautas Landsbergis (2xCD, Album)\"}]},{\"@type\":\"WebSite\",\"@id\":\"https:\/\/vinilozona.lt\/#website\",\"url\":\"https:\/\/vinilozona.lt\/\",\"name\":\"Vinilo Zona\",\"description\":\"Nup\u016bsk dulkes ir klausyk LP\",\"potentialAction\":[{\"@type\":\"SearchAction\",\"target\":{\"@type\":\"EntryPoint\",\"urlTemplate\":\"https:\/\/vinilozona.lt\/?s={search_term_string}\"},\"query-input\":{\"@type\":\"PropertyValueSpecification\",\"valueRequired\":true,\"valueName\":\"search_term_string\"}}],\"inLanguage\":\"en-GB\"}]}<\/script>\n<!-- \/ Yoast SEO plugin. -->","yoast_head_json":{"title":"M. K. \u010ciurlionis, Vytautas Landsbergis - M. K. \u010ciurlionio K\u016brinius Fortepijonui Skambina Vytautas Landsbergis = M. K. \u010ciurlionis' Piano Works Performed By Vytautas Landsbergis (2xCD, Album) Vinilin\u0117 Plok\u0161tel\u0117 | Vinilozona.lt","robots":{"index":"index","follow":"follow","max-snippet":"max-snippet:-1","max-image-preview":"max-image-preview:large","max-video-preview":"max-video-preview:-1"},"canonical":"https:\/\/vinilozona.lt\/en\/parduotuve\/cd\/naudoti-cd\/m-k-ciurlionis-vytautas-landsbergis-m-k-ciurlionio-kurinius-fortepijonui-skambina-vytautas-landsbergis-m-k-ciurlionis-piano-works-performed-by-vytautas-landsbergis-2xcd-album\/","og_locale":"en_GB","og_type":"article","og_title":"M. K. \u010ciurlionis, Vytautas Landsbergis - M. K. \u010ciurlionio K\u016brinius Fortepijonui Skambina Vytautas Landsbergis = M. K. \u010ciurlionis' Piano Works Performed By Vytautas Landsbergis (2xCD, Album) Vinilin\u0117 Plok\u0161tel\u0117 | Vinilozona.lt","og_description":"Lietuvos Nacionalin\u0117 Filharmonija \u200e\u2013 none Format: 2 \u00d7 CD, Album Country: Lithuania Released: 2009","og_url":"https:\/\/vinilozona.lt\/en\/parduotuve\/cd\/naudoti-cd\/m-k-ciurlionis-vytautas-landsbergis-m-k-ciurlionio-kurinius-fortepijonui-skambina-vytautas-landsbergis-m-k-ciurlionis-piano-works-performed-by-vytautas-landsbergis-2xcd-album\/","og_site_name":"Vinilo Zona","article_modified_time":"2025-09-30T17:29:23+00:00","og_image":[{"width":600,"height":540,"url":"https:\/\/vinilozona.lt\/wp-content\/uploads\/2021\/12\/R-16796529-1610041982-7048.jpeg.jpg","type":"image\/jpeg"}],"twitter_card":"summary_large_image","twitter_misc":{"Estimated reading time":"2 minutes"},"schema":{"@context":"https:\/\/schema.org","@graph":[{"@type":"WebPage","@id":"https:\/\/vinilozona.lt\/parduotuve\/cd\/naudoti-cd\/m-k-ciurlionis-vytautas-landsbergis-m-k-ciurlionio-kurinius-fortepijonui-skambina-vytautas-landsbergis-m-k-ciurlionis-piano-works-performed-by-vytautas-landsbergis-2xcd-album\/","url":"https:\/\/vinilozona.lt\/parduotuve\/cd\/naudoti-cd\/m-k-ciurlionis-vytautas-landsbergis-m-k-ciurlionio-kurinius-fortepijonui-skambina-vytautas-landsbergis-m-k-ciurlionis-piano-works-performed-by-vytautas-landsbergis-2xcd-album\/","name":"M. K. \u010ciurlionis, Vytautas Landsbergis - M. K. \u010ciurlionio K\u016brinius Fortepijonui Skambina Vytautas Landsbergis = M. K. \u010ciurlionis' Piano Works Performed By Vytautas Landsbergis (2xCD, Album) Vinilin\u0117 Plok\u0161tel\u0117 | Vinilozona.lt","isPartOf":{"@id":"https:\/\/vinilozona.lt\/#website"},"primaryImageOfPage":{"@id":"https:\/\/vinilozona.lt\/parduotuve\/cd\/naudoti-cd\/m-k-ciurlionis-vytautas-landsbergis-m-k-ciurlionio-kurinius-fortepijonui-skambina-vytautas-landsbergis-m-k-ciurlionis-piano-works-performed-by-vytautas-landsbergis-2xcd-album\/#primaryimage"},"image":{"@id":"https:\/\/vinilozona.lt\/parduotuve\/cd\/naudoti-cd\/m-k-ciurlionis-vytautas-landsbergis-m-k-ciurlionio-kurinius-fortepijonui-skambina-vytautas-landsbergis-m-k-ciurlionis-piano-works-performed-by-vytautas-landsbergis-2xcd-album\/#primaryimage"},"thumbnailUrl":"https:\/\/vinilozona.lt\/wp-content\/uploads\/2021\/12\/R-16796529-1610041982-7048.jpeg.jpg","datePublished":"2021-12-30T09:54:49+00:00","dateModified":"2025-09-30T17:29:23+00:00","breadcrumb":{"@id":"https:\/\/vinilozona.lt\/parduotuve\/cd\/naudoti-cd\/m-k-ciurlionis-vytautas-landsbergis-m-k-ciurlionio-kurinius-fortepijonui-skambina-vytautas-landsbergis-m-k-ciurlionis-piano-works-performed-by-vytautas-landsbergis-2xcd-album\/#breadcrumb"},"inLanguage":"en-GB","potentialAction":[{"@type":"ReadAction","target":["https:\/\/vinilozona.lt\/parduotuve\/cd\/naudoti-cd\/m-k-ciurlionis-vytautas-landsbergis-m-k-ciurlionio-kurinius-fortepijonui-skambina-vytautas-landsbergis-m-k-ciurlionis-piano-works-performed-by-vytautas-landsbergis-2xcd-album\/"]}]},{"@type":"ImageObject","inLanguage":"en-GB","@id":"https:\/\/vinilozona.lt\/parduotuve\/cd\/naudoti-cd\/m-k-ciurlionis-vytautas-landsbergis-m-k-ciurlionio-kurinius-fortepijonui-skambina-vytautas-landsbergis-m-k-ciurlionis-piano-works-performed-by-vytautas-landsbergis-2xcd-album\/#primaryimage","url":"https:\/\/vinilozona.lt\/wp-content\/uploads\/2021\/12\/R-16796529-1610041982-7048.jpeg.jpg","contentUrl":"https:\/\/vinilozona.lt\/wp-content\/uploads\/2021\/12\/R-16796529-1610041982-7048.jpeg.jpg","width":600,"height":540},{"@type":"BreadcrumbList","@id":"https:\/\/vinilozona.lt\/parduotuve\/cd\/naudoti-cd\/m-k-ciurlionis-vytautas-landsbergis-m-k-ciurlionio-kurinius-fortepijonui-skambina-vytautas-landsbergis-m-k-ciurlionis-piano-works-performed-by-vytautas-landsbergis-2xcd-album\/#breadcrumb","itemListElement":[{"@type":"ListItem","position":1,"name":"Home","item":"https:\/\/vinilozona.lt\/"},{"@type":"ListItem","position":2,"name":"Parduotuv\u0117","item":"https:\/\/vinilozona.lt\/parduotuve\/"},{"@type":"ListItem","position":3,"name":"M. K. \u010ciurlionis, Vytautas Landsbergis &#8211; M. K. \u010ciurlionio K\u016brinius Fortepijonui Skambina Vytautas Landsbergis = M. K. \u010ciurlionis&#8217; Piano Works Performed By Vytautas Landsbergis (2xCD, Album)"}]},{"@type":"WebSite","@id":"https:\/\/vinilozona.lt\/#website","url":"https:\/\/vinilozona.lt\/","name":"Vinilo Zona","description":"Nup\u016bsk dulkes ir klausyk LP","potentialAction":[{"@type":"SearchAction","target":{"@type":"EntryPoint","urlTemplate":"https:\/\/vinilozona.lt\/?s={search_term_string}"},"query-input":{"@type":"PropertyValueSpecification","valueRequired":true,"valueName":"search_term_string"}}],"inLanguage":"en-GB"}]}},"_links":{"self":[{"href":"https:\/\/vinilozona.lt\/en\/wp-json\/wp\/v2\/product\/17799"}],"collection":[{"href":"https:\/\/vinilozona.lt\/en\/wp-json\/wp\/v2\/product"}],"about":[{"href":"https:\/\/vinilozona.lt\/en\/wp-json\/wp\/v2\/types\/product"}],"wp:featuredmedia":[{"embeddable":true,"href":"https:\/\/vinilozona.lt\/en\/wp-json\/wp\/v2\/media\/17800"}],"wp:attachment":[{"href":"https:\/\/vinilozona.lt\/en\/wp-json\/wp\/v2\/media?parent=17799"}],"wp:term":[{"taxonomy":"product_cat","embeddable":true,"href":"https:\/\/vinilozona.lt\/en\/wp-json\/wp\/v2\/product_cat?post=17799"},{"taxonomy":"product_tag","embeddable":true,"href":"https:\/\/vinilozona.lt\/en\/wp-json\/wp\/v2\/product_tag?post=17799"}],"curies":[{"name":"wp","href":"https:\/\/api.w.org\/{rel}","templated":true}]}}