{"id":17775,"date":"2021-12-30T10:53:22","date_gmt":"2021-12-30T08:53:22","guid":{"rendered":"https:\/\/vinilozona.lt\/?post_type=product&#038;p=17775"},"modified":"2023-01-17T11:53:27","modified_gmt":"2023-01-17T09:53:27","slug":"manic-street-preachers-%e2%80%8e-know-your-enemy-cd","status":"publish","type":"product","link":"https:\/\/vinilozona.lt\/en\/parduotuve\/cd\/naudoti-cd\/manic-street-preachers-%e2%80%8e-know-your-enemy-cd\/","title":{"rendered":"Manic Street Preachers \u200e\u2013 Know Your Enemy  CD"},"content":{"rendered":"<p>1\tFound That Soul\t3:05<br \/>\n2\tOcean Spray\t4:11<br \/>\n3\tIntravenous Agnostic\t4:02<br \/>\n4\tSo Why So Sad\t4:02<br \/>\n5\tLet Robeson Sing  3:46<br \/>\n6\tThe Year Of Purification 3:40<br \/>\n7\tWattsville Blues\t4:29<br \/>\n8\tMiss Europa Disco Dancer\t3:52<br \/>\n9\tDead Martyrs\t3:23<br \/>\n10\tHis Last Painting  3:16<br \/>\n11\tMy Guernica\t4:56<br \/>\n12\tThe Convalescent\t5:54<br \/>\n13\tRoyal Correspondent  3:31<br \/>\n14\tEpicentre\t6:26<br \/>\n15\tBaby Eli\u00e1n  3:38<br \/>\n16.1\tFreedom Of Speech Won&#8217;t Feed My Children  2:58<br \/>\n16.2\t(silence)\t5:42<br \/>\n16.3\tWe Are All Bourgeois Now  4:<\/p>","protected":false},"excerpt":{"rendered":"<p>Epic \u200e\u2013 501880 2, Epic \u200e\u2013 501880200<br \/>\nFormat:<br \/>\nCD, Album, Enhanced<br \/>\nCountry:<br \/>\nEurope<br \/>\nReleased:<br \/>\n19 Mar 2001<\/p>","protected":false},"featured_media":17776,"template":"","meta":[],"product_cat":[24,946],"product_tag":[44],"yoast_head":"<!-- This site is optimized with the Yoast SEO plugin v23.5 - https:\/\/yoast.com\/wordpress\/plugins\/seo\/ -->\n<title>Manic Street Preachers \u200e\u2013 Know Your Enemy CD Vinilin\u0117 Plok\u0161tel\u0117 | Vinilozona.lt<\/title>\n<meta name=\"robots\" content=\"index, follow, max-snippet:-1, max-image-preview:large, max-video-preview:-1\" \/>\n<link rel=\"canonical\" href=\"https:\/\/vinilozona.lt\/en\/parduotuve\/cd\/naudoti-cd\/manic-street-preachers-\u200e-know-your-enemy-cd\/\" \/>\n<meta property=\"og:locale\" content=\"en_GB\" \/>\n<meta property=\"og:type\" content=\"article\" \/>\n<meta property=\"og:title\" content=\"Manic Street Preachers \u200e\u2013 Know Your Enemy CD Vinilin\u0117 Plok\u0161tel\u0117 | Vinilozona.lt\" \/>\n<meta property=\"og:description\" content=\"Epic \u200e\u2013 501880 2, Epic \u200e\u2013 501880200 Format: CD, Album, Enhanced Country: Europe Released: 19 Mar 2001\" \/>\n<meta property=\"og:url\" content=\"https:\/\/vinilozona.lt\/en\/parduotuve\/cd\/naudoti-cd\/manic-street-preachers-\u200e-know-your-enemy-cd\/\" \/>\n<meta property=\"og:site_name\" content=\"Vinilo Zona\" \/>\n<meta property=\"article:modified_time\" content=\"2023-01-17T09:53:27+00:00\" \/>\n<meta property=\"og:image\" content=\"https:\/\/vinilozona.lt\/wp-content\/uploads\/2021\/12\/R-534550-1213518844.jpeg.jpg\" \/>\n\t<meta property=\"og:image:width\" content=\"600\" \/>\n\t<meta property=\"og:image:height\" content=\"600\" \/>\n\t<meta property=\"og:image:type\" content=\"image\/jpeg\" \/>\n<meta name=\"twitter:card\" content=\"summary_large_image\" \/>\n<script type=\"application\/ld+json\" class=\"yoast-schema-graph\">{\"@context\":\"https:\/\/schema.org\",\"@graph\":[{\"@type\":\"WebPage\",\"@id\":\"https:\/\/vinilozona.lt\/parduotuve\/cd\/naudoti-cd\/manic-street-preachers-%e2%80%8e-know-your-enemy-cd\/\",\"url\":\"https:\/\/vinilozona.lt\/parduotuve\/cd\/naudoti-cd\/manic-street-preachers-%e2%80%8e-know-your-enemy-cd\/\",\"name\":\"Manic Street Preachers \u200e\u2013 Know Your Enemy CD Vinilin\u0117 Plok\u0161tel\u0117 | Vinilozona.lt\",\"isPartOf\":{\"@id\":\"https:\/\/vinilozona.lt\/#website\"},\"primaryImageOfPage\":{\"@id\":\"https:\/\/vinilozona.lt\/parduotuve\/cd\/naudoti-cd\/manic-street-preachers-%e2%80%8e-know-your-enemy-cd\/#primaryimage\"},\"image\":{\"@id\":\"https:\/\/vinilozona.lt\/parduotuve\/cd\/naudoti-cd\/manic-street-preachers-%e2%80%8e-know-your-enemy-cd\/#primaryimage\"},\"thumbnailUrl\":\"https:\/\/vinilozona.lt\/wp-content\/uploads\/2021\/12\/R-534550-1213518844.jpeg.jpg\",\"datePublished\":\"2021-12-30T08:53:22+00:00\",\"dateModified\":\"2023-01-17T09:53:27+00:00\",\"breadcrumb\":{\"@id\":\"https:\/\/vinilozona.lt\/parduotuve\/cd\/naudoti-cd\/manic-street-preachers-%e2%80%8e-know-your-enemy-cd\/#breadcrumb\"},\"inLanguage\":\"en-GB\",\"potentialAction\":[{\"@type\":\"ReadAction\",\"target\":[\"https:\/\/vinilozona.lt\/parduotuve\/cd\/naudoti-cd\/manic-street-preachers-%e2%80%8e-know-your-enemy-cd\/\"]}]},{\"@type\":\"ImageObject\",\"inLanguage\":\"en-GB\",\"@id\":\"https:\/\/vinilozona.lt\/parduotuve\/cd\/naudoti-cd\/manic-street-preachers-%e2%80%8e-know-your-enemy-cd\/#primaryimage\",\"url\":\"https:\/\/vinilozona.lt\/wp-content\/uploads\/2021\/12\/R-534550-1213518844.jpeg.jpg\",\"contentUrl\":\"https:\/\/vinilozona.lt\/wp-content\/uploads\/2021\/12\/R-534550-1213518844.jpeg.jpg\",\"width\":600,\"height\":600},{\"@type\":\"BreadcrumbList\",\"@id\":\"https:\/\/vinilozona.lt\/parduotuve\/cd\/naudoti-cd\/manic-street-preachers-%e2%80%8e-know-your-enemy-cd\/#breadcrumb\",\"itemListElement\":[{\"@type\":\"ListItem\",\"position\":1,\"name\":\"Home\",\"item\":\"https:\/\/vinilozona.lt\/\"},{\"@type\":\"ListItem\",\"position\":2,\"name\":\"Parduotuv\u0117\",\"item\":\"https:\/\/vinilozona.lt\/parduotuve\/\"},{\"@type\":\"ListItem\",\"position\":3,\"name\":\"Manic Street Preachers \u200e\u2013 Know Your Enemy CD\"}]},{\"@type\":\"WebSite\",\"@id\":\"https:\/\/vinilozona.lt\/#website\",\"url\":\"https:\/\/vinilozona.lt\/\",\"name\":\"Vinilo Zona\",\"description\":\"Nup\u016bsk dulkes ir klausyk LP\",\"potentialAction\":[{\"@type\":\"SearchAction\",\"target\":{\"@type\":\"EntryPoint\",\"urlTemplate\":\"https:\/\/vinilozona.lt\/?s={search_term_string}\"},\"query-input\":{\"@type\":\"PropertyValueSpecification\",\"valueRequired\":true,\"valueName\":\"search_term_string\"}}],\"inLanguage\":\"en-GB\"}]}<\/script>\n<!-- \/ Yoast SEO plugin. -->","yoast_head_json":{"title":"Manic Street Preachers \u200e\u2013 Know Your Enemy CD Vinilin\u0117 Plok\u0161tel\u0117 | Vinilozona.lt","robots":{"index":"index","follow":"follow","max-snippet":"max-snippet:-1","max-image-preview":"max-image-preview:large","max-video-preview":"max-video-preview:-1"},"canonical":"https:\/\/vinilozona.lt\/en\/parduotuve\/cd\/naudoti-cd\/manic-street-preachers-\u200e-know-your-enemy-cd\/","og_locale":"en_GB","og_type":"article","og_title":"Manic Street Preachers \u200e\u2013 Know Your Enemy CD Vinilin\u0117 Plok\u0161tel\u0117 | Vinilozona.lt","og_description":"Epic \u200e\u2013 501880 2, Epic \u200e\u2013 501880200 Format: CD, Album, Enhanced Country: Europe Released: 19 Mar 2001","og_url":"https:\/\/vinilozona.lt\/en\/parduotuve\/cd\/naudoti-cd\/manic-street-preachers-\u200e-know-your-enemy-cd\/","og_site_name":"Vinilo Zona","article_modified_time":"2023-01-17T09:53:27+00:00","og_image":[{"width":600,"height":600,"url":"https:\/\/vinilozona.lt\/wp-content\/uploads\/2021\/12\/R-534550-1213518844.jpeg.jpg","type":"image\/jpeg"}],"twitter_card":"summary_large_image","schema":{"@context":"https:\/\/schema.org","@graph":[{"@type":"WebPage","@id":"https:\/\/vinilozona.lt\/parduotuve\/cd\/naudoti-cd\/manic-street-preachers-%e2%80%8e-know-your-enemy-cd\/","url":"https:\/\/vinilozona.lt\/parduotuve\/cd\/naudoti-cd\/manic-street-preachers-%e2%80%8e-know-your-enemy-cd\/","name":"Manic Street Preachers \u200e\u2013 Know Your Enemy CD Vinilin\u0117 Plok\u0161tel\u0117 | Vinilozona.lt","isPartOf":{"@id":"https:\/\/vinilozona.lt\/#website"},"primaryImageOfPage":{"@id":"https:\/\/vinilozona.lt\/parduotuve\/cd\/naudoti-cd\/manic-street-preachers-%e2%80%8e-know-your-enemy-cd\/#primaryimage"},"image":{"@id":"https:\/\/vinilozona.lt\/parduotuve\/cd\/naudoti-cd\/manic-street-preachers-%e2%80%8e-know-your-enemy-cd\/#primaryimage"},"thumbnailUrl":"https:\/\/vinilozona.lt\/wp-content\/uploads\/2021\/12\/R-534550-1213518844.jpeg.jpg","datePublished":"2021-12-30T08:53:22+00:00","dateModified":"2023-01-17T09:53:27+00:00","breadcrumb":{"@id":"https:\/\/vinilozona.lt\/parduotuve\/cd\/naudoti-cd\/manic-street-preachers-%e2%80%8e-know-your-enemy-cd\/#breadcrumb"},"inLanguage":"en-GB","potentialAction":[{"@type":"ReadAction","target":["https:\/\/vinilozona.lt\/parduotuve\/cd\/naudoti-cd\/manic-street-preachers-%e2%80%8e-know-your-enemy-cd\/"]}]},{"@type":"ImageObject","inLanguage":"en-GB","@id":"https:\/\/vinilozona.lt\/parduotuve\/cd\/naudoti-cd\/manic-street-preachers-%e2%80%8e-know-your-enemy-cd\/#primaryimage","url":"https:\/\/vinilozona.lt\/wp-content\/uploads\/2021\/12\/R-534550-1213518844.jpeg.jpg","contentUrl":"https:\/\/vinilozona.lt\/wp-content\/uploads\/2021\/12\/R-534550-1213518844.jpeg.jpg","width":600,"height":600},{"@type":"BreadcrumbList","@id":"https:\/\/vinilozona.lt\/parduotuve\/cd\/naudoti-cd\/manic-street-preachers-%e2%80%8e-know-your-enemy-cd\/#breadcrumb","itemListElement":[{"@type":"ListItem","position":1,"name":"Home","item":"https:\/\/vinilozona.lt\/"},{"@type":"ListItem","position":2,"name":"Parduotuv\u0117","item":"https:\/\/vinilozona.lt\/parduotuve\/"},{"@type":"ListItem","position":3,"name":"Manic Street Preachers \u200e\u2013 Know Your Enemy CD"}]},{"@type":"WebSite","@id":"https:\/\/vinilozona.lt\/#website","url":"https:\/\/vinilozona.lt\/","name":"Vinilo Zona","description":"Nup\u016bsk dulkes ir klausyk LP","potentialAction":[{"@type":"SearchAction","target":{"@type":"EntryPoint","urlTemplate":"https:\/\/vinilozona.lt\/?s={search_term_string}"},"query-input":{"@type":"PropertyValueSpecification","valueRequired":true,"valueName":"search_term_string"}}],"inLanguage":"en-GB"}]}},"_links":{"self":[{"href":"https:\/\/vinilozona.lt\/en\/wp-json\/wp\/v2\/product\/17775"}],"collection":[{"href":"https:\/\/vinilozona.lt\/en\/wp-json\/wp\/v2\/product"}],"about":[{"href":"https:\/\/vinilozona.lt\/en\/wp-json\/wp\/v2\/types\/product"}],"wp:featuredmedia":[{"embeddable":true,"href":"https:\/\/vinilozona.lt\/en\/wp-json\/wp\/v2\/media\/17776"}],"wp:attachment":[{"href":"https:\/\/vinilozona.lt\/en\/wp-json\/wp\/v2\/media?parent=17775"}],"wp:term":[{"taxonomy":"product_cat","embeddable":true,"href":"https:\/\/vinilozona.lt\/en\/wp-json\/wp\/v2\/product_cat?post=17775"},{"taxonomy":"product_tag","embeddable":true,"href":"https:\/\/vinilozona.lt\/en\/wp-json\/wp\/v2\/product_tag?post=17775"}],"curies":[{"name":"wp","href":"https:\/\/api.w.org\/{rel}","templated":true}]}}