{"id":17725,"date":"2021-12-26T10:20:43","date_gmt":"2021-12-26T08:20:43","guid":{"rendered":"https:\/\/vinilozona.lt\/?post_type=product&#038;p=17725"},"modified":"2022-01-02T16:13:50","modified_gmt":"2022-01-02T14:13:50","slug":"the-lovin-spoonful-the-lovin-spoonful-do-you-believe-in-magic-everything-playing-2lp","status":"publish","type":"product","link":"https:\/\/vinilozona.lt\/en\/parduotuve\/rock-pop\/the-lovin-spoonful-the-lovin-spoonful-do-you-believe-in-magic-everything-playing-2lp\/","title":{"rendered":"Lovin&#8217; Spoonful \u2013 The Lovin&#8217; Spoonful (Do You Believe In Magic? \/ Everything Playing) 2LP"},"content":{"rendered":"<p>Do You Believe In Magic<br \/>\nA1\t\tDo You Believe In Magic<br \/>\nA2\t\tBlues In The Bottle<br \/>\nA3\t\tSportin&#8217; Life<br \/>\nA4\t\tMy Gal (My Poor Gal)<br \/>\nA5\t\tYou Baby<br \/>\nA6\t\tFishin&#8217; Blues<br \/>\nB1\t\tDid You Ever Have To Make Up Your Mind?<br \/>\nB2\t\tWild About My Lovin&#8217;<br \/>\nB3\t\tThe Other Side Of This Life<br \/>\nB4\t\tYounger Girl<br \/>\nB5\t\tOn The Road Again<br \/>\nB6\t\tNight Owl Blues<\/p>\n<p>Everything Playing<br \/>\nC1\t\tShe Is Still A Mystery<br \/>\nC2\t\tPriscilla Millionaira<br \/>\nC3\t\tBoredom<br \/>\nC4\t\tSix O&#8217;Clock<br \/>\nC5\t\tForever<br \/>\nC6\t\tDarling Be Home Soon<br \/>\nD1\t\tYounger Generation<br \/>\nD2\t\tMoney<br \/>\nD3\t\tOld Folks<br \/>\nD4\t\tOnly Pretty, What A Pity<br \/>\nD5\t\tTry A Little Bit<br \/>\nD6\t\tClose Your Eyes<\/p>","protected":false},"excerpt":{"rendered":"<p>Castle Communications \u2013 TFOLP 12<\/p>","protected":false},"featured_media":17726,"template":"","meta":[],"product_cat":[15],"product_tag":[55],"yoast_head":"<!-- This site is optimized with the Yoast SEO plugin v23.5 - https:\/\/yoast.com\/wordpress\/plugins\/seo\/ -->\n<title>Lovin&#039; Spoonful \u2013 The Lovin&#039; Spoonful (Do You Believe In Magic? \/ Everything Playing) 2LP Vinilin\u0117 Plok\u0161tel\u0117 | Vinilozona.lt<\/title>\n<meta name=\"robots\" content=\"index, follow, max-snippet:-1, max-image-preview:large, max-video-preview:-1\" \/>\n<link rel=\"canonical\" href=\"https:\/\/vinilozona.lt\/en\/parduotuve\/rock-pop\/the-lovin-spoonful-the-lovin-spoonful-do-you-believe-in-magic-everything-playing-2lp\/\" \/>\n<meta property=\"og:locale\" content=\"en_GB\" \/>\n<meta property=\"og:type\" content=\"article\" \/>\n<meta property=\"og:title\" content=\"Lovin&#039; Spoonful \u2013 The Lovin&#039; Spoonful (Do You Believe In Magic? \/ Everything Playing) 2LP Vinilin\u0117 Plok\u0161tel\u0117 | Vinilozona.lt\" \/>\n<meta property=\"og:description\" content=\"Castle Communications \u2013 TFOLP 12\" \/>\n<meta property=\"og:url\" content=\"https:\/\/vinilozona.lt\/en\/parduotuve\/rock-pop\/the-lovin-spoonful-the-lovin-spoonful-do-you-believe-in-magic-everything-playing-2lp\/\" \/>\n<meta property=\"og:site_name\" content=\"Vinilo Zona\" \/>\n<meta property=\"article:modified_time\" content=\"2022-01-02T14:13:50+00:00\" \/>\n<meta property=\"og:image\" content=\"https:\/\/vinilozona.lt\/wp-content\/uploads\/2021\/12\/R-3826691-1607808315-6971.jpeg.jpg\" \/>\n\t<meta property=\"og:image:width\" content=\"599\" \/>\n\t<meta property=\"og:image:height\" content=\"597\" \/>\n\t<meta property=\"og:image:type\" content=\"image\/jpeg\" \/>\n<meta name=\"twitter:card\" content=\"summary_large_image\" \/>\n<meta name=\"twitter:label1\" content=\"Estimated reading time\" \/>\n\t<meta name=\"twitter:data1\" content=\"1 minute\" \/>\n<script type=\"application\/ld+json\" class=\"yoast-schema-graph\">{\"@context\":\"https:\/\/schema.org\",\"@graph\":[{\"@type\":\"WebPage\",\"@id\":\"https:\/\/vinilozona.lt\/parduotuve\/rock-pop\/the-lovin-spoonful-the-lovin-spoonful-do-you-believe-in-magic-everything-playing-2lp\/\",\"url\":\"https:\/\/vinilozona.lt\/parduotuve\/rock-pop\/the-lovin-spoonful-the-lovin-spoonful-do-you-believe-in-magic-everything-playing-2lp\/\",\"name\":\"Lovin' Spoonful \u2013 The Lovin' Spoonful (Do You Believe In Magic? \/ Everything Playing) 2LP Vinilin\u0117 Plok\u0161tel\u0117 | Vinilozona.lt\",\"isPartOf\":{\"@id\":\"https:\/\/vinilozona.lt\/#website\"},\"primaryImageOfPage\":{\"@id\":\"https:\/\/vinilozona.lt\/parduotuve\/rock-pop\/the-lovin-spoonful-the-lovin-spoonful-do-you-believe-in-magic-everything-playing-2lp\/#primaryimage\"},\"image\":{\"@id\":\"https:\/\/vinilozona.lt\/parduotuve\/rock-pop\/the-lovin-spoonful-the-lovin-spoonful-do-you-believe-in-magic-everything-playing-2lp\/#primaryimage\"},\"thumbnailUrl\":\"https:\/\/vinilozona.lt\/wp-content\/uploads\/2021\/12\/R-3826691-1607808315-6971.jpeg.jpg\",\"datePublished\":\"2021-12-26T08:20:43+00:00\",\"dateModified\":\"2022-01-02T14:13:50+00:00\",\"breadcrumb\":{\"@id\":\"https:\/\/vinilozona.lt\/parduotuve\/rock-pop\/the-lovin-spoonful-the-lovin-spoonful-do-you-believe-in-magic-everything-playing-2lp\/#breadcrumb\"},\"inLanguage\":\"en-GB\",\"potentialAction\":[{\"@type\":\"ReadAction\",\"target\":[\"https:\/\/vinilozona.lt\/parduotuve\/rock-pop\/the-lovin-spoonful-the-lovin-spoonful-do-you-believe-in-magic-everything-playing-2lp\/\"]}]},{\"@type\":\"ImageObject\",\"inLanguage\":\"en-GB\",\"@id\":\"https:\/\/vinilozona.lt\/parduotuve\/rock-pop\/the-lovin-spoonful-the-lovin-spoonful-do-you-believe-in-magic-everything-playing-2lp\/#primaryimage\",\"url\":\"https:\/\/vinilozona.lt\/wp-content\/uploads\/2021\/12\/R-3826691-1607808315-6971.jpeg.jpg\",\"contentUrl\":\"https:\/\/vinilozona.lt\/wp-content\/uploads\/2021\/12\/R-3826691-1607808315-6971.jpeg.jpg\",\"width\":599,\"height\":597},{\"@type\":\"BreadcrumbList\",\"@id\":\"https:\/\/vinilozona.lt\/parduotuve\/rock-pop\/the-lovin-spoonful-the-lovin-spoonful-do-you-believe-in-magic-everything-playing-2lp\/#breadcrumb\",\"itemListElement\":[{\"@type\":\"ListItem\",\"position\":1,\"name\":\"Home\",\"item\":\"https:\/\/vinilozona.lt\/\"},{\"@type\":\"ListItem\",\"position\":2,\"name\":\"Parduotuv\u0117\",\"item\":\"https:\/\/vinilozona.lt\/parduotuve\/\"},{\"@type\":\"ListItem\",\"position\":3,\"name\":\"Lovin&#8217; Spoonful \u2013 The Lovin&#8217; Spoonful (Do You Believe In Magic? \/ Everything Playing) 2LP\"}]},{\"@type\":\"WebSite\",\"@id\":\"https:\/\/vinilozona.lt\/#website\",\"url\":\"https:\/\/vinilozona.lt\/\",\"name\":\"Vinilo Zona\",\"description\":\"Nup\u016bsk dulkes ir klausyk LP\",\"potentialAction\":[{\"@type\":\"SearchAction\",\"target\":{\"@type\":\"EntryPoint\",\"urlTemplate\":\"https:\/\/vinilozona.lt\/?s={search_term_string}\"},\"query-input\":{\"@type\":\"PropertyValueSpecification\",\"valueRequired\":true,\"valueName\":\"search_term_string\"}}],\"inLanguage\":\"en-GB\"}]}<\/script>\n<!-- \/ Yoast SEO plugin. -->","yoast_head_json":{"title":"Lovin' Spoonful \u2013 The Lovin' Spoonful (Do You Believe In Magic? \/ Everything Playing) 2LP Vinilin\u0117 Plok\u0161tel\u0117 | Vinilozona.lt","robots":{"index":"index","follow":"follow","max-snippet":"max-snippet:-1","max-image-preview":"max-image-preview:large","max-video-preview":"max-video-preview:-1"},"canonical":"https:\/\/vinilozona.lt\/en\/parduotuve\/rock-pop\/the-lovin-spoonful-the-lovin-spoonful-do-you-believe-in-magic-everything-playing-2lp\/","og_locale":"en_GB","og_type":"article","og_title":"Lovin' Spoonful \u2013 The Lovin' Spoonful (Do You Believe In Magic? \/ Everything Playing) 2LP Vinilin\u0117 Plok\u0161tel\u0117 | Vinilozona.lt","og_description":"Castle Communications \u2013 TFOLP 12","og_url":"https:\/\/vinilozona.lt\/en\/parduotuve\/rock-pop\/the-lovin-spoonful-the-lovin-spoonful-do-you-believe-in-magic-everything-playing-2lp\/","og_site_name":"Vinilo Zona","article_modified_time":"2022-01-02T14:13:50+00:00","og_image":[{"width":599,"height":597,"url":"https:\/\/vinilozona.lt\/wp-content\/uploads\/2021\/12\/R-3826691-1607808315-6971.jpeg.jpg","type":"image\/jpeg"}],"twitter_card":"summary_large_image","twitter_misc":{"Estimated reading time":"1 minute"},"schema":{"@context":"https:\/\/schema.org","@graph":[{"@type":"WebPage","@id":"https:\/\/vinilozona.lt\/parduotuve\/rock-pop\/the-lovin-spoonful-the-lovin-spoonful-do-you-believe-in-magic-everything-playing-2lp\/","url":"https:\/\/vinilozona.lt\/parduotuve\/rock-pop\/the-lovin-spoonful-the-lovin-spoonful-do-you-believe-in-magic-everything-playing-2lp\/","name":"Lovin' Spoonful \u2013 The Lovin' Spoonful (Do You Believe In Magic? \/ Everything Playing) 2LP Vinilin\u0117 Plok\u0161tel\u0117 | Vinilozona.lt","isPartOf":{"@id":"https:\/\/vinilozona.lt\/#website"},"primaryImageOfPage":{"@id":"https:\/\/vinilozona.lt\/parduotuve\/rock-pop\/the-lovin-spoonful-the-lovin-spoonful-do-you-believe-in-magic-everything-playing-2lp\/#primaryimage"},"image":{"@id":"https:\/\/vinilozona.lt\/parduotuve\/rock-pop\/the-lovin-spoonful-the-lovin-spoonful-do-you-believe-in-magic-everything-playing-2lp\/#primaryimage"},"thumbnailUrl":"https:\/\/vinilozona.lt\/wp-content\/uploads\/2021\/12\/R-3826691-1607808315-6971.jpeg.jpg","datePublished":"2021-12-26T08:20:43+00:00","dateModified":"2022-01-02T14:13:50+00:00","breadcrumb":{"@id":"https:\/\/vinilozona.lt\/parduotuve\/rock-pop\/the-lovin-spoonful-the-lovin-spoonful-do-you-believe-in-magic-everything-playing-2lp\/#breadcrumb"},"inLanguage":"en-GB","potentialAction":[{"@type":"ReadAction","target":["https:\/\/vinilozona.lt\/parduotuve\/rock-pop\/the-lovin-spoonful-the-lovin-spoonful-do-you-believe-in-magic-everything-playing-2lp\/"]}]},{"@type":"ImageObject","inLanguage":"en-GB","@id":"https:\/\/vinilozona.lt\/parduotuve\/rock-pop\/the-lovin-spoonful-the-lovin-spoonful-do-you-believe-in-magic-everything-playing-2lp\/#primaryimage","url":"https:\/\/vinilozona.lt\/wp-content\/uploads\/2021\/12\/R-3826691-1607808315-6971.jpeg.jpg","contentUrl":"https:\/\/vinilozona.lt\/wp-content\/uploads\/2021\/12\/R-3826691-1607808315-6971.jpeg.jpg","width":599,"height":597},{"@type":"BreadcrumbList","@id":"https:\/\/vinilozona.lt\/parduotuve\/rock-pop\/the-lovin-spoonful-the-lovin-spoonful-do-you-believe-in-magic-everything-playing-2lp\/#breadcrumb","itemListElement":[{"@type":"ListItem","position":1,"name":"Home","item":"https:\/\/vinilozona.lt\/"},{"@type":"ListItem","position":2,"name":"Parduotuv\u0117","item":"https:\/\/vinilozona.lt\/parduotuve\/"},{"@type":"ListItem","position":3,"name":"Lovin&#8217; Spoonful \u2013 The Lovin&#8217; Spoonful (Do You Believe In Magic? \/ Everything Playing) 2LP"}]},{"@type":"WebSite","@id":"https:\/\/vinilozona.lt\/#website","url":"https:\/\/vinilozona.lt\/","name":"Vinilo Zona","description":"Nup\u016bsk dulkes ir klausyk LP","potentialAction":[{"@type":"SearchAction","target":{"@type":"EntryPoint","urlTemplate":"https:\/\/vinilozona.lt\/?s={search_term_string}"},"query-input":{"@type":"PropertyValueSpecification","valueRequired":true,"valueName":"search_term_string"}}],"inLanguage":"en-GB"}]}},"_links":{"self":[{"href":"https:\/\/vinilozona.lt\/en\/wp-json\/wp\/v2\/product\/17725"}],"collection":[{"href":"https:\/\/vinilozona.lt\/en\/wp-json\/wp\/v2\/product"}],"about":[{"href":"https:\/\/vinilozona.lt\/en\/wp-json\/wp\/v2\/types\/product"}],"wp:featuredmedia":[{"embeddable":true,"href":"https:\/\/vinilozona.lt\/en\/wp-json\/wp\/v2\/media\/17726"}],"wp:attachment":[{"href":"https:\/\/vinilozona.lt\/en\/wp-json\/wp\/v2\/media?parent=17725"}],"wp:term":[{"taxonomy":"product_cat","embeddable":true,"href":"https:\/\/vinilozona.lt\/en\/wp-json\/wp\/v2\/product_cat?post=17725"},{"taxonomy":"product_tag","embeddable":true,"href":"https:\/\/vinilozona.lt\/en\/wp-json\/wp\/v2\/product_tag?post=17725"}],"curies":[{"name":"wp","href":"https:\/\/api.w.org\/{rel}","templated":true}]}}