{"id":17718,"date":"2024-08-30T05:07:59","date_gmt":"2024-08-30T02:07:59","guid":{"rendered":"https:\/\/vinilozona.lt\/?post_type=product&#038;p=17718"},"modified":"2024-11-24T13:35:54","modified_gmt":"2024-11-24T11:35:54","slug":"rolling-stones-get-yer-ya-yas-out-the-rolling-stones-in-concert","status":"publish","type":"product","link":"https:\/\/vinilozona.lt\/en\/parduotuve\/rock-pop\/rolling-stones-get-yer-ya-yas-out-the-rolling-stones-in-concert\/","title":{"rendered":"RollingStones \u2013 Flashpoint"},"content":{"rendered":"<p>A1\t\tContinental Drift (Intro)\t0:27<br \/>\nA2\t\tStart Me Up\t3:54<br \/>\nA3\t\tSad Sad Sad\t3:36<br \/>\nA4\t\tMiss You\t5:53<br \/>\nA5\t\tRuby Tuesday\t3:37<br \/>\nA6\t\tYou Can&#8217;t Always Get What You Want\t7:19<br \/>\nA7\t\tFactory Girl\t2:48<br \/>\nA8\t\tLittle Red Rooster\t5:12<br \/>\nB9\t\tPaint It Black\t4:12<br \/>\nB10\t\tSympathy For The Devil\t5:31<br \/>\nB11\t\tBrown Sugar\t4:12<br \/>\nB12\t\tJumping Jack Flash\t5:00<br \/>\nB13\t\tSatisfaction\t6:09<br \/>\nB14\t\tHighwire\t4:37<br \/>\nB15\t\tSex Drive\t5:04<\/p>","protected":false},"excerpt":{"rendered":"<p>Rolling Stones Records \u2013 468135 1<br \/>\nFormat:<br \/>\nVinyl, LP, Album<br \/>\nCountry:\tEurope<br \/>\nReleased:\t1991<br \/>\nbe bukleto<\/p>","protected":false},"featured_media":25692,"template":"","meta":[],"product_cat":[15],"product_tag":[44],"yoast_head":"<!-- This site is optimized with the Yoast SEO plugin v23.5 - https:\/\/yoast.com\/wordpress\/plugins\/seo\/ -->\n<title>RollingStones \u2013 Flashpoint Vinilin\u0117 Plok\u0161tel\u0117 | Vinilozona.lt<\/title>\n<meta name=\"robots\" content=\"index, follow, max-snippet:-1, max-image-preview:large, max-video-preview:-1\" \/>\n<link rel=\"canonical\" href=\"https:\/\/vinilozona.lt\/en\/parduotuve\/rock-pop\/rolling-stones-get-yer-ya-yas-out-the-rolling-stones-in-concert\/\" \/>\n<meta property=\"og:locale\" content=\"en_GB\" \/>\n<meta property=\"og:type\" content=\"article\" \/>\n<meta property=\"og:title\" content=\"RollingStones \u2013 Flashpoint Vinilin\u0117 Plok\u0161tel\u0117 | Vinilozona.lt\" \/>\n<meta property=\"og:description\" content=\"Rolling Stones Records \u2013 468135 1 Format:  Vinyl, LP, Album Country: Europe Released: 1991 be bukleto\" \/>\n<meta property=\"og:url\" content=\"https:\/\/vinilozona.lt\/en\/parduotuve\/rock-pop\/rolling-stones-get-yer-ya-yas-out-the-rolling-stones-in-concert\/\" \/>\n<meta property=\"og:site_name\" content=\"Vinilo Zona\" \/>\n<meta property=\"article:modified_time\" content=\"2024-11-24T11:35:54+00:00\" \/>\n<meta property=\"og:image\" content=\"https:\/\/vinilozona.lt\/wp-content\/uploads\/2021\/12\/R-1197115-1638817238-4063.jpg\" \/>\n\t<meta property=\"og:image:width\" content=\"600\" \/>\n\t<meta property=\"og:image:height\" content=\"600\" \/>\n\t<meta property=\"og:image:type\" content=\"image\/jpeg\" \/>\n<meta name=\"twitter:card\" content=\"summary_large_image\" \/>\n<script type=\"application\/ld+json\" class=\"yoast-schema-graph\">{\"@context\":\"https:\/\/schema.org\",\"@graph\":[{\"@type\":\"WebPage\",\"@id\":\"https:\/\/vinilozona.lt\/parduotuve\/rock-pop\/rolling-stones-get-yer-ya-yas-out-the-rolling-stones-in-concert\/\",\"url\":\"https:\/\/vinilozona.lt\/parduotuve\/rock-pop\/rolling-stones-get-yer-ya-yas-out-the-rolling-stones-in-concert\/\",\"name\":\"RollingStones \u2013 Flashpoint Vinilin\u0117 Plok\u0161tel\u0117 | Vinilozona.lt\",\"isPartOf\":{\"@id\":\"https:\/\/vinilozona.lt\/#website\"},\"primaryImageOfPage\":{\"@id\":\"https:\/\/vinilozona.lt\/parduotuve\/rock-pop\/rolling-stones-get-yer-ya-yas-out-the-rolling-stones-in-concert\/#primaryimage\"},\"image\":{\"@id\":\"https:\/\/vinilozona.lt\/parduotuve\/rock-pop\/rolling-stones-get-yer-ya-yas-out-the-rolling-stones-in-concert\/#primaryimage\"},\"thumbnailUrl\":\"https:\/\/vinilozona.lt\/wp-content\/uploads\/2021\/12\/R-1197115-1638817238-4063.jpg\",\"datePublished\":\"2024-08-30T02:07:59+00:00\",\"dateModified\":\"2024-11-24T11:35:54+00:00\",\"breadcrumb\":{\"@id\":\"https:\/\/vinilozona.lt\/parduotuve\/rock-pop\/rolling-stones-get-yer-ya-yas-out-the-rolling-stones-in-concert\/#breadcrumb\"},\"inLanguage\":\"en-GB\",\"potentialAction\":[{\"@type\":\"ReadAction\",\"target\":[\"https:\/\/vinilozona.lt\/parduotuve\/rock-pop\/rolling-stones-get-yer-ya-yas-out-the-rolling-stones-in-concert\/\"]}]},{\"@type\":\"ImageObject\",\"inLanguage\":\"en-GB\",\"@id\":\"https:\/\/vinilozona.lt\/parduotuve\/rock-pop\/rolling-stones-get-yer-ya-yas-out-the-rolling-stones-in-concert\/#primaryimage\",\"url\":\"https:\/\/vinilozona.lt\/wp-content\/uploads\/2021\/12\/R-1197115-1638817238-4063.jpg\",\"contentUrl\":\"https:\/\/vinilozona.lt\/wp-content\/uploads\/2021\/12\/R-1197115-1638817238-4063.jpg\",\"width\":600,\"height\":600},{\"@type\":\"BreadcrumbList\",\"@id\":\"https:\/\/vinilozona.lt\/parduotuve\/rock-pop\/rolling-stones-get-yer-ya-yas-out-the-rolling-stones-in-concert\/#breadcrumb\",\"itemListElement\":[{\"@type\":\"ListItem\",\"position\":1,\"name\":\"Home\",\"item\":\"https:\/\/vinilozona.lt\/\"},{\"@type\":\"ListItem\",\"position\":2,\"name\":\"Parduotuv\u0117\",\"item\":\"https:\/\/vinilozona.lt\/parduotuve\/\"},{\"@type\":\"ListItem\",\"position\":3,\"name\":\"RollingStones \u2013 Flashpoint\"}]},{\"@type\":\"WebSite\",\"@id\":\"https:\/\/vinilozona.lt\/#website\",\"url\":\"https:\/\/vinilozona.lt\/\",\"name\":\"Vinilo Zona\",\"description\":\"Nup\u016bsk dulkes ir klausyk LP\",\"potentialAction\":[{\"@type\":\"SearchAction\",\"target\":{\"@type\":\"EntryPoint\",\"urlTemplate\":\"https:\/\/vinilozona.lt\/?s={search_term_string}\"},\"query-input\":{\"@type\":\"PropertyValueSpecification\",\"valueRequired\":true,\"valueName\":\"search_term_string\"}}],\"inLanguage\":\"en-GB\"}]}<\/script>\n<!-- \/ Yoast SEO plugin. -->","yoast_head_json":{"title":"RollingStones \u2013 Flashpoint Vinilin\u0117 Plok\u0161tel\u0117 | Vinilozona.lt","robots":{"index":"index","follow":"follow","max-snippet":"max-snippet:-1","max-image-preview":"max-image-preview:large","max-video-preview":"max-video-preview:-1"},"canonical":"https:\/\/vinilozona.lt\/en\/parduotuve\/rock-pop\/rolling-stones-get-yer-ya-yas-out-the-rolling-stones-in-concert\/","og_locale":"en_GB","og_type":"article","og_title":"RollingStones \u2013 Flashpoint Vinilin\u0117 Plok\u0161tel\u0117 | Vinilozona.lt","og_description":"Rolling Stones Records \u2013 468135 1 Format:  Vinyl, LP, Album Country: Europe Released: 1991 be bukleto","og_url":"https:\/\/vinilozona.lt\/en\/parduotuve\/rock-pop\/rolling-stones-get-yer-ya-yas-out-the-rolling-stones-in-concert\/","og_site_name":"Vinilo Zona","article_modified_time":"2024-11-24T11:35:54+00:00","og_image":[{"width":600,"height":600,"url":"https:\/\/vinilozona.lt\/wp-content\/uploads\/2021\/12\/R-1197115-1638817238-4063.jpg","type":"image\/jpeg"}],"twitter_card":"summary_large_image","schema":{"@context":"https:\/\/schema.org","@graph":[{"@type":"WebPage","@id":"https:\/\/vinilozona.lt\/parduotuve\/rock-pop\/rolling-stones-get-yer-ya-yas-out-the-rolling-stones-in-concert\/","url":"https:\/\/vinilozona.lt\/parduotuve\/rock-pop\/rolling-stones-get-yer-ya-yas-out-the-rolling-stones-in-concert\/","name":"RollingStones \u2013 Flashpoint Vinilin\u0117 Plok\u0161tel\u0117 | Vinilozona.lt","isPartOf":{"@id":"https:\/\/vinilozona.lt\/#website"},"primaryImageOfPage":{"@id":"https:\/\/vinilozona.lt\/parduotuve\/rock-pop\/rolling-stones-get-yer-ya-yas-out-the-rolling-stones-in-concert\/#primaryimage"},"image":{"@id":"https:\/\/vinilozona.lt\/parduotuve\/rock-pop\/rolling-stones-get-yer-ya-yas-out-the-rolling-stones-in-concert\/#primaryimage"},"thumbnailUrl":"https:\/\/vinilozona.lt\/wp-content\/uploads\/2021\/12\/R-1197115-1638817238-4063.jpg","datePublished":"2024-08-30T02:07:59+00:00","dateModified":"2024-11-24T11:35:54+00:00","breadcrumb":{"@id":"https:\/\/vinilozona.lt\/parduotuve\/rock-pop\/rolling-stones-get-yer-ya-yas-out-the-rolling-stones-in-concert\/#breadcrumb"},"inLanguage":"en-GB","potentialAction":[{"@type":"ReadAction","target":["https:\/\/vinilozona.lt\/parduotuve\/rock-pop\/rolling-stones-get-yer-ya-yas-out-the-rolling-stones-in-concert\/"]}]},{"@type":"ImageObject","inLanguage":"en-GB","@id":"https:\/\/vinilozona.lt\/parduotuve\/rock-pop\/rolling-stones-get-yer-ya-yas-out-the-rolling-stones-in-concert\/#primaryimage","url":"https:\/\/vinilozona.lt\/wp-content\/uploads\/2021\/12\/R-1197115-1638817238-4063.jpg","contentUrl":"https:\/\/vinilozona.lt\/wp-content\/uploads\/2021\/12\/R-1197115-1638817238-4063.jpg","width":600,"height":600},{"@type":"BreadcrumbList","@id":"https:\/\/vinilozona.lt\/parduotuve\/rock-pop\/rolling-stones-get-yer-ya-yas-out-the-rolling-stones-in-concert\/#breadcrumb","itemListElement":[{"@type":"ListItem","position":1,"name":"Home","item":"https:\/\/vinilozona.lt\/"},{"@type":"ListItem","position":2,"name":"Parduotuv\u0117","item":"https:\/\/vinilozona.lt\/parduotuve\/"},{"@type":"ListItem","position":3,"name":"RollingStones \u2013 Flashpoint"}]},{"@type":"WebSite","@id":"https:\/\/vinilozona.lt\/#website","url":"https:\/\/vinilozona.lt\/","name":"Vinilo Zona","description":"Nup\u016bsk dulkes ir klausyk LP","potentialAction":[{"@type":"SearchAction","target":{"@type":"EntryPoint","urlTemplate":"https:\/\/vinilozona.lt\/?s={search_term_string}"},"query-input":{"@type":"PropertyValueSpecification","valueRequired":true,"valueName":"search_term_string"}}],"inLanguage":"en-GB"}]}},"_links":{"self":[{"href":"https:\/\/vinilozona.lt\/en\/wp-json\/wp\/v2\/product\/17718"}],"collection":[{"href":"https:\/\/vinilozona.lt\/en\/wp-json\/wp\/v2\/product"}],"about":[{"href":"https:\/\/vinilozona.lt\/en\/wp-json\/wp\/v2\/types\/product"}],"wp:featuredmedia":[{"embeddable":true,"href":"https:\/\/vinilozona.lt\/en\/wp-json\/wp\/v2\/media\/25692"}],"wp:attachment":[{"href":"https:\/\/vinilozona.lt\/en\/wp-json\/wp\/v2\/media?parent=17718"}],"wp:term":[{"taxonomy":"product_cat","embeddable":true,"href":"https:\/\/vinilozona.lt\/en\/wp-json\/wp\/v2\/product_cat?post=17718"},{"taxonomy":"product_tag","embeddable":true,"href":"https:\/\/vinilozona.lt\/en\/wp-json\/wp\/v2\/product_tag?post=17718"}],"curies":[{"name":"wp","href":"https:\/\/api.w.org\/{rel}","templated":true}]}}