{"id":17709,"date":"2021-12-23T15:33:12","date_gmt":"2021-12-23T13:33:12","guid":{"rendered":"https:\/\/vinilozona.lt\/?post_type=product&#038;p=17709"},"modified":"2022-05-12T11:47:00","modified_gmt":"2022-05-12T08:47:00","slug":"syd-barrett-the-madcap-laughs","status":"publish","type":"product","link":"https:\/\/vinilozona.lt\/en\/parduotuve\/naujos-lp\/syd-barrett-the-madcap-laughs\/","title":{"rendered":"Syd Barrett \u2013 The Madcap Laughs"},"content":{"rendered":"<p>A1\t\tTerrapin\t5:00<br \/>\nA2\t\tNo Good Trying\t3:26<br \/>\nA3\t\tLove You\t2:25<br \/>\nA4\t\tNo Man&#8217;s Land\t3:50<br \/>\nA5\t\tDark Globe\t2:10<br \/>\nA6\t\tHere I Go\t3:13<br \/>\nB1\t\tOctopus\t3:45<br \/>\nB2\t\tGolden Hair\t1:56<br \/>\nB3\t\tLong Gone\t2:47<br \/>\n&#8211;\t(7:59)<br \/>\nB4\t\tShe Took A Long Cool Look At Me<br \/>\nB5\t\tFeel<br \/>\nB6\t\tIf It&#8217;s In You<br \/>\nB7\t\tLate Night\t3:12<\/p>","protected":false},"excerpt":{"rendered":"<p>Harvest \u2013 0825646310791, Harvest \u2013 SHVL 765<br \/>\nFormat:<br \/>\nVinyl, LP, Album, Reissue, Stereo, Gatefold<br \/>\nCountry:\tEurope<br \/>\nReleased:\tJun 27, 2014<\/p>","protected":false},"featured_media":17710,"template":"","meta":[],"product_cat":[23],"product_tag":[44],"yoast_head":"<!-- This site is optimized with the Yoast SEO plugin v23.5 - https:\/\/yoast.com\/wordpress\/plugins\/seo\/ -->\n<title>Syd Barrett \u2013 The Madcap Laughs Vinilin\u0117 Plok\u0161tel\u0117 | Vinilozona.lt<\/title>\n<meta name=\"robots\" content=\"index, follow, max-snippet:-1, max-image-preview:large, max-video-preview:-1\" \/>\n<link rel=\"canonical\" href=\"https:\/\/vinilozona.lt\/en\/parduotuve\/naujos-lp\/syd-barrett-the-madcap-laughs\/\" \/>\n<meta property=\"og:locale\" content=\"en_GB\" \/>\n<meta property=\"og:type\" content=\"article\" \/>\n<meta property=\"og:title\" content=\"Syd Barrett \u2013 The Madcap Laughs Vinilin\u0117 Plok\u0161tel\u0117 | Vinilozona.lt\" \/>\n<meta property=\"og:description\" content=\"Harvest \u2013 0825646310791, Harvest \u2013 SHVL 765 Format:  Vinyl, LP, Album, Reissue, Stereo, Gatefold Country: Europe Released: Jun 27, 2014\" \/>\n<meta property=\"og:url\" content=\"https:\/\/vinilozona.lt\/en\/parduotuve\/naujos-lp\/syd-barrett-the-madcap-laughs\/\" \/>\n<meta property=\"og:site_name\" content=\"Vinilo Zona\" \/>\n<meta property=\"article:modified_time\" content=\"2022-05-12T08:47:00+00:00\" \/>\n<meta property=\"og:image\" content=\"https:\/\/vinilozona.lt\/wp-content\/uploads\/2021\/12\/R-5848457-1416861805-4200.jpeg.jpg\" \/>\n\t<meta property=\"og:image:width\" content=\"600\" \/>\n\t<meta property=\"og:image:height\" content=\"600\" \/>\n\t<meta property=\"og:image:type\" content=\"image\/jpeg\" \/>\n<meta name=\"twitter:card\" content=\"summary_large_image\" \/>\n<script type=\"application\/ld+json\" class=\"yoast-schema-graph\">{\"@context\":\"https:\/\/schema.org\",\"@graph\":[{\"@type\":\"WebPage\",\"@id\":\"https:\/\/vinilozona.lt\/parduotuve\/naujos-lp\/syd-barrett-the-madcap-laughs\/\",\"url\":\"https:\/\/vinilozona.lt\/parduotuve\/naujos-lp\/syd-barrett-the-madcap-laughs\/\",\"name\":\"Syd Barrett \u2013 The Madcap Laughs Vinilin\u0117 Plok\u0161tel\u0117 | Vinilozona.lt\",\"isPartOf\":{\"@id\":\"https:\/\/vinilozona.lt\/#website\"},\"primaryImageOfPage\":{\"@id\":\"https:\/\/vinilozona.lt\/parduotuve\/naujos-lp\/syd-barrett-the-madcap-laughs\/#primaryimage\"},\"image\":{\"@id\":\"https:\/\/vinilozona.lt\/parduotuve\/naujos-lp\/syd-barrett-the-madcap-laughs\/#primaryimage\"},\"thumbnailUrl\":\"https:\/\/vinilozona.lt\/wp-content\/uploads\/2021\/12\/R-5848457-1416861805-4200.jpeg.jpg\",\"datePublished\":\"2021-12-23T13:33:12+00:00\",\"dateModified\":\"2022-05-12T08:47:00+00:00\",\"breadcrumb\":{\"@id\":\"https:\/\/vinilozona.lt\/parduotuve\/naujos-lp\/syd-barrett-the-madcap-laughs\/#breadcrumb\"},\"inLanguage\":\"en-GB\",\"potentialAction\":[{\"@type\":\"ReadAction\",\"target\":[\"https:\/\/vinilozona.lt\/parduotuve\/naujos-lp\/syd-barrett-the-madcap-laughs\/\"]}]},{\"@type\":\"ImageObject\",\"inLanguage\":\"en-GB\",\"@id\":\"https:\/\/vinilozona.lt\/parduotuve\/naujos-lp\/syd-barrett-the-madcap-laughs\/#primaryimage\",\"url\":\"https:\/\/vinilozona.lt\/wp-content\/uploads\/2021\/12\/R-5848457-1416861805-4200.jpeg.jpg\",\"contentUrl\":\"https:\/\/vinilozona.lt\/wp-content\/uploads\/2021\/12\/R-5848457-1416861805-4200.jpeg.jpg\",\"width\":600,\"height\":600},{\"@type\":\"BreadcrumbList\",\"@id\":\"https:\/\/vinilozona.lt\/parduotuve\/naujos-lp\/syd-barrett-the-madcap-laughs\/#breadcrumb\",\"itemListElement\":[{\"@type\":\"ListItem\",\"position\":1,\"name\":\"Home\",\"item\":\"https:\/\/vinilozona.lt\/\"},{\"@type\":\"ListItem\",\"position\":2,\"name\":\"Parduotuv\u0117\",\"item\":\"https:\/\/vinilozona.lt\/parduotuve\/\"},{\"@type\":\"ListItem\",\"position\":3,\"name\":\"Syd Barrett \u2013 The Madcap Laughs\"}]},{\"@type\":\"WebSite\",\"@id\":\"https:\/\/vinilozona.lt\/#website\",\"url\":\"https:\/\/vinilozona.lt\/\",\"name\":\"Vinilo Zona\",\"description\":\"Nup\u016bsk dulkes ir klausyk LP\",\"potentialAction\":[{\"@type\":\"SearchAction\",\"target\":{\"@type\":\"EntryPoint\",\"urlTemplate\":\"https:\/\/vinilozona.lt\/?s={search_term_string}\"},\"query-input\":{\"@type\":\"PropertyValueSpecification\",\"valueRequired\":true,\"valueName\":\"search_term_string\"}}],\"inLanguage\":\"en-GB\"}]}<\/script>\n<!-- \/ Yoast SEO plugin. -->","yoast_head_json":{"title":"Syd Barrett \u2013 The Madcap Laughs Vinilin\u0117 Plok\u0161tel\u0117 | Vinilozona.lt","robots":{"index":"index","follow":"follow","max-snippet":"max-snippet:-1","max-image-preview":"max-image-preview:large","max-video-preview":"max-video-preview:-1"},"canonical":"https:\/\/vinilozona.lt\/en\/parduotuve\/naujos-lp\/syd-barrett-the-madcap-laughs\/","og_locale":"en_GB","og_type":"article","og_title":"Syd Barrett \u2013 The Madcap Laughs Vinilin\u0117 Plok\u0161tel\u0117 | Vinilozona.lt","og_description":"Harvest \u2013 0825646310791, Harvest \u2013 SHVL 765 Format:  Vinyl, LP, Album, Reissue, Stereo, Gatefold Country: Europe Released: Jun 27, 2014","og_url":"https:\/\/vinilozona.lt\/en\/parduotuve\/naujos-lp\/syd-barrett-the-madcap-laughs\/","og_site_name":"Vinilo Zona","article_modified_time":"2022-05-12T08:47:00+00:00","og_image":[{"width":600,"height":600,"url":"https:\/\/vinilozona.lt\/wp-content\/uploads\/2021\/12\/R-5848457-1416861805-4200.jpeg.jpg","type":"image\/jpeg"}],"twitter_card":"summary_large_image","schema":{"@context":"https:\/\/schema.org","@graph":[{"@type":"WebPage","@id":"https:\/\/vinilozona.lt\/parduotuve\/naujos-lp\/syd-barrett-the-madcap-laughs\/","url":"https:\/\/vinilozona.lt\/parduotuve\/naujos-lp\/syd-barrett-the-madcap-laughs\/","name":"Syd Barrett \u2013 The Madcap Laughs Vinilin\u0117 Plok\u0161tel\u0117 | Vinilozona.lt","isPartOf":{"@id":"https:\/\/vinilozona.lt\/#website"},"primaryImageOfPage":{"@id":"https:\/\/vinilozona.lt\/parduotuve\/naujos-lp\/syd-barrett-the-madcap-laughs\/#primaryimage"},"image":{"@id":"https:\/\/vinilozona.lt\/parduotuve\/naujos-lp\/syd-barrett-the-madcap-laughs\/#primaryimage"},"thumbnailUrl":"https:\/\/vinilozona.lt\/wp-content\/uploads\/2021\/12\/R-5848457-1416861805-4200.jpeg.jpg","datePublished":"2021-12-23T13:33:12+00:00","dateModified":"2022-05-12T08:47:00+00:00","breadcrumb":{"@id":"https:\/\/vinilozona.lt\/parduotuve\/naujos-lp\/syd-barrett-the-madcap-laughs\/#breadcrumb"},"inLanguage":"en-GB","potentialAction":[{"@type":"ReadAction","target":["https:\/\/vinilozona.lt\/parduotuve\/naujos-lp\/syd-barrett-the-madcap-laughs\/"]}]},{"@type":"ImageObject","inLanguage":"en-GB","@id":"https:\/\/vinilozona.lt\/parduotuve\/naujos-lp\/syd-barrett-the-madcap-laughs\/#primaryimage","url":"https:\/\/vinilozona.lt\/wp-content\/uploads\/2021\/12\/R-5848457-1416861805-4200.jpeg.jpg","contentUrl":"https:\/\/vinilozona.lt\/wp-content\/uploads\/2021\/12\/R-5848457-1416861805-4200.jpeg.jpg","width":600,"height":600},{"@type":"BreadcrumbList","@id":"https:\/\/vinilozona.lt\/parduotuve\/naujos-lp\/syd-barrett-the-madcap-laughs\/#breadcrumb","itemListElement":[{"@type":"ListItem","position":1,"name":"Home","item":"https:\/\/vinilozona.lt\/"},{"@type":"ListItem","position":2,"name":"Parduotuv\u0117","item":"https:\/\/vinilozona.lt\/parduotuve\/"},{"@type":"ListItem","position":3,"name":"Syd Barrett \u2013 The Madcap Laughs"}]},{"@type":"WebSite","@id":"https:\/\/vinilozona.lt\/#website","url":"https:\/\/vinilozona.lt\/","name":"Vinilo Zona","description":"Nup\u016bsk dulkes ir klausyk LP","potentialAction":[{"@type":"SearchAction","target":{"@type":"EntryPoint","urlTemplate":"https:\/\/vinilozona.lt\/?s={search_term_string}"},"query-input":{"@type":"PropertyValueSpecification","valueRequired":true,"valueName":"search_term_string"}}],"inLanguage":"en-GB"}]}},"_links":{"self":[{"href":"https:\/\/vinilozona.lt\/en\/wp-json\/wp\/v2\/product\/17709"}],"collection":[{"href":"https:\/\/vinilozona.lt\/en\/wp-json\/wp\/v2\/product"}],"about":[{"href":"https:\/\/vinilozona.lt\/en\/wp-json\/wp\/v2\/types\/product"}],"wp:featuredmedia":[{"embeddable":true,"href":"https:\/\/vinilozona.lt\/en\/wp-json\/wp\/v2\/media\/17710"}],"wp:attachment":[{"href":"https:\/\/vinilozona.lt\/en\/wp-json\/wp\/v2\/media?parent=17709"}],"wp:term":[{"taxonomy":"product_cat","embeddable":true,"href":"https:\/\/vinilozona.lt\/en\/wp-json\/wp\/v2\/product_cat?post=17709"},{"taxonomy":"product_tag","embeddable":true,"href":"https:\/\/vinilozona.lt\/en\/wp-json\/wp\/v2\/product_tag?post=17709"}],"curies":[{"name":"wp","href":"https:\/\/api.w.org\/{rel}","templated":true}]}}