{"id":17694,"date":"2025-10-04T05:07:40","date_gmt":"2025-10-04T02:07:40","guid":{"rendered":"https:\/\/vinilozona.lt\/?post_type=product&#038;p=17694"},"modified":"2025-10-04T13:52:47","modified_gmt":"2025-10-04T10:52:47","slug":"yazoo-you-and-me-both","status":"publish","type":"product","link":"https:\/\/vinilozona.lt\/en\/parduotuve\/various-rinkiniai\/yazoo-you-and-me-both\/","title":{"rendered":"Various \u2013 Die Neue Kuschelrock  3LP"},"content":{"rendered":"<p>A1\tChris de Burgh\u2013\tLady In Red<br \/>\nA2\tBarry Manilow\u2013\tMandy<br \/>\nA3\tJoe Cocker And Jennifer Warnes\u2013\tUp Where We Belong<br \/>\nA4\tThe Hollies\u2013\tHe Ain&#8217;t Heavy, He&#8217;s My Brother<br \/>\nA5\tNazareth (2)\u2013\tLove Hurts<br \/>\nA6\tBarclay James Harvest\u2013\tHymn<br \/>\nA7\tEagles\u2013\tNew Kid In Town<br \/>\nB1\tPhil Collins\u2013\tIn The Air Tonight<br \/>\nB2\tA-ha\u2013\tStay On These Roads<br \/>\nB3\tTerence Trent D&#8217;Arby\u2013\tSign Your Name<br \/>\nB4\tForeigner\u2013\tI Want To Know What Love Is<br \/>\nB5\tBlack (2)\u2013\tWonderful Life<br \/>\nB6\tJon &#038; Vangelis\u2013\tI&#8217;ll Find My Way Home<br \/>\nC1\tT&#8217;Pau\u2013\tChina In Your Hand<br \/>\nC2\tElton John\u2013\tBlue Eyes<br \/>\nC3\tBerlin\u2013\tTake My Breath Away<br \/>\nC4\tGenesis\u2013\tFollow You Follow Me<br \/>\nC5\tUriah Heep\u2013\tLady In Black<br \/>\nC6\tJohnny Hates Jazz\u2013\tTurn Back The Clock<br \/>\nC7\tScott McKenzie\u2013\tSan Francisco<br \/>\nD1\tEric Carmen\u2013\tAll By Myself<br \/>\nD2\tChris Rea\u2013\tJosephine<br \/>\nD3\tBreathe (3)\u2013\tHands To Heaven<br \/>\nD4\tThe Walker Brothers\u2013\tThe Sun Ain&#8217;t Gonna Shine Anymore<br \/>\nD5\tGloria Estefan And Miami Sound Machine*\u2013\tAnything For You<br \/>\nD6\tClimie Fisher\u2013\tRise To The Occasion<br \/>\nD7\tPhil Collins\u2013\tIf Leaving Me Is Easy<br \/>\nE1\tWham!\u2013\tCareless Whisper<br \/>\nE2\tRichard Sanderson\u2013\tReality<br \/>\nE3\tKenny Rogers With Sheena Easton\u2013\tWe&#8217;ve Got Tonight<br \/>\nE4\tThe Window Speaks\u2013\tSomething&#8217;s Gotten Hold Of My Heart<br \/>\nE5\tCheap Trick\u2013\tThe Flame<br \/>\nE6\tDanny Wilson (2)\u2013\tMary&#8217;s Prayer<br \/>\nE7\tRichard Marx\u2013\tHold On To The Night<br \/>\nF1\tElvis Presley\u2013\tIn The Ghetto<br \/>\nF2\tTina Turner\u2013\tWhat&#8217;s Love Got To Do With It<br \/>\nF3\tSade\u2013\tLove Is Stronger Than Pride<br \/>\nF4\tSuzanne Vega\u2013\tLuka<br \/>\nF5\tScorpions\u2013\tStill Loving You<br \/>\nF6\tBonnie Bianco \/ Pierre Cosso\u2013\tStay<br \/>\nF7\tOMD*\u2013\tMaid Of Orleans<\/p>","protected":false},"excerpt":{"rendered":"<p>CBS \u2013 CBS 463097 1<br \/>\nSeries:\tKuschelrock \u2013 2<br \/>\nFormat:<br \/>\n3 x Vinyl, LP, Compilation, Stereo<br \/>\nCountry:\tGermany<br \/>\nReleased:\t1988<\/p>","protected":false},"featured_media":25016,"template":"","meta":[],"product_cat":[906],"product_tag":[44],"yoast_head":"<!-- This site is optimized with the Yoast SEO plugin v23.5 - https:\/\/yoast.com\/wordpress\/plugins\/seo\/ -->\n<title>Various \u2013 Die Neue Kuschelrock 3LP Vinilin\u0117 Plok\u0161tel\u0117 | Vinilozona.lt<\/title>\n<meta name=\"robots\" content=\"index, follow, max-snippet:-1, max-image-preview:large, max-video-preview:-1\" \/>\n<link rel=\"canonical\" href=\"https:\/\/vinilozona.lt\/en\/parduotuve\/various-rinkiniai\/yazoo-you-and-me-both\/\" \/>\n<meta property=\"og:locale\" content=\"en_GB\" \/>\n<meta property=\"og:type\" content=\"article\" \/>\n<meta property=\"og:title\" content=\"Various \u2013 Die Neue Kuschelrock 3LP Vinilin\u0117 Plok\u0161tel\u0117 | Vinilozona.lt\" \/>\n<meta property=\"og:description\" content=\"CBS \u2013 CBS 463097 1 Series: Kuschelrock \u2013 2 Format:  3 x Vinyl, LP, Compilation, Stereo Country: Germany Released: 1988\" \/>\n<meta property=\"og:url\" content=\"https:\/\/vinilozona.lt\/en\/parduotuve\/various-rinkiniai\/yazoo-you-and-me-both\/\" \/>\n<meta property=\"og:site_name\" content=\"Vinilo Zona\" \/>\n<meta property=\"article:modified_time\" content=\"2025-10-04T10:52:47+00:00\" \/>\n<meta property=\"og:image\" content=\"https:\/\/vinilozona.lt\/wp-content\/uploads\/2024\/05\/R-4229681-1526386088-8691.jpg\" \/>\n\t<meta property=\"og:image:width\" content=\"600\" \/>\n\t<meta property=\"og:image:height\" content=\"600\" \/>\n\t<meta property=\"og:image:type\" content=\"image\/jpeg\" \/>\n<meta name=\"twitter:card\" content=\"summary_large_image\" \/>\n<meta name=\"twitter:label1\" content=\"Estimated reading time\" \/>\n\t<meta name=\"twitter:data1\" content=\"2 minutes\" \/>\n<script type=\"application\/ld+json\" class=\"yoast-schema-graph\">{\"@context\":\"https:\/\/schema.org\",\"@graph\":[{\"@type\":\"WebPage\",\"@id\":\"https:\/\/vinilozona.lt\/parduotuve\/various-rinkiniai\/yazoo-you-and-me-both\/\",\"url\":\"https:\/\/vinilozona.lt\/parduotuve\/various-rinkiniai\/yazoo-you-and-me-both\/\",\"name\":\"Various \u2013 Die Neue Kuschelrock 3LP Vinilin\u0117 Plok\u0161tel\u0117 | Vinilozona.lt\",\"isPartOf\":{\"@id\":\"https:\/\/vinilozona.lt\/#website\"},\"primaryImageOfPage\":{\"@id\":\"https:\/\/vinilozona.lt\/parduotuve\/various-rinkiniai\/yazoo-you-and-me-both\/#primaryimage\"},\"image\":{\"@id\":\"https:\/\/vinilozona.lt\/parduotuve\/various-rinkiniai\/yazoo-you-and-me-both\/#primaryimage\"},\"thumbnailUrl\":\"https:\/\/vinilozona.lt\/wp-content\/uploads\/2024\/05\/R-4229681-1526386088-8691.jpg\",\"datePublished\":\"2025-10-04T02:07:40+00:00\",\"dateModified\":\"2025-10-04T10:52:47+00:00\",\"breadcrumb\":{\"@id\":\"https:\/\/vinilozona.lt\/parduotuve\/various-rinkiniai\/yazoo-you-and-me-both\/#breadcrumb\"},\"inLanguage\":\"en-GB\",\"potentialAction\":[{\"@type\":\"ReadAction\",\"target\":[\"https:\/\/vinilozona.lt\/parduotuve\/various-rinkiniai\/yazoo-you-and-me-both\/\"]}]},{\"@type\":\"ImageObject\",\"inLanguage\":\"en-GB\",\"@id\":\"https:\/\/vinilozona.lt\/parduotuve\/various-rinkiniai\/yazoo-you-and-me-both\/#primaryimage\",\"url\":\"https:\/\/vinilozona.lt\/wp-content\/uploads\/2024\/05\/R-4229681-1526386088-8691.jpg\",\"contentUrl\":\"https:\/\/vinilozona.lt\/wp-content\/uploads\/2024\/05\/R-4229681-1526386088-8691.jpg\",\"width\":600,\"height\":600},{\"@type\":\"BreadcrumbList\",\"@id\":\"https:\/\/vinilozona.lt\/parduotuve\/various-rinkiniai\/yazoo-you-and-me-both\/#breadcrumb\",\"itemListElement\":[{\"@type\":\"ListItem\",\"position\":1,\"name\":\"Home\",\"item\":\"https:\/\/vinilozona.lt\/\"},{\"@type\":\"ListItem\",\"position\":2,\"name\":\"Parduotuv\u0117\",\"item\":\"https:\/\/vinilozona.lt\/parduotuve\/\"},{\"@type\":\"ListItem\",\"position\":3,\"name\":\"Various \u2013 Die Neue Kuschelrock 3LP\"}]},{\"@type\":\"WebSite\",\"@id\":\"https:\/\/vinilozona.lt\/#website\",\"url\":\"https:\/\/vinilozona.lt\/\",\"name\":\"Vinilo Zona\",\"description\":\"Nup\u016bsk dulkes ir klausyk LP\",\"potentialAction\":[{\"@type\":\"SearchAction\",\"target\":{\"@type\":\"EntryPoint\",\"urlTemplate\":\"https:\/\/vinilozona.lt\/?s={search_term_string}\"},\"query-input\":{\"@type\":\"PropertyValueSpecification\",\"valueRequired\":true,\"valueName\":\"search_term_string\"}}],\"inLanguage\":\"en-GB\"}]}<\/script>\n<!-- \/ Yoast SEO plugin. -->","yoast_head_json":{"title":"Various \u2013 Die Neue Kuschelrock 3LP Vinilin\u0117 Plok\u0161tel\u0117 | Vinilozona.lt","robots":{"index":"index","follow":"follow","max-snippet":"max-snippet:-1","max-image-preview":"max-image-preview:large","max-video-preview":"max-video-preview:-1"},"canonical":"https:\/\/vinilozona.lt\/en\/parduotuve\/various-rinkiniai\/yazoo-you-and-me-both\/","og_locale":"en_GB","og_type":"article","og_title":"Various \u2013 Die Neue Kuschelrock 3LP Vinilin\u0117 Plok\u0161tel\u0117 | Vinilozona.lt","og_description":"CBS \u2013 CBS 463097 1 Series: Kuschelrock \u2013 2 Format:  3 x Vinyl, LP, Compilation, Stereo Country: Germany Released: 1988","og_url":"https:\/\/vinilozona.lt\/en\/parduotuve\/various-rinkiniai\/yazoo-you-and-me-both\/","og_site_name":"Vinilo Zona","article_modified_time":"2025-10-04T10:52:47+00:00","og_image":[{"width":600,"height":600,"url":"https:\/\/vinilozona.lt\/wp-content\/uploads\/2024\/05\/R-4229681-1526386088-8691.jpg","type":"image\/jpeg"}],"twitter_card":"summary_large_image","twitter_misc":{"Estimated reading time":"2 minutes"},"schema":{"@context":"https:\/\/schema.org","@graph":[{"@type":"WebPage","@id":"https:\/\/vinilozona.lt\/parduotuve\/various-rinkiniai\/yazoo-you-and-me-both\/","url":"https:\/\/vinilozona.lt\/parduotuve\/various-rinkiniai\/yazoo-you-and-me-both\/","name":"Various \u2013 Die Neue Kuschelrock 3LP Vinilin\u0117 Plok\u0161tel\u0117 | Vinilozona.lt","isPartOf":{"@id":"https:\/\/vinilozona.lt\/#website"},"primaryImageOfPage":{"@id":"https:\/\/vinilozona.lt\/parduotuve\/various-rinkiniai\/yazoo-you-and-me-both\/#primaryimage"},"image":{"@id":"https:\/\/vinilozona.lt\/parduotuve\/various-rinkiniai\/yazoo-you-and-me-both\/#primaryimage"},"thumbnailUrl":"https:\/\/vinilozona.lt\/wp-content\/uploads\/2024\/05\/R-4229681-1526386088-8691.jpg","datePublished":"2025-10-04T02:07:40+00:00","dateModified":"2025-10-04T10:52:47+00:00","breadcrumb":{"@id":"https:\/\/vinilozona.lt\/parduotuve\/various-rinkiniai\/yazoo-you-and-me-both\/#breadcrumb"},"inLanguage":"en-GB","potentialAction":[{"@type":"ReadAction","target":["https:\/\/vinilozona.lt\/parduotuve\/various-rinkiniai\/yazoo-you-and-me-both\/"]}]},{"@type":"ImageObject","inLanguage":"en-GB","@id":"https:\/\/vinilozona.lt\/parduotuve\/various-rinkiniai\/yazoo-you-and-me-both\/#primaryimage","url":"https:\/\/vinilozona.lt\/wp-content\/uploads\/2024\/05\/R-4229681-1526386088-8691.jpg","contentUrl":"https:\/\/vinilozona.lt\/wp-content\/uploads\/2024\/05\/R-4229681-1526386088-8691.jpg","width":600,"height":600},{"@type":"BreadcrumbList","@id":"https:\/\/vinilozona.lt\/parduotuve\/various-rinkiniai\/yazoo-you-and-me-both\/#breadcrumb","itemListElement":[{"@type":"ListItem","position":1,"name":"Home","item":"https:\/\/vinilozona.lt\/"},{"@type":"ListItem","position":2,"name":"Parduotuv\u0117","item":"https:\/\/vinilozona.lt\/parduotuve\/"},{"@type":"ListItem","position":3,"name":"Various \u2013 Die Neue Kuschelrock 3LP"}]},{"@type":"WebSite","@id":"https:\/\/vinilozona.lt\/#website","url":"https:\/\/vinilozona.lt\/","name":"Vinilo Zona","description":"Nup\u016bsk dulkes ir klausyk LP","potentialAction":[{"@type":"SearchAction","target":{"@type":"EntryPoint","urlTemplate":"https:\/\/vinilozona.lt\/?s={search_term_string}"},"query-input":{"@type":"PropertyValueSpecification","valueRequired":true,"valueName":"search_term_string"}}],"inLanguage":"en-GB"}]}},"_links":{"self":[{"href":"https:\/\/vinilozona.lt\/en\/wp-json\/wp\/v2\/product\/17694"}],"collection":[{"href":"https:\/\/vinilozona.lt\/en\/wp-json\/wp\/v2\/product"}],"about":[{"href":"https:\/\/vinilozona.lt\/en\/wp-json\/wp\/v2\/types\/product"}],"wp:featuredmedia":[{"embeddable":true,"href":"https:\/\/vinilozona.lt\/en\/wp-json\/wp\/v2\/media\/25016"}],"wp:attachment":[{"href":"https:\/\/vinilozona.lt\/en\/wp-json\/wp\/v2\/media?parent=17694"}],"wp:term":[{"taxonomy":"product_cat","embeddable":true,"href":"https:\/\/vinilozona.lt\/en\/wp-json\/wp\/v2\/product_cat?post=17694"},{"taxonomy":"product_tag","embeddable":true,"href":"https:\/\/vinilozona.lt\/en\/wp-json\/wp\/v2\/product_tag?post=17694"}],"curies":[{"name":"wp","href":"https:\/\/api.w.org\/{rel}","templated":true}]}}