{"id":17688,"date":"2021-12-22T12:21:26","date_gmt":"2021-12-22T10:21:26","guid":{"rendered":"https:\/\/vinilozona.lt\/?post_type=product&#038;p=17688"},"modified":"2021-12-22T12:21:26","modified_gmt":"2021-12-22T10:21:26","slug":"wings-%e3%83%9d%e3%83%bc%e3%83%ab%e3%83%bb%e3%83%9e%e3%83%83%e3%82%ab%e3%83%bc%e3%83%88%e3%83%8b%e3%83%bc%e3%82%a6%e3%82%a4%e3%83%b3%e3%82%b0%e3%82%b9-london-town","status":"publish","type":"product","link":"https:\/\/vinilozona.lt\/en\/parduotuve\/made-in-japan\/wings-%e3%83%9d%e3%83%bc%e3%83%ab%e3%83%bb%e3%83%9e%e3%83%83%e3%82%ab%e3%83%bc%e3%83%88%e3%83%8b%e3%83%bc%e3%82%a6%e3%82%a4%e3%83%b3%e3%82%b0%e3%82%b9-london-town\/","title":{"rendered":"Wings = \u30dd\u30fc\u30eb\u30fb\u30de\u30c3\u30ab\u30fc\u30c8\u30cb\u30fc&#038;\u30a6\u30a4\u30f3\u30b0\u30b9 \u2013 London Town"},"content":{"rendered":"<p>A1\t\tLondon Town = \u305f\u305d\u304c\u308c\u306e\u30ed\u30f3\u30c9\u30f3\u30fb\u30bf\u30a6\u30f3\t4:09<br \/>\nA2\t\tCafe On The Left Bank = \u30bb\u30fc\u30cc\u306e\u30ab\u30d5\u30a7\u30fb\u30c6\u30e9\u30b9\t3:25<br \/>\nA3\t\tI&#8217;m Carrying = \u30a2\u30a4\u30e0\u30fb\u30ad\u30e3\u30ea\u30f3\u30b0\t2:44<br \/>\nA4\t\tBackwards Traveller = \u306a\u3064\u304b\u3057\u306e\u6614\u3088\t1:07<br \/>\nA5\t\tCuff Link = \u30ab\u30d5\u30fb\u30ea\u30f3\u30af\u3092\u306f\u305a\u3057\u3066\t2:03<br \/>\nA6\t\tChildren Children = \u30c1\u30eb\u30c9\u30ec\u30f3\u30fb\u30c1\u30eb\u30c9\u30ec\u30f3\t2:22<br \/>\nA7\t\tGirlfriend = \u30ac\u30fc\u30eb\u30d5\u30ec\u30f3\u30c9\t4:41<br \/>\nA8\t\tI&#8217;ve Had Enough = \u5225\u308c\u306e\u6642\t3:02<br \/>\nB1\t\tWith A Little Luck = \u3057\u3042\u308f\u305b\u306e\u4e88\u611f\t5:45<br \/>\nB2\t\tFamous Groupies = \u4f1d\u8aac\u306e\u30b0\u30eb\u30fc\u30d4\u30fc\t3:37<br \/>\nB3\t\tDeliver Your Children = \u5b50\u4f9b\u306b\u5149\u3092\t4:17<br \/>\nB4\t\tName And Address = \u30cd\u30fc\u30e0\u30fb\u30a2\u30f3\u30c9\u30fb\u30a2\u30c9\u30ec\u30b9\t3:08<br \/>\nB5\t\tDon&#8217;t Let It Bring You Down = \u30d4\u30f3\u30c1\u3092\u3076\u3063\u98db\u3070\u305b\t4:35<br \/>\nB6\t\tMorse Moose And The Grey Goose = \u30e2\u30fc\u30b9\u30fb\u30e0\u30fc\u30b9\u3068\u30b0\u30ec\u30a4\u30fb\u30b0\u30fc\u30b9\t6:29<\/p>","protected":false},"excerpt":{"rendered":"<p>Capitol Records \u2013 EPS-81000, MPL \u2013 EPS-81000<br \/>\nFormat:<br \/>\nVinyl, LP, Album, Stereo<br \/>\nCountry:\tJapan<br \/>\nReleased:\t1978<\/p>","protected":false},"featured_media":17689,"template":"","meta":[],"product_cat":[39],"product_tag":[239],"yoast_head":"<!-- This site is optimized with the Yoast SEO plugin v23.5 - https:\/\/yoast.com\/wordpress\/plugins\/seo\/ -->\n<title>Wings = \u30dd\u30fc\u30eb\u30fb\u30de\u30c3\u30ab\u30fc\u30c8\u30cb\u30fc&amp;\u30a6\u30a4\u30f3\u30b0\u30b9 \u2013 London Town Vinilin\u0117 Plok\u0161tel\u0117 | Vinilozona.lt<\/title>\n<meta name=\"robots\" content=\"index, follow, max-snippet:-1, max-image-preview:large, max-video-preview:-1\" \/>\n<link rel=\"canonical\" href=\"https:\/\/vinilozona.lt\/en\/parduotuve\/made-in-japan\/wings-\u30dd\u30fc\u30eb\u30fb\u30de\u30c3\u30ab\u30fc\u30c8\u30cb\u30fc\u30a6\u30a4\u30f3\u30b0\u30b9-london-town\/\" \/>\n<meta property=\"og:locale\" content=\"en_GB\" \/>\n<meta property=\"og:type\" content=\"article\" \/>\n<meta property=\"og:title\" content=\"Wings = \u30dd\u30fc\u30eb\u30fb\u30de\u30c3\u30ab\u30fc\u30c8\u30cb\u30fc&amp;\u30a6\u30a4\u30f3\u30b0\u30b9 \u2013 London Town Vinilin\u0117 Plok\u0161tel\u0117 | Vinilozona.lt\" \/>\n<meta property=\"og:description\" content=\"Capitol Records \u2013 EPS-81000, MPL \u2013 EPS-81000 Format:  Vinyl, LP, Album, Stereo Country: Japan Released: 1978\" \/>\n<meta property=\"og:url\" content=\"https:\/\/vinilozona.lt\/en\/parduotuve\/made-in-japan\/wings-\u30dd\u30fc\u30eb\u30fb\u30de\u30c3\u30ab\u30fc\u30c8\u30cb\u30fc\u30a6\u30a4\u30f3\u30b0\u30b9-london-town\/\" \/>\n<meta property=\"og:site_name\" content=\"Vinilo Zona\" \/>\n<meta property=\"og:image\" content=\"https:\/\/vinilozona.lt\/wp-content\/uploads\/2021\/12\/R-5462891-1463719503-5383.jpeg.jpg\" \/>\n\t<meta property=\"og:image:width\" content=\"600\" \/>\n\t<meta property=\"og:image:height\" content=\"600\" \/>\n\t<meta property=\"og:image:type\" content=\"image\/jpeg\" \/>\n<meta name=\"twitter:card\" content=\"summary_large_image\" \/>\n<script type=\"application\/ld+json\" class=\"yoast-schema-graph\">{\"@context\":\"https:\/\/schema.org\",\"@graph\":[{\"@type\":\"WebPage\",\"@id\":\"https:\/\/vinilozona.lt\/parduotuve\/made-in-japan\/wings-%e3%83%9d%e3%83%bc%e3%83%ab%e3%83%bb%e3%83%9e%e3%83%83%e3%82%ab%e3%83%bc%e3%83%88%e3%83%8b%e3%83%bc%e3%82%a6%e3%82%a4%e3%83%b3%e3%82%b0%e3%82%b9-london-town\/\",\"url\":\"https:\/\/vinilozona.lt\/parduotuve\/made-in-japan\/wings-%e3%83%9d%e3%83%bc%e3%83%ab%e3%83%bb%e3%83%9e%e3%83%83%e3%82%ab%e3%83%bc%e3%83%88%e3%83%8b%e3%83%bc%e3%82%a6%e3%82%a4%e3%83%b3%e3%82%b0%e3%82%b9-london-town\/\",\"name\":\"Wings = \u30dd\u30fc\u30eb\u30fb\u30de\u30c3\u30ab\u30fc\u30c8\u30cb\u30fc&\u30a6\u30a4\u30f3\u30b0\u30b9 \u2013 London Town Vinilin\u0117 Plok\u0161tel\u0117 | Vinilozona.lt\",\"isPartOf\":{\"@id\":\"https:\/\/vinilozona.lt\/#website\"},\"primaryImageOfPage\":{\"@id\":\"https:\/\/vinilozona.lt\/parduotuve\/made-in-japan\/wings-%e3%83%9d%e3%83%bc%e3%83%ab%e3%83%bb%e3%83%9e%e3%83%83%e3%82%ab%e3%83%bc%e3%83%88%e3%83%8b%e3%83%bc%e3%82%a6%e3%82%a4%e3%83%b3%e3%82%b0%e3%82%b9-london-town\/#primaryimage\"},\"image\":{\"@id\":\"https:\/\/vinilozona.lt\/parduotuve\/made-in-japan\/wings-%e3%83%9d%e3%83%bc%e3%83%ab%e3%83%bb%e3%83%9e%e3%83%83%e3%82%ab%e3%83%bc%e3%83%88%e3%83%8b%e3%83%bc%e3%82%a6%e3%82%a4%e3%83%b3%e3%82%b0%e3%82%b9-london-town\/#primaryimage\"},\"thumbnailUrl\":\"https:\/\/vinilozona.lt\/wp-content\/uploads\/2021\/12\/R-5462891-1463719503-5383.jpeg.jpg\",\"datePublished\":\"2021-12-22T10:21:26+00:00\",\"dateModified\":\"2021-12-22T10:21:26+00:00\",\"breadcrumb\":{\"@id\":\"https:\/\/vinilozona.lt\/parduotuve\/made-in-japan\/wings-%e3%83%9d%e3%83%bc%e3%83%ab%e3%83%bb%e3%83%9e%e3%83%83%e3%82%ab%e3%83%bc%e3%83%88%e3%83%8b%e3%83%bc%e3%82%a6%e3%82%a4%e3%83%b3%e3%82%b0%e3%82%b9-london-town\/#breadcrumb\"},\"inLanguage\":\"en-GB\",\"potentialAction\":[{\"@type\":\"ReadAction\",\"target\":[\"https:\/\/vinilozona.lt\/parduotuve\/made-in-japan\/wings-%e3%83%9d%e3%83%bc%e3%83%ab%e3%83%bb%e3%83%9e%e3%83%83%e3%82%ab%e3%83%bc%e3%83%88%e3%83%8b%e3%83%bc%e3%82%a6%e3%82%a4%e3%83%b3%e3%82%b0%e3%82%b9-london-town\/\"]}]},{\"@type\":\"ImageObject\",\"inLanguage\":\"en-GB\",\"@id\":\"https:\/\/vinilozona.lt\/parduotuve\/made-in-japan\/wings-%e3%83%9d%e3%83%bc%e3%83%ab%e3%83%bb%e3%83%9e%e3%83%83%e3%82%ab%e3%83%bc%e3%83%88%e3%83%8b%e3%83%bc%e3%82%a6%e3%82%a4%e3%83%b3%e3%82%b0%e3%82%b9-london-town\/#primaryimage\",\"url\":\"https:\/\/vinilozona.lt\/wp-content\/uploads\/2021\/12\/R-5462891-1463719503-5383.jpeg.jpg\",\"contentUrl\":\"https:\/\/vinilozona.lt\/wp-content\/uploads\/2021\/12\/R-5462891-1463719503-5383.jpeg.jpg\",\"width\":600,\"height\":600},{\"@type\":\"BreadcrumbList\",\"@id\":\"https:\/\/vinilozona.lt\/parduotuve\/made-in-japan\/wings-%e3%83%9d%e3%83%bc%e3%83%ab%e3%83%bb%e3%83%9e%e3%83%83%e3%82%ab%e3%83%bc%e3%83%88%e3%83%8b%e3%83%bc%e3%82%a6%e3%82%a4%e3%83%b3%e3%82%b0%e3%82%b9-london-town\/#breadcrumb\",\"itemListElement\":[{\"@type\":\"ListItem\",\"position\":1,\"name\":\"Home\",\"item\":\"https:\/\/vinilozona.lt\/\"},{\"@type\":\"ListItem\",\"position\":2,\"name\":\"Parduotuv\u0117\",\"item\":\"https:\/\/vinilozona.lt\/parduotuve\/\"},{\"@type\":\"ListItem\",\"position\":3,\"name\":\"Wings = \u30dd\u30fc\u30eb\u30fb\u30de\u30c3\u30ab\u30fc\u30c8\u30cb\u30fc&#038;\u30a6\u30a4\u30f3\u30b0\u30b9 \u2013 London Town\"}]},{\"@type\":\"WebSite\",\"@id\":\"https:\/\/vinilozona.lt\/#website\",\"url\":\"https:\/\/vinilozona.lt\/\",\"name\":\"Vinilo Zona\",\"description\":\"Nup\u016bsk dulkes ir klausyk LP\",\"potentialAction\":[{\"@type\":\"SearchAction\",\"target\":{\"@type\":\"EntryPoint\",\"urlTemplate\":\"https:\/\/vinilozona.lt\/?s={search_term_string}\"},\"query-input\":{\"@type\":\"PropertyValueSpecification\",\"valueRequired\":true,\"valueName\":\"search_term_string\"}}],\"inLanguage\":\"en-GB\"}]}<\/script>\n<!-- \/ Yoast SEO plugin. -->","yoast_head_json":{"title":"Wings = \u30dd\u30fc\u30eb\u30fb\u30de\u30c3\u30ab\u30fc\u30c8\u30cb\u30fc&\u30a6\u30a4\u30f3\u30b0\u30b9 \u2013 London Town Vinilin\u0117 Plok\u0161tel\u0117 | Vinilozona.lt","robots":{"index":"index","follow":"follow","max-snippet":"max-snippet:-1","max-image-preview":"max-image-preview:large","max-video-preview":"max-video-preview:-1"},"canonical":"https:\/\/vinilozona.lt\/en\/parduotuve\/made-in-japan\/wings-\u30dd\u30fc\u30eb\u30fb\u30de\u30c3\u30ab\u30fc\u30c8\u30cb\u30fc\u30a6\u30a4\u30f3\u30b0\u30b9-london-town\/","og_locale":"en_GB","og_type":"article","og_title":"Wings = \u30dd\u30fc\u30eb\u30fb\u30de\u30c3\u30ab\u30fc\u30c8\u30cb\u30fc&\u30a6\u30a4\u30f3\u30b0\u30b9 \u2013 London Town Vinilin\u0117 Plok\u0161tel\u0117 | Vinilozona.lt","og_description":"Capitol Records \u2013 EPS-81000, MPL \u2013 EPS-81000 Format:  Vinyl, LP, Album, Stereo Country: Japan Released: 1978","og_url":"https:\/\/vinilozona.lt\/en\/parduotuve\/made-in-japan\/wings-\u30dd\u30fc\u30eb\u30fb\u30de\u30c3\u30ab\u30fc\u30c8\u30cb\u30fc\u30a6\u30a4\u30f3\u30b0\u30b9-london-town\/","og_site_name":"Vinilo Zona","og_image":[{"width":600,"height":600,"url":"https:\/\/vinilozona.lt\/wp-content\/uploads\/2021\/12\/R-5462891-1463719503-5383.jpeg.jpg","type":"image\/jpeg"}],"twitter_card":"summary_large_image","schema":{"@context":"https:\/\/schema.org","@graph":[{"@type":"WebPage","@id":"https:\/\/vinilozona.lt\/parduotuve\/made-in-japan\/wings-%e3%83%9d%e3%83%bc%e3%83%ab%e3%83%bb%e3%83%9e%e3%83%83%e3%82%ab%e3%83%bc%e3%83%88%e3%83%8b%e3%83%bc%e3%82%a6%e3%82%a4%e3%83%b3%e3%82%b0%e3%82%b9-london-town\/","url":"https:\/\/vinilozona.lt\/parduotuve\/made-in-japan\/wings-%e3%83%9d%e3%83%bc%e3%83%ab%e3%83%bb%e3%83%9e%e3%83%83%e3%82%ab%e3%83%bc%e3%83%88%e3%83%8b%e3%83%bc%e3%82%a6%e3%82%a4%e3%83%b3%e3%82%b0%e3%82%b9-london-town\/","name":"Wings = \u30dd\u30fc\u30eb\u30fb\u30de\u30c3\u30ab\u30fc\u30c8\u30cb\u30fc&\u30a6\u30a4\u30f3\u30b0\u30b9 \u2013 London Town Vinilin\u0117 Plok\u0161tel\u0117 | Vinilozona.lt","isPartOf":{"@id":"https:\/\/vinilozona.lt\/#website"},"primaryImageOfPage":{"@id":"https:\/\/vinilozona.lt\/parduotuve\/made-in-japan\/wings-%e3%83%9d%e3%83%bc%e3%83%ab%e3%83%bb%e3%83%9e%e3%83%83%e3%82%ab%e3%83%bc%e3%83%88%e3%83%8b%e3%83%bc%e3%82%a6%e3%82%a4%e3%83%b3%e3%82%b0%e3%82%b9-london-town\/#primaryimage"},"image":{"@id":"https:\/\/vinilozona.lt\/parduotuve\/made-in-japan\/wings-%e3%83%9d%e3%83%bc%e3%83%ab%e3%83%bb%e3%83%9e%e3%83%83%e3%82%ab%e3%83%bc%e3%83%88%e3%83%8b%e3%83%bc%e3%82%a6%e3%82%a4%e3%83%b3%e3%82%b0%e3%82%b9-london-town\/#primaryimage"},"thumbnailUrl":"https:\/\/vinilozona.lt\/wp-content\/uploads\/2021\/12\/R-5462891-1463719503-5383.jpeg.jpg","datePublished":"2021-12-22T10:21:26+00:00","dateModified":"2021-12-22T10:21:26+00:00","breadcrumb":{"@id":"https:\/\/vinilozona.lt\/parduotuve\/made-in-japan\/wings-%e3%83%9d%e3%83%bc%e3%83%ab%e3%83%bb%e3%83%9e%e3%83%83%e3%82%ab%e3%83%bc%e3%83%88%e3%83%8b%e3%83%bc%e3%82%a6%e3%82%a4%e3%83%b3%e3%82%b0%e3%82%b9-london-town\/#breadcrumb"},"inLanguage":"en-GB","potentialAction":[{"@type":"ReadAction","target":["https:\/\/vinilozona.lt\/parduotuve\/made-in-japan\/wings-%e3%83%9d%e3%83%bc%e3%83%ab%e3%83%bb%e3%83%9e%e3%83%83%e3%82%ab%e3%83%bc%e3%83%88%e3%83%8b%e3%83%bc%e3%82%a6%e3%82%a4%e3%83%b3%e3%82%b0%e3%82%b9-london-town\/"]}]},{"@type":"ImageObject","inLanguage":"en-GB","@id":"https:\/\/vinilozona.lt\/parduotuve\/made-in-japan\/wings-%e3%83%9d%e3%83%bc%e3%83%ab%e3%83%bb%e3%83%9e%e3%83%83%e3%82%ab%e3%83%bc%e3%83%88%e3%83%8b%e3%83%bc%e3%82%a6%e3%82%a4%e3%83%b3%e3%82%b0%e3%82%b9-london-town\/#primaryimage","url":"https:\/\/vinilozona.lt\/wp-content\/uploads\/2021\/12\/R-5462891-1463719503-5383.jpeg.jpg","contentUrl":"https:\/\/vinilozona.lt\/wp-content\/uploads\/2021\/12\/R-5462891-1463719503-5383.jpeg.jpg","width":600,"height":600},{"@type":"BreadcrumbList","@id":"https:\/\/vinilozona.lt\/parduotuve\/made-in-japan\/wings-%e3%83%9d%e3%83%bc%e3%83%ab%e3%83%bb%e3%83%9e%e3%83%83%e3%82%ab%e3%83%bc%e3%83%88%e3%83%8b%e3%83%bc%e3%82%a6%e3%82%a4%e3%83%b3%e3%82%b0%e3%82%b9-london-town\/#breadcrumb","itemListElement":[{"@type":"ListItem","position":1,"name":"Home","item":"https:\/\/vinilozona.lt\/"},{"@type":"ListItem","position":2,"name":"Parduotuv\u0117","item":"https:\/\/vinilozona.lt\/parduotuve\/"},{"@type":"ListItem","position":3,"name":"Wings = \u30dd\u30fc\u30eb\u30fb\u30de\u30c3\u30ab\u30fc\u30c8\u30cb\u30fc&#038;\u30a6\u30a4\u30f3\u30b0\u30b9 \u2013 London Town"}]},{"@type":"WebSite","@id":"https:\/\/vinilozona.lt\/#website","url":"https:\/\/vinilozona.lt\/","name":"Vinilo Zona","description":"Nup\u016bsk dulkes ir klausyk LP","potentialAction":[{"@type":"SearchAction","target":{"@type":"EntryPoint","urlTemplate":"https:\/\/vinilozona.lt\/?s={search_term_string}"},"query-input":{"@type":"PropertyValueSpecification","valueRequired":true,"valueName":"search_term_string"}}],"inLanguage":"en-GB"}]}},"_links":{"self":[{"href":"https:\/\/vinilozona.lt\/en\/wp-json\/wp\/v2\/product\/17688"}],"collection":[{"href":"https:\/\/vinilozona.lt\/en\/wp-json\/wp\/v2\/product"}],"about":[{"href":"https:\/\/vinilozona.lt\/en\/wp-json\/wp\/v2\/types\/product"}],"wp:featuredmedia":[{"embeddable":true,"href":"https:\/\/vinilozona.lt\/en\/wp-json\/wp\/v2\/media\/17689"}],"wp:attachment":[{"href":"https:\/\/vinilozona.lt\/en\/wp-json\/wp\/v2\/media?parent=17688"}],"wp:term":[{"taxonomy":"product_cat","embeddable":true,"href":"https:\/\/vinilozona.lt\/en\/wp-json\/wp\/v2\/product_cat?post=17688"},{"taxonomy":"product_tag","embeddable":true,"href":"https:\/\/vinilozona.lt\/en\/wp-json\/wp\/v2\/product_tag?post=17688"}],"curies":[{"name":"wp","href":"https:\/\/api.w.org\/{rel}","templated":true}]}}