{"id":17642,"date":"2024-05-04T05:07:02","date_gmt":"2024-05-04T02:07:02","guid":{"rendered":"https:\/\/vinilozona.lt\/?post_type=product&#038;p=17642"},"modified":"2024-05-20T11:25:41","modified_gmt":"2024-05-20T08:25:41","slug":"ringo-starr-goodnight-vienna-2","status":"publish","type":"product","link":"https:\/\/vinilozona.lt\/en\/parduotuve\/various-rinkiniai\/ringo-starr-goodnight-vienna-2\/","title":{"rendered":"Various \u2013 Kuschelrock 4  3LP"},"content":{"rendered":"<p>A1\tSinead O&#8217;Connor*\u2013\tNothing Compares 2 U  5:08<br \/>\nA2\tMichael Bolton\u2013\tHow Am I Supposed To Live Without You  4:14<br \/>\nA3\tRoxette\u2013\tListen To Your Heart  4:53<br \/>\nA4\tLiving In A Box\u2013\tRoom In Your Heart  4:37<br \/>\nA5\tREO Speedwagon\u2013\tKeep On Loving You  3:22<br \/>\nA6\tThem \u2013\tIt&#8217;s All Over Now, Baby Blue  3:45<br \/>\nA7\tStan Bush\u2013\tForever  3:49<br \/>\nB1\tArt Garfunkel\u2013\tBright Eyes  4:00<br \/>\nB2\tCarmel \u2013\tI&#8217;m Over You  3:53<br \/>\nB3\tGary Moore\u2013\tStill Got The Blues (For You)  4:15<br \/>\nB4\tRobin Beck\u2013\tTears In The Rain  4:02<br \/>\nB5\tDepeche Mode\u2013\tSomebody  4:28<br \/>\nB6\tPaul Young\u2013\tSoftly Whispering I Love You  4:18<br \/>\nB7\tCutting Crew\u2013\t(I Just) Died In Your Arms  4:37<br \/>\nC1\tSimon &#038; Garfunkel\u2013\tThe Sound Of Silence  3:02<br \/>\nC2\tMarillion\u2013\tKayleigh  3:33<br \/>\nC3\tNatalie Cole\u2013\tMiss You Like Crazy  3:54<br \/>\nC4\tStyx\u2013\tBabe  4:25<br \/>\nC5\tArthur Baker And The Backbeat Disciples\u2013\tThe Message Is Love  4:38<br \/>\nC6\tBelinda Carlisle\u2013\tVision Of You  4:37<br \/>\nC7\tBee Gees\u2013\tHow Deep Is Your Love  4:03<br \/>\nD1\tThe Rolling Stones\u2013\tAngie  4:33<br \/>\nD2\tCyndi Lauper\u2013\tTrue Colors  3:45<br \/>\nD3\tWhitesnake\u2013\tIs This Love  4:00<br \/>\nD4\tBonnie Tyler &#038; Mike Oldfield\u2013\tIslands  4:18<br \/>\nD5\tGeorge Michael\u2013\tOne More Try  5:49<br \/>\nD6\tThe Platters\u2013\tSmoke Gets In Your Eyes  2:37<br \/>\nD7\tAmerica \u2013\tThe Last Unicorn  3:07<br \/>\nE1\tRichard Marx\u2013\tRight Here Waiting  4:23<br \/>\nE2\tGenesis\u2013\tIn Too Deep  4:59<br \/>\nE3\tStarship \u2013\tSara  4:50<br \/>\nE4\tToto\u2013\tI Won&#8217;t Hold You Back  4:56<br \/>\nE5\tGloria Estefan\u2013\tHere We Are  4:50<br \/>\nE6\tScorpions\u2013\tHoliday  6:31<br \/>\nF1\tP.M. Sampson &#038; Double Key\u2013\tWe Love To Love  3:43<br \/>\nF2\tErasure\u2013\tBlue Savannah  4:19<br \/>\nF3\tSpandau Ballet\u2013\tTrue  5:40<br \/>\nF4\tRoxy Music\u2013\tAvalon  4:15<br \/>\nF5\tJoe Cocker\u2013\tWhen The Night Comes  4:14<br \/>\nF6\tTina Turner\u2013\tI Don&#8217;t Wanna Lose You  4:19<br \/>\nF7\tDavid A. Stewart &#038; Candy Dulfer\u2013\tLily Was Here  4:19<\/p>","protected":false},"excerpt":{"rendered":"<p>CBS \u2013 CBS 467475 1<br \/>\nSeries:\tKuschelrock \u2013 4<br \/>\nFormat:<br \/>\n3 x Vinyl, LP, Compilation, Stereo<br \/>\nCountry:\tEurope<br \/>\nReleased:\t1990<\/p>","protected":false},"featured_media":24873,"template":"","meta":[],"product_cat":[906],"product_tag":[44],"yoast_head":"<!-- This site is optimized with the Yoast SEO plugin v23.5 - https:\/\/yoast.com\/wordpress\/plugins\/seo\/ -->\n<title>Various \u2013 Kuschelrock 4 3LP Vinilin\u0117 Plok\u0161tel\u0117 | Vinilozona.lt<\/title>\n<meta name=\"robots\" content=\"index, follow, max-snippet:-1, max-image-preview:large, max-video-preview:-1\" \/>\n<link rel=\"canonical\" href=\"https:\/\/vinilozona.lt\/en\/parduotuve\/various-rinkiniai\/ringo-starr-goodnight-vienna-2\/\" \/>\n<meta property=\"og:locale\" content=\"en_GB\" \/>\n<meta property=\"og:type\" content=\"article\" \/>\n<meta property=\"og:title\" content=\"Various \u2013 Kuschelrock 4 3LP Vinilin\u0117 Plok\u0161tel\u0117 | Vinilozona.lt\" \/>\n<meta property=\"og:description\" content=\"CBS \u2013 CBS 467475 1 Series: Kuschelrock \u2013 4 Format:  3 x Vinyl, LP, Compilation, Stereo Country: Europe Released: 1990\" \/>\n<meta property=\"og:url\" content=\"https:\/\/vinilozona.lt\/en\/parduotuve\/various-rinkiniai\/ringo-starr-goodnight-vienna-2\/\" \/>\n<meta property=\"og:site_name\" content=\"Vinilo Zona\" \/>\n<meta property=\"article:modified_time\" content=\"2024-05-20T08:25:41+00:00\" \/>\n<meta property=\"og:image\" content=\"https:\/\/vinilozona.lt\/wp-content\/uploads\/2021\/12\/R-436750-1692869234-7464.jpg\" \/>\n\t<meta property=\"og:image:width\" content=\"594\" \/>\n\t<meta property=\"og:image:height\" content=\"599\" \/>\n\t<meta property=\"og:image:type\" content=\"image\/jpeg\" \/>\n<meta name=\"twitter:card\" content=\"summary_large_image\" \/>\n<meta name=\"twitter:label1\" content=\"Estimated reading time\" \/>\n\t<meta name=\"twitter:data1\" content=\"1 minute\" \/>\n<script type=\"application\/ld+json\" class=\"yoast-schema-graph\">{\"@context\":\"https:\/\/schema.org\",\"@graph\":[{\"@type\":\"WebPage\",\"@id\":\"https:\/\/vinilozona.lt\/parduotuve\/various-rinkiniai\/ringo-starr-goodnight-vienna-2\/\",\"url\":\"https:\/\/vinilozona.lt\/parduotuve\/various-rinkiniai\/ringo-starr-goodnight-vienna-2\/\",\"name\":\"Various \u2013 Kuschelrock 4 3LP Vinilin\u0117 Plok\u0161tel\u0117 | Vinilozona.lt\",\"isPartOf\":{\"@id\":\"https:\/\/vinilozona.lt\/#website\"},\"primaryImageOfPage\":{\"@id\":\"https:\/\/vinilozona.lt\/parduotuve\/various-rinkiniai\/ringo-starr-goodnight-vienna-2\/#primaryimage\"},\"image\":{\"@id\":\"https:\/\/vinilozona.lt\/parduotuve\/various-rinkiniai\/ringo-starr-goodnight-vienna-2\/#primaryimage\"},\"thumbnailUrl\":\"https:\/\/vinilozona.lt\/wp-content\/uploads\/2021\/12\/R-436750-1692869234-7464.jpg\",\"datePublished\":\"2024-05-04T02:07:02+00:00\",\"dateModified\":\"2024-05-20T08:25:41+00:00\",\"breadcrumb\":{\"@id\":\"https:\/\/vinilozona.lt\/parduotuve\/various-rinkiniai\/ringo-starr-goodnight-vienna-2\/#breadcrumb\"},\"inLanguage\":\"en-GB\",\"potentialAction\":[{\"@type\":\"ReadAction\",\"target\":[\"https:\/\/vinilozona.lt\/parduotuve\/various-rinkiniai\/ringo-starr-goodnight-vienna-2\/\"]}]},{\"@type\":\"ImageObject\",\"inLanguage\":\"en-GB\",\"@id\":\"https:\/\/vinilozona.lt\/parduotuve\/various-rinkiniai\/ringo-starr-goodnight-vienna-2\/#primaryimage\",\"url\":\"https:\/\/vinilozona.lt\/wp-content\/uploads\/2021\/12\/R-436750-1692869234-7464.jpg\",\"contentUrl\":\"https:\/\/vinilozona.lt\/wp-content\/uploads\/2021\/12\/R-436750-1692869234-7464.jpg\",\"width\":594,\"height\":599},{\"@type\":\"BreadcrumbList\",\"@id\":\"https:\/\/vinilozona.lt\/parduotuve\/various-rinkiniai\/ringo-starr-goodnight-vienna-2\/#breadcrumb\",\"itemListElement\":[{\"@type\":\"ListItem\",\"position\":1,\"name\":\"Home\",\"item\":\"https:\/\/vinilozona.lt\/\"},{\"@type\":\"ListItem\",\"position\":2,\"name\":\"Parduotuv\u0117\",\"item\":\"https:\/\/vinilozona.lt\/parduotuve\/\"},{\"@type\":\"ListItem\",\"position\":3,\"name\":\"Various \u2013 Kuschelrock 4 3LP\"}]},{\"@type\":\"WebSite\",\"@id\":\"https:\/\/vinilozona.lt\/#website\",\"url\":\"https:\/\/vinilozona.lt\/\",\"name\":\"Vinilo Zona\",\"description\":\"Nup\u016bsk dulkes ir klausyk LP\",\"potentialAction\":[{\"@type\":\"SearchAction\",\"target\":{\"@type\":\"EntryPoint\",\"urlTemplate\":\"https:\/\/vinilozona.lt\/?s={search_term_string}\"},\"query-input\":{\"@type\":\"PropertyValueSpecification\",\"valueRequired\":true,\"valueName\":\"search_term_string\"}}],\"inLanguage\":\"en-GB\"}]}<\/script>\n<!-- \/ Yoast SEO plugin. -->","yoast_head_json":{"title":"Various \u2013 Kuschelrock 4 3LP Vinilin\u0117 Plok\u0161tel\u0117 | Vinilozona.lt","robots":{"index":"index","follow":"follow","max-snippet":"max-snippet:-1","max-image-preview":"max-image-preview:large","max-video-preview":"max-video-preview:-1"},"canonical":"https:\/\/vinilozona.lt\/en\/parduotuve\/various-rinkiniai\/ringo-starr-goodnight-vienna-2\/","og_locale":"en_GB","og_type":"article","og_title":"Various \u2013 Kuschelrock 4 3LP Vinilin\u0117 Plok\u0161tel\u0117 | Vinilozona.lt","og_description":"CBS \u2013 CBS 467475 1 Series: Kuschelrock \u2013 4 Format:  3 x Vinyl, LP, Compilation, Stereo Country: Europe Released: 1990","og_url":"https:\/\/vinilozona.lt\/en\/parduotuve\/various-rinkiniai\/ringo-starr-goodnight-vienna-2\/","og_site_name":"Vinilo Zona","article_modified_time":"2024-05-20T08:25:41+00:00","og_image":[{"width":594,"height":599,"url":"https:\/\/vinilozona.lt\/wp-content\/uploads\/2021\/12\/R-436750-1692869234-7464.jpg","type":"image\/jpeg"}],"twitter_card":"summary_large_image","twitter_misc":{"Estimated reading time":"1 minute"},"schema":{"@context":"https:\/\/schema.org","@graph":[{"@type":"WebPage","@id":"https:\/\/vinilozona.lt\/parduotuve\/various-rinkiniai\/ringo-starr-goodnight-vienna-2\/","url":"https:\/\/vinilozona.lt\/parduotuve\/various-rinkiniai\/ringo-starr-goodnight-vienna-2\/","name":"Various \u2013 Kuschelrock 4 3LP Vinilin\u0117 Plok\u0161tel\u0117 | Vinilozona.lt","isPartOf":{"@id":"https:\/\/vinilozona.lt\/#website"},"primaryImageOfPage":{"@id":"https:\/\/vinilozona.lt\/parduotuve\/various-rinkiniai\/ringo-starr-goodnight-vienna-2\/#primaryimage"},"image":{"@id":"https:\/\/vinilozona.lt\/parduotuve\/various-rinkiniai\/ringo-starr-goodnight-vienna-2\/#primaryimage"},"thumbnailUrl":"https:\/\/vinilozona.lt\/wp-content\/uploads\/2021\/12\/R-436750-1692869234-7464.jpg","datePublished":"2024-05-04T02:07:02+00:00","dateModified":"2024-05-20T08:25:41+00:00","breadcrumb":{"@id":"https:\/\/vinilozona.lt\/parduotuve\/various-rinkiniai\/ringo-starr-goodnight-vienna-2\/#breadcrumb"},"inLanguage":"en-GB","potentialAction":[{"@type":"ReadAction","target":["https:\/\/vinilozona.lt\/parduotuve\/various-rinkiniai\/ringo-starr-goodnight-vienna-2\/"]}]},{"@type":"ImageObject","inLanguage":"en-GB","@id":"https:\/\/vinilozona.lt\/parduotuve\/various-rinkiniai\/ringo-starr-goodnight-vienna-2\/#primaryimage","url":"https:\/\/vinilozona.lt\/wp-content\/uploads\/2021\/12\/R-436750-1692869234-7464.jpg","contentUrl":"https:\/\/vinilozona.lt\/wp-content\/uploads\/2021\/12\/R-436750-1692869234-7464.jpg","width":594,"height":599},{"@type":"BreadcrumbList","@id":"https:\/\/vinilozona.lt\/parduotuve\/various-rinkiniai\/ringo-starr-goodnight-vienna-2\/#breadcrumb","itemListElement":[{"@type":"ListItem","position":1,"name":"Home","item":"https:\/\/vinilozona.lt\/"},{"@type":"ListItem","position":2,"name":"Parduotuv\u0117","item":"https:\/\/vinilozona.lt\/parduotuve\/"},{"@type":"ListItem","position":3,"name":"Various \u2013 Kuschelrock 4 3LP"}]},{"@type":"WebSite","@id":"https:\/\/vinilozona.lt\/#website","url":"https:\/\/vinilozona.lt\/","name":"Vinilo Zona","description":"Nup\u016bsk dulkes ir klausyk LP","potentialAction":[{"@type":"SearchAction","target":{"@type":"EntryPoint","urlTemplate":"https:\/\/vinilozona.lt\/?s={search_term_string}"},"query-input":{"@type":"PropertyValueSpecification","valueRequired":true,"valueName":"search_term_string"}}],"inLanguage":"en-GB"}]}},"_links":{"self":[{"href":"https:\/\/vinilozona.lt\/en\/wp-json\/wp\/v2\/product\/17642"}],"collection":[{"href":"https:\/\/vinilozona.lt\/en\/wp-json\/wp\/v2\/product"}],"about":[{"href":"https:\/\/vinilozona.lt\/en\/wp-json\/wp\/v2\/types\/product"}],"wp:featuredmedia":[{"embeddable":true,"href":"https:\/\/vinilozona.lt\/en\/wp-json\/wp\/v2\/media\/24873"}],"wp:attachment":[{"href":"https:\/\/vinilozona.lt\/en\/wp-json\/wp\/v2\/media?parent=17642"}],"wp:term":[{"taxonomy":"product_cat","embeddable":true,"href":"https:\/\/vinilozona.lt\/en\/wp-json\/wp\/v2\/product_cat?post=17642"},{"taxonomy":"product_tag","embeddable":true,"href":"https:\/\/vinilozona.lt\/en\/wp-json\/wp\/v2\/product_tag?post=17642"}],"curies":[{"name":"wp","href":"https:\/\/api.w.org\/{rel}","templated":true}]}}