{"id":17595,"date":"2021-12-17T13:30:28","date_gmt":"2021-12-17T11:30:28","guid":{"rendered":"https:\/\/vinilozona.lt\/?post_type=product&#038;p=17595"},"modified":"2021-12-25T11:35:57","modified_gmt":"2021-12-25T09:35:57","slug":"led-zeppelin-%e3%83%ac%e3%83%83%e3%83%89%e3%83%bb%e3%83%84%e3%82%a7%e3%83%83%e3%83%9a%e3%83%aa%e3%83%b3-presence-%e3%83%97%e3%83%ac%e3%82%bc%e3%83%b3%e3%82%b9","status":"publish","type":"product","link":"https:\/\/vinilozona.lt\/en\/parduotuve\/made-in-japan\/led-zeppelin-%e3%83%ac%e3%83%83%e3%83%89%e3%83%bb%e3%83%84%e3%82%a7%e3%83%83%e3%83%9a%e3%83%aa%e3%83%b3-presence-%e3%83%97%e3%83%ac%e3%82%bc%e3%83%b3%e3%82%b9\/","title":{"rendered":"Led Zeppelin = \u30ec\u30c3\u30c9\u30fb\u30c4\u30a7\u30c3\u30da\u30ea\u30f3* \u2013 Presence = \u30d7\u30ec\u30bc\u30f3\u30b9"},"content":{"rendered":"<p>A1\t\tAchilles Last Stand = \u30a2\u30ad\u30ec\u30b9\u6700\u5f8c\u306e\u6226\u3044\t10:26<br \/>\nA2\t\tFor Your Life = \u30d5\u30a9\u30fc\u30fb\u30e6\u30a2\u30fb\u30e9\u30a4\u30d5\t6:21<br \/>\nA3\t\tRoyal Orleans = \u30ed\u30a4\u30e4\u30eb\u30fb\u30aa\u30eb\u30ec\u30a2\u30f3\t2:58<br \/>\nB1\t\tNobody&#8217;s Fault But Mine = \u4ffa\u306e\u7f6a\t6:15<br \/>\nB2\t\tCandy Store Rock = \u30ad\u30e3\u30f3\u30c7\u30a3\u30fb\u30b9\u30c8\u30a2\u30fb\u30ed\u30c3\u30af\t4:10<br \/>\nB3\t\tHots On For Nowhere = \u4f55\u51e6\u3078\t4:42<br \/>\nB4\t\tTea For One = \u4e00\u4eba\u3067\u304a\u8336\u3092\t9:27<\/p>","protected":false},"excerpt":{"rendered":"<p>Swan Song \u2013 P-10160N<br \/>\nFormat:<br \/>\nVinyl, LP, Album, Gatefold<br \/>\nCountry:\tJapan<br \/>\nReleased:\t1976<\/p>","protected":false},"featured_media":17596,"template":"","meta":[],"product_cat":[39],"product_tag":[239],"yoast_head":"<!-- This site is optimized with the Yoast SEO plugin v23.5 - https:\/\/yoast.com\/wordpress\/plugins\/seo\/ -->\n<title>Led Zeppelin = \u30ec\u30c3\u30c9\u30fb\u30c4\u30a7\u30c3\u30da\u30ea\u30f3* \u2013 Presence = \u30d7\u30ec\u30bc\u30f3\u30b9 Vinilin\u0117 Plok\u0161tel\u0117 | Vinilozona.lt<\/title>\n<meta name=\"robots\" content=\"index, follow, max-snippet:-1, max-image-preview:large, max-video-preview:-1\" \/>\n<link rel=\"canonical\" href=\"https:\/\/vinilozona.lt\/en\/parduotuve\/made-in-japan\/led-zeppelin-\u30ec\u30c3\u30c9\u30fb\u30c4\u30a7\u30c3\u30da\u30ea\u30f3-presence-\u30d7\u30ec\u30bc\u30f3\u30b9\/\" \/>\n<meta property=\"og:locale\" content=\"en_GB\" \/>\n<meta property=\"og:type\" content=\"article\" \/>\n<meta property=\"og:title\" content=\"Led Zeppelin = \u30ec\u30c3\u30c9\u30fb\u30c4\u30a7\u30c3\u30da\u30ea\u30f3* \u2013 Presence = \u30d7\u30ec\u30bc\u30f3\u30b9 Vinilin\u0117 Plok\u0161tel\u0117 | Vinilozona.lt\" \/>\n<meta property=\"og:description\" content=\"Swan Song \u2013 P-10160N Format:  Vinyl, LP, Album, Gatefold Country: Japan Released: 1976\" \/>\n<meta property=\"og:url\" content=\"https:\/\/vinilozona.lt\/en\/parduotuve\/made-in-japan\/led-zeppelin-\u30ec\u30c3\u30c9\u30fb\u30c4\u30a7\u30c3\u30da\u30ea\u30f3-presence-\u30d7\u30ec\u30bc\u30f3\u30b9\/\" \/>\n<meta property=\"og:site_name\" content=\"Vinilo Zona\" \/>\n<meta property=\"article:modified_time\" content=\"2021-12-25T09:35:57+00:00\" \/>\n<meta property=\"og:image\" content=\"https:\/\/vinilozona.lt\/wp-content\/uploads\/2021\/12\/R-2124061-1586424863-3633.jpeg.jpg\" \/>\n\t<meta property=\"og:image:width\" content=\"599\" \/>\n\t<meta property=\"og:image:height\" content=\"600\" \/>\n\t<meta property=\"og:image:type\" content=\"image\/jpeg\" \/>\n<meta name=\"twitter:card\" content=\"summary_large_image\" \/>\n<script type=\"application\/ld+json\" class=\"yoast-schema-graph\">{\"@context\":\"https:\/\/schema.org\",\"@graph\":[{\"@type\":\"WebPage\",\"@id\":\"https:\/\/vinilozona.lt\/parduotuve\/made-in-japan\/led-zeppelin-%e3%83%ac%e3%83%83%e3%83%89%e3%83%bb%e3%83%84%e3%82%a7%e3%83%83%e3%83%9a%e3%83%aa%e3%83%b3-presence-%e3%83%97%e3%83%ac%e3%82%bc%e3%83%b3%e3%82%b9\/\",\"url\":\"https:\/\/vinilozona.lt\/parduotuve\/made-in-japan\/led-zeppelin-%e3%83%ac%e3%83%83%e3%83%89%e3%83%bb%e3%83%84%e3%82%a7%e3%83%83%e3%83%9a%e3%83%aa%e3%83%b3-presence-%e3%83%97%e3%83%ac%e3%82%bc%e3%83%b3%e3%82%b9\/\",\"name\":\"Led Zeppelin = \u30ec\u30c3\u30c9\u30fb\u30c4\u30a7\u30c3\u30da\u30ea\u30f3* \u2013 Presence = \u30d7\u30ec\u30bc\u30f3\u30b9 Vinilin\u0117 Plok\u0161tel\u0117 | Vinilozona.lt\",\"isPartOf\":{\"@id\":\"https:\/\/vinilozona.lt\/#website\"},\"primaryImageOfPage\":{\"@id\":\"https:\/\/vinilozona.lt\/parduotuve\/made-in-japan\/led-zeppelin-%e3%83%ac%e3%83%83%e3%83%89%e3%83%bb%e3%83%84%e3%82%a7%e3%83%83%e3%83%9a%e3%83%aa%e3%83%b3-presence-%e3%83%97%e3%83%ac%e3%82%bc%e3%83%b3%e3%82%b9\/#primaryimage\"},\"image\":{\"@id\":\"https:\/\/vinilozona.lt\/parduotuve\/made-in-japan\/led-zeppelin-%e3%83%ac%e3%83%83%e3%83%89%e3%83%bb%e3%83%84%e3%82%a7%e3%83%83%e3%83%9a%e3%83%aa%e3%83%b3-presence-%e3%83%97%e3%83%ac%e3%82%bc%e3%83%b3%e3%82%b9\/#primaryimage\"},\"thumbnailUrl\":\"https:\/\/vinilozona.lt\/wp-content\/uploads\/2021\/12\/R-2124061-1586424863-3633.jpeg.jpg\",\"datePublished\":\"2021-12-17T11:30:28+00:00\",\"dateModified\":\"2021-12-25T09:35:57+00:00\",\"breadcrumb\":{\"@id\":\"https:\/\/vinilozona.lt\/parduotuve\/made-in-japan\/led-zeppelin-%e3%83%ac%e3%83%83%e3%83%89%e3%83%bb%e3%83%84%e3%82%a7%e3%83%83%e3%83%9a%e3%83%aa%e3%83%b3-presence-%e3%83%97%e3%83%ac%e3%82%bc%e3%83%b3%e3%82%b9\/#breadcrumb\"},\"inLanguage\":\"en-GB\",\"potentialAction\":[{\"@type\":\"ReadAction\",\"target\":[\"https:\/\/vinilozona.lt\/parduotuve\/made-in-japan\/led-zeppelin-%e3%83%ac%e3%83%83%e3%83%89%e3%83%bb%e3%83%84%e3%82%a7%e3%83%83%e3%83%9a%e3%83%aa%e3%83%b3-presence-%e3%83%97%e3%83%ac%e3%82%bc%e3%83%b3%e3%82%b9\/\"]}]},{\"@type\":\"ImageObject\",\"inLanguage\":\"en-GB\",\"@id\":\"https:\/\/vinilozona.lt\/parduotuve\/made-in-japan\/led-zeppelin-%e3%83%ac%e3%83%83%e3%83%89%e3%83%bb%e3%83%84%e3%82%a7%e3%83%83%e3%83%9a%e3%83%aa%e3%83%b3-presence-%e3%83%97%e3%83%ac%e3%82%bc%e3%83%b3%e3%82%b9\/#primaryimage\",\"url\":\"https:\/\/vinilozona.lt\/wp-content\/uploads\/2021\/12\/R-2124061-1586424863-3633.jpeg.jpg\",\"contentUrl\":\"https:\/\/vinilozona.lt\/wp-content\/uploads\/2021\/12\/R-2124061-1586424863-3633.jpeg.jpg\",\"width\":599,\"height\":600},{\"@type\":\"BreadcrumbList\",\"@id\":\"https:\/\/vinilozona.lt\/parduotuve\/made-in-japan\/led-zeppelin-%e3%83%ac%e3%83%83%e3%83%89%e3%83%bb%e3%83%84%e3%82%a7%e3%83%83%e3%83%9a%e3%83%aa%e3%83%b3-presence-%e3%83%97%e3%83%ac%e3%82%bc%e3%83%b3%e3%82%b9\/#breadcrumb\",\"itemListElement\":[{\"@type\":\"ListItem\",\"position\":1,\"name\":\"Home\",\"item\":\"https:\/\/vinilozona.lt\/\"},{\"@type\":\"ListItem\",\"position\":2,\"name\":\"Parduotuv\u0117\",\"item\":\"https:\/\/vinilozona.lt\/parduotuve\/\"},{\"@type\":\"ListItem\",\"position\":3,\"name\":\"Led Zeppelin = \u30ec\u30c3\u30c9\u30fb\u30c4\u30a7\u30c3\u30da\u30ea\u30f3* \u2013 Presence = \u30d7\u30ec\u30bc\u30f3\u30b9\"}]},{\"@type\":\"WebSite\",\"@id\":\"https:\/\/vinilozona.lt\/#website\",\"url\":\"https:\/\/vinilozona.lt\/\",\"name\":\"Vinilo Zona\",\"description\":\"Nup\u016bsk dulkes ir klausyk LP\",\"potentialAction\":[{\"@type\":\"SearchAction\",\"target\":{\"@type\":\"EntryPoint\",\"urlTemplate\":\"https:\/\/vinilozona.lt\/?s={search_term_string}\"},\"query-input\":{\"@type\":\"PropertyValueSpecification\",\"valueRequired\":true,\"valueName\":\"search_term_string\"}}],\"inLanguage\":\"en-GB\"}]}<\/script>\n<!-- \/ Yoast SEO plugin. -->","yoast_head_json":{"title":"Led Zeppelin = \u30ec\u30c3\u30c9\u30fb\u30c4\u30a7\u30c3\u30da\u30ea\u30f3* \u2013 Presence = \u30d7\u30ec\u30bc\u30f3\u30b9 Vinilin\u0117 Plok\u0161tel\u0117 | Vinilozona.lt","robots":{"index":"index","follow":"follow","max-snippet":"max-snippet:-1","max-image-preview":"max-image-preview:large","max-video-preview":"max-video-preview:-1"},"canonical":"https:\/\/vinilozona.lt\/en\/parduotuve\/made-in-japan\/led-zeppelin-\u30ec\u30c3\u30c9\u30fb\u30c4\u30a7\u30c3\u30da\u30ea\u30f3-presence-\u30d7\u30ec\u30bc\u30f3\u30b9\/","og_locale":"en_GB","og_type":"article","og_title":"Led Zeppelin = \u30ec\u30c3\u30c9\u30fb\u30c4\u30a7\u30c3\u30da\u30ea\u30f3* \u2013 Presence = \u30d7\u30ec\u30bc\u30f3\u30b9 Vinilin\u0117 Plok\u0161tel\u0117 | Vinilozona.lt","og_description":"Swan Song \u2013 P-10160N Format:  Vinyl, LP, Album, Gatefold Country: Japan Released: 1976","og_url":"https:\/\/vinilozona.lt\/en\/parduotuve\/made-in-japan\/led-zeppelin-\u30ec\u30c3\u30c9\u30fb\u30c4\u30a7\u30c3\u30da\u30ea\u30f3-presence-\u30d7\u30ec\u30bc\u30f3\u30b9\/","og_site_name":"Vinilo Zona","article_modified_time":"2021-12-25T09:35:57+00:00","og_image":[{"width":599,"height":600,"url":"https:\/\/vinilozona.lt\/wp-content\/uploads\/2021\/12\/R-2124061-1586424863-3633.jpeg.jpg","type":"image\/jpeg"}],"twitter_card":"summary_large_image","schema":{"@context":"https:\/\/schema.org","@graph":[{"@type":"WebPage","@id":"https:\/\/vinilozona.lt\/parduotuve\/made-in-japan\/led-zeppelin-%e3%83%ac%e3%83%83%e3%83%89%e3%83%bb%e3%83%84%e3%82%a7%e3%83%83%e3%83%9a%e3%83%aa%e3%83%b3-presence-%e3%83%97%e3%83%ac%e3%82%bc%e3%83%b3%e3%82%b9\/","url":"https:\/\/vinilozona.lt\/parduotuve\/made-in-japan\/led-zeppelin-%e3%83%ac%e3%83%83%e3%83%89%e3%83%bb%e3%83%84%e3%82%a7%e3%83%83%e3%83%9a%e3%83%aa%e3%83%b3-presence-%e3%83%97%e3%83%ac%e3%82%bc%e3%83%b3%e3%82%b9\/","name":"Led Zeppelin = \u30ec\u30c3\u30c9\u30fb\u30c4\u30a7\u30c3\u30da\u30ea\u30f3* \u2013 Presence = \u30d7\u30ec\u30bc\u30f3\u30b9 Vinilin\u0117 Plok\u0161tel\u0117 | Vinilozona.lt","isPartOf":{"@id":"https:\/\/vinilozona.lt\/#website"},"primaryImageOfPage":{"@id":"https:\/\/vinilozona.lt\/parduotuve\/made-in-japan\/led-zeppelin-%e3%83%ac%e3%83%83%e3%83%89%e3%83%bb%e3%83%84%e3%82%a7%e3%83%83%e3%83%9a%e3%83%aa%e3%83%b3-presence-%e3%83%97%e3%83%ac%e3%82%bc%e3%83%b3%e3%82%b9\/#primaryimage"},"image":{"@id":"https:\/\/vinilozona.lt\/parduotuve\/made-in-japan\/led-zeppelin-%e3%83%ac%e3%83%83%e3%83%89%e3%83%bb%e3%83%84%e3%82%a7%e3%83%83%e3%83%9a%e3%83%aa%e3%83%b3-presence-%e3%83%97%e3%83%ac%e3%82%bc%e3%83%b3%e3%82%b9\/#primaryimage"},"thumbnailUrl":"https:\/\/vinilozona.lt\/wp-content\/uploads\/2021\/12\/R-2124061-1586424863-3633.jpeg.jpg","datePublished":"2021-12-17T11:30:28+00:00","dateModified":"2021-12-25T09:35:57+00:00","breadcrumb":{"@id":"https:\/\/vinilozona.lt\/parduotuve\/made-in-japan\/led-zeppelin-%e3%83%ac%e3%83%83%e3%83%89%e3%83%bb%e3%83%84%e3%82%a7%e3%83%83%e3%83%9a%e3%83%aa%e3%83%b3-presence-%e3%83%97%e3%83%ac%e3%82%bc%e3%83%b3%e3%82%b9\/#breadcrumb"},"inLanguage":"en-GB","potentialAction":[{"@type":"ReadAction","target":["https:\/\/vinilozona.lt\/parduotuve\/made-in-japan\/led-zeppelin-%e3%83%ac%e3%83%83%e3%83%89%e3%83%bb%e3%83%84%e3%82%a7%e3%83%83%e3%83%9a%e3%83%aa%e3%83%b3-presence-%e3%83%97%e3%83%ac%e3%82%bc%e3%83%b3%e3%82%b9\/"]}]},{"@type":"ImageObject","inLanguage":"en-GB","@id":"https:\/\/vinilozona.lt\/parduotuve\/made-in-japan\/led-zeppelin-%e3%83%ac%e3%83%83%e3%83%89%e3%83%bb%e3%83%84%e3%82%a7%e3%83%83%e3%83%9a%e3%83%aa%e3%83%b3-presence-%e3%83%97%e3%83%ac%e3%82%bc%e3%83%b3%e3%82%b9\/#primaryimage","url":"https:\/\/vinilozona.lt\/wp-content\/uploads\/2021\/12\/R-2124061-1586424863-3633.jpeg.jpg","contentUrl":"https:\/\/vinilozona.lt\/wp-content\/uploads\/2021\/12\/R-2124061-1586424863-3633.jpeg.jpg","width":599,"height":600},{"@type":"BreadcrumbList","@id":"https:\/\/vinilozona.lt\/parduotuve\/made-in-japan\/led-zeppelin-%e3%83%ac%e3%83%83%e3%83%89%e3%83%bb%e3%83%84%e3%82%a7%e3%83%83%e3%83%9a%e3%83%aa%e3%83%b3-presence-%e3%83%97%e3%83%ac%e3%82%bc%e3%83%b3%e3%82%b9\/#breadcrumb","itemListElement":[{"@type":"ListItem","position":1,"name":"Home","item":"https:\/\/vinilozona.lt\/"},{"@type":"ListItem","position":2,"name":"Parduotuv\u0117","item":"https:\/\/vinilozona.lt\/parduotuve\/"},{"@type":"ListItem","position":3,"name":"Led Zeppelin = \u30ec\u30c3\u30c9\u30fb\u30c4\u30a7\u30c3\u30da\u30ea\u30f3* \u2013 Presence = \u30d7\u30ec\u30bc\u30f3\u30b9"}]},{"@type":"WebSite","@id":"https:\/\/vinilozona.lt\/#website","url":"https:\/\/vinilozona.lt\/","name":"Vinilo Zona","description":"Nup\u016bsk dulkes ir klausyk LP","potentialAction":[{"@type":"SearchAction","target":{"@type":"EntryPoint","urlTemplate":"https:\/\/vinilozona.lt\/?s={search_term_string}"},"query-input":{"@type":"PropertyValueSpecification","valueRequired":true,"valueName":"search_term_string"}}],"inLanguage":"en-GB"}]}},"_links":{"self":[{"href":"https:\/\/vinilozona.lt\/en\/wp-json\/wp\/v2\/product\/17595"}],"collection":[{"href":"https:\/\/vinilozona.lt\/en\/wp-json\/wp\/v2\/product"}],"about":[{"href":"https:\/\/vinilozona.lt\/en\/wp-json\/wp\/v2\/types\/product"}],"wp:featuredmedia":[{"embeddable":true,"href":"https:\/\/vinilozona.lt\/en\/wp-json\/wp\/v2\/media\/17596"}],"wp:attachment":[{"href":"https:\/\/vinilozona.lt\/en\/wp-json\/wp\/v2\/media?parent=17595"}],"wp:term":[{"taxonomy":"product_cat","embeddable":true,"href":"https:\/\/vinilozona.lt\/en\/wp-json\/wp\/v2\/product_cat?post=17595"},{"taxonomy":"product_tag","embeddable":true,"href":"https:\/\/vinilozona.lt\/en\/wp-json\/wp\/v2\/product_tag?post=17595"}],"curies":[{"name":"wp","href":"https:\/\/api.w.org\/{rel}","templated":true}]}}