{"id":17573,"date":"2024-07-26T05:06:24","date_gmt":"2024-07-26T02:06:24","guid":{"rendered":"https:\/\/vinilozona.lt\/?post_type=product&#038;p=17573"},"modified":"2024-07-26T06:30:27","modified_gmt":"2024-07-26T03:30:27","slug":"doors-strange-days","status":"publish","type":"product","link":"https:\/\/vinilozona.lt\/en\/parduotuve\/naujos-lp\/doors-strange-days\/","title":{"rendered":"Doors \u2013 Strange Days"},"content":{"rendered":"<p>A1\t\tStrange Days\t3:05<br \/>\nA2\t\tYou&#8217;re Lost Little Girl\t3:01<br \/>\nA3\t\tLove Me Two Times\t3:23<br \/>\nA4\t\tUnhappy Girl\t2:00<br \/>\nA5\t\tHorse Latitudes\t1:30<br \/>\nA6\t\tMoonlight Drive\t3:00<br \/>\nB1\t\tPeople Are Strange\t2:10<br \/>\nB2\t\tMy Eyes Have Seen You\t2:22<br \/>\nB3\t\tI Can&#8217;t See Your Face In My Mind\t3:18<br \/>\nB4\t\tWhen The Music&#8217;s Over\t11:00<\/p>","protected":false},"excerpt":{"rendered":"<p>Elektra \u2013 EKS 74014, Rhino Records (2) \u2013 RHI-74881-2, Rhino Records (2) \u2013 R1 519558<br \/>\nSeries:\tRhino Vinyl \u2013 R1 519558<br \/>\nFormat:<br \/>\nVinyl, LP, Album, Reissue, Stereo, 180 Gram<br \/>\nCountry:\tEU25<br \/>\nReleased:\tSep 14, 2009<\/p>","protected":false},"featured_media":17574,"template":"","meta":[],"product_cat":[23],"product_tag":[74],"yoast_head":"<!-- This site is optimized with the Yoast SEO plugin v23.5 - https:\/\/yoast.com\/wordpress\/plugins\/seo\/ -->\n<title>Doors \u2013 Strange Days Vinilin\u0117 Plok\u0161tel\u0117 | Vinilozona.lt<\/title>\n<meta name=\"robots\" content=\"index, follow, max-snippet:-1, max-image-preview:large, max-video-preview:-1\" \/>\n<link rel=\"canonical\" href=\"https:\/\/vinilozona.lt\/en\/parduotuve\/naujos-lp\/doors-strange-days\/\" \/>\n<meta property=\"og:locale\" content=\"en_GB\" \/>\n<meta property=\"og:type\" content=\"article\" \/>\n<meta property=\"og:title\" content=\"Doors \u2013 Strange Days Vinilin\u0117 Plok\u0161tel\u0117 | Vinilozona.lt\" \/>\n<meta property=\"og:description\" content=\"Elektra \u2013 EKS 74014, Rhino Records (2) \u2013 RHI-74881-2, Rhino Records (2) \u2013 R1 519558 Series: Rhino Vinyl \u2013 R1 519558 Format:  Vinyl, LP, Album, Reissue, Stereo, 180 Gram Country: EU25 Released: Sep 14, 2009\" \/>\n<meta property=\"og:url\" content=\"https:\/\/vinilozona.lt\/en\/parduotuve\/naujos-lp\/doors-strange-days\/\" \/>\n<meta property=\"og:site_name\" content=\"Vinilo Zona\" \/>\n<meta property=\"article:modified_time\" content=\"2024-07-26T03:30:27+00:00\" \/>\n<meta property=\"og:image\" content=\"https:\/\/vinilozona.lt\/wp-content\/uploads\/2021\/12\/R-2030783-1483867941-3282.jpeg.jpg\" \/>\n\t<meta property=\"og:image:width\" content=\"599\" \/>\n\t<meta property=\"og:image:height\" content=\"595\" \/>\n\t<meta property=\"og:image:type\" content=\"image\/jpeg\" \/>\n<meta name=\"twitter:card\" content=\"summary_large_image\" \/>\n<script type=\"application\/ld+json\" class=\"yoast-schema-graph\">{\"@context\":\"https:\/\/schema.org\",\"@graph\":[{\"@type\":\"WebPage\",\"@id\":\"https:\/\/vinilozona.lt\/parduotuve\/naujos-lp\/doors-strange-days\/\",\"url\":\"https:\/\/vinilozona.lt\/parduotuve\/naujos-lp\/doors-strange-days\/\",\"name\":\"Doors \u2013 Strange Days Vinilin\u0117 Plok\u0161tel\u0117 | Vinilozona.lt\",\"isPartOf\":{\"@id\":\"https:\/\/vinilozona.lt\/#website\"},\"primaryImageOfPage\":{\"@id\":\"https:\/\/vinilozona.lt\/parduotuve\/naujos-lp\/doors-strange-days\/#primaryimage\"},\"image\":{\"@id\":\"https:\/\/vinilozona.lt\/parduotuve\/naujos-lp\/doors-strange-days\/#primaryimage\"},\"thumbnailUrl\":\"https:\/\/vinilozona.lt\/wp-content\/uploads\/2021\/12\/R-2030783-1483867941-3282.jpeg.jpg\",\"datePublished\":\"2024-07-26T02:06:24+00:00\",\"dateModified\":\"2024-07-26T03:30:27+00:00\",\"breadcrumb\":{\"@id\":\"https:\/\/vinilozona.lt\/parduotuve\/naujos-lp\/doors-strange-days\/#breadcrumb\"},\"inLanguage\":\"en-GB\",\"potentialAction\":[{\"@type\":\"ReadAction\",\"target\":[\"https:\/\/vinilozona.lt\/parduotuve\/naujos-lp\/doors-strange-days\/\"]}]},{\"@type\":\"ImageObject\",\"inLanguage\":\"en-GB\",\"@id\":\"https:\/\/vinilozona.lt\/parduotuve\/naujos-lp\/doors-strange-days\/#primaryimage\",\"url\":\"https:\/\/vinilozona.lt\/wp-content\/uploads\/2021\/12\/R-2030783-1483867941-3282.jpeg.jpg\",\"contentUrl\":\"https:\/\/vinilozona.lt\/wp-content\/uploads\/2021\/12\/R-2030783-1483867941-3282.jpeg.jpg\",\"width\":599,\"height\":595},{\"@type\":\"BreadcrumbList\",\"@id\":\"https:\/\/vinilozona.lt\/parduotuve\/naujos-lp\/doors-strange-days\/#breadcrumb\",\"itemListElement\":[{\"@type\":\"ListItem\",\"position\":1,\"name\":\"Home\",\"item\":\"https:\/\/vinilozona.lt\/\"},{\"@type\":\"ListItem\",\"position\":2,\"name\":\"Parduotuv\u0117\",\"item\":\"https:\/\/vinilozona.lt\/parduotuve\/\"},{\"@type\":\"ListItem\",\"position\":3,\"name\":\"Doors \u2013 Strange Days\"}]},{\"@type\":\"WebSite\",\"@id\":\"https:\/\/vinilozona.lt\/#website\",\"url\":\"https:\/\/vinilozona.lt\/\",\"name\":\"Vinilo Zona\",\"description\":\"Nup\u016bsk dulkes ir klausyk LP\",\"potentialAction\":[{\"@type\":\"SearchAction\",\"target\":{\"@type\":\"EntryPoint\",\"urlTemplate\":\"https:\/\/vinilozona.lt\/?s={search_term_string}\"},\"query-input\":{\"@type\":\"PropertyValueSpecification\",\"valueRequired\":true,\"valueName\":\"search_term_string\"}}],\"inLanguage\":\"en-GB\"}]}<\/script>\n<!-- \/ Yoast SEO plugin. -->","yoast_head_json":{"title":"Doors \u2013 Strange Days Vinilin\u0117 Plok\u0161tel\u0117 | Vinilozona.lt","robots":{"index":"index","follow":"follow","max-snippet":"max-snippet:-1","max-image-preview":"max-image-preview:large","max-video-preview":"max-video-preview:-1"},"canonical":"https:\/\/vinilozona.lt\/en\/parduotuve\/naujos-lp\/doors-strange-days\/","og_locale":"en_GB","og_type":"article","og_title":"Doors \u2013 Strange Days Vinilin\u0117 Plok\u0161tel\u0117 | Vinilozona.lt","og_description":"Elektra \u2013 EKS 74014, Rhino Records (2) \u2013 RHI-74881-2, Rhino Records (2) \u2013 R1 519558 Series: Rhino Vinyl \u2013 R1 519558 Format:  Vinyl, LP, Album, Reissue, Stereo, 180 Gram Country: EU25 Released: Sep 14, 2009","og_url":"https:\/\/vinilozona.lt\/en\/parduotuve\/naujos-lp\/doors-strange-days\/","og_site_name":"Vinilo Zona","article_modified_time":"2024-07-26T03:30:27+00:00","og_image":[{"width":599,"height":595,"url":"https:\/\/vinilozona.lt\/wp-content\/uploads\/2021\/12\/R-2030783-1483867941-3282.jpeg.jpg","type":"image\/jpeg"}],"twitter_card":"summary_large_image","schema":{"@context":"https:\/\/schema.org","@graph":[{"@type":"WebPage","@id":"https:\/\/vinilozona.lt\/parduotuve\/naujos-lp\/doors-strange-days\/","url":"https:\/\/vinilozona.lt\/parduotuve\/naujos-lp\/doors-strange-days\/","name":"Doors \u2013 Strange Days Vinilin\u0117 Plok\u0161tel\u0117 | Vinilozona.lt","isPartOf":{"@id":"https:\/\/vinilozona.lt\/#website"},"primaryImageOfPage":{"@id":"https:\/\/vinilozona.lt\/parduotuve\/naujos-lp\/doors-strange-days\/#primaryimage"},"image":{"@id":"https:\/\/vinilozona.lt\/parduotuve\/naujos-lp\/doors-strange-days\/#primaryimage"},"thumbnailUrl":"https:\/\/vinilozona.lt\/wp-content\/uploads\/2021\/12\/R-2030783-1483867941-3282.jpeg.jpg","datePublished":"2024-07-26T02:06:24+00:00","dateModified":"2024-07-26T03:30:27+00:00","breadcrumb":{"@id":"https:\/\/vinilozona.lt\/parduotuve\/naujos-lp\/doors-strange-days\/#breadcrumb"},"inLanguage":"en-GB","potentialAction":[{"@type":"ReadAction","target":["https:\/\/vinilozona.lt\/parduotuve\/naujos-lp\/doors-strange-days\/"]}]},{"@type":"ImageObject","inLanguage":"en-GB","@id":"https:\/\/vinilozona.lt\/parduotuve\/naujos-lp\/doors-strange-days\/#primaryimage","url":"https:\/\/vinilozona.lt\/wp-content\/uploads\/2021\/12\/R-2030783-1483867941-3282.jpeg.jpg","contentUrl":"https:\/\/vinilozona.lt\/wp-content\/uploads\/2021\/12\/R-2030783-1483867941-3282.jpeg.jpg","width":599,"height":595},{"@type":"BreadcrumbList","@id":"https:\/\/vinilozona.lt\/parduotuve\/naujos-lp\/doors-strange-days\/#breadcrumb","itemListElement":[{"@type":"ListItem","position":1,"name":"Home","item":"https:\/\/vinilozona.lt\/"},{"@type":"ListItem","position":2,"name":"Parduotuv\u0117","item":"https:\/\/vinilozona.lt\/parduotuve\/"},{"@type":"ListItem","position":3,"name":"Doors \u2013 Strange Days"}]},{"@type":"WebSite","@id":"https:\/\/vinilozona.lt\/#website","url":"https:\/\/vinilozona.lt\/","name":"Vinilo Zona","description":"Nup\u016bsk dulkes ir klausyk LP","potentialAction":[{"@type":"SearchAction","target":{"@type":"EntryPoint","urlTemplate":"https:\/\/vinilozona.lt\/?s={search_term_string}"},"query-input":{"@type":"PropertyValueSpecification","valueRequired":true,"valueName":"search_term_string"}}],"inLanguage":"en-GB"}]}},"_links":{"self":[{"href":"https:\/\/vinilozona.lt\/en\/wp-json\/wp\/v2\/product\/17573"}],"collection":[{"href":"https:\/\/vinilozona.lt\/en\/wp-json\/wp\/v2\/product"}],"about":[{"href":"https:\/\/vinilozona.lt\/en\/wp-json\/wp\/v2\/types\/product"}],"wp:featuredmedia":[{"embeddable":true,"href":"https:\/\/vinilozona.lt\/en\/wp-json\/wp\/v2\/media\/17574"}],"wp:attachment":[{"href":"https:\/\/vinilozona.lt\/en\/wp-json\/wp\/v2\/media?parent=17573"}],"wp:term":[{"taxonomy":"product_cat","embeddable":true,"href":"https:\/\/vinilozona.lt\/en\/wp-json\/wp\/v2\/product_cat?post=17573"},{"taxonomy":"product_tag","embeddable":true,"href":"https:\/\/vinilozona.lt\/en\/wp-json\/wp\/v2\/product_tag?post=17573"}],"curies":[{"name":"wp","href":"https:\/\/api.w.org\/{rel}","templated":true}]}}