{"id":17567,"date":"2024-05-04T05:05:34","date_gmt":"2024-05-04T02:05:34","guid":{"rendered":"https:\/\/vinilozona.lt\/?post_type=product&#038;p=17567"},"modified":"2024-12-18T13:53:21","modified_gmt":"2024-12-18T11:53:21","slug":"john-lennon-walls-and-bridges","status":"publish","type":"product","link":"https:\/\/vinilozona.lt\/en\/parduotuve\/various-rinkiniai\/john-lennon-walls-and-bridges\/","title":{"rendered":"Various \u2013 Rock Ballads  (Scorpiions, Rainbow, Bon Jovi, Cinderella&#8230; )"},"content":{"rendered":"<p>A1\tScorpions\u2013\tWind Of Change<br \/>\nA2\tMagnum \u2013\tNeed A Lot Of Love (Extended Remix)<br \/>\nA3\tJon Bon Jovi\u2013\tMiracle<br \/>\nA4\tSteve Thomson\u2013\tDream On<br \/>\nA5\tRobin Beck\u2013\tFirst Time<br \/>\nA6\tNazareth \u2013\tLove Hurts<br \/>\nA7\tYngwie Malmsteen\u2013\tSave Our Love<br \/>\nA8\tBon Jovi\u2013\tI&#8217;ll Be There For You<br \/>\nB1\tExtreme \u2013\tMore Than Words<br \/>\nB2\tRainbow\u2013\tCatch The Rainbow<br \/>\nB3\tCinderella \u2013\tHeartbreak Station<br \/>\nB4\tChina \u2013\tSo Long<br \/>\nB5\tL.A. Guns\u2013\tThe Ballad Of Jane<br \/>\nB6\tDeep Purple\u2013\tWasted Sunsets<br \/>\nB7\tDoro\u2013\tA Whiter Shade Of Pale<br \/>\nB8\tKingdom Come \u2013\tYou&#8217;ll Never Know<\/p>","protected":false},"excerpt":{"rendered":"<p>Vertigo \u2013 845 737-1<br \/>\nFormat:<br \/>\nVinyl, LP, Compilation<br \/>\nCountry:\tGermany<br \/>\nReleased:\t1991<\/p>","protected":false},"featured_media":24869,"template":"","meta":[],"product_cat":[906],"product_tag":[44],"yoast_head":"<!-- This site is optimized with the Yoast SEO plugin v23.5 - https:\/\/yoast.com\/wordpress\/plugins\/seo\/ -->\n<title>Various \u2013 Rock Ballads (Scorpiions, Rainbow, Bon Jovi, Cinderella... ) Vinilin\u0117 Plok\u0161tel\u0117 | Vinilozona.lt<\/title>\n<meta name=\"robots\" content=\"index, follow, max-snippet:-1, max-image-preview:large, max-video-preview:-1\" \/>\n<link rel=\"canonical\" href=\"https:\/\/vinilozona.lt\/en\/parduotuve\/various-rinkiniai\/john-lennon-walls-and-bridges\/\" \/>\n<meta property=\"og:locale\" content=\"en_GB\" \/>\n<meta property=\"og:type\" content=\"article\" \/>\n<meta property=\"og:title\" content=\"Various \u2013 Rock Ballads (Scorpiions, Rainbow, Bon Jovi, Cinderella... ) Vinilin\u0117 Plok\u0161tel\u0117 | Vinilozona.lt\" \/>\n<meta property=\"og:description\" content=\"Vertigo \u2013 845 737-1 Format:  Vinyl, LP, Compilation Country: Germany Released: 1991\" \/>\n<meta property=\"og:url\" content=\"https:\/\/vinilozona.lt\/en\/parduotuve\/various-rinkiniai\/john-lennon-walls-and-bridges\/\" \/>\n<meta property=\"og:site_name\" content=\"Vinilo Zona\" \/>\n<meta property=\"article:modified_time\" content=\"2024-12-18T11:53:21+00:00\" \/>\n<meta property=\"og:image\" content=\"https:\/\/vinilozona.lt\/wp-content\/uploads\/2021\/12\/R-8410082-1627675566-1562.jpg\" \/>\n\t<meta property=\"og:image:width\" content=\"600\" \/>\n\t<meta property=\"og:image:height\" content=\"591\" \/>\n\t<meta property=\"og:image:type\" content=\"image\/jpeg\" \/>\n<meta name=\"twitter:card\" content=\"summary_large_image\" \/>\n<script type=\"application\/ld+json\" class=\"yoast-schema-graph\">{\"@context\":\"https:\/\/schema.org\",\"@graph\":[{\"@type\":\"WebPage\",\"@id\":\"https:\/\/vinilozona.lt\/parduotuve\/various-rinkiniai\/john-lennon-walls-and-bridges\/\",\"url\":\"https:\/\/vinilozona.lt\/parduotuve\/various-rinkiniai\/john-lennon-walls-and-bridges\/\",\"name\":\"Various \u2013 Rock Ballads (Scorpiions, Rainbow, Bon Jovi, Cinderella... ) Vinilin\u0117 Plok\u0161tel\u0117 | Vinilozona.lt\",\"isPartOf\":{\"@id\":\"https:\/\/vinilozona.lt\/#website\"},\"primaryImageOfPage\":{\"@id\":\"https:\/\/vinilozona.lt\/parduotuve\/various-rinkiniai\/john-lennon-walls-and-bridges\/#primaryimage\"},\"image\":{\"@id\":\"https:\/\/vinilozona.lt\/parduotuve\/various-rinkiniai\/john-lennon-walls-and-bridges\/#primaryimage\"},\"thumbnailUrl\":\"https:\/\/vinilozona.lt\/wp-content\/uploads\/2021\/12\/R-8410082-1627675566-1562.jpg\",\"datePublished\":\"2024-05-04T02:05:34+00:00\",\"dateModified\":\"2024-12-18T11:53:21+00:00\",\"breadcrumb\":{\"@id\":\"https:\/\/vinilozona.lt\/parduotuve\/various-rinkiniai\/john-lennon-walls-and-bridges\/#breadcrumb\"},\"inLanguage\":\"en-GB\",\"potentialAction\":[{\"@type\":\"ReadAction\",\"target\":[\"https:\/\/vinilozona.lt\/parduotuve\/various-rinkiniai\/john-lennon-walls-and-bridges\/\"]}]},{\"@type\":\"ImageObject\",\"inLanguage\":\"en-GB\",\"@id\":\"https:\/\/vinilozona.lt\/parduotuve\/various-rinkiniai\/john-lennon-walls-and-bridges\/#primaryimage\",\"url\":\"https:\/\/vinilozona.lt\/wp-content\/uploads\/2021\/12\/R-8410082-1627675566-1562.jpg\",\"contentUrl\":\"https:\/\/vinilozona.lt\/wp-content\/uploads\/2021\/12\/R-8410082-1627675566-1562.jpg\",\"width\":600,\"height\":591},{\"@type\":\"BreadcrumbList\",\"@id\":\"https:\/\/vinilozona.lt\/parduotuve\/various-rinkiniai\/john-lennon-walls-and-bridges\/#breadcrumb\",\"itemListElement\":[{\"@type\":\"ListItem\",\"position\":1,\"name\":\"Home\",\"item\":\"https:\/\/vinilozona.lt\/\"},{\"@type\":\"ListItem\",\"position\":2,\"name\":\"Parduotuv\u0117\",\"item\":\"https:\/\/vinilozona.lt\/parduotuve\/\"},{\"@type\":\"ListItem\",\"position\":3,\"name\":\"Various \u2013 Rock Ballads (Scorpiions, Rainbow, Bon Jovi, Cinderella&#8230; )\"}]},{\"@type\":\"WebSite\",\"@id\":\"https:\/\/vinilozona.lt\/#website\",\"url\":\"https:\/\/vinilozona.lt\/\",\"name\":\"Vinilo Zona\",\"description\":\"Nup\u016bsk dulkes ir klausyk LP\",\"potentialAction\":[{\"@type\":\"SearchAction\",\"target\":{\"@type\":\"EntryPoint\",\"urlTemplate\":\"https:\/\/vinilozona.lt\/?s={search_term_string}\"},\"query-input\":{\"@type\":\"PropertyValueSpecification\",\"valueRequired\":true,\"valueName\":\"search_term_string\"}}],\"inLanguage\":\"en-GB\"}]}<\/script>\n<!-- \/ Yoast SEO plugin. -->","yoast_head_json":{"title":"Various \u2013 Rock Ballads (Scorpiions, Rainbow, Bon Jovi, Cinderella... ) Vinilin\u0117 Plok\u0161tel\u0117 | Vinilozona.lt","robots":{"index":"index","follow":"follow","max-snippet":"max-snippet:-1","max-image-preview":"max-image-preview:large","max-video-preview":"max-video-preview:-1"},"canonical":"https:\/\/vinilozona.lt\/en\/parduotuve\/various-rinkiniai\/john-lennon-walls-and-bridges\/","og_locale":"en_GB","og_type":"article","og_title":"Various \u2013 Rock Ballads (Scorpiions, Rainbow, Bon Jovi, Cinderella... ) Vinilin\u0117 Plok\u0161tel\u0117 | Vinilozona.lt","og_description":"Vertigo \u2013 845 737-1 Format:  Vinyl, LP, Compilation Country: Germany Released: 1991","og_url":"https:\/\/vinilozona.lt\/en\/parduotuve\/various-rinkiniai\/john-lennon-walls-and-bridges\/","og_site_name":"Vinilo Zona","article_modified_time":"2024-12-18T11:53:21+00:00","og_image":[{"width":600,"height":591,"url":"https:\/\/vinilozona.lt\/wp-content\/uploads\/2021\/12\/R-8410082-1627675566-1562.jpg","type":"image\/jpeg"}],"twitter_card":"summary_large_image","schema":{"@context":"https:\/\/schema.org","@graph":[{"@type":"WebPage","@id":"https:\/\/vinilozona.lt\/parduotuve\/various-rinkiniai\/john-lennon-walls-and-bridges\/","url":"https:\/\/vinilozona.lt\/parduotuve\/various-rinkiniai\/john-lennon-walls-and-bridges\/","name":"Various \u2013 Rock Ballads (Scorpiions, Rainbow, Bon Jovi, Cinderella... ) Vinilin\u0117 Plok\u0161tel\u0117 | Vinilozona.lt","isPartOf":{"@id":"https:\/\/vinilozona.lt\/#website"},"primaryImageOfPage":{"@id":"https:\/\/vinilozona.lt\/parduotuve\/various-rinkiniai\/john-lennon-walls-and-bridges\/#primaryimage"},"image":{"@id":"https:\/\/vinilozona.lt\/parduotuve\/various-rinkiniai\/john-lennon-walls-and-bridges\/#primaryimage"},"thumbnailUrl":"https:\/\/vinilozona.lt\/wp-content\/uploads\/2021\/12\/R-8410082-1627675566-1562.jpg","datePublished":"2024-05-04T02:05:34+00:00","dateModified":"2024-12-18T11:53:21+00:00","breadcrumb":{"@id":"https:\/\/vinilozona.lt\/parduotuve\/various-rinkiniai\/john-lennon-walls-and-bridges\/#breadcrumb"},"inLanguage":"en-GB","potentialAction":[{"@type":"ReadAction","target":["https:\/\/vinilozona.lt\/parduotuve\/various-rinkiniai\/john-lennon-walls-and-bridges\/"]}]},{"@type":"ImageObject","inLanguage":"en-GB","@id":"https:\/\/vinilozona.lt\/parduotuve\/various-rinkiniai\/john-lennon-walls-and-bridges\/#primaryimage","url":"https:\/\/vinilozona.lt\/wp-content\/uploads\/2021\/12\/R-8410082-1627675566-1562.jpg","contentUrl":"https:\/\/vinilozona.lt\/wp-content\/uploads\/2021\/12\/R-8410082-1627675566-1562.jpg","width":600,"height":591},{"@type":"BreadcrumbList","@id":"https:\/\/vinilozona.lt\/parduotuve\/various-rinkiniai\/john-lennon-walls-and-bridges\/#breadcrumb","itemListElement":[{"@type":"ListItem","position":1,"name":"Home","item":"https:\/\/vinilozona.lt\/"},{"@type":"ListItem","position":2,"name":"Parduotuv\u0117","item":"https:\/\/vinilozona.lt\/parduotuve\/"},{"@type":"ListItem","position":3,"name":"Various \u2013 Rock Ballads (Scorpiions, Rainbow, Bon Jovi, Cinderella&#8230; )"}]},{"@type":"WebSite","@id":"https:\/\/vinilozona.lt\/#website","url":"https:\/\/vinilozona.lt\/","name":"Vinilo Zona","description":"Nup\u016bsk dulkes ir klausyk LP","potentialAction":[{"@type":"SearchAction","target":{"@type":"EntryPoint","urlTemplate":"https:\/\/vinilozona.lt\/?s={search_term_string}"},"query-input":{"@type":"PropertyValueSpecification","valueRequired":true,"valueName":"search_term_string"}}],"inLanguage":"en-GB"}]}},"_links":{"self":[{"href":"https:\/\/vinilozona.lt\/en\/wp-json\/wp\/v2\/product\/17567"}],"collection":[{"href":"https:\/\/vinilozona.lt\/en\/wp-json\/wp\/v2\/product"}],"about":[{"href":"https:\/\/vinilozona.lt\/en\/wp-json\/wp\/v2\/types\/product"}],"wp:featuredmedia":[{"embeddable":true,"href":"https:\/\/vinilozona.lt\/en\/wp-json\/wp\/v2\/media\/24869"}],"wp:attachment":[{"href":"https:\/\/vinilozona.lt\/en\/wp-json\/wp\/v2\/media?parent=17567"}],"wp:term":[{"taxonomy":"product_cat","embeddable":true,"href":"https:\/\/vinilozona.lt\/en\/wp-json\/wp\/v2\/product_cat?post=17567"},{"taxonomy":"product_tag","embeddable":true,"href":"https:\/\/vinilozona.lt\/en\/wp-json\/wp\/v2\/product_tag?post=17567"}],"curies":[{"name":"wp","href":"https:\/\/api.w.org\/{rel}","templated":true}]}}