{"id":17510,"date":"2021-12-16T12:56:29","date_gmt":"2021-12-16T10:56:29","guid":{"rendered":"https:\/\/vinilozona.lt\/?post_type=product&#038;p=17510"},"modified":"2021-12-16T12:56:30","modified_gmt":"2021-12-16T10:56:30","slug":"delaney-bonnie-friends-with-eric-clapton-on-tour","status":"publish","type":"product","link":"https:\/\/vinilozona.lt\/en\/parduotuve\/made-in-japan\/delaney-bonnie-friends-with-eric-clapton-on-tour\/","title":{"rendered":"Delaney &#038; Bonnie &#038; Friends With Eric Clapton \u2013 On Tour"},"content":{"rendered":"<p>Things Get Better\t4:20<br \/>\nPoor Elijah &#8211; Tribute To Johnson (Medley)\t(5:00)<br \/>\nPoor Elijah<br \/>\nTribute<br \/>\nOnly You Know And I Know\t4:10<br \/>\nI Don&#8217;t Want To Discuss It\t4:55<br \/>\nThat&#8217;s What My Man Is For\t4:30<br \/>\nWhere There&#8217;s A Will, There&#8217;s A Way\t4:57<br \/>\nComing Home\t5:30<br \/>\nLittle Richard Medley\t(5:45)<br \/>\nLong Tall Sally<br \/>\nJenny Jenny<br \/>\nThe Girl Can&#8217;t Help It\t<\/p>","protected":false},"excerpt":{"rendered":"<p>Atlantic \u2013 P-4536A<br \/>\nSeries:\tRock Forever 1500<br \/>\nFormat:<br \/>\nVinyl, LP, Album, Reissue<br \/>\nCountry:\tJapan<br \/>\nReleased:\t1979<\/p>","protected":false},"featured_media":17511,"template":"","meta":[],"product_cat":[39],"product_tag":[239],"yoast_head":"<!-- This site is optimized with the Yoast SEO plugin v23.5 - https:\/\/yoast.com\/wordpress\/plugins\/seo\/ -->\n<title>Delaney &amp; Bonnie &amp; Friends With Eric Clapton \u2013 On Tour Vinilin\u0117 Plok\u0161tel\u0117 | Vinilozona.lt<\/title>\n<meta name=\"robots\" content=\"index, follow, max-snippet:-1, max-image-preview:large, max-video-preview:-1\" \/>\n<link rel=\"canonical\" href=\"https:\/\/vinilozona.lt\/en\/parduotuve\/made-in-japan\/delaney-bonnie-friends-with-eric-clapton-on-tour\/\" \/>\n<meta property=\"og:locale\" content=\"en_GB\" \/>\n<meta property=\"og:type\" content=\"article\" \/>\n<meta property=\"og:title\" content=\"Delaney &amp; Bonnie &amp; Friends With Eric Clapton \u2013 On Tour Vinilin\u0117 Plok\u0161tel\u0117 | Vinilozona.lt\" \/>\n<meta property=\"og:description\" content=\"Atlantic \u2013 P-4536A Series: Rock Forever 1500 Format:  Vinyl, LP, Album, Reissue Country: Japan Released: 1979\" \/>\n<meta property=\"og:url\" content=\"https:\/\/vinilozona.lt\/en\/parduotuve\/made-in-japan\/delaney-bonnie-friends-with-eric-clapton-on-tour\/\" \/>\n<meta property=\"og:site_name\" content=\"Vinilo Zona\" \/>\n<meta property=\"article:modified_time\" content=\"2021-12-16T10:56:30+00:00\" \/>\n<meta property=\"og:image\" content=\"https:\/\/vinilozona.lt\/wp-content\/uploads\/2021\/12\/R-6247550-1588533861-7416.jpeg.jpg\" \/>\n\t<meta property=\"og:image:width\" content=\"600\" \/>\n\t<meta property=\"og:image:height\" content=\"642\" \/>\n\t<meta property=\"og:image:type\" content=\"image\/jpeg\" \/>\n<meta name=\"twitter:card\" content=\"summary_large_image\" \/>\n<script type=\"application\/ld+json\" class=\"yoast-schema-graph\">{\"@context\":\"https:\/\/schema.org\",\"@graph\":[{\"@type\":\"WebPage\",\"@id\":\"https:\/\/vinilozona.lt\/parduotuve\/made-in-japan\/delaney-bonnie-friends-with-eric-clapton-on-tour\/\",\"url\":\"https:\/\/vinilozona.lt\/parduotuve\/made-in-japan\/delaney-bonnie-friends-with-eric-clapton-on-tour\/\",\"name\":\"Delaney & Bonnie & Friends With Eric Clapton \u2013 On Tour Vinilin\u0117 Plok\u0161tel\u0117 | Vinilozona.lt\",\"isPartOf\":{\"@id\":\"https:\/\/vinilozona.lt\/#website\"},\"primaryImageOfPage\":{\"@id\":\"https:\/\/vinilozona.lt\/parduotuve\/made-in-japan\/delaney-bonnie-friends-with-eric-clapton-on-tour\/#primaryimage\"},\"image\":{\"@id\":\"https:\/\/vinilozona.lt\/parduotuve\/made-in-japan\/delaney-bonnie-friends-with-eric-clapton-on-tour\/#primaryimage\"},\"thumbnailUrl\":\"https:\/\/vinilozona.lt\/wp-content\/uploads\/2021\/12\/R-6247550-1588533861-7416.jpeg.jpg\",\"datePublished\":\"2021-12-16T10:56:29+00:00\",\"dateModified\":\"2021-12-16T10:56:30+00:00\",\"breadcrumb\":{\"@id\":\"https:\/\/vinilozona.lt\/parduotuve\/made-in-japan\/delaney-bonnie-friends-with-eric-clapton-on-tour\/#breadcrumb\"},\"inLanguage\":\"en-GB\",\"potentialAction\":[{\"@type\":\"ReadAction\",\"target\":[\"https:\/\/vinilozona.lt\/parduotuve\/made-in-japan\/delaney-bonnie-friends-with-eric-clapton-on-tour\/\"]}]},{\"@type\":\"ImageObject\",\"inLanguage\":\"en-GB\",\"@id\":\"https:\/\/vinilozona.lt\/parduotuve\/made-in-japan\/delaney-bonnie-friends-with-eric-clapton-on-tour\/#primaryimage\",\"url\":\"https:\/\/vinilozona.lt\/wp-content\/uploads\/2021\/12\/R-6247550-1588533861-7416.jpeg.jpg\",\"contentUrl\":\"https:\/\/vinilozona.lt\/wp-content\/uploads\/2021\/12\/R-6247550-1588533861-7416.jpeg.jpg\",\"width\":600,\"height\":642},{\"@type\":\"BreadcrumbList\",\"@id\":\"https:\/\/vinilozona.lt\/parduotuve\/made-in-japan\/delaney-bonnie-friends-with-eric-clapton-on-tour\/#breadcrumb\",\"itemListElement\":[{\"@type\":\"ListItem\",\"position\":1,\"name\":\"Home\",\"item\":\"https:\/\/vinilozona.lt\/\"},{\"@type\":\"ListItem\",\"position\":2,\"name\":\"Parduotuv\u0117\",\"item\":\"https:\/\/vinilozona.lt\/parduotuve\/\"},{\"@type\":\"ListItem\",\"position\":3,\"name\":\"Delaney &#038; Bonnie &#038; Friends With Eric Clapton \u2013 On Tour\"}]},{\"@type\":\"WebSite\",\"@id\":\"https:\/\/vinilozona.lt\/#website\",\"url\":\"https:\/\/vinilozona.lt\/\",\"name\":\"Vinilo Zona\",\"description\":\"Nup\u016bsk dulkes ir klausyk LP\",\"potentialAction\":[{\"@type\":\"SearchAction\",\"target\":{\"@type\":\"EntryPoint\",\"urlTemplate\":\"https:\/\/vinilozona.lt\/?s={search_term_string}\"},\"query-input\":{\"@type\":\"PropertyValueSpecification\",\"valueRequired\":true,\"valueName\":\"search_term_string\"}}],\"inLanguage\":\"en-GB\"}]}<\/script>\n<!-- \/ Yoast SEO plugin. -->","yoast_head_json":{"title":"Delaney & Bonnie & Friends With Eric Clapton \u2013 On Tour Vinilin\u0117 Plok\u0161tel\u0117 | Vinilozona.lt","robots":{"index":"index","follow":"follow","max-snippet":"max-snippet:-1","max-image-preview":"max-image-preview:large","max-video-preview":"max-video-preview:-1"},"canonical":"https:\/\/vinilozona.lt\/en\/parduotuve\/made-in-japan\/delaney-bonnie-friends-with-eric-clapton-on-tour\/","og_locale":"en_GB","og_type":"article","og_title":"Delaney & Bonnie & Friends With Eric Clapton \u2013 On Tour Vinilin\u0117 Plok\u0161tel\u0117 | Vinilozona.lt","og_description":"Atlantic \u2013 P-4536A Series: Rock Forever 1500 Format:  Vinyl, LP, Album, Reissue Country: Japan Released: 1979","og_url":"https:\/\/vinilozona.lt\/en\/parduotuve\/made-in-japan\/delaney-bonnie-friends-with-eric-clapton-on-tour\/","og_site_name":"Vinilo Zona","article_modified_time":"2021-12-16T10:56:30+00:00","og_image":[{"width":600,"height":642,"url":"https:\/\/vinilozona.lt\/wp-content\/uploads\/2021\/12\/R-6247550-1588533861-7416.jpeg.jpg","type":"image\/jpeg"}],"twitter_card":"summary_large_image","schema":{"@context":"https:\/\/schema.org","@graph":[{"@type":"WebPage","@id":"https:\/\/vinilozona.lt\/parduotuve\/made-in-japan\/delaney-bonnie-friends-with-eric-clapton-on-tour\/","url":"https:\/\/vinilozona.lt\/parduotuve\/made-in-japan\/delaney-bonnie-friends-with-eric-clapton-on-tour\/","name":"Delaney & Bonnie & Friends With Eric Clapton \u2013 On Tour Vinilin\u0117 Plok\u0161tel\u0117 | Vinilozona.lt","isPartOf":{"@id":"https:\/\/vinilozona.lt\/#website"},"primaryImageOfPage":{"@id":"https:\/\/vinilozona.lt\/parduotuve\/made-in-japan\/delaney-bonnie-friends-with-eric-clapton-on-tour\/#primaryimage"},"image":{"@id":"https:\/\/vinilozona.lt\/parduotuve\/made-in-japan\/delaney-bonnie-friends-with-eric-clapton-on-tour\/#primaryimage"},"thumbnailUrl":"https:\/\/vinilozona.lt\/wp-content\/uploads\/2021\/12\/R-6247550-1588533861-7416.jpeg.jpg","datePublished":"2021-12-16T10:56:29+00:00","dateModified":"2021-12-16T10:56:30+00:00","breadcrumb":{"@id":"https:\/\/vinilozona.lt\/parduotuve\/made-in-japan\/delaney-bonnie-friends-with-eric-clapton-on-tour\/#breadcrumb"},"inLanguage":"en-GB","potentialAction":[{"@type":"ReadAction","target":["https:\/\/vinilozona.lt\/parduotuve\/made-in-japan\/delaney-bonnie-friends-with-eric-clapton-on-tour\/"]}]},{"@type":"ImageObject","inLanguage":"en-GB","@id":"https:\/\/vinilozona.lt\/parduotuve\/made-in-japan\/delaney-bonnie-friends-with-eric-clapton-on-tour\/#primaryimage","url":"https:\/\/vinilozona.lt\/wp-content\/uploads\/2021\/12\/R-6247550-1588533861-7416.jpeg.jpg","contentUrl":"https:\/\/vinilozona.lt\/wp-content\/uploads\/2021\/12\/R-6247550-1588533861-7416.jpeg.jpg","width":600,"height":642},{"@type":"BreadcrumbList","@id":"https:\/\/vinilozona.lt\/parduotuve\/made-in-japan\/delaney-bonnie-friends-with-eric-clapton-on-tour\/#breadcrumb","itemListElement":[{"@type":"ListItem","position":1,"name":"Home","item":"https:\/\/vinilozona.lt\/"},{"@type":"ListItem","position":2,"name":"Parduotuv\u0117","item":"https:\/\/vinilozona.lt\/parduotuve\/"},{"@type":"ListItem","position":3,"name":"Delaney &#038; Bonnie &#038; Friends With Eric Clapton \u2013 On Tour"}]},{"@type":"WebSite","@id":"https:\/\/vinilozona.lt\/#website","url":"https:\/\/vinilozona.lt\/","name":"Vinilo Zona","description":"Nup\u016bsk dulkes ir klausyk LP","potentialAction":[{"@type":"SearchAction","target":{"@type":"EntryPoint","urlTemplate":"https:\/\/vinilozona.lt\/?s={search_term_string}"},"query-input":{"@type":"PropertyValueSpecification","valueRequired":true,"valueName":"search_term_string"}}],"inLanguage":"en-GB"}]}},"_links":{"self":[{"href":"https:\/\/vinilozona.lt\/en\/wp-json\/wp\/v2\/product\/17510"}],"collection":[{"href":"https:\/\/vinilozona.lt\/en\/wp-json\/wp\/v2\/product"}],"about":[{"href":"https:\/\/vinilozona.lt\/en\/wp-json\/wp\/v2\/types\/product"}],"wp:featuredmedia":[{"embeddable":true,"href":"https:\/\/vinilozona.lt\/en\/wp-json\/wp\/v2\/media\/17511"}],"wp:attachment":[{"href":"https:\/\/vinilozona.lt\/en\/wp-json\/wp\/v2\/media?parent=17510"}],"wp:term":[{"taxonomy":"product_cat","embeddable":true,"href":"https:\/\/vinilozona.lt\/en\/wp-json\/wp\/v2\/product_cat?post=17510"},{"taxonomy":"product_tag","embeddable":true,"href":"https:\/\/vinilozona.lt\/en\/wp-json\/wp\/v2\/product_tag?post=17510"}],"curies":[{"name":"wp","href":"https:\/\/api.w.org\/{rel}","templated":true}]}}