{"id":17460,"date":"2021-12-15T18:10:20","date_gmt":"2021-12-15T16:10:20","guid":{"rendered":"https:\/\/vinilozona.lt\/?post_type=product&#038;p=17460"},"modified":"2022-10-23T19:39:48","modified_gmt":"2022-10-23T16:39:48","slug":"yes-yessongs","status":"publish","type":"product","link":"https:\/\/vinilozona.lt\/en\/parduotuve\/made-in-japan\/yes-yessongs\/","title":{"rendered":"Yes \u2013 Yessongs"},"content":{"rendered":"<p>A1\t\tOpening (Excerpt From &#8222;Firebird Suite&#8221;)\t3:26<br \/>\nA2\t\tSiberian Khatru\t9:14<br \/>\nA3\t\tHeart Of The Sunrise\t11:22<br \/>\nB1\t\tPerpetual Change\t14:16<br \/>\nAnd You &#038; I\t(9:41)<br \/>\nB2a\t\tCord Of Life<br \/>\nB2b\t\tEclipse<br \/>\nB2c\t\tThe Preacher And The Teacher<br \/>\nB2d\t\tApocalypse<br \/>\nC1\t\tMood For A Day\t2:52<br \/>\nC2\t\tExcerpts From &#8222;The Six Wives Of Henry VIII&#8221;\t6:35<br \/>\nC3\t\tRoundabout\t8:31<br \/>\nD1\t\tYour Move \/ All Good People\t7:05<br \/>\nD2\t\tLong Distance Runaround \/ The Fish\t13:35<br \/>\nClose To The Edge\t(18:13)<br \/>\nEa\t\tThe Solid Time Of Change<br \/>\nEb\t\tTotal Mass Retain<br \/>\nEc\t\tI Get Up I Get Down<br \/>\nEd\t\tSeasons Of Man<br \/>\nF1\t\tYours Is No Disgrace\t14:18<br \/>\nStarship Trooper\t(10:16)<br \/>\nF2a\t\tLife Seeker<br \/>\nF2b\t\tDisillusion<br \/>\nF2c\t\tWurm<\/p>","protected":false},"excerpt":{"rendered":"<p>Atlantic \u2013 P-5503~5A<br \/>\nFormat:<br \/>\n3 x Vinyl, LP, Album, Reissue<br \/>\nCountry:\tJapan<br \/>\nReleased:\t1980<\/p>","protected":false},"featured_media":17461,"template":"","meta":[],"product_cat":[39],"product_tag":[239],"yoast_head":"<!-- This site is optimized with the Yoast SEO plugin v23.5 - https:\/\/yoast.com\/wordpress\/plugins\/seo\/ -->\n<title>Yes \u2013 Yessongs Vinilin\u0117 Plok\u0161tel\u0117 | Vinilozona.lt<\/title>\n<meta name=\"robots\" content=\"index, follow, max-snippet:-1, max-image-preview:large, max-video-preview:-1\" \/>\n<link rel=\"canonical\" href=\"https:\/\/vinilozona.lt\/en\/parduotuve\/made-in-japan\/yes-yessongs\/\" \/>\n<meta property=\"og:locale\" content=\"en_GB\" \/>\n<meta property=\"og:type\" content=\"article\" \/>\n<meta property=\"og:title\" content=\"Yes \u2013 Yessongs Vinilin\u0117 Plok\u0161tel\u0117 | Vinilozona.lt\" \/>\n<meta property=\"og:description\" content=\"Atlantic \u2013 P-5503~5A Format:  3 x Vinyl, LP, Album, Reissue Country: Japan Released: 1980\" \/>\n<meta property=\"og:url\" content=\"https:\/\/vinilozona.lt\/en\/parduotuve\/made-in-japan\/yes-yessongs\/\" \/>\n<meta property=\"og:site_name\" content=\"Vinilo Zona\" \/>\n<meta property=\"article:modified_time\" content=\"2022-10-23T16:39:48+00:00\" \/>\n<meta property=\"og:image\" content=\"https:\/\/vinilozona.lt\/wp-content\/uploads\/2021\/12\/R-3171596-1383729289-9690.jpeg.jpg\" \/>\n\t<meta property=\"og:image:width\" content=\"480\" \/>\n\t<meta property=\"og:image:height\" content=\"460\" \/>\n\t<meta property=\"og:image:type\" content=\"image\/jpeg\" \/>\n<meta name=\"twitter:card\" content=\"summary_large_image\" \/>\n<meta name=\"twitter:label1\" content=\"Estimated reading time\" \/>\n\t<meta name=\"twitter:data1\" content=\"1 minute\" \/>\n<script type=\"application\/ld+json\" class=\"yoast-schema-graph\">{\"@context\":\"https:\/\/schema.org\",\"@graph\":[{\"@type\":\"WebPage\",\"@id\":\"https:\/\/vinilozona.lt\/parduotuve\/made-in-japan\/yes-yessongs\/\",\"url\":\"https:\/\/vinilozona.lt\/parduotuve\/made-in-japan\/yes-yessongs\/\",\"name\":\"Yes \u2013 Yessongs Vinilin\u0117 Plok\u0161tel\u0117 | Vinilozona.lt\",\"isPartOf\":{\"@id\":\"https:\/\/vinilozona.lt\/#website\"},\"primaryImageOfPage\":{\"@id\":\"https:\/\/vinilozona.lt\/parduotuve\/made-in-japan\/yes-yessongs\/#primaryimage\"},\"image\":{\"@id\":\"https:\/\/vinilozona.lt\/parduotuve\/made-in-japan\/yes-yessongs\/#primaryimage\"},\"thumbnailUrl\":\"https:\/\/vinilozona.lt\/wp-content\/uploads\/2021\/12\/R-3171596-1383729289-9690.jpeg.jpg\",\"datePublished\":\"2021-12-15T16:10:20+00:00\",\"dateModified\":\"2022-10-23T16:39:48+00:00\",\"breadcrumb\":{\"@id\":\"https:\/\/vinilozona.lt\/parduotuve\/made-in-japan\/yes-yessongs\/#breadcrumb\"},\"inLanguage\":\"en-GB\",\"potentialAction\":[{\"@type\":\"ReadAction\",\"target\":[\"https:\/\/vinilozona.lt\/parduotuve\/made-in-japan\/yes-yessongs\/\"]}]},{\"@type\":\"ImageObject\",\"inLanguage\":\"en-GB\",\"@id\":\"https:\/\/vinilozona.lt\/parduotuve\/made-in-japan\/yes-yessongs\/#primaryimage\",\"url\":\"https:\/\/vinilozona.lt\/wp-content\/uploads\/2021\/12\/R-3171596-1383729289-9690.jpeg.jpg\",\"contentUrl\":\"https:\/\/vinilozona.lt\/wp-content\/uploads\/2021\/12\/R-3171596-1383729289-9690.jpeg.jpg\",\"width\":480,\"height\":460},{\"@type\":\"BreadcrumbList\",\"@id\":\"https:\/\/vinilozona.lt\/parduotuve\/made-in-japan\/yes-yessongs\/#breadcrumb\",\"itemListElement\":[{\"@type\":\"ListItem\",\"position\":1,\"name\":\"Home\",\"item\":\"https:\/\/vinilozona.lt\/\"},{\"@type\":\"ListItem\",\"position\":2,\"name\":\"Parduotuv\u0117\",\"item\":\"https:\/\/vinilozona.lt\/parduotuve\/\"},{\"@type\":\"ListItem\",\"position\":3,\"name\":\"Yes \u2013 Yessongs\"}]},{\"@type\":\"WebSite\",\"@id\":\"https:\/\/vinilozona.lt\/#website\",\"url\":\"https:\/\/vinilozona.lt\/\",\"name\":\"Vinilo Zona\",\"description\":\"Nup\u016bsk dulkes ir klausyk LP\",\"potentialAction\":[{\"@type\":\"SearchAction\",\"target\":{\"@type\":\"EntryPoint\",\"urlTemplate\":\"https:\/\/vinilozona.lt\/?s={search_term_string}\"},\"query-input\":{\"@type\":\"PropertyValueSpecification\",\"valueRequired\":true,\"valueName\":\"search_term_string\"}}],\"inLanguage\":\"en-GB\"}]}<\/script>\n<!-- \/ Yoast SEO plugin. -->","yoast_head_json":{"title":"Yes \u2013 Yessongs Vinilin\u0117 Plok\u0161tel\u0117 | Vinilozona.lt","robots":{"index":"index","follow":"follow","max-snippet":"max-snippet:-1","max-image-preview":"max-image-preview:large","max-video-preview":"max-video-preview:-1"},"canonical":"https:\/\/vinilozona.lt\/en\/parduotuve\/made-in-japan\/yes-yessongs\/","og_locale":"en_GB","og_type":"article","og_title":"Yes \u2013 Yessongs Vinilin\u0117 Plok\u0161tel\u0117 | Vinilozona.lt","og_description":"Atlantic \u2013 P-5503~5A Format:  3 x Vinyl, LP, Album, Reissue Country: Japan Released: 1980","og_url":"https:\/\/vinilozona.lt\/en\/parduotuve\/made-in-japan\/yes-yessongs\/","og_site_name":"Vinilo Zona","article_modified_time":"2022-10-23T16:39:48+00:00","og_image":[{"width":480,"height":460,"url":"https:\/\/vinilozona.lt\/wp-content\/uploads\/2021\/12\/R-3171596-1383729289-9690.jpeg.jpg","type":"image\/jpeg"}],"twitter_card":"summary_large_image","twitter_misc":{"Estimated reading time":"1 minute"},"schema":{"@context":"https:\/\/schema.org","@graph":[{"@type":"WebPage","@id":"https:\/\/vinilozona.lt\/parduotuve\/made-in-japan\/yes-yessongs\/","url":"https:\/\/vinilozona.lt\/parduotuve\/made-in-japan\/yes-yessongs\/","name":"Yes \u2013 Yessongs Vinilin\u0117 Plok\u0161tel\u0117 | Vinilozona.lt","isPartOf":{"@id":"https:\/\/vinilozona.lt\/#website"},"primaryImageOfPage":{"@id":"https:\/\/vinilozona.lt\/parduotuve\/made-in-japan\/yes-yessongs\/#primaryimage"},"image":{"@id":"https:\/\/vinilozona.lt\/parduotuve\/made-in-japan\/yes-yessongs\/#primaryimage"},"thumbnailUrl":"https:\/\/vinilozona.lt\/wp-content\/uploads\/2021\/12\/R-3171596-1383729289-9690.jpeg.jpg","datePublished":"2021-12-15T16:10:20+00:00","dateModified":"2022-10-23T16:39:48+00:00","breadcrumb":{"@id":"https:\/\/vinilozona.lt\/parduotuve\/made-in-japan\/yes-yessongs\/#breadcrumb"},"inLanguage":"en-GB","potentialAction":[{"@type":"ReadAction","target":["https:\/\/vinilozona.lt\/parduotuve\/made-in-japan\/yes-yessongs\/"]}]},{"@type":"ImageObject","inLanguage":"en-GB","@id":"https:\/\/vinilozona.lt\/parduotuve\/made-in-japan\/yes-yessongs\/#primaryimage","url":"https:\/\/vinilozona.lt\/wp-content\/uploads\/2021\/12\/R-3171596-1383729289-9690.jpeg.jpg","contentUrl":"https:\/\/vinilozona.lt\/wp-content\/uploads\/2021\/12\/R-3171596-1383729289-9690.jpeg.jpg","width":480,"height":460},{"@type":"BreadcrumbList","@id":"https:\/\/vinilozona.lt\/parduotuve\/made-in-japan\/yes-yessongs\/#breadcrumb","itemListElement":[{"@type":"ListItem","position":1,"name":"Home","item":"https:\/\/vinilozona.lt\/"},{"@type":"ListItem","position":2,"name":"Parduotuv\u0117","item":"https:\/\/vinilozona.lt\/parduotuve\/"},{"@type":"ListItem","position":3,"name":"Yes \u2013 Yessongs"}]},{"@type":"WebSite","@id":"https:\/\/vinilozona.lt\/#website","url":"https:\/\/vinilozona.lt\/","name":"Vinilo Zona","description":"Nup\u016bsk dulkes ir klausyk LP","potentialAction":[{"@type":"SearchAction","target":{"@type":"EntryPoint","urlTemplate":"https:\/\/vinilozona.lt\/?s={search_term_string}"},"query-input":{"@type":"PropertyValueSpecification","valueRequired":true,"valueName":"search_term_string"}}],"inLanguage":"en-GB"}]}},"_links":{"self":[{"href":"https:\/\/vinilozona.lt\/en\/wp-json\/wp\/v2\/product\/17460"}],"collection":[{"href":"https:\/\/vinilozona.lt\/en\/wp-json\/wp\/v2\/product"}],"about":[{"href":"https:\/\/vinilozona.lt\/en\/wp-json\/wp\/v2\/types\/product"}],"wp:featuredmedia":[{"embeddable":true,"href":"https:\/\/vinilozona.lt\/en\/wp-json\/wp\/v2\/media\/17461"}],"wp:attachment":[{"href":"https:\/\/vinilozona.lt\/en\/wp-json\/wp\/v2\/media?parent=17460"}],"wp:term":[{"taxonomy":"product_cat","embeddable":true,"href":"https:\/\/vinilozona.lt\/en\/wp-json\/wp\/v2\/product_cat?post=17460"},{"taxonomy":"product_tag","embeddable":true,"href":"https:\/\/vinilozona.lt\/en\/wp-json\/wp\/v2\/product_tag?post=17460"}],"curies":[{"name":"wp","href":"https:\/\/api.w.org\/{rel}","templated":true}]}}