{"id":17440,"date":"2021-12-13T13:23:20","date_gmt":"2021-12-13T11:23:20","guid":{"rendered":"https:\/\/vinilozona.lt\/?post_type=product&#038;p=17440"},"modified":"2022-01-18T12:24:50","modified_gmt":"2022-01-18T10:24:50","slug":"lee-hazlewood-%e2%80%8e-these-boots-are-made-for-walkin-the-complete-mgm-recordings-2cd","status":"publish","type":"product","link":"https:\/\/vinilozona.lt\/en\/parduotuve\/cd\/naudoti-cd\/lee-hazlewood-%e2%80%8e-these-boots-are-made-for-walkin-the-complete-mgm-recordings-2cd\/","title":{"rendered":"Lee Hazlewood \u200e\u2013 These Boots Are Made For Walkin&#8217; (The Complete MGM Recordings)  2CD"},"content":{"rendered":"<p>1-1\t\u2013Lee Hazlewood With Suzi Jane Hokum*\tThe Girls In Paris\t2:27<br \/>\n1-2\t\u2013Lee Hazlewood\tMy Baby Cried All Night Long\t3:18<br \/>\n1-3\t\u2013Lee Hazlewood\tMy Autumn&#8217;s Done Come\t4:08<br \/>\n1-4\t\u2013Lee Hazlewood With Suzi Jane Hokum*\tSummer Wine\t3:06<br \/>\n1-5\t\u2013Lee Hazlewood\tI Move Around\t3:09<br \/>\n1-6\t\u2013Lee Hazlewood\tYour Sweet Love\t4:09<br \/>\n1-7\t\u2013Lee Hazlewood With Suzi Jane Hokum*\tSand\t3:39<br \/>\n1-8\t\u2013Lee Hazlewood\tDark In My Heart\t2:04<br \/>\n1-9\t\u2013Lee Hazlewood\tAfter Six\t2:25<br \/>\n1-10\t\u2013Lee Hazlewood\tI Am A Part\t2:59<br \/>\n1-11\t\u2013Lee Hazlewood\tBugles In The Afternoon\t3:15<br \/>\n1-12\t\u2013Lee Hazlewood\tNot The Lovin&#8217; Kind\t2:52<br \/>\n1-13\t\u2013Lee Hazlewood\tThese Boots Are Made For Walkin&#8217;\t3:17<br \/>\n1-14\t\u2013Lee Hazlewood\tJos\u00e9\t4:35<br \/>\n1-15\t\u2013Lee Hazlewood\tThe Old Man And His Guitar\t3:11<br \/>\n1-16\t\u2013Lee Hazlewood\tSo Long, Babe\t2:56<br \/>\n1-17\t\u2013Lee Hazlewood\tFor One Moment\t2:40<br \/>\n1-18\t\u2013Lee Hazlewood\tHome (I&#8217;m Home)\t2:23<br \/>\n1-19\t\u2013Lee Hazlewood\tThe Nights\t3:21<br \/>\n1-20\t\u2013Lee Hazlewood With Suzi Jane Hokum*\tSuzi Jane Is Back In Town\t2:29<br \/>\n1-21\t\u2013Lee Hazlewood\tIn Our Time\t2:49<br \/>\n1-22\t\u2013Lee Hazlewood\tWhen A Fool Loves A Fool\t3:04<br \/>\n2-1\t\u2013Lee Hazlewood\tShades\t2:53<br \/>\n2-2\t\u2013Lee Hazlewood\tThis Town\t3:25<br \/>\n2-3\t\u2013Lee Hazlewood\tChild\t2:59<br \/>\n2-4\t\u2013Lee Hazlewood\tStone Cold Blues\t5:16<br \/>\n2-5\t\u2013Lee Hazlewood\tLittle War\t1:59<br \/>\n2-6\t\u2013Lee Hazlewood\tThem Girls\t2:34<br \/>\n2-7\t\u2013Lee Hazlewood\tFort Worth\t2:14<br \/>\n2-8\t\u2013Lee Hazlewood\tHands\t2:19<br \/>\n2-9\t\u2013Lee Hazlewood\tMannford, Oklahoma\t2:20<br \/>\n2-10\t\u2013Lee Hazlewood\tSummer Nights\t2:45<br \/>\n2-11\t\u2013Lee Hazlewood&#8217;s Woodchucks\tMuchacho (Instrumental)\t2:42<br \/>\n2-12\t\u2013Lee Hazlewood&#8217;s Woodchucks\tBatman (Instrumental)\t2:02<br \/>\n2-13\t\u2013Lee Hazlewood&#8217;s Woodchucks\tFrenesi (Instrumental)  2:38<\/p>","protected":false},"excerpt":{"rendered":"<p>Ace \u200e\u2013 CDCHM2 860<br \/>\nFormat:<br \/>\n2 \u00d7 CD, Compilation, Remastered, Stereo, Mono<br \/>\nCountry:<br \/>\nUK<br \/>\nReleased:<br \/>\n04 Nov 2002<\/p>","protected":false},"featured_media":17441,"template":"","meta":[],"product_cat":[24,946],"product_tag":[44],"yoast_head":"<!-- This site is optimized with the Yoast SEO plugin v23.5 - https:\/\/yoast.com\/wordpress\/plugins\/seo\/ -->\n<title>Lee Hazlewood \u200e\u2013 These Boots Are Made For Walkin&#039; (The Complete MGM Recordings) 2CD Vinilin\u0117 Plok\u0161tel\u0117 | Vinilozona.lt<\/title>\n<meta name=\"robots\" content=\"index, follow, max-snippet:-1, max-image-preview:large, max-video-preview:-1\" \/>\n<link rel=\"canonical\" href=\"https:\/\/vinilozona.lt\/en\/parduotuve\/cd\/naudoti-cd\/lee-hazlewood-\u200e-these-boots-are-made-for-walkin-the-complete-mgm-recordings-2cd\/\" \/>\n<meta property=\"og:locale\" content=\"en_GB\" \/>\n<meta property=\"og:type\" content=\"article\" \/>\n<meta property=\"og:title\" content=\"Lee Hazlewood \u200e\u2013 These Boots Are Made For Walkin&#039; (The Complete MGM Recordings) 2CD Vinilin\u0117 Plok\u0161tel\u0117 | Vinilozona.lt\" \/>\n<meta property=\"og:description\" content=\"Ace \u200e\u2013 CDCHM2 860 Format: 2 \u00d7 CD, Compilation, Remastered, Stereo, Mono Country: UK Released: 04 Nov 2002\" \/>\n<meta property=\"og:url\" content=\"https:\/\/vinilozona.lt\/en\/parduotuve\/cd\/naudoti-cd\/lee-hazlewood-\u200e-these-boots-are-made-for-walkin-the-complete-mgm-recordings-2cd\/\" \/>\n<meta property=\"og:site_name\" content=\"Vinilo Zona\" \/>\n<meta property=\"article:modified_time\" content=\"2022-01-18T10:24:50+00:00\" \/>\n<meta property=\"og:image\" content=\"https:\/\/vinilozona.lt\/wp-content\/uploads\/2021\/12\/R-17149882-1611860451-3450.jpeg.jpg\" \/>\n\t<meta property=\"og:image:width\" content=\"600\" \/>\n\t<meta property=\"og:image:height\" content=\"583\" \/>\n\t<meta property=\"og:image:type\" content=\"image\/jpeg\" \/>\n<meta name=\"twitter:card\" content=\"summary_large_image\" \/>\n<meta name=\"twitter:label1\" content=\"Estimated reading time\" \/>\n\t<meta name=\"twitter:data1\" content=\"1 minute\" \/>\n<script type=\"application\/ld+json\" class=\"yoast-schema-graph\">{\"@context\":\"https:\/\/schema.org\",\"@graph\":[{\"@type\":\"WebPage\",\"@id\":\"https:\/\/vinilozona.lt\/parduotuve\/cd\/naudoti-cd\/lee-hazlewood-%e2%80%8e-these-boots-are-made-for-walkin-the-complete-mgm-recordings-2cd\/\",\"url\":\"https:\/\/vinilozona.lt\/parduotuve\/cd\/naudoti-cd\/lee-hazlewood-%e2%80%8e-these-boots-are-made-for-walkin-the-complete-mgm-recordings-2cd\/\",\"name\":\"Lee Hazlewood \u200e\u2013 These Boots Are Made For Walkin' (The Complete MGM Recordings) 2CD Vinilin\u0117 Plok\u0161tel\u0117 | Vinilozona.lt\",\"isPartOf\":{\"@id\":\"https:\/\/vinilozona.lt\/#website\"},\"primaryImageOfPage\":{\"@id\":\"https:\/\/vinilozona.lt\/parduotuve\/cd\/naudoti-cd\/lee-hazlewood-%e2%80%8e-these-boots-are-made-for-walkin-the-complete-mgm-recordings-2cd\/#primaryimage\"},\"image\":{\"@id\":\"https:\/\/vinilozona.lt\/parduotuve\/cd\/naudoti-cd\/lee-hazlewood-%e2%80%8e-these-boots-are-made-for-walkin-the-complete-mgm-recordings-2cd\/#primaryimage\"},\"thumbnailUrl\":\"https:\/\/vinilozona.lt\/wp-content\/uploads\/2021\/12\/R-17149882-1611860451-3450.jpeg.jpg\",\"datePublished\":\"2021-12-13T11:23:20+00:00\",\"dateModified\":\"2022-01-18T10:24:50+00:00\",\"breadcrumb\":{\"@id\":\"https:\/\/vinilozona.lt\/parduotuve\/cd\/naudoti-cd\/lee-hazlewood-%e2%80%8e-these-boots-are-made-for-walkin-the-complete-mgm-recordings-2cd\/#breadcrumb\"},\"inLanguage\":\"en-GB\",\"potentialAction\":[{\"@type\":\"ReadAction\",\"target\":[\"https:\/\/vinilozona.lt\/parduotuve\/cd\/naudoti-cd\/lee-hazlewood-%e2%80%8e-these-boots-are-made-for-walkin-the-complete-mgm-recordings-2cd\/\"]}]},{\"@type\":\"ImageObject\",\"inLanguage\":\"en-GB\",\"@id\":\"https:\/\/vinilozona.lt\/parduotuve\/cd\/naudoti-cd\/lee-hazlewood-%e2%80%8e-these-boots-are-made-for-walkin-the-complete-mgm-recordings-2cd\/#primaryimage\",\"url\":\"https:\/\/vinilozona.lt\/wp-content\/uploads\/2021\/12\/R-17149882-1611860451-3450.jpeg.jpg\",\"contentUrl\":\"https:\/\/vinilozona.lt\/wp-content\/uploads\/2021\/12\/R-17149882-1611860451-3450.jpeg.jpg\",\"width\":600,\"height\":583},{\"@type\":\"BreadcrumbList\",\"@id\":\"https:\/\/vinilozona.lt\/parduotuve\/cd\/naudoti-cd\/lee-hazlewood-%e2%80%8e-these-boots-are-made-for-walkin-the-complete-mgm-recordings-2cd\/#breadcrumb\",\"itemListElement\":[{\"@type\":\"ListItem\",\"position\":1,\"name\":\"Home\",\"item\":\"https:\/\/vinilozona.lt\/\"},{\"@type\":\"ListItem\",\"position\":2,\"name\":\"Parduotuv\u0117\",\"item\":\"https:\/\/vinilozona.lt\/parduotuve\/\"},{\"@type\":\"ListItem\",\"position\":3,\"name\":\"Lee Hazlewood \u200e\u2013 These Boots Are Made For Walkin&#8217; (The Complete MGM Recordings) 2CD\"}]},{\"@type\":\"WebSite\",\"@id\":\"https:\/\/vinilozona.lt\/#website\",\"url\":\"https:\/\/vinilozona.lt\/\",\"name\":\"Vinilo Zona\",\"description\":\"Nup\u016bsk dulkes ir klausyk LP\",\"potentialAction\":[{\"@type\":\"SearchAction\",\"target\":{\"@type\":\"EntryPoint\",\"urlTemplate\":\"https:\/\/vinilozona.lt\/?s={search_term_string}\"},\"query-input\":{\"@type\":\"PropertyValueSpecification\",\"valueRequired\":true,\"valueName\":\"search_term_string\"}}],\"inLanguage\":\"en-GB\"}]}<\/script>\n<!-- \/ Yoast SEO plugin. -->","yoast_head_json":{"title":"Lee Hazlewood \u200e\u2013 These Boots Are Made For Walkin' (The Complete MGM Recordings) 2CD Vinilin\u0117 Plok\u0161tel\u0117 | Vinilozona.lt","robots":{"index":"index","follow":"follow","max-snippet":"max-snippet:-1","max-image-preview":"max-image-preview:large","max-video-preview":"max-video-preview:-1"},"canonical":"https:\/\/vinilozona.lt\/en\/parduotuve\/cd\/naudoti-cd\/lee-hazlewood-\u200e-these-boots-are-made-for-walkin-the-complete-mgm-recordings-2cd\/","og_locale":"en_GB","og_type":"article","og_title":"Lee Hazlewood \u200e\u2013 These Boots Are Made For Walkin' (The Complete MGM Recordings) 2CD Vinilin\u0117 Plok\u0161tel\u0117 | Vinilozona.lt","og_description":"Ace \u200e\u2013 CDCHM2 860 Format: 2 \u00d7 CD, Compilation, Remastered, Stereo, Mono Country: UK Released: 04 Nov 2002","og_url":"https:\/\/vinilozona.lt\/en\/parduotuve\/cd\/naudoti-cd\/lee-hazlewood-\u200e-these-boots-are-made-for-walkin-the-complete-mgm-recordings-2cd\/","og_site_name":"Vinilo Zona","article_modified_time":"2022-01-18T10:24:50+00:00","og_image":[{"width":600,"height":583,"url":"https:\/\/vinilozona.lt\/wp-content\/uploads\/2021\/12\/R-17149882-1611860451-3450.jpeg.jpg","type":"image\/jpeg"}],"twitter_card":"summary_large_image","twitter_misc":{"Estimated reading time":"1 minute"},"schema":{"@context":"https:\/\/schema.org","@graph":[{"@type":"WebPage","@id":"https:\/\/vinilozona.lt\/parduotuve\/cd\/naudoti-cd\/lee-hazlewood-%e2%80%8e-these-boots-are-made-for-walkin-the-complete-mgm-recordings-2cd\/","url":"https:\/\/vinilozona.lt\/parduotuve\/cd\/naudoti-cd\/lee-hazlewood-%e2%80%8e-these-boots-are-made-for-walkin-the-complete-mgm-recordings-2cd\/","name":"Lee Hazlewood \u200e\u2013 These Boots Are Made For Walkin' (The Complete MGM Recordings) 2CD Vinilin\u0117 Plok\u0161tel\u0117 | Vinilozona.lt","isPartOf":{"@id":"https:\/\/vinilozona.lt\/#website"},"primaryImageOfPage":{"@id":"https:\/\/vinilozona.lt\/parduotuve\/cd\/naudoti-cd\/lee-hazlewood-%e2%80%8e-these-boots-are-made-for-walkin-the-complete-mgm-recordings-2cd\/#primaryimage"},"image":{"@id":"https:\/\/vinilozona.lt\/parduotuve\/cd\/naudoti-cd\/lee-hazlewood-%e2%80%8e-these-boots-are-made-for-walkin-the-complete-mgm-recordings-2cd\/#primaryimage"},"thumbnailUrl":"https:\/\/vinilozona.lt\/wp-content\/uploads\/2021\/12\/R-17149882-1611860451-3450.jpeg.jpg","datePublished":"2021-12-13T11:23:20+00:00","dateModified":"2022-01-18T10:24:50+00:00","breadcrumb":{"@id":"https:\/\/vinilozona.lt\/parduotuve\/cd\/naudoti-cd\/lee-hazlewood-%e2%80%8e-these-boots-are-made-for-walkin-the-complete-mgm-recordings-2cd\/#breadcrumb"},"inLanguage":"en-GB","potentialAction":[{"@type":"ReadAction","target":["https:\/\/vinilozona.lt\/parduotuve\/cd\/naudoti-cd\/lee-hazlewood-%e2%80%8e-these-boots-are-made-for-walkin-the-complete-mgm-recordings-2cd\/"]}]},{"@type":"ImageObject","inLanguage":"en-GB","@id":"https:\/\/vinilozona.lt\/parduotuve\/cd\/naudoti-cd\/lee-hazlewood-%e2%80%8e-these-boots-are-made-for-walkin-the-complete-mgm-recordings-2cd\/#primaryimage","url":"https:\/\/vinilozona.lt\/wp-content\/uploads\/2021\/12\/R-17149882-1611860451-3450.jpeg.jpg","contentUrl":"https:\/\/vinilozona.lt\/wp-content\/uploads\/2021\/12\/R-17149882-1611860451-3450.jpeg.jpg","width":600,"height":583},{"@type":"BreadcrumbList","@id":"https:\/\/vinilozona.lt\/parduotuve\/cd\/naudoti-cd\/lee-hazlewood-%e2%80%8e-these-boots-are-made-for-walkin-the-complete-mgm-recordings-2cd\/#breadcrumb","itemListElement":[{"@type":"ListItem","position":1,"name":"Home","item":"https:\/\/vinilozona.lt\/"},{"@type":"ListItem","position":2,"name":"Parduotuv\u0117","item":"https:\/\/vinilozona.lt\/parduotuve\/"},{"@type":"ListItem","position":3,"name":"Lee Hazlewood \u200e\u2013 These Boots Are Made For Walkin&#8217; (The Complete MGM Recordings) 2CD"}]},{"@type":"WebSite","@id":"https:\/\/vinilozona.lt\/#website","url":"https:\/\/vinilozona.lt\/","name":"Vinilo Zona","description":"Nup\u016bsk dulkes ir klausyk LP","potentialAction":[{"@type":"SearchAction","target":{"@type":"EntryPoint","urlTemplate":"https:\/\/vinilozona.lt\/?s={search_term_string}"},"query-input":{"@type":"PropertyValueSpecification","valueRequired":true,"valueName":"search_term_string"}}],"inLanguage":"en-GB"}]}},"_links":{"self":[{"href":"https:\/\/vinilozona.lt\/en\/wp-json\/wp\/v2\/product\/17440"}],"collection":[{"href":"https:\/\/vinilozona.lt\/en\/wp-json\/wp\/v2\/product"}],"about":[{"href":"https:\/\/vinilozona.lt\/en\/wp-json\/wp\/v2\/types\/product"}],"wp:featuredmedia":[{"embeddable":true,"href":"https:\/\/vinilozona.lt\/en\/wp-json\/wp\/v2\/media\/17441"}],"wp:attachment":[{"href":"https:\/\/vinilozona.lt\/en\/wp-json\/wp\/v2\/media?parent=17440"}],"wp:term":[{"taxonomy":"product_cat","embeddable":true,"href":"https:\/\/vinilozona.lt\/en\/wp-json\/wp\/v2\/product_cat?post=17440"},{"taxonomy":"product_tag","embeddable":true,"href":"https:\/\/vinilozona.lt\/en\/wp-json\/wp\/v2\/product_tag?post=17440"}],"curies":[{"name":"wp","href":"https:\/\/api.w.org\/{rel}","templated":true}]}}