{"id":17389,"date":"2021-12-10T14:00:11","date_gmt":"2021-12-10T12:00:11","guid":{"rendered":"https:\/\/vinilozona.lt\/?post_type=product&#038;p=17389"},"modified":"2023-01-22T16:07:43","modified_gmt":"2023-01-22T14:07:43","slug":"creedence-clearwater-revival-live-in-europe","status":"publish","type":"product","link":"https:\/\/vinilozona.lt\/en\/parduotuve\/rock-pop\/creedence-clearwater-revival-live-in-europe\/","title":{"rendered":"Creedence Clearwater Revival \u2013 Live In Europe"},"content":{"rendered":"<p>A1\t\tBorn On The Bayou\t5:04<br \/>\nA2\t\tGreen River \/ Susie Q  4:21<br \/>\nA3\t\tIt Came Out Of The Sky\t3:31<br \/>\nB1\t\tDoor To Door 2:03<br \/>\nB2\t\tTravelin&#8217; Band\t2:11<br \/>\nB3\t\tFortunate Son\t2:31<br \/>\nB4\t\tCommotion\t2:29<br \/>\nB5\t\tLodi\t3:25<br \/>\nC1\t\tBad Moon Rising\t2:15<br \/>\nC2\t\tProud Mary\t2:58<br \/>\nC3\t\tUp Around The Bend\t2:43<br \/>\nC4\t\tHey Tonight\t2:27<br \/>\nC5\t\tSweet Hitch-Hiker\t3:05<br \/>\nD1\t\tKeep On Chooglin&#8217;\t13:33<\/p>","protected":false},"excerpt":{"rendered":"<p>Bellaphon \u2013 BLS 5544, Fantasy \u2013 BLS 5544<br \/>\nSeries:\tPortrait (11)<br \/>\nFormat:<br \/>\n2 x Vinyl, LP, Album, Reissue, Gatefold<br \/>\nCountry:\tGermany<\/p>","protected":false},"featured_media":17390,"template":"","meta":[],"product_cat":[15],"product_tag":[44],"yoast_head":"<!-- This site is optimized with the Yoast SEO plugin v23.5 - https:\/\/yoast.com\/wordpress\/plugins\/seo\/ -->\n<title>Creedence Clearwater Revival \u2013 Live In Europe Vinilin\u0117 Plok\u0161tel\u0117 | Vinilozona.lt<\/title>\n<meta name=\"robots\" content=\"index, follow, max-snippet:-1, max-image-preview:large, max-video-preview:-1\" \/>\n<link rel=\"canonical\" href=\"https:\/\/vinilozona.lt\/en\/parduotuve\/rock-pop\/creedence-clearwater-revival-live-in-europe\/\" \/>\n<meta property=\"og:locale\" content=\"en_GB\" \/>\n<meta property=\"og:type\" content=\"article\" \/>\n<meta property=\"og:title\" content=\"Creedence Clearwater Revival \u2013 Live In Europe Vinilin\u0117 Plok\u0161tel\u0117 | Vinilozona.lt\" \/>\n<meta property=\"og:description\" content=\"Bellaphon \u2013 BLS 5544, Fantasy \u2013 BLS 5544 Series: Portrait (11) Format:  2 x Vinyl, LP, Album, Reissue, Gatefold Country: Germany\" \/>\n<meta property=\"og:url\" content=\"https:\/\/vinilozona.lt\/en\/parduotuve\/rock-pop\/creedence-clearwater-revival-live-in-europe\/\" \/>\n<meta property=\"og:site_name\" content=\"Vinilo Zona\" \/>\n<meta property=\"article:modified_time\" content=\"2023-01-22T14:07:43+00:00\" \/>\n<meta property=\"og:image\" content=\"https:\/\/vinilozona.lt\/wp-content\/uploads\/2021\/12\/R-1673405-1455138636-8334.jpeg.jpg\" \/>\n\t<meta property=\"og:image:width\" content=\"462\" \/>\n\t<meta property=\"og:image:height\" content=\"457\" \/>\n\t<meta property=\"og:image:type\" content=\"image\/jpeg\" \/>\n<meta name=\"twitter:card\" content=\"summary_large_image\" \/>\n<script type=\"application\/ld+json\" class=\"yoast-schema-graph\">{\"@context\":\"https:\/\/schema.org\",\"@graph\":[{\"@type\":\"WebPage\",\"@id\":\"https:\/\/vinilozona.lt\/parduotuve\/rock-pop\/creedence-clearwater-revival-live-in-europe\/\",\"url\":\"https:\/\/vinilozona.lt\/parduotuve\/rock-pop\/creedence-clearwater-revival-live-in-europe\/\",\"name\":\"Creedence Clearwater Revival \u2013 Live In Europe Vinilin\u0117 Plok\u0161tel\u0117 | Vinilozona.lt\",\"isPartOf\":{\"@id\":\"https:\/\/vinilozona.lt\/#website\"},\"primaryImageOfPage\":{\"@id\":\"https:\/\/vinilozona.lt\/parduotuve\/rock-pop\/creedence-clearwater-revival-live-in-europe\/#primaryimage\"},\"image\":{\"@id\":\"https:\/\/vinilozona.lt\/parduotuve\/rock-pop\/creedence-clearwater-revival-live-in-europe\/#primaryimage\"},\"thumbnailUrl\":\"https:\/\/vinilozona.lt\/wp-content\/uploads\/2021\/12\/R-1673405-1455138636-8334.jpeg.jpg\",\"datePublished\":\"2021-12-10T12:00:11+00:00\",\"dateModified\":\"2023-01-22T14:07:43+00:00\",\"breadcrumb\":{\"@id\":\"https:\/\/vinilozona.lt\/parduotuve\/rock-pop\/creedence-clearwater-revival-live-in-europe\/#breadcrumb\"},\"inLanguage\":\"en-GB\",\"potentialAction\":[{\"@type\":\"ReadAction\",\"target\":[\"https:\/\/vinilozona.lt\/parduotuve\/rock-pop\/creedence-clearwater-revival-live-in-europe\/\"]}]},{\"@type\":\"ImageObject\",\"inLanguage\":\"en-GB\",\"@id\":\"https:\/\/vinilozona.lt\/parduotuve\/rock-pop\/creedence-clearwater-revival-live-in-europe\/#primaryimage\",\"url\":\"https:\/\/vinilozona.lt\/wp-content\/uploads\/2021\/12\/R-1673405-1455138636-8334.jpeg.jpg\",\"contentUrl\":\"https:\/\/vinilozona.lt\/wp-content\/uploads\/2021\/12\/R-1673405-1455138636-8334.jpeg.jpg\",\"width\":462,\"height\":457},{\"@type\":\"BreadcrumbList\",\"@id\":\"https:\/\/vinilozona.lt\/parduotuve\/rock-pop\/creedence-clearwater-revival-live-in-europe\/#breadcrumb\",\"itemListElement\":[{\"@type\":\"ListItem\",\"position\":1,\"name\":\"Home\",\"item\":\"https:\/\/vinilozona.lt\/\"},{\"@type\":\"ListItem\",\"position\":2,\"name\":\"Parduotuv\u0117\",\"item\":\"https:\/\/vinilozona.lt\/parduotuve\/\"},{\"@type\":\"ListItem\",\"position\":3,\"name\":\"Creedence Clearwater Revival \u2013 Live In Europe\"}]},{\"@type\":\"WebSite\",\"@id\":\"https:\/\/vinilozona.lt\/#website\",\"url\":\"https:\/\/vinilozona.lt\/\",\"name\":\"Vinilo Zona\",\"description\":\"Nup\u016bsk dulkes ir klausyk LP\",\"potentialAction\":[{\"@type\":\"SearchAction\",\"target\":{\"@type\":\"EntryPoint\",\"urlTemplate\":\"https:\/\/vinilozona.lt\/?s={search_term_string}\"},\"query-input\":{\"@type\":\"PropertyValueSpecification\",\"valueRequired\":true,\"valueName\":\"search_term_string\"}}],\"inLanguage\":\"en-GB\"}]}<\/script>\n<!-- \/ Yoast SEO plugin. -->","yoast_head_json":{"title":"Creedence Clearwater Revival \u2013 Live In Europe Vinilin\u0117 Plok\u0161tel\u0117 | Vinilozona.lt","robots":{"index":"index","follow":"follow","max-snippet":"max-snippet:-1","max-image-preview":"max-image-preview:large","max-video-preview":"max-video-preview:-1"},"canonical":"https:\/\/vinilozona.lt\/en\/parduotuve\/rock-pop\/creedence-clearwater-revival-live-in-europe\/","og_locale":"en_GB","og_type":"article","og_title":"Creedence Clearwater Revival \u2013 Live In Europe Vinilin\u0117 Plok\u0161tel\u0117 | Vinilozona.lt","og_description":"Bellaphon \u2013 BLS 5544, Fantasy \u2013 BLS 5544 Series: Portrait (11) Format:  2 x Vinyl, LP, Album, Reissue, Gatefold Country: Germany","og_url":"https:\/\/vinilozona.lt\/en\/parduotuve\/rock-pop\/creedence-clearwater-revival-live-in-europe\/","og_site_name":"Vinilo Zona","article_modified_time":"2023-01-22T14:07:43+00:00","og_image":[{"width":462,"height":457,"url":"https:\/\/vinilozona.lt\/wp-content\/uploads\/2021\/12\/R-1673405-1455138636-8334.jpeg.jpg","type":"image\/jpeg"}],"twitter_card":"summary_large_image","schema":{"@context":"https:\/\/schema.org","@graph":[{"@type":"WebPage","@id":"https:\/\/vinilozona.lt\/parduotuve\/rock-pop\/creedence-clearwater-revival-live-in-europe\/","url":"https:\/\/vinilozona.lt\/parduotuve\/rock-pop\/creedence-clearwater-revival-live-in-europe\/","name":"Creedence Clearwater Revival \u2013 Live In Europe Vinilin\u0117 Plok\u0161tel\u0117 | Vinilozona.lt","isPartOf":{"@id":"https:\/\/vinilozona.lt\/#website"},"primaryImageOfPage":{"@id":"https:\/\/vinilozona.lt\/parduotuve\/rock-pop\/creedence-clearwater-revival-live-in-europe\/#primaryimage"},"image":{"@id":"https:\/\/vinilozona.lt\/parduotuve\/rock-pop\/creedence-clearwater-revival-live-in-europe\/#primaryimage"},"thumbnailUrl":"https:\/\/vinilozona.lt\/wp-content\/uploads\/2021\/12\/R-1673405-1455138636-8334.jpeg.jpg","datePublished":"2021-12-10T12:00:11+00:00","dateModified":"2023-01-22T14:07:43+00:00","breadcrumb":{"@id":"https:\/\/vinilozona.lt\/parduotuve\/rock-pop\/creedence-clearwater-revival-live-in-europe\/#breadcrumb"},"inLanguage":"en-GB","potentialAction":[{"@type":"ReadAction","target":["https:\/\/vinilozona.lt\/parduotuve\/rock-pop\/creedence-clearwater-revival-live-in-europe\/"]}]},{"@type":"ImageObject","inLanguage":"en-GB","@id":"https:\/\/vinilozona.lt\/parduotuve\/rock-pop\/creedence-clearwater-revival-live-in-europe\/#primaryimage","url":"https:\/\/vinilozona.lt\/wp-content\/uploads\/2021\/12\/R-1673405-1455138636-8334.jpeg.jpg","contentUrl":"https:\/\/vinilozona.lt\/wp-content\/uploads\/2021\/12\/R-1673405-1455138636-8334.jpeg.jpg","width":462,"height":457},{"@type":"BreadcrumbList","@id":"https:\/\/vinilozona.lt\/parduotuve\/rock-pop\/creedence-clearwater-revival-live-in-europe\/#breadcrumb","itemListElement":[{"@type":"ListItem","position":1,"name":"Home","item":"https:\/\/vinilozona.lt\/"},{"@type":"ListItem","position":2,"name":"Parduotuv\u0117","item":"https:\/\/vinilozona.lt\/parduotuve\/"},{"@type":"ListItem","position":3,"name":"Creedence Clearwater Revival \u2013 Live In Europe"}]},{"@type":"WebSite","@id":"https:\/\/vinilozona.lt\/#website","url":"https:\/\/vinilozona.lt\/","name":"Vinilo Zona","description":"Nup\u016bsk dulkes ir klausyk LP","potentialAction":[{"@type":"SearchAction","target":{"@type":"EntryPoint","urlTemplate":"https:\/\/vinilozona.lt\/?s={search_term_string}"},"query-input":{"@type":"PropertyValueSpecification","valueRequired":true,"valueName":"search_term_string"}}],"inLanguage":"en-GB"}]}},"_links":{"self":[{"href":"https:\/\/vinilozona.lt\/en\/wp-json\/wp\/v2\/product\/17389"}],"collection":[{"href":"https:\/\/vinilozona.lt\/en\/wp-json\/wp\/v2\/product"}],"about":[{"href":"https:\/\/vinilozona.lt\/en\/wp-json\/wp\/v2\/types\/product"}],"wp:featuredmedia":[{"embeddable":true,"href":"https:\/\/vinilozona.lt\/en\/wp-json\/wp\/v2\/media\/17390"}],"wp:attachment":[{"href":"https:\/\/vinilozona.lt\/en\/wp-json\/wp\/v2\/media?parent=17389"}],"wp:term":[{"taxonomy":"product_cat","embeddable":true,"href":"https:\/\/vinilozona.lt\/en\/wp-json\/wp\/v2\/product_cat?post=17389"},{"taxonomy":"product_tag","embeddable":true,"href":"https:\/\/vinilozona.lt\/en\/wp-json\/wp\/v2\/product_tag?post=17389"}],"curies":[{"name":"wp","href":"https:\/\/api.w.org\/{rel}","templated":true}]}}