{"id":17333,"date":"2022-01-16T15:50:42","date_gmt":"2022-01-16T13:50:42","guid":{"rendered":"https:\/\/vinilozona.lt\/?post_type=product&#038;p=17333"},"modified":"2023-01-10T21:11:11","modified_gmt":"2023-01-10T19:11:11","slug":"rob-halford-ex-judas-priest-celestial","status":"publish","type":"product","link":"https:\/\/vinilozona.lt\/en\/parduotuve\/naujos-lp\/rob-halford-ex-judas-priest-celestial\/","title":{"rendered":"Rob Halford (ex Judas Priest)\u2013 Celestial"},"content":{"rendered":"<p>A1\t\tCelestial<br \/>\nA2\t\tDonner And Blitzen<br \/>\nA3\t\tGod Rest Ye Merry Gentlemen<br \/>\nA4\t\tAway In A Manger<br \/>\nA5\t\tMorning Star<br \/>\nA6\t\tDeck The Halls<br \/>\nB1\t\tJoy To The World<br \/>\nB2\t\tO Little Town Of Bethlehem<br \/>\nB3\t\tHark! The Herald Angels Sing<br \/>\nB4\t\tThe First Noel<br \/>\nB5\t\tGood King Wenceslas<br \/>\nB6\t\tProtected By The Light<\/p>","protected":false},"excerpt":{"rendered":"<p>19075888411<\/p>","protected":false},"featured_media":17334,"template":"","meta":[],"product_cat":[23],"product_tag":[55],"yoast_head":"<!-- This site is optimized with the Yoast SEO plugin v23.5 - https:\/\/yoast.com\/wordpress\/plugins\/seo\/ -->\n<title>Rob Halford (ex Judas Priest)\u2013 Celestial Vinilin\u0117 Plok\u0161tel\u0117 | Vinilozona.lt<\/title>\n<meta name=\"robots\" content=\"index, follow, max-snippet:-1, max-image-preview:large, max-video-preview:-1\" \/>\n<link rel=\"canonical\" href=\"https:\/\/vinilozona.lt\/en\/parduotuve\/naujos-lp\/rob-halford-ex-judas-priest-celestial\/\" \/>\n<meta property=\"og:locale\" content=\"en_GB\" \/>\n<meta property=\"og:type\" content=\"article\" \/>\n<meta property=\"og:title\" content=\"Rob Halford (ex Judas Priest)\u2013 Celestial Vinilin\u0117 Plok\u0161tel\u0117 | Vinilozona.lt\" \/>\n<meta property=\"og:description\" content=\"19075888411\" \/>\n<meta property=\"og:url\" content=\"https:\/\/vinilozona.lt\/en\/parduotuve\/naujos-lp\/rob-halford-ex-judas-priest-celestial\/\" \/>\n<meta property=\"og:site_name\" content=\"Vinilo Zona\" \/>\n<meta property=\"article:modified_time\" content=\"2023-01-10T19:11:11+00:00\" \/>\n<meta property=\"og:image\" content=\"https:\/\/vinilozona.lt\/wp-content\/uploads\/2021\/12\/R-14278530-1571325767-1119.jpeg.jpg\" \/>\n\t<meta property=\"og:image:width\" content=\"600\" \/>\n\t<meta property=\"og:image:height\" content=\"600\" \/>\n\t<meta property=\"og:image:type\" content=\"image\/jpeg\" \/>\n<meta name=\"twitter:card\" content=\"summary_large_image\" \/>\n<script type=\"application\/ld+json\" class=\"yoast-schema-graph\">{\"@context\":\"https:\/\/schema.org\",\"@graph\":[{\"@type\":\"WebPage\",\"@id\":\"https:\/\/vinilozona.lt\/parduotuve\/naujos-lp\/rob-halford-ex-judas-priest-celestial\/\",\"url\":\"https:\/\/vinilozona.lt\/parduotuve\/naujos-lp\/rob-halford-ex-judas-priest-celestial\/\",\"name\":\"Rob Halford (ex Judas Priest)\u2013 Celestial Vinilin\u0117 Plok\u0161tel\u0117 | Vinilozona.lt\",\"isPartOf\":{\"@id\":\"https:\/\/vinilozona.lt\/#website\"},\"primaryImageOfPage\":{\"@id\":\"https:\/\/vinilozona.lt\/parduotuve\/naujos-lp\/rob-halford-ex-judas-priest-celestial\/#primaryimage\"},\"image\":{\"@id\":\"https:\/\/vinilozona.lt\/parduotuve\/naujos-lp\/rob-halford-ex-judas-priest-celestial\/#primaryimage\"},\"thumbnailUrl\":\"https:\/\/vinilozona.lt\/wp-content\/uploads\/2021\/12\/R-14278530-1571325767-1119.jpeg.jpg\",\"datePublished\":\"2022-01-16T13:50:42+00:00\",\"dateModified\":\"2023-01-10T19:11:11+00:00\",\"breadcrumb\":{\"@id\":\"https:\/\/vinilozona.lt\/parduotuve\/naujos-lp\/rob-halford-ex-judas-priest-celestial\/#breadcrumb\"},\"inLanguage\":\"en-GB\",\"potentialAction\":[{\"@type\":\"ReadAction\",\"target\":[\"https:\/\/vinilozona.lt\/parduotuve\/naujos-lp\/rob-halford-ex-judas-priest-celestial\/\"]}]},{\"@type\":\"ImageObject\",\"inLanguage\":\"en-GB\",\"@id\":\"https:\/\/vinilozona.lt\/parduotuve\/naujos-lp\/rob-halford-ex-judas-priest-celestial\/#primaryimage\",\"url\":\"https:\/\/vinilozona.lt\/wp-content\/uploads\/2021\/12\/R-14278530-1571325767-1119.jpeg.jpg\",\"contentUrl\":\"https:\/\/vinilozona.lt\/wp-content\/uploads\/2021\/12\/R-14278530-1571325767-1119.jpeg.jpg\",\"width\":600,\"height\":600},{\"@type\":\"BreadcrumbList\",\"@id\":\"https:\/\/vinilozona.lt\/parduotuve\/naujos-lp\/rob-halford-ex-judas-priest-celestial\/#breadcrumb\",\"itemListElement\":[{\"@type\":\"ListItem\",\"position\":1,\"name\":\"Home\",\"item\":\"https:\/\/vinilozona.lt\/\"},{\"@type\":\"ListItem\",\"position\":2,\"name\":\"Parduotuv\u0117\",\"item\":\"https:\/\/vinilozona.lt\/parduotuve\/\"},{\"@type\":\"ListItem\",\"position\":3,\"name\":\"Rob Halford (ex Judas Priest)\u2013 Celestial\"}]},{\"@type\":\"WebSite\",\"@id\":\"https:\/\/vinilozona.lt\/#website\",\"url\":\"https:\/\/vinilozona.lt\/\",\"name\":\"Vinilo Zona\",\"description\":\"Nup\u016bsk dulkes ir klausyk LP\",\"potentialAction\":[{\"@type\":\"SearchAction\",\"target\":{\"@type\":\"EntryPoint\",\"urlTemplate\":\"https:\/\/vinilozona.lt\/?s={search_term_string}\"},\"query-input\":{\"@type\":\"PropertyValueSpecification\",\"valueRequired\":true,\"valueName\":\"search_term_string\"}}],\"inLanguage\":\"en-GB\"}]}<\/script>\n<!-- \/ Yoast SEO plugin. -->","yoast_head_json":{"title":"Rob Halford (ex Judas Priest)\u2013 Celestial Vinilin\u0117 Plok\u0161tel\u0117 | Vinilozona.lt","robots":{"index":"index","follow":"follow","max-snippet":"max-snippet:-1","max-image-preview":"max-image-preview:large","max-video-preview":"max-video-preview:-1"},"canonical":"https:\/\/vinilozona.lt\/en\/parduotuve\/naujos-lp\/rob-halford-ex-judas-priest-celestial\/","og_locale":"en_GB","og_type":"article","og_title":"Rob Halford (ex Judas Priest)\u2013 Celestial Vinilin\u0117 Plok\u0161tel\u0117 | Vinilozona.lt","og_description":"19075888411","og_url":"https:\/\/vinilozona.lt\/en\/parduotuve\/naujos-lp\/rob-halford-ex-judas-priest-celestial\/","og_site_name":"Vinilo Zona","article_modified_time":"2023-01-10T19:11:11+00:00","og_image":[{"width":600,"height":600,"url":"https:\/\/vinilozona.lt\/wp-content\/uploads\/2021\/12\/R-14278530-1571325767-1119.jpeg.jpg","type":"image\/jpeg"}],"twitter_card":"summary_large_image","schema":{"@context":"https:\/\/schema.org","@graph":[{"@type":"WebPage","@id":"https:\/\/vinilozona.lt\/parduotuve\/naujos-lp\/rob-halford-ex-judas-priest-celestial\/","url":"https:\/\/vinilozona.lt\/parduotuve\/naujos-lp\/rob-halford-ex-judas-priest-celestial\/","name":"Rob Halford (ex Judas Priest)\u2013 Celestial Vinilin\u0117 Plok\u0161tel\u0117 | Vinilozona.lt","isPartOf":{"@id":"https:\/\/vinilozona.lt\/#website"},"primaryImageOfPage":{"@id":"https:\/\/vinilozona.lt\/parduotuve\/naujos-lp\/rob-halford-ex-judas-priest-celestial\/#primaryimage"},"image":{"@id":"https:\/\/vinilozona.lt\/parduotuve\/naujos-lp\/rob-halford-ex-judas-priest-celestial\/#primaryimage"},"thumbnailUrl":"https:\/\/vinilozona.lt\/wp-content\/uploads\/2021\/12\/R-14278530-1571325767-1119.jpeg.jpg","datePublished":"2022-01-16T13:50:42+00:00","dateModified":"2023-01-10T19:11:11+00:00","breadcrumb":{"@id":"https:\/\/vinilozona.lt\/parduotuve\/naujos-lp\/rob-halford-ex-judas-priest-celestial\/#breadcrumb"},"inLanguage":"en-GB","potentialAction":[{"@type":"ReadAction","target":["https:\/\/vinilozona.lt\/parduotuve\/naujos-lp\/rob-halford-ex-judas-priest-celestial\/"]}]},{"@type":"ImageObject","inLanguage":"en-GB","@id":"https:\/\/vinilozona.lt\/parduotuve\/naujos-lp\/rob-halford-ex-judas-priest-celestial\/#primaryimage","url":"https:\/\/vinilozona.lt\/wp-content\/uploads\/2021\/12\/R-14278530-1571325767-1119.jpeg.jpg","contentUrl":"https:\/\/vinilozona.lt\/wp-content\/uploads\/2021\/12\/R-14278530-1571325767-1119.jpeg.jpg","width":600,"height":600},{"@type":"BreadcrumbList","@id":"https:\/\/vinilozona.lt\/parduotuve\/naujos-lp\/rob-halford-ex-judas-priest-celestial\/#breadcrumb","itemListElement":[{"@type":"ListItem","position":1,"name":"Home","item":"https:\/\/vinilozona.lt\/"},{"@type":"ListItem","position":2,"name":"Parduotuv\u0117","item":"https:\/\/vinilozona.lt\/parduotuve\/"},{"@type":"ListItem","position":3,"name":"Rob Halford (ex Judas Priest)\u2013 Celestial"}]},{"@type":"WebSite","@id":"https:\/\/vinilozona.lt\/#website","url":"https:\/\/vinilozona.lt\/","name":"Vinilo Zona","description":"Nup\u016bsk dulkes ir klausyk LP","potentialAction":[{"@type":"SearchAction","target":{"@type":"EntryPoint","urlTemplate":"https:\/\/vinilozona.lt\/?s={search_term_string}"},"query-input":{"@type":"PropertyValueSpecification","valueRequired":true,"valueName":"search_term_string"}}],"inLanguage":"en-GB"}]}},"_links":{"self":[{"href":"https:\/\/vinilozona.lt\/en\/wp-json\/wp\/v2\/product\/17333"}],"collection":[{"href":"https:\/\/vinilozona.lt\/en\/wp-json\/wp\/v2\/product"}],"about":[{"href":"https:\/\/vinilozona.lt\/en\/wp-json\/wp\/v2\/types\/product"}],"wp:featuredmedia":[{"embeddable":true,"href":"https:\/\/vinilozona.lt\/en\/wp-json\/wp\/v2\/media\/17334"}],"wp:attachment":[{"href":"https:\/\/vinilozona.lt\/en\/wp-json\/wp\/v2\/media?parent=17333"}],"wp:term":[{"taxonomy":"product_cat","embeddable":true,"href":"https:\/\/vinilozona.lt\/en\/wp-json\/wp\/v2\/product_cat?post=17333"},{"taxonomy":"product_tag","embeddable":true,"href":"https:\/\/vinilozona.lt\/en\/wp-json\/wp\/v2\/product_tag?post=17333"}],"curies":[{"name":"wp","href":"https:\/\/api.w.org\/{rel}","templated":true}]}}