{"id":17322,"date":"2021-12-06T07:07:53","date_gmt":"2021-12-06T05:07:53","guid":{"rendered":"https:\/\/vinilozona.lt\/?post_type=product&#038;p=17322"},"modified":"2022-01-07T14:38:46","modified_gmt":"2022-01-07T12:38:46","slug":"kamelot-%e2%80%8e-one-cold-winters-night-2-cd","status":"publish","type":"product","link":"https:\/\/vinilozona.lt\/en\/parduotuve\/cd\/naudoti-cd\/kamelot-%e2%80%8e-one-cold-winters-night-2-cd\/","title":{"rendered":"Kamelot \u200e\u2013 One Cold Winter&#8217;s Night 2 CD"},"content":{"rendered":"<p>1-1\tIntro: Un Assassinio Molto Silenzioso\t1:00<br \/>\n1-2\tThe Black Halo\t3:39<br \/>\n1-3\tSoul Society\t4:36<br \/>\n1-4\tThe Edge Of Paradise\t4:44<br \/>\n1-5\tCenter Of The Universe 5:02<br \/>\n1-6\tNights Of Arabia 6:27<br \/>\n1-7\tAbondoned 4:10<br \/>\n1-8\tForever\t7:56<br \/>\n1-9\tKeyboard Solo\t1:46<br \/>\n1-10\tThe Haunting 4:34<br \/>\n1-11\tMoonlight\t5:08<br \/>\n2-1\tWhen The Lights Are Down\t4:30<br \/>\nElizabeth (Part I, II &#038; III)\t13:02<br \/>\n2-2.1\tMirror Mirror<br \/>\n2-2.2\tRequiem For The Innocent<br \/>\n2-2.3\tFall From Grace<br \/>\n2-3\tMarch Of Mephisto 5:07<br \/>\n2-4\tKarma\t5:41<br \/>\n2-5\tDrum Solo\t2:51<br \/>\n2-6\tFarewell\t5:22<br \/>\n2-7\tOutro\t4:09<\/p>","protected":false},"excerpt":{"rendered":"<p>Steamhammer \u200e\u2013 SPV 99902 2CD<br \/>\nFormat:<br \/>\n2 \u00d7 CD, Album<br \/>\nCountry:<br \/>\nEurope<br \/>\nReleased:<br \/>\n2006<\/p>","protected":false},"featured_media":17323,"template":"","meta":[],"product_cat":[24,946],"product_tag":[44],"yoast_head":"<!-- This site is optimized with the Yoast SEO plugin v23.5 - https:\/\/yoast.com\/wordpress\/plugins\/seo\/ -->\n<title>Kamelot \u200e\u2013 One Cold Winter&#039;s Night 2 CD Vinilin\u0117 Plok\u0161tel\u0117 | Vinilozona.lt<\/title>\n<meta name=\"robots\" content=\"index, follow, max-snippet:-1, max-image-preview:large, max-video-preview:-1\" \/>\n<link rel=\"canonical\" href=\"https:\/\/vinilozona.lt\/en\/parduotuve\/cd\/naudoti-cd\/kamelot-\u200e-one-cold-winters-night-2-cd\/\" \/>\n<meta property=\"og:locale\" content=\"en_GB\" \/>\n<meta property=\"og:type\" content=\"article\" \/>\n<meta property=\"og:title\" content=\"Kamelot \u200e\u2013 One Cold Winter&#039;s Night 2 CD Vinilin\u0117 Plok\u0161tel\u0117 | Vinilozona.lt\" \/>\n<meta property=\"og:description\" content=\"Steamhammer \u200e\u2013 SPV 99902 2CD Format: 2 \u00d7 CD, Album Country: Europe Released: 2006\" \/>\n<meta property=\"og:url\" content=\"https:\/\/vinilozona.lt\/en\/parduotuve\/cd\/naudoti-cd\/kamelot-\u200e-one-cold-winters-night-2-cd\/\" \/>\n<meta property=\"og:site_name\" content=\"Vinilo Zona\" \/>\n<meta property=\"article:modified_time\" content=\"2022-01-07T12:38:46+00:00\" \/>\n<meta property=\"og:image\" content=\"https:\/\/vinilozona.lt\/wp-content\/uploads\/2021\/12\/R-2443521-1369709333-8959.jpeg.jpg\" \/>\n\t<meta property=\"og:image:width\" content=\"300\" \/>\n\t<meta property=\"og:image:height\" content=\"296\" \/>\n\t<meta property=\"og:image:type\" content=\"image\/jpeg\" \/>\n<meta name=\"twitter:card\" content=\"summary_large_image\" \/>\n<script type=\"application\/ld+json\" class=\"yoast-schema-graph\">{\"@context\":\"https:\/\/schema.org\",\"@graph\":[{\"@type\":\"WebPage\",\"@id\":\"https:\/\/vinilozona.lt\/parduotuve\/cd\/naudoti-cd\/kamelot-%e2%80%8e-one-cold-winters-night-2-cd\/\",\"url\":\"https:\/\/vinilozona.lt\/parduotuve\/cd\/naudoti-cd\/kamelot-%e2%80%8e-one-cold-winters-night-2-cd\/\",\"name\":\"Kamelot \u200e\u2013 One Cold Winter's Night 2 CD Vinilin\u0117 Plok\u0161tel\u0117 | Vinilozona.lt\",\"isPartOf\":{\"@id\":\"https:\/\/vinilozona.lt\/#website\"},\"primaryImageOfPage\":{\"@id\":\"https:\/\/vinilozona.lt\/parduotuve\/cd\/naudoti-cd\/kamelot-%e2%80%8e-one-cold-winters-night-2-cd\/#primaryimage\"},\"image\":{\"@id\":\"https:\/\/vinilozona.lt\/parduotuve\/cd\/naudoti-cd\/kamelot-%e2%80%8e-one-cold-winters-night-2-cd\/#primaryimage\"},\"thumbnailUrl\":\"https:\/\/vinilozona.lt\/wp-content\/uploads\/2021\/12\/R-2443521-1369709333-8959.jpeg.jpg\",\"datePublished\":\"2021-12-06T05:07:53+00:00\",\"dateModified\":\"2022-01-07T12:38:46+00:00\",\"breadcrumb\":{\"@id\":\"https:\/\/vinilozona.lt\/parduotuve\/cd\/naudoti-cd\/kamelot-%e2%80%8e-one-cold-winters-night-2-cd\/#breadcrumb\"},\"inLanguage\":\"en-GB\",\"potentialAction\":[{\"@type\":\"ReadAction\",\"target\":[\"https:\/\/vinilozona.lt\/parduotuve\/cd\/naudoti-cd\/kamelot-%e2%80%8e-one-cold-winters-night-2-cd\/\"]}]},{\"@type\":\"ImageObject\",\"inLanguage\":\"en-GB\",\"@id\":\"https:\/\/vinilozona.lt\/parduotuve\/cd\/naudoti-cd\/kamelot-%e2%80%8e-one-cold-winters-night-2-cd\/#primaryimage\",\"url\":\"https:\/\/vinilozona.lt\/wp-content\/uploads\/2021\/12\/R-2443521-1369709333-8959.jpeg.jpg\",\"contentUrl\":\"https:\/\/vinilozona.lt\/wp-content\/uploads\/2021\/12\/R-2443521-1369709333-8959.jpeg.jpg\",\"width\":300,\"height\":296},{\"@type\":\"BreadcrumbList\",\"@id\":\"https:\/\/vinilozona.lt\/parduotuve\/cd\/naudoti-cd\/kamelot-%e2%80%8e-one-cold-winters-night-2-cd\/#breadcrumb\",\"itemListElement\":[{\"@type\":\"ListItem\",\"position\":1,\"name\":\"Home\",\"item\":\"https:\/\/vinilozona.lt\/\"},{\"@type\":\"ListItem\",\"position\":2,\"name\":\"Parduotuv\u0117\",\"item\":\"https:\/\/vinilozona.lt\/parduotuve\/\"},{\"@type\":\"ListItem\",\"position\":3,\"name\":\"Kamelot \u200e\u2013 One Cold Winter&#8217;s Night 2 CD\"}]},{\"@type\":\"WebSite\",\"@id\":\"https:\/\/vinilozona.lt\/#website\",\"url\":\"https:\/\/vinilozona.lt\/\",\"name\":\"Vinilo Zona\",\"description\":\"Nup\u016bsk dulkes ir klausyk LP\",\"potentialAction\":[{\"@type\":\"SearchAction\",\"target\":{\"@type\":\"EntryPoint\",\"urlTemplate\":\"https:\/\/vinilozona.lt\/?s={search_term_string}\"},\"query-input\":{\"@type\":\"PropertyValueSpecification\",\"valueRequired\":true,\"valueName\":\"search_term_string\"}}],\"inLanguage\":\"en-GB\"}]}<\/script>\n<!-- \/ Yoast SEO plugin. -->","yoast_head_json":{"title":"Kamelot \u200e\u2013 One Cold Winter's Night 2 CD Vinilin\u0117 Plok\u0161tel\u0117 | Vinilozona.lt","robots":{"index":"index","follow":"follow","max-snippet":"max-snippet:-1","max-image-preview":"max-image-preview:large","max-video-preview":"max-video-preview:-1"},"canonical":"https:\/\/vinilozona.lt\/en\/parduotuve\/cd\/naudoti-cd\/kamelot-\u200e-one-cold-winters-night-2-cd\/","og_locale":"en_GB","og_type":"article","og_title":"Kamelot \u200e\u2013 One Cold Winter's Night 2 CD Vinilin\u0117 Plok\u0161tel\u0117 | Vinilozona.lt","og_description":"Steamhammer \u200e\u2013 SPV 99902 2CD Format: 2 \u00d7 CD, Album Country: Europe Released: 2006","og_url":"https:\/\/vinilozona.lt\/en\/parduotuve\/cd\/naudoti-cd\/kamelot-\u200e-one-cold-winters-night-2-cd\/","og_site_name":"Vinilo Zona","article_modified_time":"2022-01-07T12:38:46+00:00","og_image":[{"width":300,"height":296,"url":"https:\/\/vinilozona.lt\/wp-content\/uploads\/2021\/12\/R-2443521-1369709333-8959.jpeg.jpg","type":"image\/jpeg"}],"twitter_card":"summary_large_image","schema":{"@context":"https:\/\/schema.org","@graph":[{"@type":"WebPage","@id":"https:\/\/vinilozona.lt\/parduotuve\/cd\/naudoti-cd\/kamelot-%e2%80%8e-one-cold-winters-night-2-cd\/","url":"https:\/\/vinilozona.lt\/parduotuve\/cd\/naudoti-cd\/kamelot-%e2%80%8e-one-cold-winters-night-2-cd\/","name":"Kamelot \u200e\u2013 One Cold Winter's Night 2 CD Vinilin\u0117 Plok\u0161tel\u0117 | Vinilozona.lt","isPartOf":{"@id":"https:\/\/vinilozona.lt\/#website"},"primaryImageOfPage":{"@id":"https:\/\/vinilozona.lt\/parduotuve\/cd\/naudoti-cd\/kamelot-%e2%80%8e-one-cold-winters-night-2-cd\/#primaryimage"},"image":{"@id":"https:\/\/vinilozona.lt\/parduotuve\/cd\/naudoti-cd\/kamelot-%e2%80%8e-one-cold-winters-night-2-cd\/#primaryimage"},"thumbnailUrl":"https:\/\/vinilozona.lt\/wp-content\/uploads\/2021\/12\/R-2443521-1369709333-8959.jpeg.jpg","datePublished":"2021-12-06T05:07:53+00:00","dateModified":"2022-01-07T12:38:46+00:00","breadcrumb":{"@id":"https:\/\/vinilozona.lt\/parduotuve\/cd\/naudoti-cd\/kamelot-%e2%80%8e-one-cold-winters-night-2-cd\/#breadcrumb"},"inLanguage":"en-GB","potentialAction":[{"@type":"ReadAction","target":["https:\/\/vinilozona.lt\/parduotuve\/cd\/naudoti-cd\/kamelot-%e2%80%8e-one-cold-winters-night-2-cd\/"]}]},{"@type":"ImageObject","inLanguage":"en-GB","@id":"https:\/\/vinilozona.lt\/parduotuve\/cd\/naudoti-cd\/kamelot-%e2%80%8e-one-cold-winters-night-2-cd\/#primaryimage","url":"https:\/\/vinilozona.lt\/wp-content\/uploads\/2021\/12\/R-2443521-1369709333-8959.jpeg.jpg","contentUrl":"https:\/\/vinilozona.lt\/wp-content\/uploads\/2021\/12\/R-2443521-1369709333-8959.jpeg.jpg","width":300,"height":296},{"@type":"BreadcrumbList","@id":"https:\/\/vinilozona.lt\/parduotuve\/cd\/naudoti-cd\/kamelot-%e2%80%8e-one-cold-winters-night-2-cd\/#breadcrumb","itemListElement":[{"@type":"ListItem","position":1,"name":"Home","item":"https:\/\/vinilozona.lt\/"},{"@type":"ListItem","position":2,"name":"Parduotuv\u0117","item":"https:\/\/vinilozona.lt\/parduotuve\/"},{"@type":"ListItem","position":3,"name":"Kamelot \u200e\u2013 One Cold Winter&#8217;s Night 2 CD"}]},{"@type":"WebSite","@id":"https:\/\/vinilozona.lt\/#website","url":"https:\/\/vinilozona.lt\/","name":"Vinilo Zona","description":"Nup\u016bsk dulkes ir klausyk LP","potentialAction":[{"@type":"SearchAction","target":{"@type":"EntryPoint","urlTemplate":"https:\/\/vinilozona.lt\/?s={search_term_string}"},"query-input":{"@type":"PropertyValueSpecification","valueRequired":true,"valueName":"search_term_string"}}],"inLanguage":"en-GB"}]}},"_links":{"self":[{"href":"https:\/\/vinilozona.lt\/en\/wp-json\/wp\/v2\/product\/17322"}],"collection":[{"href":"https:\/\/vinilozona.lt\/en\/wp-json\/wp\/v2\/product"}],"about":[{"href":"https:\/\/vinilozona.lt\/en\/wp-json\/wp\/v2\/types\/product"}],"wp:featuredmedia":[{"embeddable":true,"href":"https:\/\/vinilozona.lt\/en\/wp-json\/wp\/v2\/media\/17323"}],"wp:attachment":[{"href":"https:\/\/vinilozona.lt\/en\/wp-json\/wp\/v2\/media?parent=17322"}],"wp:term":[{"taxonomy":"product_cat","embeddable":true,"href":"https:\/\/vinilozona.lt\/en\/wp-json\/wp\/v2\/product_cat?post=17322"},{"taxonomy":"product_tag","embeddable":true,"href":"https:\/\/vinilozona.lt\/en\/wp-json\/wp\/v2\/product_tag?post=17322"}],"curies":[{"name":"wp","href":"https:\/\/api.w.org\/{rel}","templated":true}]}}