{"id":17293,"date":"2021-12-03T11:53:40","date_gmt":"2021-12-03T09:53:40","guid":{"rendered":"https:\/\/vinilozona.lt\/?post_type=product&#038;p=17293"},"modified":"2021-12-03T11:53:41","modified_gmt":"2021-12-03T09:53:41","slug":"various-modern-times-stranglers-yello-the-cure-blackmange-etc","status":"publish","type":"product","link":"https:\/\/vinilozona.lt\/en\/parduotuve\/rock-pop\/various-modern-times-stranglers-yello-the-cure-blackmange-etc\/","title":{"rendered":"Various \u2013 Modern Times (Stranglers, Yello, The Cure, Blackmange etc&#8230; )"},"content":{"rendered":"<p>\u2013The Stranglers\tLet Me Down Easy\t3:19<br \/>\n\u2013Yello\tDesire\t3:42<br \/>\n\u2013Blancmange\tTime Became The Tide\t4:50<br \/>\n\u2013Killing Joke\tLove Like Blood\t4:23<br \/>\n\u2013The Comsat Angels\tHigh Tide\t4:45<br \/>\n\u2013Theatre Of Hate\tAnniversary\t5:25<br \/>\n\u2013The Cure\tCharlotte Sometimes\t4:14<br \/>\n\u2013The Style Council\tHomebreakers\t5:05<br \/>\n\u2013Hongkong Syndikat\tLove\t4:59<br \/>\n\u2013The Thoughts (2)\tAm I Dreaming\t4:05<br \/>\n\u2013The Associates\tBreakfast\t5:33<br \/>\n\u2013A Flock Of Seagulls\tThe More You Live, The More You Love\t3:34<br \/>\n\u2013The Thoughts (2)\tEmotional Blackmail\t3:25<br \/>\n\u2013The Colourfield\tCastles In The Air\t3:42<\/p>","protected":false},"excerpt":{"rendered":"<p>TELDEC \u2013 6.26236, TELDEC \u2013 6.26236 AS<br \/>\nFormat:<br \/>\nVinyl, LP, Compilation, Stereo<br \/>\nCountry:\tGermany<br \/>\nReleased:\t1985<\/p>","protected":false},"featured_media":17294,"template":"","meta":[],"product_cat":[15,906],"product_tag":[44],"yoast_head":"<!-- This site is optimized with the Yoast SEO plugin v23.5 - https:\/\/yoast.com\/wordpress\/plugins\/seo\/ -->\n<title>Various \u2013 Modern Times (Stranglers, Yello, The Cure, Blackmange etc... ) Vinilin\u0117 Plok\u0161tel\u0117 | Vinilozona.lt<\/title>\n<meta name=\"robots\" content=\"index, follow, max-snippet:-1, max-image-preview:large, max-video-preview:-1\" \/>\n<link rel=\"canonical\" href=\"https:\/\/vinilozona.lt\/en\/parduotuve\/rock-pop\/various-modern-times-stranglers-yello-the-cure-blackmange-etc\/\" \/>\n<meta property=\"og:locale\" content=\"en_GB\" \/>\n<meta property=\"og:type\" content=\"article\" \/>\n<meta property=\"og:title\" content=\"Various \u2013 Modern Times (Stranglers, Yello, The Cure, Blackmange etc... ) Vinilin\u0117 Plok\u0161tel\u0117 | Vinilozona.lt\" \/>\n<meta property=\"og:description\" content=\"TELDEC \u2013 6.26236, TELDEC \u2013 6.26236 AS Format:  Vinyl, LP, Compilation, Stereo Country: Germany Released: 1985\" \/>\n<meta property=\"og:url\" content=\"https:\/\/vinilozona.lt\/en\/parduotuve\/rock-pop\/various-modern-times-stranglers-yello-the-cure-blackmange-etc\/\" \/>\n<meta property=\"og:site_name\" content=\"Vinilo Zona\" \/>\n<meta property=\"article:modified_time\" content=\"2021-12-03T09:53:41+00:00\" \/>\n<meta property=\"og:image\" content=\"https:\/\/vinilozona.lt\/wp-content\/uploads\/2021\/12\/R-1107881-1235585178.jpeg.jpg\" \/>\n\t<meta property=\"og:image:width\" content=\"600\" \/>\n\t<meta property=\"og:image:height\" content=\"593\" \/>\n\t<meta property=\"og:image:type\" content=\"image\/jpeg\" \/>\n<meta name=\"twitter:card\" content=\"summary_large_image\" \/>\n<script type=\"application\/ld+json\" class=\"yoast-schema-graph\">{\"@context\":\"https:\/\/schema.org\",\"@graph\":[{\"@type\":\"WebPage\",\"@id\":\"https:\/\/vinilozona.lt\/parduotuve\/rock-pop\/various-modern-times-stranglers-yello-the-cure-blackmange-etc\/\",\"url\":\"https:\/\/vinilozona.lt\/parduotuve\/rock-pop\/various-modern-times-stranglers-yello-the-cure-blackmange-etc\/\",\"name\":\"Various \u2013 Modern Times (Stranglers, Yello, The Cure, Blackmange etc... ) Vinilin\u0117 Plok\u0161tel\u0117 | Vinilozona.lt\",\"isPartOf\":{\"@id\":\"https:\/\/vinilozona.lt\/#website\"},\"primaryImageOfPage\":{\"@id\":\"https:\/\/vinilozona.lt\/parduotuve\/rock-pop\/various-modern-times-stranglers-yello-the-cure-blackmange-etc\/#primaryimage\"},\"image\":{\"@id\":\"https:\/\/vinilozona.lt\/parduotuve\/rock-pop\/various-modern-times-stranglers-yello-the-cure-blackmange-etc\/#primaryimage\"},\"thumbnailUrl\":\"https:\/\/vinilozona.lt\/wp-content\/uploads\/2021\/12\/R-1107881-1235585178.jpeg.jpg\",\"datePublished\":\"2021-12-03T09:53:40+00:00\",\"dateModified\":\"2021-12-03T09:53:41+00:00\",\"breadcrumb\":{\"@id\":\"https:\/\/vinilozona.lt\/parduotuve\/rock-pop\/various-modern-times-stranglers-yello-the-cure-blackmange-etc\/#breadcrumb\"},\"inLanguage\":\"en-GB\",\"potentialAction\":[{\"@type\":\"ReadAction\",\"target\":[\"https:\/\/vinilozona.lt\/parduotuve\/rock-pop\/various-modern-times-stranglers-yello-the-cure-blackmange-etc\/\"]}]},{\"@type\":\"ImageObject\",\"inLanguage\":\"en-GB\",\"@id\":\"https:\/\/vinilozona.lt\/parduotuve\/rock-pop\/various-modern-times-stranglers-yello-the-cure-blackmange-etc\/#primaryimage\",\"url\":\"https:\/\/vinilozona.lt\/wp-content\/uploads\/2021\/12\/R-1107881-1235585178.jpeg.jpg\",\"contentUrl\":\"https:\/\/vinilozona.lt\/wp-content\/uploads\/2021\/12\/R-1107881-1235585178.jpeg.jpg\",\"width\":600,\"height\":593},{\"@type\":\"BreadcrumbList\",\"@id\":\"https:\/\/vinilozona.lt\/parduotuve\/rock-pop\/various-modern-times-stranglers-yello-the-cure-blackmange-etc\/#breadcrumb\",\"itemListElement\":[{\"@type\":\"ListItem\",\"position\":1,\"name\":\"Home\",\"item\":\"https:\/\/vinilozona.lt\/\"},{\"@type\":\"ListItem\",\"position\":2,\"name\":\"Parduotuv\u0117\",\"item\":\"https:\/\/vinilozona.lt\/parduotuve\/\"},{\"@type\":\"ListItem\",\"position\":3,\"name\":\"Various \u2013 Modern Times (Stranglers, Yello, The Cure, Blackmange etc&#8230; )\"}]},{\"@type\":\"WebSite\",\"@id\":\"https:\/\/vinilozona.lt\/#website\",\"url\":\"https:\/\/vinilozona.lt\/\",\"name\":\"Vinilo Zona\",\"description\":\"Nup\u016bsk dulkes ir klausyk LP\",\"potentialAction\":[{\"@type\":\"SearchAction\",\"target\":{\"@type\":\"EntryPoint\",\"urlTemplate\":\"https:\/\/vinilozona.lt\/?s={search_term_string}\"},\"query-input\":{\"@type\":\"PropertyValueSpecification\",\"valueRequired\":true,\"valueName\":\"search_term_string\"}}],\"inLanguage\":\"en-GB\"}]}<\/script>\n<!-- \/ Yoast SEO plugin. -->","yoast_head_json":{"title":"Various \u2013 Modern Times (Stranglers, Yello, The Cure, Blackmange etc... ) Vinilin\u0117 Plok\u0161tel\u0117 | Vinilozona.lt","robots":{"index":"index","follow":"follow","max-snippet":"max-snippet:-1","max-image-preview":"max-image-preview:large","max-video-preview":"max-video-preview:-1"},"canonical":"https:\/\/vinilozona.lt\/en\/parduotuve\/rock-pop\/various-modern-times-stranglers-yello-the-cure-blackmange-etc\/","og_locale":"en_GB","og_type":"article","og_title":"Various \u2013 Modern Times (Stranglers, Yello, The Cure, Blackmange etc... ) Vinilin\u0117 Plok\u0161tel\u0117 | Vinilozona.lt","og_description":"TELDEC \u2013 6.26236, TELDEC \u2013 6.26236 AS Format:  Vinyl, LP, Compilation, Stereo Country: Germany Released: 1985","og_url":"https:\/\/vinilozona.lt\/en\/parduotuve\/rock-pop\/various-modern-times-stranglers-yello-the-cure-blackmange-etc\/","og_site_name":"Vinilo Zona","article_modified_time":"2021-12-03T09:53:41+00:00","og_image":[{"width":600,"height":593,"url":"https:\/\/vinilozona.lt\/wp-content\/uploads\/2021\/12\/R-1107881-1235585178.jpeg.jpg","type":"image\/jpeg"}],"twitter_card":"summary_large_image","schema":{"@context":"https:\/\/schema.org","@graph":[{"@type":"WebPage","@id":"https:\/\/vinilozona.lt\/parduotuve\/rock-pop\/various-modern-times-stranglers-yello-the-cure-blackmange-etc\/","url":"https:\/\/vinilozona.lt\/parduotuve\/rock-pop\/various-modern-times-stranglers-yello-the-cure-blackmange-etc\/","name":"Various \u2013 Modern Times (Stranglers, Yello, The Cure, Blackmange etc... ) Vinilin\u0117 Plok\u0161tel\u0117 | Vinilozona.lt","isPartOf":{"@id":"https:\/\/vinilozona.lt\/#website"},"primaryImageOfPage":{"@id":"https:\/\/vinilozona.lt\/parduotuve\/rock-pop\/various-modern-times-stranglers-yello-the-cure-blackmange-etc\/#primaryimage"},"image":{"@id":"https:\/\/vinilozona.lt\/parduotuve\/rock-pop\/various-modern-times-stranglers-yello-the-cure-blackmange-etc\/#primaryimage"},"thumbnailUrl":"https:\/\/vinilozona.lt\/wp-content\/uploads\/2021\/12\/R-1107881-1235585178.jpeg.jpg","datePublished":"2021-12-03T09:53:40+00:00","dateModified":"2021-12-03T09:53:41+00:00","breadcrumb":{"@id":"https:\/\/vinilozona.lt\/parduotuve\/rock-pop\/various-modern-times-stranglers-yello-the-cure-blackmange-etc\/#breadcrumb"},"inLanguage":"en-GB","potentialAction":[{"@type":"ReadAction","target":["https:\/\/vinilozona.lt\/parduotuve\/rock-pop\/various-modern-times-stranglers-yello-the-cure-blackmange-etc\/"]}]},{"@type":"ImageObject","inLanguage":"en-GB","@id":"https:\/\/vinilozona.lt\/parduotuve\/rock-pop\/various-modern-times-stranglers-yello-the-cure-blackmange-etc\/#primaryimage","url":"https:\/\/vinilozona.lt\/wp-content\/uploads\/2021\/12\/R-1107881-1235585178.jpeg.jpg","contentUrl":"https:\/\/vinilozona.lt\/wp-content\/uploads\/2021\/12\/R-1107881-1235585178.jpeg.jpg","width":600,"height":593},{"@type":"BreadcrumbList","@id":"https:\/\/vinilozona.lt\/parduotuve\/rock-pop\/various-modern-times-stranglers-yello-the-cure-blackmange-etc\/#breadcrumb","itemListElement":[{"@type":"ListItem","position":1,"name":"Home","item":"https:\/\/vinilozona.lt\/"},{"@type":"ListItem","position":2,"name":"Parduotuv\u0117","item":"https:\/\/vinilozona.lt\/parduotuve\/"},{"@type":"ListItem","position":3,"name":"Various \u2013 Modern Times (Stranglers, Yello, The Cure, Blackmange etc&#8230; )"}]},{"@type":"WebSite","@id":"https:\/\/vinilozona.lt\/#website","url":"https:\/\/vinilozona.lt\/","name":"Vinilo Zona","description":"Nup\u016bsk dulkes ir klausyk LP","potentialAction":[{"@type":"SearchAction","target":{"@type":"EntryPoint","urlTemplate":"https:\/\/vinilozona.lt\/?s={search_term_string}"},"query-input":{"@type":"PropertyValueSpecification","valueRequired":true,"valueName":"search_term_string"}}],"inLanguage":"en-GB"}]}},"_links":{"self":[{"href":"https:\/\/vinilozona.lt\/en\/wp-json\/wp\/v2\/product\/17293"}],"collection":[{"href":"https:\/\/vinilozona.lt\/en\/wp-json\/wp\/v2\/product"}],"about":[{"href":"https:\/\/vinilozona.lt\/en\/wp-json\/wp\/v2\/types\/product"}],"wp:featuredmedia":[{"embeddable":true,"href":"https:\/\/vinilozona.lt\/en\/wp-json\/wp\/v2\/media\/17294"}],"wp:attachment":[{"href":"https:\/\/vinilozona.lt\/en\/wp-json\/wp\/v2\/media?parent=17293"}],"wp:term":[{"taxonomy":"product_cat","embeddable":true,"href":"https:\/\/vinilozona.lt\/en\/wp-json\/wp\/v2\/product_cat?post=17293"},{"taxonomy":"product_tag","embeddable":true,"href":"https:\/\/vinilozona.lt\/en\/wp-json\/wp\/v2\/product_tag?post=17293"}],"curies":[{"name":"wp","href":"https:\/\/api.w.org\/{rel}","templated":true}]}}