{"id":17260,"date":"2021-12-02T18:07:24","date_gmt":"2021-12-02T16:07:24","guid":{"rendered":"https:\/\/vinilozona.lt\/?post_type=product&#038;p=17260"},"modified":"2022-04-23T13:11:38","modified_gmt":"2022-04-23T10:11:38","slug":"jethro-tull-%e2%80%8e-nightcap-the-unreleased-masters-1973-1991-cd","status":"publish","type":"product","link":"https:\/\/vinilozona.lt\/en\/parduotuve\/cd\/naudoti-cd\/jethro-tull-%e2%80%8e-nightcap-the-unreleased-masters-1973-1991-cd\/","title":{"rendered":"Jethro Tull \u200e\u2013 Nightcap &#8211; The Unreleased Masters 1973-1991   CD"},"content":{"rendered":"<p>\tMy Round &#8211; Chateau D&#8217;Isaster Tapes<br \/>\n1-1\tFirst Post\t1:57<br \/>\n1-2\tAnimel\u00e9e\t2:37<br \/>\n1-3\tTiger Toon\t1:36<br \/>\n1-4\tLook At The Animals\t5:10<br \/>\n1-5\tLaw Of The Bungle\t2:32<br \/>\n1-6\tLaw Of The Bungle Part II\t5:25<br \/>\n1-7\tLeft Right\t5:01<br \/>\n1-8\tSolitaire\t1:27<br \/>\n1-9\tCritique Oblique\t9:05<br \/>\n1-10\tPost Last\t5:34<br \/>\n1-11\tScenario\t3:25<br \/>\n1-12\tAudition\t2:34<br \/>\n1-13\tNo Rehearsal\t5:07<br \/>\nYour Round &#8211; Unreleased &#038; Rare Tracks<br \/>\n2-1\tParadise Steakhouse\t3:59<br \/>\n2-2\tSealion II\t3:18<br \/>\n2-3\tPiece Of Cake\t3:37<br \/>\n2-4\tQuartet\t2:41<br \/>\n2-5\tSilver River Turning\t4:49<br \/>\n2-6\tCrew Nights\t4:31<br \/>\n2-7\tThe Curse\t3:35<br \/>\n2-8\tRosa On The Factory Floor\t4:35<br \/>\n2-9\tA Small Cigar\t3:38<br \/>\n2-10\tMan Of Principle\t3:55<br \/>\n2-11\tCommons Brawl\t3:23<br \/>\n2-12\tNo Step\t3:36<br \/>\n2-13\tDrive On The Young Side Of Life\t4:11<br \/>\n2-14\tI Don&#8217;t Want To Be Me\t3:28<br \/>\n2-15\tBroadford Bazaar\t3:37<br \/>\n2-16\tLights Out\t5:14<br \/>\n2-17\tTruck Stop Runner<br \/>\nBass Guitar \u2013 Matthew Pegg*<br \/>\n3:45<br \/>\n2-18\tHard Liner\t3:45<\/p>","protected":false},"excerpt":{"rendered":"<p>Chrysalis \u200e\u2013 7243 8 28157 2 3, Chrysalis \u200e\u2013 8281582, Chrysalis \u200e\u2013 8281592<br \/>\nFormat:<br \/>\n2 \u00d7 CD, Album, Stereo<br \/>\nCountry:<br \/>\nNetherlands<br \/>\nReleased:<br \/>\n1993<\/p>","protected":false},"featured_media":17261,"template":"","meta":[],"product_cat":[24,946],"product_tag":[44],"yoast_head":"<!-- This site is optimized with the Yoast SEO plugin v23.5 - https:\/\/yoast.com\/wordpress\/plugins\/seo\/ -->\n<title>Jethro Tull \u200e\u2013 Nightcap - The Unreleased Masters 1973-1991  CD Vinilin\u0117 Plok\u0161tel\u0117 | Vinilozona.lt<\/title>\n<meta name=\"robots\" content=\"index, follow, max-snippet:-1, max-image-preview:large, max-video-preview:-1\" \/>\n<link rel=\"canonical\" href=\"https:\/\/vinilozona.lt\/en\/parduotuve\/cd\/naudoti-cd\/jethro-tull-\u200e-nightcap-the-unreleased-masters-1973-1991-cd\/\" \/>\n<meta property=\"og:locale\" content=\"en_GB\" \/>\n<meta property=\"og:type\" content=\"article\" \/>\n<meta property=\"og:title\" content=\"Jethro Tull \u200e\u2013 Nightcap - The Unreleased Masters 1973-1991  CD Vinilin\u0117 Plok\u0161tel\u0117 | Vinilozona.lt\" \/>\n<meta property=\"og:description\" content=\"Chrysalis \u200e\u2013 7243 8 28157 2 3, Chrysalis \u200e\u2013 8281582, Chrysalis \u200e\u2013 8281592 Format: 2 \u00d7 CD, Album, Stereo Country: Netherlands Released: 1993\" \/>\n<meta property=\"og:url\" content=\"https:\/\/vinilozona.lt\/en\/parduotuve\/cd\/naudoti-cd\/jethro-tull-\u200e-nightcap-the-unreleased-masters-1973-1991-cd\/\" \/>\n<meta property=\"og:site_name\" content=\"Vinilo Zona\" \/>\n<meta property=\"article:modified_time\" content=\"2022-04-23T10:11:38+00:00\" \/>\n<meta property=\"og:image\" content=\"https:\/\/vinilozona.lt\/wp-content\/uploads\/2021\/12\/R-8664278-1473429829-5404.jpeg.jpg\" \/>\n\t<meta property=\"og:image:width\" content=\"600\" \/>\n\t<meta property=\"og:image:height\" content=\"594\" \/>\n\t<meta property=\"og:image:type\" content=\"image\/jpeg\" \/>\n<meta name=\"twitter:card\" content=\"summary_large_image\" \/>\n<meta name=\"twitter:label1\" content=\"Estimated reading time\" \/>\n\t<meta name=\"twitter:data1\" content=\"1 minute\" \/>\n<script type=\"application\/ld+json\" class=\"yoast-schema-graph\">{\"@context\":\"https:\/\/schema.org\",\"@graph\":[{\"@type\":\"WebPage\",\"@id\":\"https:\/\/vinilozona.lt\/parduotuve\/cd\/naudoti-cd\/jethro-tull-%e2%80%8e-nightcap-the-unreleased-masters-1973-1991-cd\/\",\"url\":\"https:\/\/vinilozona.lt\/parduotuve\/cd\/naudoti-cd\/jethro-tull-%e2%80%8e-nightcap-the-unreleased-masters-1973-1991-cd\/\",\"name\":\"Jethro Tull \u200e\u2013 Nightcap - The Unreleased Masters 1973-1991 CD Vinilin\u0117 Plok\u0161tel\u0117 | Vinilozona.lt\",\"isPartOf\":{\"@id\":\"https:\/\/vinilozona.lt\/#website\"},\"primaryImageOfPage\":{\"@id\":\"https:\/\/vinilozona.lt\/parduotuve\/cd\/naudoti-cd\/jethro-tull-%e2%80%8e-nightcap-the-unreleased-masters-1973-1991-cd\/#primaryimage\"},\"image\":{\"@id\":\"https:\/\/vinilozona.lt\/parduotuve\/cd\/naudoti-cd\/jethro-tull-%e2%80%8e-nightcap-the-unreleased-masters-1973-1991-cd\/#primaryimage\"},\"thumbnailUrl\":\"https:\/\/vinilozona.lt\/wp-content\/uploads\/2021\/12\/R-8664278-1473429829-5404.jpeg.jpg\",\"datePublished\":\"2021-12-02T16:07:24+00:00\",\"dateModified\":\"2022-04-23T10:11:38+00:00\",\"breadcrumb\":{\"@id\":\"https:\/\/vinilozona.lt\/parduotuve\/cd\/naudoti-cd\/jethro-tull-%e2%80%8e-nightcap-the-unreleased-masters-1973-1991-cd\/#breadcrumb\"},\"inLanguage\":\"en-GB\",\"potentialAction\":[{\"@type\":\"ReadAction\",\"target\":[\"https:\/\/vinilozona.lt\/parduotuve\/cd\/naudoti-cd\/jethro-tull-%e2%80%8e-nightcap-the-unreleased-masters-1973-1991-cd\/\"]}]},{\"@type\":\"ImageObject\",\"inLanguage\":\"en-GB\",\"@id\":\"https:\/\/vinilozona.lt\/parduotuve\/cd\/naudoti-cd\/jethro-tull-%e2%80%8e-nightcap-the-unreleased-masters-1973-1991-cd\/#primaryimage\",\"url\":\"https:\/\/vinilozona.lt\/wp-content\/uploads\/2021\/12\/R-8664278-1473429829-5404.jpeg.jpg\",\"contentUrl\":\"https:\/\/vinilozona.lt\/wp-content\/uploads\/2021\/12\/R-8664278-1473429829-5404.jpeg.jpg\",\"width\":600,\"height\":594},{\"@type\":\"BreadcrumbList\",\"@id\":\"https:\/\/vinilozona.lt\/parduotuve\/cd\/naudoti-cd\/jethro-tull-%e2%80%8e-nightcap-the-unreleased-masters-1973-1991-cd\/#breadcrumb\",\"itemListElement\":[{\"@type\":\"ListItem\",\"position\":1,\"name\":\"Home\",\"item\":\"https:\/\/vinilozona.lt\/\"},{\"@type\":\"ListItem\",\"position\":2,\"name\":\"Parduotuv\u0117\",\"item\":\"https:\/\/vinilozona.lt\/parduotuve\/\"},{\"@type\":\"ListItem\",\"position\":3,\"name\":\"Jethro Tull \u200e\u2013 Nightcap &#8211; The Unreleased Masters 1973-1991 CD\"}]},{\"@type\":\"WebSite\",\"@id\":\"https:\/\/vinilozona.lt\/#website\",\"url\":\"https:\/\/vinilozona.lt\/\",\"name\":\"Vinilo Zona\",\"description\":\"Nup\u016bsk dulkes ir klausyk LP\",\"potentialAction\":[{\"@type\":\"SearchAction\",\"target\":{\"@type\":\"EntryPoint\",\"urlTemplate\":\"https:\/\/vinilozona.lt\/?s={search_term_string}\"},\"query-input\":{\"@type\":\"PropertyValueSpecification\",\"valueRequired\":true,\"valueName\":\"search_term_string\"}}],\"inLanguage\":\"en-GB\"}]}<\/script>\n<!-- \/ Yoast SEO plugin. -->","yoast_head_json":{"title":"Jethro Tull \u200e\u2013 Nightcap - The Unreleased Masters 1973-1991  CD Vinilin\u0117 Plok\u0161tel\u0117 | Vinilozona.lt","robots":{"index":"index","follow":"follow","max-snippet":"max-snippet:-1","max-image-preview":"max-image-preview:large","max-video-preview":"max-video-preview:-1"},"canonical":"https:\/\/vinilozona.lt\/en\/parduotuve\/cd\/naudoti-cd\/jethro-tull-\u200e-nightcap-the-unreleased-masters-1973-1991-cd\/","og_locale":"en_GB","og_type":"article","og_title":"Jethro Tull \u200e\u2013 Nightcap - The Unreleased Masters 1973-1991  CD Vinilin\u0117 Plok\u0161tel\u0117 | Vinilozona.lt","og_description":"Chrysalis \u200e\u2013 7243 8 28157 2 3, Chrysalis \u200e\u2013 8281582, Chrysalis \u200e\u2013 8281592 Format: 2 \u00d7 CD, Album, Stereo Country: Netherlands Released: 1993","og_url":"https:\/\/vinilozona.lt\/en\/parduotuve\/cd\/naudoti-cd\/jethro-tull-\u200e-nightcap-the-unreleased-masters-1973-1991-cd\/","og_site_name":"Vinilo Zona","article_modified_time":"2022-04-23T10:11:38+00:00","og_image":[{"width":600,"height":594,"url":"https:\/\/vinilozona.lt\/wp-content\/uploads\/2021\/12\/R-8664278-1473429829-5404.jpeg.jpg","type":"image\/jpeg"}],"twitter_card":"summary_large_image","twitter_misc":{"Estimated reading time":"1 minute"},"schema":{"@context":"https:\/\/schema.org","@graph":[{"@type":"WebPage","@id":"https:\/\/vinilozona.lt\/parduotuve\/cd\/naudoti-cd\/jethro-tull-%e2%80%8e-nightcap-the-unreleased-masters-1973-1991-cd\/","url":"https:\/\/vinilozona.lt\/parduotuve\/cd\/naudoti-cd\/jethro-tull-%e2%80%8e-nightcap-the-unreleased-masters-1973-1991-cd\/","name":"Jethro Tull \u200e\u2013 Nightcap - The Unreleased Masters 1973-1991 CD Vinilin\u0117 Plok\u0161tel\u0117 | Vinilozona.lt","isPartOf":{"@id":"https:\/\/vinilozona.lt\/#website"},"primaryImageOfPage":{"@id":"https:\/\/vinilozona.lt\/parduotuve\/cd\/naudoti-cd\/jethro-tull-%e2%80%8e-nightcap-the-unreleased-masters-1973-1991-cd\/#primaryimage"},"image":{"@id":"https:\/\/vinilozona.lt\/parduotuve\/cd\/naudoti-cd\/jethro-tull-%e2%80%8e-nightcap-the-unreleased-masters-1973-1991-cd\/#primaryimage"},"thumbnailUrl":"https:\/\/vinilozona.lt\/wp-content\/uploads\/2021\/12\/R-8664278-1473429829-5404.jpeg.jpg","datePublished":"2021-12-02T16:07:24+00:00","dateModified":"2022-04-23T10:11:38+00:00","breadcrumb":{"@id":"https:\/\/vinilozona.lt\/parduotuve\/cd\/naudoti-cd\/jethro-tull-%e2%80%8e-nightcap-the-unreleased-masters-1973-1991-cd\/#breadcrumb"},"inLanguage":"en-GB","potentialAction":[{"@type":"ReadAction","target":["https:\/\/vinilozona.lt\/parduotuve\/cd\/naudoti-cd\/jethro-tull-%e2%80%8e-nightcap-the-unreleased-masters-1973-1991-cd\/"]}]},{"@type":"ImageObject","inLanguage":"en-GB","@id":"https:\/\/vinilozona.lt\/parduotuve\/cd\/naudoti-cd\/jethro-tull-%e2%80%8e-nightcap-the-unreleased-masters-1973-1991-cd\/#primaryimage","url":"https:\/\/vinilozona.lt\/wp-content\/uploads\/2021\/12\/R-8664278-1473429829-5404.jpeg.jpg","contentUrl":"https:\/\/vinilozona.lt\/wp-content\/uploads\/2021\/12\/R-8664278-1473429829-5404.jpeg.jpg","width":600,"height":594},{"@type":"BreadcrumbList","@id":"https:\/\/vinilozona.lt\/parduotuve\/cd\/naudoti-cd\/jethro-tull-%e2%80%8e-nightcap-the-unreleased-masters-1973-1991-cd\/#breadcrumb","itemListElement":[{"@type":"ListItem","position":1,"name":"Home","item":"https:\/\/vinilozona.lt\/"},{"@type":"ListItem","position":2,"name":"Parduotuv\u0117","item":"https:\/\/vinilozona.lt\/parduotuve\/"},{"@type":"ListItem","position":3,"name":"Jethro Tull \u200e\u2013 Nightcap &#8211; The Unreleased Masters 1973-1991 CD"}]},{"@type":"WebSite","@id":"https:\/\/vinilozona.lt\/#website","url":"https:\/\/vinilozona.lt\/","name":"Vinilo Zona","description":"Nup\u016bsk dulkes ir klausyk LP","potentialAction":[{"@type":"SearchAction","target":{"@type":"EntryPoint","urlTemplate":"https:\/\/vinilozona.lt\/?s={search_term_string}"},"query-input":{"@type":"PropertyValueSpecification","valueRequired":true,"valueName":"search_term_string"}}],"inLanguage":"en-GB"}]}},"_links":{"self":[{"href":"https:\/\/vinilozona.lt\/en\/wp-json\/wp\/v2\/product\/17260"}],"collection":[{"href":"https:\/\/vinilozona.lt\/en\/wp-json\/wp\/v2\/product"}],"about":[{"href":"https:\/\/vinilozona.lt\/en\/wp-json\/wp\/v2\/types\/product"}],"wp:featuredmedia":[{"embeddable":true,"href":"https:\/\/vinilozona.lt\/en\/wp-json\/wp\/v2\/media\/17261"}],"wp:attachment":[{"href":"https:\/\/vinilozona.lt\/en\/wp-json\/wp\/v2\/media?parent=17260"}],"wp:term":[{"taxonomy":"product_cat","embeddable":true,"href":"https:\/\/vinilozona.lt\/en\/wp-json\/wp\/v2\/product_cat?post=17260"},{"taxonomy":"product_tag","embeddable":true,"href":"https:\/\/vinilozona.lt\/en\/wp-json\/wp\/v2\/product_tag?post=17260"}],"curies":[{"name":"wp","href":"https:\/\/api.w.org\/{rel}","templated":true}]}}