{"id":17246,"date":"2021-12-01T15:09:52","date_gmt":"2021-12-01T13:09:52","guid":{"rendered":"https:\/\/vinilozona.lt\/?post_type=product&#038;p=17246"},"modified":"2025-01-24T22:15:05","modified_gmt":"2025-01-24T20:15:05","slug":"henning-pauly-%e2%80%8e-babysteps-cd","status":"publish","type":"product","link":"https:\/\/vinilozona.lt\/en\/parduotuve\/cd\/naudoti-cd\/henning-pauly-%e2%80%8e-babysteps-cd\/","title":{"rendered":"Henning Pauly \u200e\u2013 Babysteps  CD"},"content":{"rendered":"<p>Cafe 1\t2:10<br \/>\nI Don&#8217;t Need You\t5:21<br \/>\nNo Tree To Sit Under\t3:37<br \/>\nListen To Me\t7:02<br \/>\nCafe 2\t1:23<br \/>\nNot Just A Piece Of Paper\t7:19<br \/>\nWhenever You Dream\t5:39<br \/>\nCafe 3\t3:33<br \/>\nA Place In Time\t9:14<br \/>\nWhat Do You Know?\t5:41<br \/>\nCafe 4\t3:09<br \/>\nThe Door\t4:45<br \/>\nI See\t7:00<br \/>\nThe Last Song\t6:25<br \/>\nCafe 5\t3:18<\/p>","protected":false},"excerpt":{"rendered":"<p>ProgRock Records \u200e\u2013 PRR142<br \/>\nFormat:<br \/>\nCD, Album<br \/>\nCountry:<br \/>\nUS<br \/>\nReleased:<br \/>\n2006<\/p>","protected":false},"featured_media":17247,"template":"","meta":[],"product_cat":[24,946],"product_tag":[44],"yoast_head":"<!-- This site is optimized with the Yoast SEO plugin v23.5 - https:\/\/yoast.com\/wordpress\/plugins\/seo\/ -->\n<title>Henning Pauly \u200e\u2013 Babysteps CD Vinilin\u0117 Plok\u0161tel\u0117 | Vinilozona.lt<\/title>\n<meta name=\"robots\" content=\"index, follow, max-snippet:-1, max-image-preview:large, max-video-preview:-1\" \/>\n<link rel=\"canonical\" href=\"https:\/\/vinilozona.lt\/en\/parduotuve\/cd\/naudoti-cd\/henning-pauly-\u200e-babysteps-cd\/\" \/>\n<meta property=\"og:locale\" content=\"en_GB\" \/>\n<meta property=\"og:type\" content=\"article\" \/>\n<meta property=\"og:title\" content=\"Henning Pauly \u200e\u2013 Babysteps CD Vinilin\u0117 Plok\u0161tel\u0117 | Vinilozona.lt\" \/>\n<meta property=\"og:description\" content=\"ProgRock Records \u200e\u2013 PRR142 Format: CD, Album Country: US Released: 2006\" \/>\n<meta property=\"og:url\" content=\"https:\/\/vinilozona.lt\/en\/parduotuve\/cd\/naudoti-cd\/henning-pauly-\u200e-babysteps-cd\/\" \/>\n<meta property=\"og:site_name\" content=\"Vinilo Zona\" \/>\n<meta property=\"article:modified_time\" content=\"2025-01-24T20:15:05+00:00\" \/>\n<meta property=\"og:image\" content=\"https:\/\/vinilozona.lt\/wp-content\/uploads\/2021\/12\/R-4421443-1455879715-5516.jpeg.jpg\" \/>\n\t<meta property=\"og:image:width\" content=\"600\" \/>\n\t<meta property=\"og:image:height\" content=\"599\" \/>\n\t<meta property=\"og:image:type\" content=\"image\/jpeg\" \/>\n<meta name=\"twitter:card\" content=\"summary_large_image\" \/>\n<script type=\"application\/ld+json\" class=\"yoast-schema-graph\">{\"@context\":\"https:\/\/schema.org\",\"@graph\":[{\"@type\":\"WebPage\",\"@id\":\"https:\/\/vinilozona.lt\/parduotuve\/cd\/naudoti-cd\/henning-pauly-%e2%80%8e-babysteps-cd\/\",\"url\":\"https:\/\/vinilozona.lt\/parduotuve\/cd\/naudoti-cd\/henning-pauly-%e2%80%8e-babysteps-cd\/\",\"name\":\"Henning Pauly \u200e\u2013 Babysteps CD Vinilin\u0117 Plok\u0161tel\u0117 | Vinilozona.lt\",\"isPartOf\":{\"@id\":\"https:\/\/vinilozona.lt\/#website\"},\"primaryImageOfPage\":{\"@id\":\"https:\/\/vinilozona.lt\/parduotuve\/cd\/naudoti-cd\/henning-pauly-%e2%80%8e-babysteps-cd\/#primaryimage\"},\"image\":{\"@id\":\"https:\/\/vinilozona.lt\/parduotuve\/cd\/naudoti-cd\/henning-pauly-%e2%80%8e-babysteps-cd\/#primaryimage\"},\"thumbnailUrl\":\"https:\/\/vinilozona.lt\/wp-content\/uploads\/2021\/12\/R-4421443-1455879715-5516.jpeg.jpg\",\"datePublished\":\"2021-12-01T13:09:52+00:00\",\"dateModified\":\"2025-01-24T20:15:05+00:00\",\"breadcrumb\":{\"@id\":\"https:\/\/vinilozona.lt\/parduotuve\/cd\/naudoti-cd\/henning-pauly-%e2%80%8e-babysteps-cd\/#breadcrumb\"},\"inLanguage\":\"en-GB\",\"potentialAction\":[{\"@type\":\"ReadAction\",\"target\":[\"https:\/\/vinilozona.lt\/parduotuve\/cd\/naudoti-cd\/henning-pauly-%e2%80%8e-babysteps-cd\/\"]}]},{\"@type\":\"ImageObject\",\"inLanguage\":\"en-GB\",\"@id\":\"https:\/\/vinilozona.lt\/parduotuve\/cd\/naudoti-cd\/henning-pauly-%e2%80%8e-babysteps-cd\/#primaryimage\",\"url\":\"https:\/\/vinilozona.lt\/wp-content\/uploads\/2021\/12\/R-4421443-1455879715-5516.jpeg.jpg\",\"contentUrl\":\"https:\/\/vinilozona.lt\/wp-content\/uploads\/2021\/12\/R-4421443-1455879715-5516.jpeg.jpg\",\"width\":600,\"height\":599},{\"@type\":\"BreadcrumbList\",\"@id\":\"https:\/\/vinilozona.lt\/parduotuve\/cd\/naudoti-cd\/henning-pauly-%e2%80%8e-babysteps-cd\/#breadcrumb\",\"itemListElement\":[{\"@type\":\"ListItem\",\"position\":1,\"name\":\"Home\",\"item\":\"https:\/\/vinilozona.lt\/\"},{\"@type\":\"ListItem\",\"position\":2,\"name\":\"Parduotuv\u0117\",\"item\":\"https:\/\/vinilozona.lt\/parduotuve\/\"},{\"@type\":\"ListItem\",\"position\":3,\"name\":\"Henning Pauly \u200e\u2013 Babysteps CD\"}]},{\"@type\":\"WebSite\",\"@id\":\"https:\/\/vinilozona.lt\/#website\",\"url\":\"https:\/\/vinilozona.lt\/\",\"name\":\"Vinilo Zona\",\"description\":\"Nup\u016bsk dulkes ir klausyk LP\",\"potentialAction\":[{\"@type\":\"SearchAction\",\"target\":{\"@type\":\"EntryPoint\",\"urlTemplate\":\"https:\/\/vinilozona.lt\/?s={search_term_string}\"},\"query-input\":{\"@type\":\"PropertyValueSpecification\",\"valueRequired\":true,\"valueName\":\"search_term_string\"}}],\"inLanguage\":\"en-GB\"}]}<\/script>\n<!-- \/ Yoast SEO plugin. -->","yoast_head_json":{"title":"Henning Pauly \u200e\u2013 Babysteps CD Vinilin\u0117 Plok\u0161tel\u0117 | Vinilozona.lt","robots":{"index":"index","follow":"follow","max-snippet":"max-snippet:-1","max-image-preview":"max-image-preview:large","max-video-preview":"max-video-preview:-1"},"canonical":"https:\/\/vinilozona.lt\/en\/parduotuve\/cd\/naudoti-cd\/henning-pauly-\u200e-babysteps-cd\/","og_locale":"en_GB","og_type":"article","og_title":"Henning Pauly \u200e\u2013 Babysteps CD Vinilin\u0117 Plok\u0161tel\u0117 | Vinilozona.lt","og_description":"ProgRock Records \u200e\u2013 PRR142 Format: CD, Album Country: US Released: 2006","og_url":"https:\/\/vinilozona.lt\/en\/parduotuve\/cd\/naudoti-cd\/henning-pauly-\u200e-babysteps-cd\/","og_site_name":"Vinilo Zona","article_modified_time":"2025-01-24T20:15:05+00:00","og_image":[{"width":600,"height":599,"url":"https:\/\/vinilozona.lt\/wp-content\/uploads\/2021\/12\/R-4421443-1455879715-5516.jpeg.jpg","type":"image\/jpeg"}],"twitter_card":"summary_large_image","schema":{"@context":"https:\/\/schema.org","@graph":[{"@type":"WebPage","@id":"https:\/\/vinilozona.lt\/parduotuve\/cd\/naudoti-cd\/henning-pauly-%e2%80%8e-babysteps-cd\/","url":"https:\/\/vinilozona.lt\/parduotuve\/cd\/naudoti-cd\/henning-pauly-%e2%80%8e-babysteps-cd\/","name":"Henning Pauly \u200e\u2013 Babysteps CD Vinilin\u0117 Plok\u0161tel\u0117 | Vinilozona.lt","isPartOf":{"@id":"https:\/\/vinilozona.lt\/#website"},"primaryImageOfPage":{"@id":"https:\/\/vinilozona.lt\/parduotuve\/cd\/naudoti-cd\/henning-pauly-%e2%80%8e-babysteps-cd\/#primaryimage"},"image":{"@id":"https:\/\/vinilozona.lt\/parduotuve\/cd\/naudoti-cd\/henning-pauly-%e2%80%8e-babysteps-cd\/#primaryimage"},"thumbnailUrl":"https:\/\/vinilozona.lt\/wp-content\/uploads\/2021\/12\/R-4421443-1455879715-5516.jpeg.jpg","datePublished":"2021-12-01T13:09:52+00:00","dateModified":"2025-01-24T20:15:05+00:00","breadcrumb":{"@id":"https:\/\/vinilozona.lt\/parduotuve\/cd\/naudoti-cd\/henning-pauly-%e2%80%8e-babysteps-cd\/#breadcrumb"},"inLanguage":"en-GB","potentialAction":[{"@type":"ReadAction","target":["https:\/\/vinilozona.lt\/parduotuve\/cd\/naudoti-cd\/henning-pauly-%e2%80%8e-babysteps-cd\/"]}]},{"@type":"ImageObject","inLanguage":"en-GB","@id":"https:\/\/vinilozona.lt\/parduotuve\/cd\/naudoti-cd\/henning-pauly-%e2%80%8e-babysteps-cd\/#primaryimage","url":"https:\/\/vinilozona.lt\/wp-content\/uploads\/2021\/12\/R-4421443-1455879715-5516.jpeg.jpg","contentUrl":"https:\/\/vinilozona.lt\/wp-content\/uploads\/2021\/12\/R-4421443-1455879715-5516.jpeg.jpg","width":600,"height":599},{"@type":"BreadcrumbList","@id":"https:\/\/vinilozona.lt\/parduotuve\/cd\/naudoti-cd\/henning-pauly-%e2%80%8e-babysteps-cd\/#breadcrumb","itemListElement":[{"@type":"ListItem","position":1,"name":"Home","item":"https:\/\/vinilozona.lt\/"},{"@type":"ListItem","position":2,"name":"Parduotuv\u0117","item":"https:\/\/vinilozona.lt\/parduotuve\/"},{"@type":"ListItem","position":3,"name":"Henning Pauly \u200e\u2013 Babysteps CD"}]},{"@type":"WebSite","@id":"https:\/\/vinilozona.lt\/#website","url":"https:\/\/vinilozona.lt\/","name":"Vinilo Zona","description":"Nup\u016bsk dulkes ir klausyk LP","potentialAction":[{"@type":"SearchAction","target":{"@type":"EntryPoint","urlTemplate":"https:\/\/vinilozona.lt\/?s={search_term_string}"},"query-input":{"@type":"PropertyValueSpecification","valueRequired":true,"valueName":"search_term_string"}}],"inLanguage":"en-GB"}]}},"_links":{"self":[{"href":"https:\/\/vinilozona.lt\/en\/wp-json\/wp\/v2\/product\/17246"}],"collection":[{"href":"https:\/\/vinilozona.lt\/en\/wp-json\/wp\/v2\/product"}],"about":[{"href":"https:\/\/vinilozona.lt\/en\/wp-json\/wp\/v2\/types\/product"}],"wp:featuredmedia":[{"embeddable":true,"href":"https:\/\/vinilozona.lt\/en\/wp-json\/wp\/v2\/media\/17247"}],"wp:attachment":[{"href":"https:\/\/vinilozona.lt\/en\/wp-json\/wp\/v2\/media?parent=17246"}],"wp:term":[{"taxonomy":"product_cat","embeddable":true,"href":"https:\/\/vinilozona.lt\/en\/wp-json\/wp\/v2\/product_cat?post=17246"},{"taxonomy":"product_tag","embeddable":true,"href":"https:\/\/vinilozona.lt\/en\/wp-json\/wp\/v2\/product_tag?post=17246"}],"curies":[{"name":"wp","href":"https:\/\/api.w.org\/{rel}","templated":true}]}}